{"id":291673,"date":"2025-10-13T09:04:09","date_gmt":"2025-10-13T07:04:09","guid":{"rendered":"https:\/\/ridstar.eu\/?post_type=product&#038;p=291673"},"modified":"2026-04-03T03:00:20","modified_gmt":"2026-04-03T00:00:20","slug":"bici-elettrica-yvy-c20max-52v-2000w-doppio-motore-batteria-40ah","status":"publish","type":"product","link":"https:\/\/ridstar.eu\/it\/prodotto\/bici-elettrica-yvy-c20max-52v-2000w-doppio-motore-batteria-40ah\/","title":{"rendered":"Bicicletta elettrica YVY C20MAX, 52V (doppio motore da 2000W), batteria da 40AH"},"content":{"rendered":"<p data-start=\"0\" data-end=\"75\"><strong data-start=\"0\" data-end=\"75\">YVY C20MAX (Ridstar Q20PRO (<a href=\"https:\/\/ridstar.eu\/it\/informazioni-sul-ridstar-q20-pro\/\">collegamento<\/a>)) \u2013 Bicicletta elettrica a doppio motore ad alte prestazioni<\/strong><\/p>\n<p data-start=\"77\" data-end=\"403\">La YVY C20MAX \u00e8 una bici elettrica potente e versatile, identica alla Ridstar Q20PRO, progettata per i ciclisti che richiedono le massime prestazioni (<a href=\"https:\/\/ridstar.eu\/it\/come-mantenere-una-bici-elettrica-per-prestazioni-durature\/\">consulta i nostri consigli per la manutenzione della bici elettrica<\/a>), stabilit\u00e0 e lunga autonomia. Grazie al suo sistema a doppio motore nel mozzo e alla doppia batteria, questa e-bike \u00e8 progettata per affrontare con sicurezza sia gli spostamenti urbani che i terreni fuoristrada pi\u00f9 impegnativi.<\/p>\n<p data-start=\"405\" data-end=\"659\">\u00c8 possibile passare dalla modalit\u00e0 a motore singolo a quella a doppio motore, bilanciando efficienza e potenza in base alle proprie esigenze di guida. Che si tratti di guida in citt\u00e0 o di salite ripide, la C20MAX offre prestazioni fluide e affidabili.<\/p>\n<hr data-start=\"661\" data-end=\"664\" \/>\n<h3 data-start=\"666\" data-end=\"693\">\u26a1 Potenza e prestazioni<\/h3>\n<ul data-start=\"694\" data-end=\"929\">\n<li data-start=\"694\" data-end=\"729\">\n<p data-start=\"696\" data-end=\"729\">Doppio motore nel mozzo: anteriore e posteriore<\/p>\n<\/li>\n<li data-start=\"730\" data-end=\"793\">\n<p data-start=\"732\" data-end=\"793\">Tensione \/ Potenza: <strong data-start=\"749\" data-end=\"763\">52 V \/ 750 W<\/strong> (potenza di picco superiore a <strong data-start=\"781\" data-end=\"790\">1000 W<\/strong>)<\/p>\n<\/li>\n<li data-start=\"794\" data-end=\"830\">\n<p data-start=\"796\" data-end=\"830\">Velocit\u00e0 massima: fino a <strong data-start=\"817\" data-end=\"828\">48 chilometri all&#039;ora<\/strong><\/p>\n<\/li>\n<li data-start=\"831\" data-end=\"874\">\n<p data-start=\"833\" data-end=\"874\">Ottima capacit\u00e0 di arrampicata e trazione<\/p>\n<\/li>\n<li data-start=\"875\" data-end=\"929\">\n<p data-start=\"877\" data-end=\"929\">Tre modalit\u00e0 di guida per il pieno controllo delle prestazioni<\/p>\n<\/li>\n<\/ul>\n<hr data-start=\"931\" data-end=\"934\" \/>\n<h3 data-start=\"936\" data-end=\"979\">\ud83d\udd0b Sistema a doppia batteria \u2013 Autonomia estesa<\/h3>\n<ul data-start=\"980\" data-end=\"1215\">\n<li data-start=\"980\" data-end=\"1023\">\n<p data-start=\"982\" data-end=\"1023\">2 \u00d7 <strong data-start=\"986\" data-end=\"1021\">Batterie agli ioni di litio 18650 da 52 V e 20 Ah<\/strong><\/p>\n<\/li>\n<li data-start=\"1024\" data-end=\"1052\">\n<p data-start=\"1026\" data-end=\"1052\">Capacit\u00e0 totale: <strong data-start=\"1042\" data-end=\"1050\">40 Ah<\/strong><\/p>\n<\/li>\n<li data-start=\"1053\" data-end=\"1097\">\n<p data-start=\"1055\" data-end=\"1097\">Batterie integrate con protezione BMS<\/p>\n<\/li>\n<li data-start=\"1098\" data-end=\"1176\">\n<p data-start=\"1100\" data-end=\"1176\">Portata: fino a <strong data-start=\"1113\" data-end=\"1134\">120 km (75 miglia)<\/strong> a seconda della modalit\u00e0 di guida e delle condizioni<\/p>\n<\/li>\n<li data-start=\"1177\" data-end=\"1215\">\n<p data-start=\"1179\" data-end=\"1215\">Tempo di ricarica: ca. <strong data-start=\"1202\" data-end=\"1215\">3\u20136 ore<\/strong><\/p>\n<\/li>\n<\/ul>\n<hr data-start=\"1217\" data-end=\"1220\" \/>\n<h3 data-start=\"1222\" data-end=\"1263\">\ud83d\udeb4 Comfort e capacit\u00e0 fuoristrada<\/h3>\n<ul data-start=\"1264\" data-end=\"1539\">\n<li data-start=\"1264\" data-end=\"1306\">\n<p data-start=\"1266\" data-end=\"1306\">Dimensioni degli pneumatici: <strong data-start=\"1277\" data-end=\"1304\">Pneumatici larghi da 20 \u00d7 4,0 pollici<\/strong><\/p>\n<\/li>\n<li data-start=\"1307\" data-end=\"1484\">\n<p data-start=\"1309\" data-end=\"1484\">Sospensione anteriore:<br data-start=\"1326\" data-end=\"1329\" \/>Forcella anteriore in alluminio a doppia spalla con ammortizzatore<br data-start=\"1386\" data-end=\"1389\" \/>Altezza: 460 mm<br data-start=\"1405\" data-end=\"1408\" \/>Distanza tra la corona superiore e quella inferiore: 230 mm<br data-start=\"1456\" data-end=\"1459\" \/>Compatibile con freni a disco<\/p>\n<\/li>\n<li data-start=\"1485\" data-end=\"1514\">\n<p data-start=\"1487\" data-end=\"1514\">Materiale del telaio: <strong data-start=\"1503\" data-end=\"1512\">Acciaio<\/strong><\/p>\n<\/li>\n<li data-start=\"1515\" data-end=\"1539\">\n<p data-start=\"1517\" data-end=\"1539\">Colore: <strong data-start=\"1524\" data-end=\"1539\">Nero opaco<\/strong><\/p>\n<\/li>\n<\/ul>\n<hr data-start=\"1541\" data-end=\"1544\" \/>\n<h3 data-start=\"1546\" data-end=\"1571\">\ud83d\uded1 Frenata e sicurezza<\/h3>\n<ul data-start=\"1572\" data-end=\"1772\">\n<li data-start=\"1572\" data-end=\"1619\">\n<p data-start=\"1574\" data-end=\"1619\">Doppi freni a disco idraulici (anteriore e posteriore)<\/p>\n<\/li>\n<li data-start=\"1620\" data-end=\"1654\">\n<p data-start=\"1622\" data-end=\"1654\">Faro anteriore a LED: MD07, 48V<\/p>\n<\/li>\n<li data-start=\"1655\" data-end=\"1700\">\n<p data-start=\"1657\" data-end=\"1700\">Fanale posteriore stile acqua corrente: MZ-04<\/p>\n<\/li>\n<li data-start=\"1701\" data-end=\"1772\">\n<p data-start=\"1703\" data-end=\"1772\">Display LCD che mostra velocit\u00e0, livello della batteria, distanza e modalit\u00e0 di guida<\/p>\n<\/li>\n<\/ul>\n<hr data-start=\"1774\" data-end=\"1777\" \/>\n<h3 data-start=\"1779\" data-end=\"1801\">\ud83d\udca1 Sistema di illuminazione<\/h3>\n<ul data-start=\"1802\" data-end=\"1966\">\n<li data-start=\"1802\" data-end=\"1889\">\n<p data-start=\"1804\" data-end=\"1889\">Luce anteriore:<br data-start=\"1816\" data-end=\"1819\" \/>Modello MD07, 48 V, nero, cavo impermeabile<br data-start=\"1861\" data-end=\"1864\" \/>Lunghezza del cavo: 1200 mm<\/p>\n<\/li>\n<li data-start=\"1890\" data-end=\"1966\">\n<p data-start=\"1892\" data-end=\"1966\">Luce posteriore:<br data-start=\"1903\" data-end=\"1906\" \/>Design del fanale posteriore fluido MZ-04<br data-start=\"1938\" data-end=\"1941\" \/>Lunghezza del cavo: 1300 mm<\/p>\n<\/li>\n<\/ul>\n<hr data-start=\"1968\" data-end=\"1971\" \/>\n<h3 data-start=\"1973\" data-end=\"2004\">\ud83d\udee0 Specifiche tecniche<\/h3>\n<div class=\"TyagGW_tableContainer\">\n<div class=\"group TyagGW_tableWrapper flex flex-col-reverse w-fit\" tabindex=\"-1\">\n<table class=\"w-fit min-w-(--thread-content-width)\" data-start=\"2006\" data-end=\"2509\">\n<thead data-start=\"2006\" data-end=\"2035\">\n<tr data-start=\"2006\" data-end=\"2035\">\n<th data-start=\"2006\" data-end=\"2018\" data-col-size=\"sm\">Parametro<\/th>\n<th data-start=\"2018\" data-end=\"2035\" data-col-size=\"sm\">Specifica<\/th>\n<\/tr>\n<\/thead>\n<tbody data-start=\"2060\" data-end=\"2509\">\n<tr data-start=\"2060\" data-end=\"2103\">\n<td data-start=\"2060\" data-end=\"2068\" data-col-size=\"sm\">Modello<\/td>\n<td data-col-size=\"sm\" data-start=\"2068\" data-end=\"2103\">C20MAX (uguale a Ridstar Q20PRO)<\/td>\n<\/tr>\n<tr data-start=\"2104\" data-end=\"2130\">\n<td data-start=\"2104\" data-end=\"2117\" data-col-size=\"sm\">Dimensioni della ruota<\/td>\n<td data-col-size=\"sm\" data-start=\"2117\" data-end=\"2130\">20&#8243; \u00d7 4.0<\/td>\n<\/tr>\n<tr data-start=\"2131\" data-end=\"2157\">\n<td data-start=\"2131\" data-end=\"2148\" data-col-size=\"sm\">Materiale del telaio<\/td>\n<td data-col-size=\"sm\" data-start=\"2148\" data-end=\"2157\">Acciaio<\/td>\n<\/tr>\n<tr data-start=\"2158\" data-end=\"2181\">\n<td data-start=\"2158\" data-end=\"2166\" data-col-size=\"sm\">Colore<\/td>\n<td data-start=\"2166\" data-end=\"2181\" data-col-size=\"sm\">Nero opaco<\/td>\n<\/tr>\n<tr data-start=\"2182\" data-end=\"2218\">\n<td data-start=\"2182\" data-end=\"2191\" data-col-size=\"sm\">Motori<\/td>\n<td data-start=\"2191\" data-end=\"2218\" data-col-size=\"sm\">Motori del mozzo anteriore + posteriore<\/td>\n<\/tr>\n<tr data-start=\"2219\" data-end=\"2253\">\n<td data-start=\"2219\" data-end=\"2229\" data-col-size=\"sm\">Batteria<\/td>\n<td data-start=\"2229\" data-end=\"2253\" data-col-size=\"sm\">2 \u00d7 20Ah agli ioni di litio<\/td>\n<\/tr>\n<tr data-start=\"2254\" data-end=\"2287\">\n<td data-start=\"2254\" data-end=\"2279\" data-col-size=\"sm\">Capacit\u00e0 totale della batteria<\/td>\n<td data-col-size=\"sm\" data-start=\"2279\" data-end=\"2287\">40 Ah<\/td>\n<\/tr>\n<tr data-start=\"2288\" data-end=\"2305\">\n<td data-start=\"2288\" data-end=\"2298\" data-col-size=\"sm\">Voltaggio<\/td>\n<td data-col-size=\"sm\" data-start=\"2298\" data-end=\"2305\">52V<\/td>\n<\/tr>\n<tr data-start=\"2306\" data-end=\"2336\">\n<td data-start=\"2306\" data-end=\"2314\" data-col-size=\"sm\">Energia<\/td>\n<td data-col-size=\"sm\" data-start=\"2314\" data-end=\"2336\">750 W (picco &gt; 1000 W)<\/td>\n<\/tr>\n<tr data-start=\"2337\" data-end=\"2360\">\n<td data-start=\"2337\" data-end=\"2349\" data-col-size=\"sm\">Massima velocit\u00e0<\/td>\n<td data-col-size=\"sm\" data-start=\"2349\" data-end=\"2360\">48 chilometri all&#039;ora<\/td>\n<\/tr>\n<tr data-start=\"2361\" data-end=\"2396\">\n<td data-start=\"2361\" data-end=\"2369\" data-col-size=\"sm\">Allineare<\/td>\n<td data-col-size=\"sm\" data-start=\"2369\" data-end=\"2396\">Fino a 120 km \/ 75 miglia<\/td>\n<\/tr>\n<tr data-start=\"2397\" data-end=\"2444\">\n<td data-start=\"2397\" data-end=\"2414\" data-col-size=\"sm\">Sistema di frenata<\/td>\n<td data-col-size=\"sm\" data-start=\"2414\" data-end=\"2444\">Doppi freni a disco idraulici<\/td>\n<\/tr>\n<tr data-start=\"2445\" data-end=\"2479\">\n<td data-start=\"2445\" data-end=\"2460\" data-col-size=\"sm\">Alimentazione elettrica<\/td>\n<td data-col-size=\"sm\" data-start=\"2460\" data-end=\"2479\">Batteria al litio<\/td>\n<\/tr>\n<tr data-start=\"2480\" data-end=\"2509\">\n<td data-start=\"2480\" data-end=\"2495\" data-col-size=\"sm\">Tipo di controllo<\/td>\n<td data-col-size=\"sm\" data-start=\"2495\" data-end=\"2509\">Elettronico<\/td>\n<\/tr>\n<\/tbody>\n<\/table>\n<\/div>\n<\/div>\n<hr data-start=\"2511\" data-end=\"2514\" \/>\n<h3 data-start=\"2516\" data-end=\"2535\">\ud83d\udea6 Modalit\u00e0 di guida<\/h3>\n<ol data-start=\"2536\" data-end=\"2809\">\n<li data-start=\"2536\" data-end=\"2627\">\n<p data-start=\"2539\" data-end=\"2627\"><strong data-start=\"2539\" data-end=\"2556\">Modalit\u00e0 elettrica<\/strong><br data-start=\"2556\" data-end=\"2559\" \/>Selezionare il livello PAS da 1 a 5 e utilizzare solo l&#039;acceleratore, senza pedalare.<\/p>\n<\/li>\n<li data-start=\"2628\" data-end=\"2724\">\n<p data-start=\"2631\" data-end=\"2724\"><strong data-start=\"2631\" data-end=\"2646\">Modalit\u00e0 di assistenza<\/strong><br data-start=\"2646\" data-end=\"2649\" \/>Selezionare il livello PAS da 1 a 5 e pedalare. Il motore fornisce assistenza automatica.<\/p>\n<\/li>\n<li data-start=\"2725\" data-end=\"2809\">\n<p data-start=\"2728\" data-end=\"2809\"><strong data-start=\"2728\" data-end=\"2743\">Modalit\u00e0 manuale<\/strong><br data-start=\"2743\" data-end=\"2746\" \/>Utilizzare solo i pedali, con l&#039;impianto elettrico spento.<\/p>\n<\/li>\n<\/ol>\n<hr data-start=\"2811\" data-end=\"2814\" \/>\n<h3 data-start=\"2816\" data-end=\"2842\">\u26a0\ufe0f Istruzioni di sicurezza<\/h3>\n<ol data-start=\"2843\" data-end=\"3167\">\n<li data-start=\"2843\" data-end=\"2925\">\n<p data-start=\"2846\" data-end=\"2925\">I principianti, gli anziani o i ciclisti fisicamente deboli non dovrebbero utilizzare la modalit\u00e0 ad alta velocit\u00e0.<\/p>\n<\/li>\n<li data-start=\"2926\" data-end=\"2983\">\n<p data-start=\"2929\" data-end=\"2983\">Non accelerare in modo aggressivo quando si pedala in discesa.<\/p>\n<\/li>\n<li data-start=\"2984\" data-end=\"3077\">\n<p data-start=\"2987\" data-end=\"3077\">Non toccare il motore o i componenti dei freni subito dopo aver utilizzato la bicicletta, perch\u00e9 potrebbero essere molto caldi.<\/p>\n<\/li>\n<li data-start=\"3078\" data-end=\"3167\">\n<p data-start=\"3081\" data-end=\"3167\">Prima di partire, verificare sempre che tutti i meccanismi di bloccaggio e di piegatura siano fissati saldamente.<\/p>\n<\/li>\n<\/ol>\n<hr data-start=\"3169\" data-end=\"3172\" \/>\n<p data-start=\"3174\" data-end=\"3450\"><strong data-start=\"3174\" data-end=\"3282\">Il modello YVY C20MAX \/ Ridstar Q20PRO \u00e8 pensato per i motociclisti che desiderano potenza elevata, lunga autonomia e un design audace.<\/strong><br data-start=\"3282\" data-end=\"3285\" \/>Grazie ai doppi motori, alle doppie batterie, agli pneumatici larghi e al robusto telaio in acciaio, questa bici elettrica si distingue come uno dei modelli pi\u00f9 aggressivi e performanti della sua categoria.<\/p>\n<p data-start=\"3452\" data-end=\"3589\" data-is-last-node=\"\" data-is-only-node=\"\">Una scelta perfetta per i clienti di ridstar.eu alla ricerca di una vera fat bike elettrica a doppio motore che offra sia prestazioni che affidabilit\u00e0.<\/p>","protected":false},"excerpt":{"rendered":"<p>Prova la potente bici elettrica YVY C20MAX con motore da 2000 W, batteria da 52 V e autonomia di 120 km, che offre prestazioni senza costi aggiuntivi!<\/p>","protected":false},"featured_media":291674,"comment_status":"open","ping_status":"closed","template":"","meta":[],"product_brand":[480],"product_cat":[212],"product_tag":[265,241,264],"class_list":{"0":"post-291673","1":"product","2":"type-product","3":"status-publish","4":"has-post-thumbnail","6":"product_brand-yvy","7":"product_cat-electric-bikes","8":"product_tag-ridstar-2000w","9":"product_tag-ridstar-q20-pro","10":"product_tag-ridstar-q20pro","12":"first","13":"instock","14":"sale","15":"shipping-taxable","16":"purchasable","17":"product-type-simple"},"jetpack_sharing_enabled":true,"_links":{"self":[{"href":"https:\/\/ridstar.eu\/it\/wp-json\/wp\/v2\/product\/291673","targetHints":{"allow":["GET"]}}],"collection":[{"href":"https:\/\/ridstar.eu\/it\/wp-json\/wp\/v2\/product"}],"about":[{"href":"https:\/\/ridstar.eu\/it\/wp-json\/wp\/v2\/types\/product"}],"replies":[{"embeddable":true,"href":"https:\/\/ridstar.eu\/it\/wp-json\/wp\/v2\/comments?post=291673"}],"wp:featuredmedia":[{"embeddable":true,"href":"https:\/\/ridstar.eu\/it\/wp-json\/wp\/v2\/media\/291674"}],"wp:attachment":[{"href":"https:\/\/ridstar.eu\/it\/wp-json\/wp\/v2\/media?parent=291673"}],"wp:term":[{"taxonomy":"product_brand","embeddable":true,"href":"https:\/\/ridstar.eu\/it\/wp-json\/wp\/v2\/product_brand?post=291673"},{"taxonomy":"product_cat","embeddable":true,"href":"https:\/\/ridstar.eu\/it\/wp-json\/wp\/v2\/product_cat?post=291673"},{"taxonomy":"product_tag","embeddable":true,"href":"https:\/\/ridstar.eu\/it\/wp-json\/wp\/v2\/product_tag?post=291673"}],"curies":[{"name":"wp","href":"https:\/\/api.w.org\/{rel}","templated":true}]}}