{"id":290885,"date":"2024-09-27T12:23:23","date_gmt":"2024-09-27T09:23:23","guid":{"rendered":"https:\/\/ridstar.eu\/?post_type=product&#038;p=290885"},"modified":"2026-01-05T07:27:46","modified_gmt":"2026-01-05T05:27:46","slug":"bici-elettrica-coswheel-gt20-pro-doppio-motore-2000w-2x1000w-40ah-2515ah","status":"publish","type":"product","link":"https:\/\/ridstar.eu\/it\/prodotto\/bici-elettrica-coswheel-gt20-pro-doppio-motore-2000w-2x1000w-40ah-2515ah\/","title":{"rendered":"Bici elettrica COSWHEEL GT20 PRO, doppio motore, 2000W (2x1000W), 40Ah (25+15Ah)"},"content":{"rendered":"<ul>\n<li><strong>Velocit\u00e0 massima:\u00a0<\/strong>Classe 2\/3, 31 Mph (50 km\/h)<\/li>\n<li><strong>Allineare:\u00a0<\/strong>80+ miglia (128 km) in modalit\u00e0 solo acceleratore Classe 2 (elettricit\u00e0 pura); 145 miglia (233 km) in modalit\u00e0 PAS Classe 1 (pedalata assistita)<\/li>\n<li><strong>Il motore:\u00a0<\/strong>Motore del mozzo posteriore brushless da 48 V picco 3000 W (picco 1500 W + 1500 W) (nominale 1000 W + 1000 W) 160 N.m<\/li>\n<li><strong>Batteria:\u00a0<\/strong>Batteria 48V 25Ah+15Ah (celle al litio 18650)<\/li>\n<li><strong>Energia:\u00a0<\/strong>1920 Wh<\/li>\n<li><strong>Sospensioni anteriori:\u00a0<\/strong>Ammortizzatore a spalla da 20&quot;, escursione da 80 mm<\/li>\n<li><strong>Sospensione posteriore:\u00a0<\/strong>850 libbre, escursione 180 mm<\/li>\n<li><strong>Freni:\u00a0<\/strong>: Freno a olio a doppio pistone, dotato di disco freno in acciaio inossidabile da 180 mm<\/li>\n<li><strong>Pneumatici:\u00a0<\/strong>Pneumatico fuoristrada ARISUN 20\u2033 \u00d7 4.0\u2033 A820 60TPI con pneumatico Meimeng + tubo in PVC<\/li>\n<li><strong>Acceleratore:\u00a0<\/strong>Acceleratore a pollice<\/li>\n<li><strong>Caricabatterie:\u00a0<\/strong>Caricabatterie 48V3A<\/li>\n<li><strong>Tempo di carica:\u00a0<\/strong>3,5-8,0 ore<\/li>\n<li><strong>Schermo:\u00a0<\/strong>Display LCD di facile lettura<\/li>\n<li><strong>Controllore:\u00a0<\/strong>48V 38A<\/li>\n<li><strong>Luce anteriore:\u00a0<\/strong>Faro classico Angel Eye, 120 LUX<\/li>\n<li><strong>Luce posteriore:\u00a0<\/strong>GUIDATO<\/li>\n<li><strong>Pedalata assistita:\u00a0<\/strong>5 livelli<\/li>\n<li><strong>Sensori:\u00a0<\/strong>Sensore di velocit\u00e0<\/li>\n<li><strong>Telaio:\u00a0<\/strong>Lega di alluminio 6061-T6 idroformata a triplo spessore<\/li>\n<li><strong>Pedale:\u00a0<\/strong>Pedale in lega di alluminio, con riflettore luminoso, asse 9\/16 x2<\/li>\n<li><strong>Manovella:\u00a0<\/strong>Piastra dentata ED a 7 velocit\u00e0 da 1\/2\u2033*3\/32\u2033*46T<\/li>\n<li><strong>Deragliatore posteriore:\u00a0<\/strong>Shimano 7 velocit\u00e0<\/li>\n<li><strong>Catena:\u00a0<\/strong>7 velocit\u00e0 Antiruggine, 1\/2\u2033 * 3\/32\u2033<\/li>\n<li><strong>Manubrio:\u00a0<\/strong>Manubrio diviso, \u03c632 \u03c622 Nero sabbia<\/li>\n<li><strong>Altezza adatta:\u00a0<\/strong>155 cm \u2013 195 cm<\/li>\n<li><strong>Altezza del sedile:\u00a0<\/strong>32,6\u2033 (83 cm)<\/li>\n<li><strong>Altezza bici:\u00a0<\/strong>41,7\u2033 (106 cm)<\/li>\n<li><strong>Passo:\u00a0<\/strong>47,8\u2033 (121,5 cm)<\/li>\n<li><strong>Larghezza manubrio:\u00a0<\/strong>27,2\u2033 (69 cm)<\/li>\n<li><strong>Peso della bici:\u00a0<\/strong>\u226599 libbre (con batteria) (\u226545 kg)<\/li>\n<li><strong>Carico massimo:\u00a0<\/strong>330 libbre (150 kg)<\/li>\n<li><strong>Carico sicuro:\u00a0<\/strong>265 libbre (120 kg)<\/li>\n<li><strong>Dimensione complessiva:\u00a0<\/strong>70,9\u2033 * 27,2\u2033 * 41,7\u2033 (180*69*106 cm)<\/li>\n<li><strong>Dimensione del pacchetto:\u00a0<\/strong>59,4\u2033 * 13,8\u2033 * 36,2\u2033 (151*35*92cm)<\/li>\n<\/ul>\n<p><img decoding=\"async\" src=\"https:\/\/www.coswheelebike.com\/cdn\/shop\/files\/08_48eadd37-ac1d-4b13-9619-530939cdbe29.jpg?v=1725635742&amp;width=1920\" alt=\"\"><\/p>\n<p><img decoding=\"async\" src=\"https:\/\/www.coswheelebike.com\/cdn\/shop\/files\/06_e121c7e3-3846-4e89-90ea-e9c7aaac1d19.jpg?v=1725635780&amp;width=1920\" alt=\"\"><\/p>\n<p><img decoding=\"async\" src=\"https:\/\/www.coswheelebike.com\/cdn\/shop\/files\/07_45891c7b-8220-475b-af58-08bee7b220cf.jpg?v=1725635803&amp;width=1920\" alt=\"\"><\/p>\n<p>&nbsp;<\/p>","protected":false},"excerpt":{"rendered":"<div class=\"product-info__text\">\n<div class=\"prose\">\n<p>Magazzino UE, consegna in 5-7 giorni, senza tasse extra<\/p>\n<p>coppia 160N.m, pu\u00f2 salire su pendenze di 40 gradi, moto ebike con pneumatici larghi<\/p>\n<\/div>\n<\/div>\n<div class=\"product-info__image\"><img decoding=\"async\" class=\"\" src=\"https:\/\/www.coswheelebike.com\/cdn\/shop\/files\/GT20_PRO_detail.png?v=1724853454&amp;width=1920\" sizes=\"500px\" srcset=\"\/\/www.coswheelebike.com\/cdn\/shop\/files\/GT20_PRO_detail.png?v=1724853454&amp;width=500 500w, \/\/www.coswheelebike.com\/cdn\/shop\/files\/GT20_PRO_detail.png?v=1724853454&amp;width=1000 1000w\" alt=\"\" width=\"436\" height=\"113\" \/><\/div>","protected":false},"featured_media":290892,"comment_status":"open","ping_status":"closed","template":"","meta":[],"product_brand":[],"product_cat":[212],"product_tag":[],"class_list":{"0":"post-290885","1":"product","2":"type-product","3":"status-publish","4":"has-post-thumbnail","6":"product_cat-electric-bikes","8":"first","9":"instock","10":"sale","11":"shipping-taxable","12":"purchasable","13":"product-type-simple"},"jetpack_sharing_enabled":true,"_links":{"self":[{"href":"https:\/\/ridstar.eu\/it\/wp-json\/wp\/v2\/product\/290885","targetHints":{"allow":["GET"]}}],"collection":[{"href":"https:\/\/ridstar.eu\/it\/wp-json\/wp\/v2\/product"}],"about":[{"href":"https:\/\/ridstar.eu\/it\/wp-json\/wp\/v2\/types\/product"}],"replies":[{"embeddable":true,"href":"https:\/\/ridstar.eu\/it\/wp-json\/wp\/v2\/comments?post=290885"}],"wp:featuredmedia":[{"embeddable":true,"href":"https:\/\/ridstar.eu\/it\/wp-json\/wp\/v2\/media\/290892"}],"wp:attachment":[{"href":"https:\/\/ridstar.eu\/it\/wp-json\/wp\/v2\/media?parent=290885"}],"wp:term":[{"taxonomy":"product_brand","embeddable":true,"href":"https:\/\/ridstar.eu\/it\/wp-json\/wp\/v2\/product_brand?post=290885"},{"taxonomy":"product_cat","embeddable":true,"href":"https:\/\/ridstar.eu\/it\/wp-json\/wp\/v2\/product_cat?post=290885"},{"taxonomy":"product_tag","embeddable":true,"href":"https:\/\/ridstar.eu\/it\/wp-json\/wp\/v2\/product_tag?post=290885"}],"curies":[{"name":"wp","href":"https:\/\/api.w.org\/{rel}","templated":true}]}}