{"id":290579,"date":"2024-07-08T12:47:24","date_gmt":"2024-07-08T09:47:24","guid":{"rendered":"https:\/\/ridstar.eu\/?post_type=product&#038;p=290579"},"modified":"2024-11-18T10:36:45","modified_gmt":"2024-11-18T08:36:45","slug":"bici-elettrica-gunai-gn68-2000w-doppia-batteria-1000w-48v-175ah","status":"publish","type":"product","link":"https:\/\/ridstar.eu\/it\/prodotto\/bici-elettrica-gunai-gn68-2000w-doppia-batteria-1000w-48v-175ah\/","title":{"rendered":"Bicicletta elettrica GUNAI GN68, 2000W (doppia 1000W), batteria 48V, 17,5Ah"},"content":{"rendered":"<div id=\"J-detail-wrap\" class=\"prod-attach\">\n<div class=\"spec-detail\">\n<div class=\"detail-item\">\n<div class=\"detail-box undefined show\">\n<div class=\"detail-container\">\n<h2 class=\"detail-title\">Punti salienti<\/h2>\n<ul class=\"detail-list\">\n<li>Bici elettrica a doppio motore: questa attrezzatura da montagna ebike con 2 motori con mozzo brushless ad alta velocit\u00e0, coppia fino a 160 Nm, che fornisce molta potenza per affrontare colline ripide fino a 40 gradi, con cambio a 7 velocit\u00e0 che aiuta a guidare facilmente in montagna.<\/li>\n<li>Doppia sospensione: la bici elettrica per adulti \u00e8 dotata di forcella ammortizzata anteriore bloccabile di alta qualit\u00e0 e ammortizzatore posteriore, molto resistente e confortevole.<\/li>\n<li>Batteria Samsung 48V17.5AH: l&#039;ebike a pedalata assistita dotata di una grande batteria Samsung da 48V 17,5Ah, la modalit\u00e0 acceleratore pu\u00f2 percorrere fino a 40-50 km mentre la modalit\u00e0 PAS pu\u00f2 percorrere fino a 60-80 km.<\/li>\n<li>Telaio robusto: il telaio della bicicletta da turismo elettrica \u00e8 realizzato con materiali metallici durevoli, fornendo una capacit\u00e0 di carico massima di 150 kg. Progettato per trasportare in sicurezza bagagli e altri oggetti, migliorando la comodit\u00e0 e il comfort dei viaggi in bicicletta.<\/li>\n<li>Bici elettrica Fat Tire: questa bici elettrica da montagna fuoristrada da 26 pollici con pneumatici grassi da 3 pollici pu\u00f2 gestire quasi tutti i terreni.<\/li>\n<\/ul>\n<h2 class=\"detail-title\">Specifica<\/h2>\n<ul class=\"detail-inner\">\n<li class=\"attr-item\"><label class=\"attr-name\">Marca:<\/label><span class=\"attr-val\">GUNAI<\/span><\/li>\n<li class=\"attr-item\"><label class=\"attr-name\">Limitazioni di spedizione:<\/label><span class=\"attr-val\">Ioni di litio integrati con funzione di alimentazione mobile<\/span><\/li>\n<li class=\"attr-item\"><label class=\"attr-name\">Dimensioni:<\/label><span class=\"attr-val\">186x70x86 cm<\/span><\/li>\n<li class=\"attr-item\"><label class=\"attr-name\">Peso:<\/label><span class=\"attr-val\">36 chilogrammi.<\/span><\/li>\n<\/ul>\n<h2 class=\"detail-title\">Dettagli<\/h2>\n<div class=\"detail-inner\">\n<div class=\"detail-p rich-text\">\n<h1>GUNAI Bici Elettrica 2000W per Adulti Doppio Motore GN68 con Batteria Samsung 48V 17.5AH 26&quot; Fat Tire Ebike Bici da Spiaggia Elettrica con Sospensione Completa<\/h1>\n<p><img decoding=\"async\" src=\"https:\/\/image.doba.com\/dgd-jKQHCREfwPqh\/gunai-gn68-dual-motor-electric-bike-for-adult-26inch-mountain-ebike-with-2000w-motor-and-48v-175ah-samsung-battery.webp\" data-srcid=\"jKQHCREfwPqh\" alt=\"\"><\/p>\n<p><img decoding=\"async\" src=\"https:\/\/image.doba.com\/dgd-LEeDKRGWjJbh\/gunai-gn68-dual-motor-electric-bike-for-adult-26inch-mountain-ebike-with-2000w-motor-and-48v-175ah-samsung-battery.webp\" data-srcid=\"LEeDKRGWjJbh\" alt=\"\"><\/p>\n<p><img decoding=\"async\" src=\"https:\/\/image.doba.com\/dgd-UDeHFnGWwPvy\/gunai-gn68-dual-motor-electric-bike-for-adult-26inch-mountain-ebike-with-2000w-motor-and-48v-175ah-samsung-battery.webp\" data-srcid=\"UDeHFnGWwPvy\" alt=\"\"><\/p>\n<p><img decoding=\"async\" src=\"https:\/\/image.doba.com\/dgd-UcCbQEnOsPDy\/gunai-gn68-dual-motor-electric-bike-for-adult-26inch-mountain-ebike-with-2000w-motor-and-48v-175ah-samsung-battery.webp\" data-srcid=\"UcCbQEnOsPDy\" alt=\"\"><\/p>\n<p><img decoding=\"async\" src=\"https:\/\/image.doba.com\/dgd-jkFcKREiwoqz\/gunai-gn68-dual-motor-electric-bike-for-adult-26inch-mountain-ebike-with-2000w-motor-and-48v-175ah-samsung-battery.webp\" data-srcid=\"jkFcKREiwoqz\" alt=\"\"><\/p>\n<p><img decoding=\"async\" src=\"https:\/\/image.doba.com\/dgd-UrCwQRGpjPDm\/gunai-gn68-dual-motor-electric-bike-for-adult-26inch-mountain-ebike-with-2000w-motor-and-48v-175ah-samsung-battery.webp\" data-srcid=\"UrCwQRGpjPDm\" alt=\"\"><\/p>\n<p><img decoding=\"async\" src=\"https:\/\/image.doba.com\/dgd-saCwenHAUovz\/gunai-gn68-dual-motor-electric-bike-for-adult-26inch-mountain-ebike-with-2000w-motor-and-48v-175ah-samsung-battery.webp\" data-srcid=\"saCwenHAUovz\" alt=\"\"><\/p>\n<p><img decoding=\"async\" src=\"https:\/\/image.doba.com\/dgd-jwehFHRLsYqi\/gunai-gn68-dual-motor-electric-bike-for-adult-26inch-mountain-ebike-with-2000w-motor-and-48v-175ah-samsung-battery.webp\" data-srcid=\"jwehFHRLsYqi\" alt=\"\"><\/p>\n<p><img decoding=\"async\" src=\"https:\/\/image.doba.com\/dgd-UzQkCGnpjYvy\/gunai-gn68-dual-motor-electric-bike-for-adult-26inch-mountain-ebike-with-2000w-motor-and-48v-175ah-samsung-battery.webp\" data-srcid=\"UzQkCGnpjYvy\" alt=\"\"><\/p>\n<p><img decoding=\"async\" src=\"https:\/\/image.doba.com\/dgd-jIQWCEHZLPbm\/gunai-gn68-dual-motor-electric-bike-for-adult-26inch-mountain-ebike-with-2000w-motor-and-48v-175ah-samsung-battery.webp\" data-srcid=\"jIQWCEHZLPbm\" alt=\"\"><\/p>\n<p><img decoding=\"async\" src=\"https:\/\/image.doba.com\/dgd-UbKQenGOwovN\/gunai-gn68-dual-motor-electric-bike-for-adult-26inch-mountain-ebike-with-2000w-motor-and-48v-175ah-samsung-battery.webp\" data-srcid=\"UbKQenGOwovN\" alt=\"\"><\/p>\n<p><img decoding=\"async\" src=\"https:\/\/image.doba.com\/dgd-wCeYQGRfUcVI\/gunai-gn68-dual-motor-electric-bike-for-adult-26inch-mountain-ebike-with-2000w-motor-and-48v-175ah-samsung-battery.webp\" data-srcid=\"wCeYQGRfUcVI\" alt=\"\"><\/p>\n<p><img decoding=\"async\" src=\"https:\/\/image.doba.com\/dgd-UGFdCRnAjPbS\/gunai-gn68-dual-motor-electric-bike-for-adult-26inch-mountain-ebike-with-2000w-motor-and-48v-175ah-samsung-battery.webp\" data-srcid=\"UGFdCRnAjPbS\" alt=\"\"><\/p>\n<p><img decoding=\"async\" src=\"https:\/\/image.doba.com\/dgd-jzCRFOGjTYvc\/gunai-gn68-dual-motor-electric-bike-for-adult-26inch-mountain-ebike-with-2000w-motor-and-48v-175ah-samsung-battery.webp\" data-srcid=\"jzCRFOGjTYvc\" alt=\"\"><\/p>\n<\/div>\n<\/div>\n<\/div>\n<\/div>\n<\/div>\n<\/div>\n<\/div>\n<div class=\"more-to-wrap search-more-to-wrap\">\n<h2 class=\"box-title\">Selezionato per te<\/h2>\n<\/div>","protected":false},"excerpt":{"rendered":"<p>La bici elettrica per adulti GUNAI GN68 vanta diverse caratteristiche eccezionali che la distinguono sul mercato. Con un potente doppio motore da 2000 W e una batteria rimovibile al litio Samsung da 48 V 17,5 Ah, utilizza questo pneumatico grasso da 26 * 3 pollici per superare facilmente qualsiasi terreno.<\/p>\n<p>Consegna gratuita dal magazzino polacco in tutta l&#039;UE.<\/p>","protected":false},"featured_media":290582,"comment_status":"open","ping_status":"closed","template":"","meta":[],"product_brand":[],"product_cat":[212],"product_tag":[],"class_list":{"0":"post-290579","1":"product","2":"type-product","3":"status-publish","4":"has-post-thumbnail","6":"product_cat-electric-bikes","7":"pa_color-black","9":"first","10":"outofstock","11":"sale","12":"shipping-taxable","13":"purchasable","14":"product-type-simple"},"jetpack_sharing_enabled":true,"_links":{"self":[{"href":"https:\/\/ridstar.eu\/it\/wp-json\/wp\/v2\/product\/290579","targetHints":{"allow":["GET"]}}],"collection":[{"href":"https:\/\/ridstar.eu\/it\/wp-json\/wp\/v2\/product"}],"about":[{"href":"https:\/\/ridstar.eu\/it\/wp-json\/wp\/v2\/types\/product"}],"replies":[{"embeddable":true,"href":"https:\/\/ridstar.eu\/it\/wp-json\/wp\/v2\/comments?post=290579"}],"wp:featuredmedia":[{"embeddable":true,"href":"https:\/\/ridstar.eu\/it\/wp-json\/wp\/v2\/media\/290582"}],"wp:attachment":[{"href":"https:\/\/ridstar.eu\/it\/wp-json\/wp\/v2\/media?parent=290579"}],"wp:term":[{"taxonomy":"product_brand","embeddable":true,"href":"https:\/\/ridstar.eu\/it\/wp-json\/wp\/v2\/product_brand?post=290579"},{"taxonomy":"product_cat","embeddable":true,"href":"https:\/\/ridstar.eu\/it\/wp-json\/wp\/v2\/product_cat?post=290579"},{"taxonomy":"product_tag","embeddable":true,"href":"https:\/\/ridstar.eu\/it\/wp-json\/wp\/v2\/product_tag?post=290579"}],"curies":[{"name":"wp","href":"https:\/\/api.w.org\/{rel}","templated":true}]}}