{"id":290510,"date":"2024-06-25T12:29:47","date_gmt":"2024-06-25T09:29:47","guid":{"rendered":"https:\/\/ridstar.eu\/?post_type=product&#038;p=290510"},"modified":"2026-01-09T16:22:35","modified_gmt":"2026-01-09T14:22:35","slug":"bici-elettrica-gunai-gn88-2000w-doppio-motore-48v-22ah-batteria","status":"publish","type":"product","link":"https:\/\/ridstar.eu\/it\/prodotto\/bici-elettrica-gunai-gn88-2000w-doppio-motore-48v-22ah-batteria\/","title":{"rendered":"Bicicletta elettrica GUNAI GN88, 2000W (Doppio Motore), batteria 48V, 22Ah"},"content":{"rendered":"<h4><iframe title=\"Lettore video di YouTube\" src=\"https:\/\/www.youtube.com\/embed\/udUrKwvykJ8?si=fpBXu-fYLJXU1Bsx\" width=\"560\" height=\"315\" frameborder=\"0\" allowfullscreen=\"allowfullscreen\" data-mce-fragment=\"1\"><\/iframe><\/h4>\n<h3><strong>GUNAI GN88 \u2013 Potenza, prestazioni e avventura!<\/strong><\/h3>\n<p>IL <strong>GN8 ...<\/strong> \u00e8 un prodotto ad alte prestazioni <strong>mountain bike elettrica a doppio motore<\/strong> costruito per gli appassionati di fuoristrada e i motociclisti cittadini che desiderano potenza, velocit\u00e0 e durata. Con <strong>Motori brushless da 2000 W<\/strong>, <strong>Coppia 100Nm<\/strong>, <strong>Pneumatici larghi 26\u00d74.0<\/strong>, e un <strong>Batteria da 22 Ah<\/strong>, questa e-bike \u00e8 progettata per dominare tutti i terreni, dalle colline ripide ai sentieri accidentati.<\/p>\n<hr \/>\n<h3><strong>Caratteristiche principali<\/strong><\/h3>\n<h4><strong>\ud83d\udcaa Potenza del motore doppio - Prestazioni da 2000 W<\/strong><\/h4>\n<ul>\n<li>Dotato di <strong>due motori brushless ad alta velocit\u00e0 nel mozzo<\/strong><\/li>\n<li><strong>Coppia 100Nm<\/strong> per una capacit\u00e0 eccezionale di salita<\/li>\n<li>Affronta senza sforzo <strong>Inclinazioni di 35\u00b0<\/strong>, strade sterrate e sentieri accidentati<\/li>\n<li><strong>Velocit\u00e0 massima:<\/strong> <strong>55 chilometri all&#039;ora<\/strong> per un giro esaltante<\/li>\n<\/ul>\n<h4><strong>\ud83d\udd0b Batteria a lunga durata da 22 Ah<\/strong><\/h4>\n<ul>\n<li><strong>Capacit\u00e0 della batteria:<\/strong> 48V 22Ah<\/li>\n<li><strong>Allineare:<\/strong>\n<ul>\n<li><strong>50-70 km in modalit\u00e0 puramente elettrica<\/strong><\/li>\n<li><strong>110-130 km in modalit\u00e0 pedalata assistita<\/strong><\/li>\n<\/ul>\n<\/li>\n<li><strong>Tempo di carica:<\/strong> 8-9 ore con incluso <strong>Caricabatterie da 54,6 V 2 A<\/strong><\/li>\n<li><strong>Batteria leggera:<\/strong> Peso netto <strong>5 kg<\/strong><\/li>\n<\/ul>\n<h4><strong>\u2699\ufe0f Cambio Shimano a 21 velocit\u00e0<\/strong><\/h4>\n<ul>\n<li><strong>Deragliatore posteriore versatile a 21 velocit\u00e0<\/strong><\/li>\n<li>Cambio marcia fluido per un controllo ottimale su diversi terreni<\/li>\n<li>Si adatta facilmente tra salite ripide e crociere ad alta velocit\u00e0<\/li>\n<\/ul>\n<h4><strong>\ud83d\udeb2 Stabilit\u00e0 e comfort degli pneumatici Fat<\/strong><\/h4>\n<ul>\n<li><strong>Pneumatici larghi 26\u00d74,0 pollici<\/strong> per una presa e un controllo migliori<\/li>\n<li><strong>Forcella con sospensione a molla<\/strong> assorbe urti e vibrazioni<\/li>\n<li>Esperienza di guida fluida su sabbia, neve e sentieri rocciosi<\/li>\n<\/ul>\n<h4><strong>\ud83d\uded1 Sistema frenante idraulico<\/strong><\/h4>\n<ul>\n<li><strong>Freni a disco idraulici oleodinamici avanzati<\/strong> per una potenza di arresto precisa<\/li>\n<li>Garantisce sicurezza e controllo anche in discese ripide<\/li>\n<\/ul>\n<h4><strong>\ud83d\udcdf Display LCD intuitivo<\/strong><\/h4>\n<ul>\n<li>Lato sinistro <strong>display digitale<\/strong> per il monitoraggio in tempo reale di velocit\u00e0, distanza e batteria<\/li>\n<li>Accedi facilmente alle informazioni sul viaggio a colpo d&#039;occhio<\/li>\n<\/ul>\n<hr \/>\n<h3><strong>Specifiche<\/strong><\/h3>\n<h4><strong>Prestazione<\/strong><\/h4>\n<ul>\n<li><strong>Il motore:<\/strong> <strong>Motori brushless doppi da 48 V e 2000 W<\/strong><\/li>\n<li><strong>Massima velocit\u00e0:<\/strong> <strong>55 chilometri all&#039;ora<\/strong><\/li>\n<li><strong>Coppia:<\/strong> <strong>100 Nm<\/strong><\/li>\n<li><strong>Chilometraggio:<\/strong>\n<ul>\n<li>Modalit\u00e0 puramente elettrica: <strong>50-70 chilometri<\/strong><\/li>\n<li>Modalit\u00e0 di pedalata assistita: <strong>110-130 chilometri<\/strong><\/li>\n<\/ul>\n<\/li>\n<li><strong>Tempo di carica:<\/strong> <strong>8-9 ore<\/strong><\/li>\n<\/ul>\n<h4><strong>Telaio e design<\/strong><\/h4>\n<ul>\n<li><strong>Materiale del telaio:<\/strong> <strong>Lega di alluminio da 26&quot;<\/strong><\/li>\n<li><strong>Manubrio e reggisella:<\/strong> <strong>Alluminio, altezza del sedile regolabile (80-100 cm)<\/strong><\/li>\n<li><strong>Sospensione:<\/strong> <strong>Forcella con sospensione a molla<\/strong><\/li>\n<\/ul>\n<h4><strong>Frenata e trasmissione<\/strong><\/h4>\n<ul>\n<li><strong>Freni:<\/strong> <strong>Freni a disco idraulici<\/strong><\/li>\n<li><strong>Ingranaggi:<\/strong> <strong>Deragliatore Shimano a 21 velocit\u00e0<\/strong><\/li>\n<\/ul>\n<h4><strong>Peso e dimensioni<\/strong><\/h4>\n<ul>\n<li><strong>Peso della bici:<\/strong> <strong>36,8 kg<\/strong><\/li>\n<li><strong>Capacit\u00e0 di carico massima:<\/strong> <strong>150 chili<\/strong><\/li>\n<li><strong>Dimensioni della bici:<\/strong> <strong>Dimensioni: 188 x 94 x 115 cm<\/strong><\/li>\n<li><strong>Dimensione del pacchetto:<\/strong> <strong>Dimensioni: 152 x 34 x 80 cm<\/strong><\/li>\n<\/ul>\n<hr \/>\n<h3><strong>Perch\u00e9 scegliere GUNAI GN88?<\/strong><\/h3>\n<p>\u2705 <strong>Doppi motori da 2000 W<\/strong> \u2013 potenza senza pari per prestazioni estreme<br \/>\n\u2705 <strong>Batteria da 22 Ah<\/strong> \u2013 guidare pi\u00f9 a lungo senza ricariche frequenti<br \/>\n\u2705 <strong>Freni idraulici<\/strong> \u2013 potenza di arresto superiore per la sicurezza<br \/>\n\u2705 <strong>Pneumatici e sospensioni larghi<\/strong> \u2013 stabilit\u00e0 su tutti i terreni<br \/>\n\u2705 <strong>Cambio Shimano a 21 velocit\u00e0<\/strong> \u2013 controllo preciso per ogni avventura<\/p>\n<hr \/>\n<h3><strong>Porta la tua avventura a un livello superiore!<\/strong><\/h3>\n<p>IL <strong>GN8 ...<\/strong> \u00e8 la mountain bike elettrica definitiva per i ciclisti che richiedono potenza, resistenza e versatilit\u00e0. Che tu stia conquistando sentieri di montagna o pedalando in citt\u00e0, questa e-bike offre un&#039;esperienza di guida esaltante.<\/p>\n<p>\ud83d\udd25 <strong>Ordina il tuo oggi ed esplora senza limiti!<\/strong><\/p>","protected":false},"excerpt":{"rendered":"<p>Consegna gratuita dal magazzino UE.<\/p>\n<p>Potenza motore 48V 2000W<br \/>\nVelocit\u00e0 massima 55KM\/ora<br \/>\nCapacit\u00e0 della batteria 22 Ah<br \/>\n70 km in modalit\u00e0 elettrica pura<\/p>","protected":false},"featured_media":290511,"comment_status":"open","ping_status":"closed","template":"","meta":[],"product_brand":[],"product_cat":[212],"product_tag":[],"class_list":{"0":"post-290510","1":"product","2":"type-product","3":"status-publish","4":"has-post-thumbnail","6":"product_cat-electric-bikes","8":"first","9":"outofstock","10":"sale","11":"shipping-taxable","12":"purchasable","13":"product-type-simple"},"jetpack_sharing_enabled":true,"_links":{"self":[{"href":"https:\/\/ridstar.eu\/it\/wp-json\/wp\/v2\/product\/290510","targetHints":{"allow":["GET"]}}],"collection":[{"href":"https:\/\/ridstar.eu\/it\/wp-json\/wp\/v2\/product"}],"about":[{"href":"https:\/\/ridstar.eu\/it\/wp-json\/wp\/v2\/types\/product"}],"replies":[{"embeddable":true,"href":"https:\/\/ridstar.eu\/it\/wp-json\/wp\/v2\/comments?post=290510"}],"wp:featuredmedia":[{"embeddable":true,"href":"https:\/\/ridstar.eu\/it\/wp-json\/wp\/v2\/media\/290511"}],"wp:attachment":[{"href":"https:\/\/ridstar.eu\/it\/wp-json\/wp\/v2\/media?parent=290510"}],"wp:term":[{"taxonomy":"product_brand","embeddable":true,"href":"https:\/\/ridstar.eu\/it\/wp-json\/wp\/v2\/product_brand?post=290510"},{"taxonomy":"product_cat","embeddable":true,"href":"https:\/\/ridstar.eu\/it\/wp-json\/wp\/v2\/product_cat?post=290510"},{"taxonomy":"product_tag","embeddable":true,"href":"https:\/\/ridstar.eu\/it\/wp-json\/wp\/v2\/product_tag?post=290510"}],"curies":[{"name":"wp","href":"https:\/\/api.w.org\/{rel}","templated":true}]}}