{"id":290472,"date":"2024-06-18T15:04:41","date_gmt":"2024-06-18T12:04:41","guid":{"rendered":"https:\/\/ridstar.eu\/?post_type=product&#038;p=290472"},"modified":"2024-12-30T12:34:33","modified_gmt":"2024-12-30T10:34:33","slug":"bici-elettrica-shenhmilo-mx03-1000w-48v-17-5ah-batteria-samsung","status":"publish","type":"product","link":"https:\/\/ridstar.eu\/it\/product\/electric-bike-shenhmilo-mx03-500w-bafang-motor-1000w-48v-17-5ah-samsung-battery\/","title":{"rendered":"Bicicletta elettrica Shenhmilo MX03, motore Bafang 500W (1000W), batteria Samsung 48V, 17,5Ah"},"content":{"rendered":"<h2>Punti salienti<\/h2>\n<h3><strong>Batteria agli ioni di litio da 48 V 17,5 Ah a lunga crociera<\/strong><\/h3>\n<p>Il nuovo Shengmilo MX03 combina la nuova tecnologia della batteria con 18650 celle della batteria ad alte prestazioni, questa batteria da 720 Wh migliora in modo efficiente la portata, la stabilit\u00e0 e la sicurezza delle bici Shengmilo. Una singola carica pu\u00f2 durare fino a 30~40 km in modalit\u00e0 acceleratore e oltre 50~60 km in modalit\u00e0 pedalata assistita.<\/p>\n<h3><strong>Motore potente Bafang da 500 W<\/strong><\/h3>\n<p>Questo motore BAFANG da 48 V 500 W produce una potenza di picco fino a 1000 W! Il motore \u00e8 il cuore della bicicletta elettrica e il componente pi\u00f9 critico della bicicletta elettrica. Le sue prestazioni influenzano la potenza, la velocit\u00e0, la resistenza e la capacit\u00e0 di guado.<\/p>\n<h3><strong>Pneumatici grassi da 26 * 3 pollici<\/strong><\/h3>\n<p>Gli pneumatici da montagna grassi da 26 * 3,0 pollici offrono una migliore aderenza e trazione sui terreni pi\u00f9 difficili. Il divertimento pi\u00f9 grande \u00e8 pedalare sulla spiaggia o sulla neve, sulle strade di montagna, lascer\u00e0 anche una buona impressione.<\/p>\n<h3><strong>Deragliatore SHIMANO a 7 velocit\u00e0<\/strong><\/h3>\n<p>Sistema di trasmissione Shimano a 7 velocit\u00e0, eccellenti prestazioni di trasmissione per garantire una guida sicura e stabile. \u00c8 possibile passare a una marcia pi\u00f9 grande quando si va in salita e a una marcia pi\u00f9 piccola quando si guida ad alta velocit\u00e0. In combinazione con il sistema di pedalata assistita, puoi regolare la velocit\u00e0 adeguata per completare il tuo viaggio.<\/p>\n<h3><strong>Freni a disco idraulici<\/strong><\/h3>\n<p>Le ruote anteriori e posteriori sono dotate di freni a disco idraulici. Il sistema frenante ha la funzione di interrompere la potenza del motore, quando si tiene la leva del freno, il motore interromper\u00e0 la potenza in uscita, in modo da ottenere un effetto frenante rapido e stabile, ma anche per prolungare la durata della pastiglia del freno, per garantire la sicurezza di guida.<\/p>\n<h3><strong>Ammortizzatore posteriore<\/strong><\/h3>\n<p>Assorbimento degli urti della molla posteriore, l&#039;ammortizzatore della sospensione pu\u00f2 filtrare efficacemente le vibrazioni nell&#039;area accidentata e migliorare la qualit\u00e0 di guida.<br \/>\n<img decoding=\"async\" class=\"lazy_img\" src=\"https:\/\/img.gkbcdn.com\/d\/202311\/db2c5686-a1eb-40de-acdb-4456be96696f._p1_.jpg\" alt=\"2023 Nuovo Shengmilo MX03 Mountain Bike elettrica 26*3.0 pollici Fat Tire 500W Bafang Motore 40 km\/h Velocit\u00e0 massima 48V 15Ah Batteria 180kg Carico SHIMANO 7 marce Doppio freno a disco idraulico\" data-original=\"\/\/img.gkbcdn.com\/s3\/d\/202311\/db2c5686-a1eb-40de-acdb-4456be96696f.jpg\" \/><img decoding=\"async\" class=\"lazy_img\" src=\"https:\/\/img.gkbcdn.com\/d\/202311\/507064f4-af58-439e-a8b1-609caff148e5._p1_.jpg\" alt=\"2023 Nuovo Shengmilo MX03 Mountain Bike elettrica 26*3.0 pollici Fat Tire 500W Bafang Motore 40 km\/h Velocit\u00e0 massima 48V 15Ah Batteria 180kg Carico SHIMANO 7 marce Doppio freno a disco idraulico\" data-original=\"\/\/img.gkbcdn.com\/s3\/d\/202311\/507064f4-af58-439e-a8b1-609caff148e5.jpg\" \/><img decoding=\"async\" class=\"lazy_img\" src=\"https:\/\/img.gkbcdn.com\/d\/202311\/5b01b7ad-a5e7-43a0-917b-8d8418e1abb4._p1_.jpg\" alt=\"2023 Nuovo Shengmilo MX03 Mountain Bike elettrica 26*3.0 pollici Fat Tire 500W Bafang Motore 40 km\/h Velocit\u00e0 massima 48V 15Ah Batteria 180kg Carico SHIMANO 7 marce Doppio freno a disco idraulico\" data-original=\"\/\/img.gkbcdn.com\/s3\/d\/202311\/5b01b7ad-a5e7-43a0-917b-8d8418e1abb4.jpg\" \/><img decoding=\"async\" class=\"lazy_img\" src=\"https:\/\/img.gkbcdn.com\/d\/202311\/26f0db2f-b32b-44cc-be1b-1d38dfe8a2be._p1_.jpg\" alt=\"2023 Nuovo Shengmilo MX03 Mountain Bike elettrica 26*3.0 pollici Fat Tire 500W Bafang Motore 40 km\/h Velocit\u00e0 massima 48V 15Ah Batteria 180kg Carico SHIMANO 7 marce Doppio freno a disco idraulico\" data-original=\"\/\/img.gkbcdn.com\/s3\/d\/202311\/26f0db2f-b32b-44cc-be1b-1d38dfe8a2be.jpg\" \/><img decoding=\"async\" class=\"lazy_img\" src=\"https:\/\/img.gkbcdn.com\/d\/202311\/3fc37973-adad-4119-92fa-61d0e2b12c10._p1_.jpg\" alt=\"2023 Nuovo Shengmilo MX03 Mountain Bike elettrica 26*3.0 pollici Fat Tire 500W Bafang Motore 40 km\/h Velocit\u00e0 massima 48V 15Ah Batteria 180kg Carico SHIMANO 7 marce Doppio freno a disco idraulico\" data-original=\"\/\/img.gkbcdn.com\/s3\/d\/202311\/3fc37973-adad-4119-92fa-61d0e2b12c10.jpg\" \/><img decoding=\"async\" class=\"lazy_img\" src=\"https:\/\/img.gkbcdn.com\/d\/202311\/6af729e1-8f09-4792-b504-2ef9a0037d63._p1_.jpg\" alt=\"2023 Nuovo Shengmilo MX03 Mountain Bike elettrica 26*3.0 pollici Fat Tire 500W Bafang Motore 40 km\/h Velocit\u00e0 massima 48V 15Ah Batteria 180kg Carico SHIMANO 7 marce Doppio freno a disco idraulico\" data-original=\"\/\/img.gkbcdn.com\/s3\/d\/202311\/6af729e1-8f09-4792-b504-2ef9a0037d63.jpg\" \/><img decoding=\"async\" class=\"lazy_img\" src=\"https:\/\/img.gkbcdn.com\/d\/202311\/56f1a079-b78c-4564-9581-87ed30613259._p1_.jpg\" alt=\"2023 Nuovo Shengmilo MX03 Mountain Bike elettrica 26*3.0 pollici Fat Tire 500W Bafang Motore 40 km\/h Velocit\u00e0 massima 48V 15Ah Batteria 180kg Carico SHIMANO 7 marce Doppio freno a disco idraulico\" data-original=\"\/\/img.gkbcdn.com\/s3\/d\/202311\/56f1a079-b78c-4564-9581-87ed30613259.jpg\" \/><img decoding=\"async\" class=\"lazy_img\" src=\"https:\/\/img.gkbcdn.com\/d\/202311\/e5676b6e-a2a6-4e6d-83ef-0f4e90a27e53._p1_.jpg\" alt=\"2023 Nuovo Shengmilo MX03 Mountain Bike elettrica 26*3.0 pollici Fat Tire 500W Bafang Motore 40 km\/h Velocit\u00e0 massima 48V 15Ah Batteria 180kg Carico SHIMANO 7 marce Doppio freno a disco idraulico\" data-original=\"\/\/img.gkbcdn.com\/s3\/d\/202311\/e5676b6e-a2a6-4e6d-83ef-0f4e90a27e53.jpg\" \/><img decoding=\"async\" class=\"lazy_img\" src=\"https:\/\/img.gkbcdn.com\/d\/202311\/9c8d29e4-eed2-4f51-bc27-cd33bcb14042._p1_.jpg\" alt=\"2023 Nuovo Shengmilo MX03 Mountain Bike elettrica 26*3.0 pollici Fat Tire 500W Bafang Motore 40 km\/h Velocit\u00e0 massima 48V 15Ah Batteria 180kg Carico SHIMANO 7 marce Doppio freno a disco idraulico\" data-original=\"\/\/img.gkbcdn.com\/s3\/d\/202311\/9c8d29e4-eed2-4f51-bc27-cd33bcb14042.jpg\" \/><img decoding=\"async\" class=\"lazy_img\" src=\"https:\/\/img.gkbcdn.com\/d\/202311\/0663ed22-de5f-405e-afbe-dc742d024f74._p1_.jpg\" alt=\"2023 Nuovo Shengmilo MX03 Mountain Bike elettrica 26*3.0 pollici Fat Tire 500W Bafang Motore 40 km\/h Velocit\u00e0 massima 48V 15Ah Batteria 180kg Carico SHIMANO 7 marce Doppio freno a disco idraulico\" data-original=\"\/\/img.gkbcdn.com\/s3\/d\/202311\/0663ed22-de5f-405e-afbe-dc742d024f74.jpg\" \/><img decoding=\"async\" class=\"lazy_img\" src=\"https:\/\/img.gkbcdn.com\/d\/202311\/d0fbd320-b4a6-4a29-9316-d1e0036e379f._p1_.jpg\" alt=\"2023 Nuovo Shengmilo MX03 Mountain Bike elettrica 26*3.0 pollici Fat Tire 500W Bafang Motore 40 km\/h Velocit\u00e0 massima 48V 15Ah Batteria 180kg Carico SHIMANO 7 marce Doppio freno a disco idraulico\" data-original=\"\/\/img.gkbcdn.com\/s3\/d\/202311\/d0fbd320-b4a6-4a29-9316-d1e0036e379f.jpg\" \/><img decoding=\"async\" class=\"lazy_img\" src=\"https:\/\/img.gkbcdn.com\/d\/202311\/06f54a03-d590-4fa6-a0ad-35807861547d._p1_.jpg\" alt=\"2023 Nuovo Shengmilo MX03 Mountain Bike elettrica 26*3.0 pollici Fat Tire 500W Bafang Motore 40 km\/h Velocit\u00e0 massima 48V 15Ah Batteria 180kg Carico SHIMANO 7 marce Doppio freno a disco idraulico\" data-original=\"\/\/img.gkbcdn.com\/s3\/d\/202311\/06f54a03-d590-4fa6-a0ad-35807861547d.jpg\" \/><img decoding=\"async\" class=\"lazy_img\" src=\"https:\/\/img.gkbcdn.com\/d\/202311\/0e2fca65-41ee-4d7c-8d4e-d8cd394a7f9b._p1_.jpg\" alt=\"2023 Nuovo Shengmilo MX03 Mountain Bike elettrica 26*3.0 pollici Fat Tire 500W Bafang Motore 40 km\/h Velocit\u00e0 massima 48V 15Ah Batteria 180kg Carico SHIMANO 7 marce Doppio freno a disco idraulico\" data-original=\"\/\/img.gkbcdn.com\/s3\/d\/202311\/0e2fca65-41ee-4d7c-8d4e-d8cd394a7f9b.jpg\" \/><img decoding=\"async\" class=\"lazy_img\" src=\"https:\/\/img.gkbcdn.com\/d\/202311\/704338df-d5b0-469a-9fd9-29816b31c144._p1_.jpg\" alt=\"2023 Nuovo Shengmilo MX03 Mountain Bike elettrica 26*3.0 pollici Fat Tire 500W Bafang Motore 40 km\/h Velocit\u00e0 massima 48V 15Ah Batteria 180kg Carico SHIMANO 7 marce Doppio freno a disco idraulico\" data-original=\"\/\/img.gkbcdn.com\/s3\/d\/202311\/704338df-d5b0-469a-9fd9-29816b31c144.jpg\" \/><img decoding=\"async\" class=\"lazy_img\" src=\"https:\/\/img.gkbcdn.com\/d\/202311\/3fa2e894-65b6-413a-8f7e-7c8b903c5268._p1_.jpg\" alt=\"2023 Nuovo Shengmilo MX03 Mountain Bike elettrica 26*3.0 pollici Fat Tire 500W Bafang Motore 40 km\/h Velocit\u00e0 massima 48V 15Ah Batteria 180kg Carico SHIMANO 7 marce Doppio freno a disco idraulico\" data-original=\"\/\/img.gkbcdn.com\/s3\/d\/202311\/3fa2e894-65b6-413a-8f7e-7c8b903c5268.jpg\" \/><img decoding=\"async\" class=\"lazy_img\" src=\"https:\/\/img.gkbcdn.com\/d\/202311\/3110995d-f23f-4f42-8198-d545b571eb3f._p1_.jpg\" alt=\"2023 Nuovo Shengmilo MX03 Mountain Bike elettrica 26*3.0 pollici Fat Tire 500W Bafang Motore 40 km\/h Velocit\u00e0 massima 48V 15Ah Batteria 180kg Carico SHIMANO 7 marce Doppio freno a disco idraulico\" data-original=\"\/\/img.gkbcdn.com\/s3\/d\/202311\/3110995d-f23f-4f42-8198-d545b571eb3f.jpg\" \/><img decoding=\"async\" class=\"lazy_img\" src=\"https:\/\/img.gkbcdn.com\/d\/202311\/a0a78121-6e81-4f6d-9847-709bbe936b6c._p1_.jpg\" alt=\"2023 Nuovo Shengmilo MX03 Mountain Bike elettrica 26*3.0 pollici Fat Tire 500W Bafang Motore 40 km\/h Velocit\u00e0 massima 48V 15Ah Batteria 180kg Carico SHIMANO 7 marce Doppio freno a disco idraulico\" data-original=\"\/\/img.gkbcdn.com\/s3\/d\/202311\/a0a78121-6e81-4f6d-9847-709bbe936b6c.jpg\" \/><\/p>\n<h2>Specifica<\/h2>\n<table class=\"jbEidtTable\" border=\"1\" cellspacing=\"0\" cellpadding=\"5\">\n<tbody>\n<tr>\n<td>Generale<\/td>\n<td>Marca: Shengmilo<br \/>\nTipo: bici elettrica<br \/>\nModello: MX03 2023<br \/>\nColore: blu sfumato<\/td>\n<\/tr>\n<tr>\n<td>Specifica<\/td>\n<td>Capacit\u00e0 della batteria: 48V17,5Ah<br \/>\nModello caricabatterie: EU Plus (i clienti del Regno Unito devono preparare l&#039;adattatore da viaggio)<br \/>\nTempo di ricarica: 5-6 ore<br \/>\nChilometraggio di ricarica: 30-35 km in modalit\u00e0 elettrica pura, Power Assist 50-60 km (test della temperatura normale del ciclista da 60 kg)<br \/>\nMotore: motore senza spazzole Bafang<br \/>\nPotenza motore: potenza continua 48 V 500 W\/potenza di picco 1000 W<br \/>\nVelocit\u00e0 massima: 25 km\/ora<br \/>\nLivello di marcia: 7 velocit\u00e0<br \/>\nDimensioni dello schermo del misuratore: strumento grande LCD King-Meter da 3,5 pollici (impermeabile)<br \/>\nDimensioni pneumatici: 26X3,0 pollici<br \/>\nMateriale del telaio, dimensioni (CT): corpo interamente in lega di alluminio, il corpo misura 26 pollici<br \/>\nMateriale del manubrio: lega di alluminio<br \/>\nMateriale del tubo sella: lega di alluminio<br \/>\nIntervallo regolabile in altezza: 80-100 cm<br \/>\nDiametro e lunghezza: \u03a630,4\u00d7350 mm<br \/>\nMateriale forcella anteriore: materiale in lega di alluminio, forcella a doppia spalla<br \/>\nCapacit\u00e0 di peso: 180 KG<br \/>\nTipo di sospensione della forcella: doppio assorbimento degli urti a molla anteriore e posteriore (l&#039;assorbimento degli urti anteriori \u00e8 un doppio assorbimento degli urti sulla spalla)<br \/>\nTipo di freno: freni a disco idraulici SMAERS anteriori e posteriori<br \/>\nTrasmissione: Shimano, estrattore posteriore TX55\/7Sspeed<\/td>\n<\/tr>\n<tr>\n<td>Peso e dimensioni<\/td>\n<td>Peso del prodotto: 29 kg<br \/>\nPeso del pacchetto: 35 kg<br \/>\nDimensioni confezione (L x L x A): 150 x 26 x 80 cm<\/td>\n<\/tr>\n<tr>\n<td>Contenuto del pacco<\/td>\n<td>1x bici elettrica Shengmilo MX03<br \/>\n1x batteria rimovibile<br \/>\n1x Manuale in lingua inglese<br \/>\n1x strumento di assemblaggio universale gratuito<\/td>\n<\/tr>\n<\/tbody>\n<\/table>","protected":false},"excerpt":{"rendered":"<p>Il nuovo Shengmilo MX03 combina la nuova tecnologia della batteria con 18650 celle della batteria ad alte prestazioni, il motore BAFANG da 48 V 500 W produce una potenza di picco fino a 1000 W!<\/p>\n<ul>\n<li>consegna gratuita 3-7 giorni<\/li>\n<li>Magazzino UE, nessuna tassa aggiuntiva<\/li>\n<\/ul>","protected":false},"featured_media":290478,"comment_status":"open","ping_status":"closed","template":"","meta":[],"product_brand":[],"product_cat":[212],"product_tag":[],"class_list":{"0":"post-290472","1":"product","2":"type-product","3":"status-publish","4":"has-post-thumbnail","6":"product_cat-electric-bikes","8":"first","9":"outofstock","10":"sale","11":"shipping-taxable","12":"purchasable","13":"product-type-simple"},"jetpack_sharing_enabled":true,"_links":{"self":[{"href":"https:\/\/ridstar.eu\/it\/wp-json\/wp\/v2\/product\/290472","targetHints":{"allow":["GET"]}}],"collection":[{"href":"https:\/\/ridstar.eu\/it\/wp-json\/wp\/v2\/product"}],"about":[{"href":"https:\/\/ridstar.eu\/it\/wp-json\/wp\/v2\/types\/product"}],"replies":[{"embeddable":true,"href":"https:\/\/ridstar.eu\/it\/wp-json\/wp\/v2\/comments?post=290472"}],"wp:featuredmedia":[{"embeddable":true,"href":"https:\/\/ridstar.eu\/it\/wp-json\/wp\/v2\/media\/290478"}],"wp:attachment":[{"href":"https:\/\/ridstar.eu\/it\/wp-json\/wp\/v2\/media?parent=290472"}],"wp:term":[{"taxonomy":"product_brand","embeddable":true,"href":"https:\/\/ridstar.eu\/it\/wp-json\/wp\/v2\/product_brand?post=290472"},{"taxonomy":"product_cat","embeddable":true,"href":"https:\/\/ridstar.eu\/it\/wp-json\/wp\/v2\/product_cat?post=290472"},{"taxonomy":"product_tag","embeddable":true,"href":"https:\/\/ridstar.eu\/it\/wp-json\/wp\/v2\/product_tag?post=290472"}],"curies":[{"name":"wp","href":"https:\/\/api.w.org\/{rel}","templated":true}]}}