{"id":290231,"date":"2024-04-03T10:13:18","date_gmt":"2024-04-03T08:13:18","guid":{"rendered":"https:\/\/ridstar.eu\/?post_type=product&#038;p=290231"},"modified":"2026-03-12T07:29:43","modified_gmt":"2026-03-12T05:29:43","slug":"bicicletta-elettrica-coswheel-ct20s-60v-1500w-picco-2000w-275ah-batteria","status":"publish","type":"product","link":"https:\/\/ridstar.eu\/it\/product\/electric-bicycle-coswheel-ct20s-60v-1500w-peak-2000w-275ah-battery\/","title":{"rendered":"Bicicletta elettrica Coswheel CT20S, 60V, 1500W (picco 2000W), batteria 27,5Ah"},"content":{"rendered":"<p><iframe loading=\"lazy\" title=\"COSWHEEL Ultimo modello Beast CT20S 60V 1500W 35AH Potenza elevata\" width=\"1080\" height=\"608\" src=\"https:\/\/www.youtube.com\/embed\/vPC7AE2S1Cw?feature=oembed\"  allow=\"accelerometer; autoplay; clipboard-write; encrypted-media; gyroscope; picture-in-picture; web-share\" referrerpolicy=\"strict-origin-when-cross-origin\" allowfullscreen><\/iframe><\/p>\n<p>&nbsp;<\/p>\n<h3><strong>COSWHEEL CT20S: l&#039;evoluzione definitiva delle bici elettriche<\/strong><\/h3>\n<p>IL <strong>COSWHEEL CT20S<\/strong> rappresenta la prossima generazione di bici elettriche, che unisce potenza eccezionale, sospensioni avanzate e tecnologia all&#039;avanguardia. Come aggiornamento della CT20, la CT20S offre prestazioni, stabilit\u00e0 e comfort del pilota migliorati, rendendola la scelta migliore per i pendolari urbani e le avventure fuoristrada.<\/p>\n<hr \/>\n<h4><strong>Caratteristiche principali<\/strong><\/h4>\n<ul>\n<li><strong>Motore aggiornato per prestazioni superiori<\/strong><br \/>\nCon un <strong>Motore del mozzo posteriore brushless da 48 V di picco 2000 W (nominale 1500 W)<\/strong> e un impressionante <strong>Coppia 120N.m<\/strong>, la CT20S conquista senza sforzo pendenze ripide e terreni accidentati. Sblocca la modalit\u00e0 off-road per velocit\u00e0 ancora pi\u00f9 emozionanti.<\/li>\n<li><strong>Batteria a lunga durata<\/strong><br \/>\nDotato di un <strong>Batteria al litio 60V 27,5Ah<\/strong>, il CT20S offre una gamma di <strong>40-45+ miglia<\/strong> in modalit\u00e0 solo acceleratore e fino a <strong>75+ miglia<\/strong> con pedalata assistita. Questa potente batteria fornisce fino a <strong>Capacit\u00e0 energetica 1680Wh<\/strong> per viaggi pi\u00f9 lunghi.<\/li>\n<li><strong>Sistema di sospensione avanzato<\/strong><br \/>\nProva un comfort senza pari con il <strong>sospensione posteriore regolabile (escursione 180 mm)<\/strong> e il <strong>sospensione anteriore ammortizzante (escursione 80mm)<\/strong>, garantendo un&#039;eccellente stabilit\u00e0 e controllo anche su terreni irregolari.<\/li>\n<li><strong>Sistema frenante migliorato<\/strong><br \/>\nIL <strong>freni a doppio pistone a olio<\/strong> con <strong>Dischi freno in acciaio inox da 180 mm<\/strong> garantiscono una potenza frenante affidabile e precisa in tutte le condizioni, dandoti tranquillit\u00e0 nelle discese ripide e nelle corse ad alta velocit\u00e0.<\/li>\n<li><strong>Pneumatici fuoristrada<\/strong><br \/>\nDotato di <strong>Pneumatici fuoristrada IA-2149 da 20\u2033 x 5.0\u2033<\/strong> Grazie alla fodera AV+, la CT20S offre un grip e una durata eccezionali su tutte le superfici, dall&#039;asfalto ai sentieri accidentati.<\/li>\n<li><strong>Elettronica intuitiva<\/strong><br \/>\nIL <strong>display LCD di facile lettura<\/strong> fornisce informazioni essenziali come velocit\u00e0, livello della batteria e modalit\u00e0 di pedalata assistita. Con <strong>5 livelli di assistenza alla pedalata<\/strong> e un <strong>acceleratore a rotazione con impugnatura<\/strong>, hai sempre il controllo.<\/li>\n<li><strong>Costruito per durare e per il comfort<\/strong><br \/>\nIL <strong>telaio in lega di alluminio 6061-T6 a triplo spessore idroformato<\/strong> \u00e8 leggero ma incredibilmente resistente, supportando ciclisti di tutte le taglie. <strong>manubrio diviso<\/strong> il design si aggiunge all&#039;esperienza ergonomica, mentre la bici si adatta ai ciclisti da <strong>Da 155 a 195 cm (5&#039;1\u2033 a 6&#039;5\u2033)<\/strong>.<\/li>\n<\/ul>\n<hr \/>\n<h4><strong>Specifiche<\/strong><\/h4>\n<ul>\n<li><strong>Il motore<\/strong>: Motore del mozzo posteriore brushless da 48 V di picco 2000 W (nominale 1500 W)<\/li>\n<li><strong>Batteria<\/strong>: 60V 27.5Ah (1680Wh max) Celle al litio 18650<\/li>\n<li><strong>Allineare<\/strong>: 40-45+ miglia (64-72 km) solo acceleratore; 75+ miglia (120+ km) pedalata assistita<\/li>\n<li><strong>Velocit\u00e0 massima<\/strong>: 28 mph (45 km\/h); velocit\u00e0 pi\u00f9 elevate disponibili in modalit\u00e0 fuoristrada<\/li>\n<li><strong>Freni<\/strong>: Freni a doppio pistoncino, dischi in acciaio inox da 180 mm<\/li>\n<li><strong>Sospensione<\/strong>:\n<ul>\n<li>Anteriore: ammortizzatore a spalla con escursione di 80 mm<\/li>\n<li>Posteriore: Sospensione con smorzamento regolabile, escursione 180 mm<\/li>\n<\/ul>\n<\/li>\n<li><strong>Pneumatici<\/strong>: 20\u2033 x 5.0\u2033 IA-2149 fuoristrada con rivestimento AV+<\/li>\n<li><strong>Telaio<\/strong>: Lega di alluminio 6061-T6 a triplo spessore idroformata<\/li>\n<li><strong>Pedalata assistita<\/strong>: 5 livelli con sensore di velocit\u00e0<\/li>\n<li><strong>Tempo di carica<\/strong>: 3,5\u20138,0 ore con un caricabatterie da 48 V 3 A<\/li>\n<li><strong>Dimensioni<\/strong>:\n<ul>\n<li>Dimensioni complessive: 180 x 69 x 106 cm (70,9\u2033 x 27,2\u2033 x 41,7\u2033)<\/li>\n<li>Confezione: 151 x 35 x 92 cm (59,4\u2033 x 13,8\u2033 x 36,2\u2033)<\/li>\n<li>Altezza seduta: 83 cm (32,6\u2033)<\/li>\n<li>Larghezza manubrio: 69 cm (27,2\u2033)<\/li>\n<li>Passo: 121,5 cm (47,8\u2033)<\/li>\n<\/ul>\n<\/li>\n<li><strong>Peso<\/strong>: \u226545 kg (99 libbre con batteria)<\/li>\n<li><strong>Carico massimo<\/strong>: 150 kg (330 libbre)<\/li>\n<li><strong>Carico sicuro<\/strong>: 120 kg (265 libbre)<\/li>\n<\/ul>\n<hr \/>\n<h4><strong>Contenuto del pacco<\/strong><\/h4>\n<ul>\n<li>1x bicicletta elettrica CT20S<\/li>\n<li>2x Parafanghi<\/li>\n<li>1 caricatore<\/li>\n<li>1x manuale<\/li>\n<li>1x borsa degli attrezzi<\/li>\n<\/ul>\n<hr \/>\n<h3><strong>Perch\u00e9 scegliere COSWHEEL CT20S?<\/strong><\/h3>\n<p>IL <strong>COSWHEEL CT20S<\/strong> \u00e8 perfetta sia per gli amanti del brivido che per i pendolari pratici. Con il suo motore potenziato, le sospensioni avanzate e la batteria di lunga durata, questa e-bike unisce senza sforzo potenza e comfort. Che tu stia navigando per le strade cittadine o esplorando sentieri accidentati, la CT20S \u00e8 pronta a portarti l\u00ec con stile e affidabilit\u00e0.<\/p>\n<p><strong>Viaggia verso il futuro con la COSWHEEL CT20S: dove l&#039;innovazione incontra l&#039;avventura.<\/strong><\/p>","protected":false},"excerpt":{"rendered":"<p>Coswheel CT20S (versione aggiornata), batteria 60V, 1500W, 27,5Ah<\/p>\n<p>\u2013 Consegna gratuita entro 3-7 giorni<br \/>\n\u2013 Garanzia \u2013 12 mesi.<br \/>\n\u2013 Batteria capiente da 25 Ah<br \/>\n\u2013 Carico massimo fino a 200 kg.<br \/>\n\u2013 Dispone di certificati europei CE, EN15194 e americani UL2849<\/p>\n<p>Certificati:<br \/>\n<a href=\"https:\/\/ridstar.eu\/wp-content\/uploads\/2024\/04\/ATS230823057L.pdf\">ATS230823057L<\/a><br \/>\n<a href=\"https:\/\/ridstar.eu\/wp-content\/uploads\/2024\/04\/ATS230823057LR-EN15194-%E7%94%B5%E5%8A%A8%E8%87%AA%E8%A1%8C%E8%BD%A6.pdf\">ATS230823057LR-EN15194-\u81ea\u884c\u8f66<\/a><\/p>","protected":false},"featured_media":290209,"comment_status":"open","ping_status":"closed","template":"","meta":[],"product_brand":[],"product_cat":[212],"product_tag":[],"class_list":{"0":"post-290231","1":"product","2":"type-product","3":"status-publish","4":"has-post-thumbnail","6":"product_cat-electric-bikes","8":"first","9":"outofstock","10":"sale","11":"shipping-taxable","12":"purchasable","13":"product-type-simple"},"_links":{"self":[{"href":"https:\/\/ridstar.eu\/it\/wp-json\/wp\/v2\/product\/290231","targetHints":{"allow":["GET"]}}],"collection":[{"href":"https:\/\/ridstar.eu\/it\/wp-json\/wp\/v2\/product"}],"about":[{"href":"https:\/\/ridstar.eu\/it\/wp-json\/wp\/v2\/types\/product"}],"replies":[{"embeddable":true,"href":"https:\/\/ridstar.eu\/it\/wp-json\/wp\/v2\/comments?post=290231"}],"wp:featuredmedia":[{"embeddable":true,"href":"https:\/\/ridstar.eu\/it\/wp-json\/wp\/v2\/media\/290209"}],"wp:attachment":[{"href":"https:\/\/ridstar.eu\/it\/wp-json\/wp\/v2\/media?parent=290231"}],"wp:term":[{"taxonomy":"product_brand","embeddable":true,"href":"https:\/\/ridstar.eu\/it\/wp-json\/wp\/v2\/product_brand?post=290231"},{"taxonomy":"product_cat","embeddable":true,"href":"https:\/\/ridstar.eu\/it\/wp-json\/wp\/v2\/product_cat?post=290231"},{"taxonomy":"product_tag","embeddable":true,"href":"https:\/\/ridstar.eu\/it\/wp-json\/wp\/v2\/product_tag?post=290231"}],"curies":[{"name":"wp","href":"https:\/\/api.w.org\/{rel}","templated":true}]}}