{"id":290138,"date":"2024-03-23T12:28:56","date_gmt":"2024-03-23T10:28:56","guid":{"rendered":"https:\/\/ridstar.eu\/?post_type=product&#038;p=290138"},"modified":"2026-04-01T03:02:14","modified_gmt":"2026-04-01T00:02:14","slug":"bicicletta-elettrica-ridstar-q20-mini-1000w-48v-15ah-20x4-0-pneumatici-grassi","status":"publish","type":"product","link":"https:\/\/ridstar.eu\/it\/prodotto\/bicicletta-elettrica-ridstar-q20-mini-1000w-48v-15ah-20x4-0-pneumatici-grassi\/","title":{"rendered":"Bicicletta elettrica Ridstar Q20 MINI, 1000W, 48V, 15AH, pneumatici 20\u00d74.0 Fat"},"content":{"rendered":"<div class=\"J_module\">\n<div class=\"magic-7\" id=\"ali-anchor-AliMagic-lrdmd7\" data-section=\"AliMagic-lrdmd7\" data-section-title=\"Specification\" data-spm-anchor-id=\"a2700.details.0.i81.7c1b29b4rMLNkO\">Scopri la RIDSTAR Q20 MINI, una bici elettrica economica con un potente motore da 1000 W e una batteria da 48 V 15 Ah, che offre fino a 50 km in modalit\u00e0 elettrica e 80 km con pedalata assistita. Dotata di pneumatici larghi all-terrain da 20&quot; x 4.0&quot;, freni a disco e sospensioni anteriori e posteriori, garantisce una guida fluida e sicura su qualsiasi superficie. Il display LCD offre dati in tempo reale e diverse modalit\u00e0 di guida, mentre il cambio Shimano a 7 velocit\u00e0, la batteria rimovibile e la capacit\u00e0 di carico di 150 kg aggiungono versatilit\u00e0. Perfetta per gli spostamenti urbani o le avventure fuoristrada, la RIDSTAR Q20 MINI unisce prestazioni e convenienza. Acquista ora su ridstar.eu!<\/p>\n<\/div>\n<\/div>\n<div class=\"J_module\">\n<div class=\"ife-detail-decorate-table\">IL <strong>Mini moto RIDSTAR Q20<\/strong> \u00e8 una versione semplificata e conveniente della Ridstar Q20, la bici pi\u00f9 popolare e apprezzata al mondo.<\/p>\n<p>Ha tutte le caratteristiche tipiche del Q20: motore da 1000 W, pneumatici universali, freni a disco, ammortizzatori, l&#039;unica differenza \u00e8 la capacit\u00e0 della batteria: 15 Ah invece dei soliti 20 Ah.<\/p>\n<p><img decoding=\"async\" class=\"alignnone size-full wp-image-291361\" src=\"https:\/\/ridstar.eu\/wp-content\/uploads\/2024\/03\/q20mini-6.avif\" alt=\"\" width=\"1000\" height=\"1964\"><\/p>\n<p><img decoding=\"async\" class=\"alignnone size-full wp-image-291362\" src=\"https:\/\/ridstar.eu\/wp-content\/uploads\/2024\/03\/q20mini-2.webp\" alt=\"q20mini\" width=\"1000\" height=\"1000\"><\/div>\n<\/div>","protected":false},"excerpt":{"rendered":"<p><strong>YVY C20Lite verr\u00e0 spedito.<\/strong><\/p>\n<p>Consegna gratuita entro 3-7 giorni<\/p>\n<p>Adatto a persone alte 158-195 cm.<\/p>\n<p>Garanzia 12 mesi<\/p>\n<p>Adatto per pedalare tutto l&#039;anno!<\/p>","protected":false},"featured_media":290140,"comment_status":"open","ping_status":"closed","template":"","meta":[],"product_brand":[],"product_cat":[212],"product_tag":[],"class_list":{"0":"post-290138","1":"product","2":"type-product","3":"status-publish","4":"has-post-thumbnail","6":"product_cat-electric-bikes","8":"first","9":"outofstock","10":"shipping-taxable","11":"purchasable","12":"product-type-simple"},"jetpack_sharing_enabled":true,"_links":{"self":[{"href":"https:\/\/ridstar.eu\/it\/wp-json\/wp\/v2\/product\/290138","targetHints":{"allow":["GET"]}}],"collection":[{"href":"https:\/\/ridstar.eu\/it\/wp-json\/wp\/v2\/product"}],"about":[{"href":"https:\/\/ridstar.eu\/it\/wp-json\/wp\/v2\/types\/product"}],"replies":[{"embeddable":true,"href":"https:\/\/ridstar.eu\/it\/wp-json\/wp\/v2\/comments?post=290138"}],"wp:featuredmedia":[{"embeddable":true,"href":"https:\/\/ridstar.eu\/it\/wp-json\/wp\/v2\/media\/290140"}],"wp:attachment":[{"href":"https:\/\/ridstar.eu\/it\/wp-json\/wp\/v2\/media?parent=290138"}],"wp:term":[{"taxonomy":"product_brand","embeddable":true,"href":"https:\/\/ridstar.eu\/it\/wp-json\/wp\/v2\/product_brand?post=290138"},{"taxonomy":"product_cat","embeddable":true,"href":"https:\/\/ridstar.eu\/it\/wp-json\/wp\/v2\/product_cat?post=290138"},{"taxonomy":"product_tag","embeddable":true,"href":"https:\/\/ridstar.eu\/it\/wp-json\/wp\/v2\/product_tag?post=290138"}],"curies":[{"name":"wp","href":"https:\/\/api.w.org\/{rel}","templated":true}]}}