{"id":25406,"date":"2024-01-19T14:27:46","date_gmt":"2024-01-19T12:27:46","guid":{"rendered":"https:\/\/ridstar.eu\/?post_type=product&#038;p=25406"},"modified":"2025-04-29T08:06:28","modified_gmt":"2025-04-29T06:06:28","slug":"bici-elettrica-ekx-x21-2000w-48v-35ah-20-fat-tire-mountain-bike-e-bici","status":"publish","type":"product","link":"https:\/\/ridstar.eu\/it\/prodotto\/bici-elettrica-ekx-x21-2000w-48v-35ah-20-fat-tire-mountain-bike-e-bici\/","title":{"rendered":"Bici elettrica EKX X21, 2000 W, 48 V, 35 Ah, bici da montagna con pneumatici grassi da 20 pollici"},"content":{"rendered":"<h3><strong>Bici elettrica EKX X21<\/strong><\/h3>\n<h4><strong>Potente, leggero e progettato per le prestazioni<\/strong><\/h4>\n<p>IL <strong>EKX-X21<\/strong> bici elettrica offre una combinazione di capacit\u00e0 ad alta velocit\u00e0, resistenza a lungo raggio e modalit\u00e0 di guida versatili. Costruita con un telaio in alluminio resistente e dotata di un motore robusto, questa e-bike \u00e8 perfetta sia per i pendolari urbani che per le esplorazioni all&#039;aria aperta.<\/p>\n<hr \/>\n<h3><strong>Caratteristiche principali<\/strong><\/h3>\n<ul>\n<li><strong>Motore ad alta potenza<\/strong><br \/>\nIL <strong>Motore brushless DC ad alta velocit\u00e0 da 48 V e 2000 W<\/strong> offre un&#039;accelerazione impressionante e una velocit\u00e0 massima fino a <strong>55 chilometri all&#039;ora<\/strong>, rendendolo uno dei pi\u00f9 veloci della sua categoria.<\/li>\n<li><strong>Batteria a lunga autonomia<\/strong><br \/>\nCon un <strong>Batteria al litio 48V 35Ah<\/strong>, l&#039;EKX X21 offre una gamma impressionante di <strong>120-150 chilometri<\/strong>, a seconda della modalit\u00e0 utilizzata. Carica completamente in <strong>4-6 ore<\/strong>, rendendolo ideale per l&#039;uso quotidiano.<\/li>\n<li><strong>Modalit\u00e0 di guida versatili<\/strong><br \/>\nScegli tra <strong>puramente elettrico, assistenza elettrica o pedale<\/strong> modalit\u00e0 per soddisfare le tue esigenze di guida e risparmiare la batteria quando necessario.<\/li>\n<li><strong>Telaio in alluminio resistente<\/strong><br \/>\nIl leggero <strong>telaio in alluminio<\/strong> garantisce la durevolezza senza compromettere la portabilit\u00e0.<\/li>\n<li><strong>Forcella anteriore idraulica e freni<\/strong><br \/>\nLa bici \u00e8 dotata di un <strong>forcella anteriore idraulica<\/strong> per una guida fluida su terreni sconnessi e <strong>freni idraulici anteriori e posteriori<\/strong> per una potenza frenante affidabile in tutte le condizioni.<\/li>\n<li><strong>Design confortevole<\/strong><br \/>\nProgettato per i ciclisti <strong>165-195 cm di altezza<\/strong>, l&#039;EKX X21 garantisce un&#039;esperienza di guida confortevole ed ergonomica.<\/li>\n<\/ul>\n<hr \/>\n<h3><strong>Specifiche<\/strong><\/h3>\n<h4><strong>Prestazione<\/strong><\/h4>\n<ul>\n<li><strong>Velocit\u00e0 massima<\/strong>: \u226455 km\/h<\/li>\n<li><strong>Allineare<\/strong>: 120-150 chilometri<\/li>\n<li><strong>Salita massima<\/strong>: &lt;35\u00b0<\/li>\n<\/ul>\n<h4><strong>Motore e batteria<\/strong><\/h4>\n<ul>\n<li><strong>Potenza del motore<\/strong>: Motore brushless DC 48V 2000W<\/li>\n<li><strong>Tipo di batteria<\/strong>: Batteria al litio 48V 35Ah<\/li>\n<li><strong>Tempo di carica<\/strong>: 4-6 ore<\/li>\n<li><strong>Protezione da sottotensione<\/strong>: 39V<\/li>\n<li><strong>Protezione da sovracorrente<\/strong>: 28A<\/li>\n<\/ul>\n<h4><strong>Costruire e progettare<\/strong><\/h4>\n<ul>\n<li><strong>Materiale del telaio<\/strong>: Alluminio<\/li>\n<li><strong>Dimensioni dei pneumatici<\/strong>: 20\u00d740 (CAMPAGNA)<\/li>\n<li><strong>Dimensioni espanse<\/strong>Dimensioni: 174\u00d797\u00d765 cm<\/li>\n<li><strong>Peso<\/strong>:\n<ul>\n<li><strong>Bici<\/strong>: 36kg<\/li>\n<li><strong>Batteria<\/strong>: 7,5-8 kg<\/li>\n<\/ul>\n<\/li>\n<\/ul>\n<h4><strong>Altre caratteristiche<\/strong><\/h4>\n<ul>\n<li><strong>Freni<\/strong>: Idraulico (anteriore e posteriore)<\/li>\n<li><strong>Forcella anteriore<\/strong>: Sospensione idraulica<\/li>\n<li><strong>Schermo<\/strong>: LCD<\/li>\n<li><strong>Capacit\u00e0 di carico<\/strong>: \u2264150kg<\/li>\n<\/ul>\n<hr \/>\n<h3><strong>Cosa \u00e8 incluso<\/strong><\/h3>\n<ul>\n<li><strong>Bicicletta elettrica<\/strong> \u00d7 1<\/li>\n<li><strong>Batteria<\/strong> \u00d7 1<\/li>\n<li><strong>Caricabatterie<\/strong> \u00d7 1<\/li>\n<\/ul>\n<hr \/>\n<h3><strong>Perch\u00e9 scegliere EKX X21?<\/strong><\/h3>\n<p>IL <strong>EKX-X21<\/strong> combina velocit\u00e0, autonomia e comfort in un design elegante e leggero. Con il suo motore potente, la batteria di lunga durata e la struttura robusta, \u00e8 perfetta per i ciclisti che cercano una e-bike ad alte prestazioni sia per i tragitti quotidiani che per le uscite avventurose.<\/p>\n<p><strong>Migliora la tua esperienza ciclistica con EKX X21, dove l&#039;innovazione incontra le prestazioni.<\/strong><\/p>\n<p><img decoding=\"async\" class=\"alignnone size-full wp-image-291406\" src=\"https:\/\/ridstar.eu\/wp-content\/uploads\/2024\/01\/X21-2.avif\" alt=\"EKX-X21\" width=\"1000\" height=\"1204\" \/> <img decoding=\"async\" class=\"alignnone size-full wp-image-291408\" src=\"https:\/\/ridstar.eu\/wp-content\/uploads\/2024\/01\/X21-3.avif\" alt=\"EKX-X21\" width=\"1000\" height=\"798\" \/> <img decoding=\"async\" class=\"alignnone size-full wp-image-291409\" src=\"https:\/\/ridstar.eu\/wp-content\/uploads\/2024\/01\/X21-4.avif\" alt=\"EKX-X21\" width=\"1000\" height=\"1936\" \/> <img decoding=\"async\" class=\"alignnone size-full wp-image-291410\" src=\"https:\/\/ridstar.eu\/wp-content\/uploads\/2024\/01\/X21-5.avif\" alt=\"EKX-X21\" width=\"1000\" height=\"1355\" \/> <img decoding=\"async\" class=\"alignnone size-full wp-image-291411\" src=\"https:\/\/ridstar.eu\/wp-content\/uploads\/2024\/01\/X21-6.avif\" alt=\"EKX-X21\" width=\"1000\" height=\"1382\" \/> <img decoding=\"async\" class=\"alignnone size-full wp-image-291412\" src=\"https:\/\/ridstar.eu\/wp-content\/uploads\/2024\/01\/X21-7.avif\" alt=\"EKX-X21\" width=\"1000\" height=\"1650\" \/> <img decoding=\"async\" class=\"alignnone size-full wp-image-291413\" src=\"https:\/\/ridstar.eu\/wp-content\/uploads\/2024\/01\/X21-8.avif\" alt=\"EKX-X21\" width=\"1000\" height=\"1861\" \/> <img decoding=\"async\" class=\"alignnone size-full wp-image-291414\" src=\"https:\/\/ridstar.eu\/wp-content\/uploads\/2024\/01\/X21-9.avif\" alt=\"EKX-X21\" width=\"1000\" height=\"1930\" \/> <img decoding=\"async\" class=\"alignnone size-full wp-image-291415\" src=\"https:\/\/ridstar.eu\/wp-content\/uploads\/2024\/01\/X21-10.avif\" alt=\"EKX-X21\" width=\"1000\" height=\"1299\" \/> <img decoding=\"async\" class=\"alignnone size-full wp-image-291416\" src=\"https:\/\/ridstar.eu\/wp-content\/uploads\/2024\/01\/X21-11.avif\" alt=\"EKX-X21\" width=\"1000\" height=\"1191\" \/> <img decoding=\"async\" class=\"alignnone size-full wp-image-291417\" src=\"https:\/\/ridstar.eu\/wp-content\/uploads\/2024\/01\/X21-12.avif\" alt=\"EKX-X21\" width=\"1000\" height=\"1226\" \/> <img decoding=\"async\" class=\"alignnone size-full wp-image-291418\" src=\"https:\/\/ridstar.eu\/wp-content\/uploads\/2024\/01\/X21.avif\" alt=\"EKX-X21\" width=\"1800\" height=\"1200\" \/><\/p>","protected":false},"excerpt":{"rendered":"<p>EKX X21, stock UE<\/p>\n<p>Documenti X21:<\/p>\n<p><a href=\"https:\/\/ridstar.eu\/wp-content\/uploads\/2024\/01\/94E5A887E88CBD20X21E6A591E6A3BCE4B6.pdf\">94E5A887E88CBD20X21E6A591E6A3BCE4B6<\/a><br \/>\n<a href=\"https:\/\/ridstar.eu\/wp-content\/uploads\/2024\/01\/94E5A887E88CBD20X2120AFE4A6ADE58FBBB6.pdf\">94E5A887E88CBD20X2120AFE4A6ADE58FBB<\/a><br \/>\n<a href=\"https:\/\/ridstar.eu\/wp-content\/uploads\/2024\/01\/012015194E881B9A6.pdf\">012015194E881B9<\/a><br \/>\n<a href=\"https:\/\/ridstar.eu\/wp-content\/uploads\/2024\/01\/X21-UL2849ADE58FBBB6.pdf\">X21-UL2849ADE58FBB<\/a><\/p>\n<p>Garanzia di fabbrica \u2013 12 mesi.<br \/>\nPezzi di ricambio e supporto completo direttamente dal produttore.<\/p>\n<table class=\"NormalTable\">\n<tbody>\n<tr>\n<td width=\"136\"><span class=\"fontstyle0\">Massima velocit\u00e0<\/span><\/td>\n<td width=\"400\"><span class=\"fontstyle2\">55KM\/H<\/span><\/td>\n<\/tr>\n<tr>\n<td width=\"136\"><span class=\"fontstyle0\">Chilometraggio elettrico puro<\/span><\/td>\n<td width=\"133\"><span class=\"fontstyle0\">120-150KM<\/span><\/td>\n<\/tr>\n<\/tbody>\n<\/table>","protected":false},"featured_media":25407,"comment_status":"open","ping_status":"closed","template":"","meta":[],"product_brand":[],"product_cat":[212],"product_tag":[],"class_list":{"0":"post-25406","1":"product","2":"type-product","3":"status-publish","4":"has-post-thumbnail","6":"product_cat-electric-bikes","8":"first","9":"outofstock","10":"sale","11":"shipping-taxable","12":"purchasable","13":"product-type-simple"},"jetpack_sharing_enabled":true,"_links":{"self":[{"href":"https:\/\/ridstar.eu\/it\/wp-json\/wp\/v2\/product\/25406","targetHints":{"allow":["GET"]}}],"collection":[{"href":"https:\/\/ridstar.eu\/it\/wp-json\/wp\/v2\/product"}],"about":[{"href":"https:\/\/ridstar.eu\/it\/wp-json\/wp\/v2\/types\/product"}],"replies":[{"embeddable":true,"href":"https:\/\/ridstar.eu\/it\/wp-json\/wp\/v2\/comments?post=25406"}],"wp:featuredmedia":[{"embeddable":true,"href":"https:\/\/ridstar.eu\/it\/wp-json\/wp\/v2\/media\/25407"}],"wp:attachment":[{"href":"https:\/\/ridstar.eu\/it\/wp-json\/wp\/v2\/media?parent=25406"}],"wp:term":[{"taxonomy":"product_brand","embeddable":true,"href":"https:\/\/ridstar.eu\/it\/wp-json\/wp\/v2\/product_brand?post=25406"},{"taxonomy":"product_cat","embeddable":true,"href":"https:\/\/ridstar.eu\/it\/wp-json\/wp\/v2\/product_cat?post=25406"},{"taxonomy":"product_tag","embeddable":true,"href":"https:\/\/ridstar.eu\/it\/wp-json\/wp\/v2\/product_tag?post=25406"}],"curies":[{"name":"wp","href":"https:\/\/api.w.org\/{rel}","templated":true}]}}