{"id":25401,"date":"2024-01-18T15:05:30","date_gmt":"2024-01-18T13:05:30","guid":{"rendered":"https:\/\/ridstar.eu\/?post_type=product&#038;p=25401"},"modified":"2026-04-05T03:02:16","modified_gmt":"2026-04-05T00:02:16","slug":"bici-elettrica-pieghevole-ridstar-mn-26-1500w-20ah","status":"publish","type":"product","link":"https:\/\/ridstar.eu\/it\/product\/folding-electric-bike-ridstar-mn-26-1500w-20ah\/","title":{"rendered":"Bicicletta elettrica Ridstar MN-26, 1500 W, 20 Ah"},"content":{"rendered":"<h3>Ridstar MN-26: l&#039;esploratore urbano e fuoristrada definitivo<\/h3>\n<p>IL <strong>Ridstar MN-26<\/strong> \u00c8 progettata per conquistare qualsiasi terreno, che tu stia percorrendo le trafficate strade cittadine, esplorando spiagge sabbiose, affrontando campi erbosi o avventurandoti su sentieri fuoristrada accidentati. Questa bici elettrica combina potenza, resistenza e versatilit\u00e0 per ridefinire la tua esperienza di guida, offrendo il perfetto equilibrio tra praticit\u00e0 ed emozione per ogni viaggio.<\/p>\n<h4><strong>Caratteristiche principali<\/strong><\/h4>\n<ul>\n<li><strong>Batteria rimovibile ad alta capacit\u00e0<\/strong><br \/>\nIL <strong>Ridstar MN-26<\/strong> presenta un comodo <strong>batteria rimovibile<\/strong> Design ergonomico, che rende la ricarica semplice e intuitiva, sia a casa, al lavoro o in viaggio. Grazie alla batteria a lunga durata e a ricarica rapida, puoi goderti lunghi viaggi senza preoccuparti di rimanere senza batteria.<\/li>\n<li><strong>Display LCD dinamico multicolore<\/strong><br \/>\nRimani informato e mantieni il controllo con il <strong>display LCD multicolore<\/strong>, che mostra chiaramente informazioni essenziali come velocit\u00e0, distanza e livello della batteria. Il design vivido e di facile lettura aggiunge un tocco di modernit\u00e0 a ogni giro.<\/li>\n<li><strong>Cambio marcia potente e fluido<\/strong><br \/>\nDotato di un <strong>Sistema Shimano a 7 velocit\u00e0<\/strong>, la Ridstar MN-26 offre transizioni di marcia fluide e precise. Passa a marce pi\u00f9 basse senza sforzo per salite e pedalate tranquille o spingi a marce pi\u00f9 alte per una velocit\u00e0 esaltante.<\/li>\n<li><strong>Illuminazione LED a risparmio energetico<\/strong><br \/>\nGuida in sicurezza in ogni momento con la bici <strong>Fari anteriori e posteriori a LED<\/strong>Queste luci a risparmio energetico garantiscono una visibilit\u00e0 superiore, illuminando il tuo percorso e mantenendoti visibile agli altri, di giorno e di notte.<\/li>\n<li><strong>Pneumatici larghi da 26\u2033 x 4.0\u2033 per capacit\u00e0 su tutti i terreni<\/strong><br \/>\nIL <strong>Pneumatici larghi da 26\u2033 x 4.0\u2033<\/strong> sono progettati per versatilit\u00e0 e durata. Offrono trazione e stabilit\u00e0 eccezionali su ghiaia, sabbia, neve e altre superfici difficili. Le loro capacit\u00e0 di assorbimento degli urti garantiscono una guida fluida e confortevole, rendendo la MN-26 pronta per qualsiasi avventura.<\/li>\n<\/ul>\n<h4><strong>Perch\u00e9 scegliere il Ridstar MN-26?<\/strong><\/h4>\n<p>La Ridstar MN-26 \u00e8 pi\u00f9 di una semplice bici elettrica: \u00e8 la compagna di viaggio ideale per spostamenti urbani, fughe del fine settimana e avventure fuoristrada. Grazie alla sua struttura robusta, al motore ad alte prestazioni e al design fuoristrada, puoi esplorare nuovi percorsi in tutta sicurezza e creare ricordi indimenticabili.<\/p>\n<h4><strong>Specifiche tecniche<\/strong><\/h4>\n<ul>\n<li><strong>Materiale del telaio<\/strong>: Lega di alluminio<\/li>\n<li><strong>Pneumatici<\/strong>: Pneumatici larghi da 26\u2033 x 4.0\u2033<\/li>\n<li><strong>Ingranaggi<\/strong>: Shimano 7 velocit\u00e0<\/li>\n<li><strong>Schermo<\/strong>: LCD multicolore<\/li>\n<li><strong>Illuminazione<\/strong>: Fari anteriori e posteriori a LED a risparmio energetico<\/li>\n<li><strong>Modalit\u00e0<\/strong>: Puramente elettrico, pedalata assistita, pedale manuale<\/li>\n<li><strong>Batteria<\/strong>: Batteria al litio rimovibile e di lunga durata<\/li>\n<li><strong>Freni<\/strong>: Freni a disco anteriori e posteriori per una potenza di arresto affidabile<\/li>\n<\/ul>\n<h4><strong>La tua prossima avventura ti aspetta<\/strong><\/h4>\n<p>Scatena l&#039;esploratore che \u00e8 in te con la Ridstar MN-26. Dalla conquista di terreni difficili alle tranquille pedalate in citt\u00e0, questa bici \u00e8 progettata per superare le tue aspettative. Prova l&#039;emozione, il comfort e la praticit\u00e0 della Ridstar MN-26 e rendi ogni pedalata un&#039;avventura memorabile.<\/p>\n<p><strong>Acquistalo oggi stesso e goditi la libert\u00e0 di un&#039;esplorazione senza fine!<\/strong><\/p>\n<hr \/>\n<p><img decoding=\"async\" class=\"alignnone size-full wp-image-25402\" src=\"https:\/\/ridstar.eu\/wp-content\/uploads\/2024\/01\/MN-26-2.jpg\" alt=\"MN-26\" width=\"1000\" height=\"1000\" \/> <img decoding=\"async\" class=\"alignnone size-full wp-image-25403\" src=\"https:\/\/ridstar.eu\/wp-content\/uploads\/2024\/01\/MN-26.jpg\" alt=\"MN-26\" width=\"1600\" height=\"1600\" \/> <img decoding=\"async\" class=\"alignnone size-full wp-image-25404\" src=\"https:\/\/ridstar.eu\/wp-content\/uploads\/2024\/01\/MN-26-3.jpg\" alt=\"MN-26\" width=\"1200\" height=\"1200\" \/> <img decoding=\"async\" class=\"alignnone size-full wp-image-25405\" src=\"https:\/\/ridstar.eu\/wp-content\/uploads\/2024\/01\/MN-26-4.webp\" alt=\"MN-26\" width=\"640\" height=\"273\" \/><\/p>","protected":false},"excerpt":{"rendered":"<p>Bicicletta elettrica Ridstar MN-26.<br \/>\nConsegna gratuita entro 3-7 giorni lavorativi.<br \/>\nNessun costo aggiuntivo.<br \/>\nConsegna da un magazzino UE.<\/p>","protected":false},"featured_media":25403,"comment_status":"open","ping_status":"closed","template":"","meta":[],"product_brand":[],"product_cat":[212],"product_tag":[],"class_list":{"0":"post-25401","1":"product","2":"type-product","3":"status-publish","4":"has-post-thumbnail","6":"product_cat-electric-bikes","8":"first","9":"outofstock","10":"sale","11":"shipping-taxable","12":"purchasable","13":"product-type-simple"},"jetpack_sharing_enabled":true,"_links":{"self":[{"href":"https:\/\/ridstar.eu\/it\/wp-json\/wp\/v2\/product\/25401","targetHints":{"allow":["GET"]}}],"collection":[{"href":"https:\/\/ridstar.eu\/it\/wp-json\/wp\/v2\/product"}],"about":[{"href":"https:\/\/ridstar.eu\/it\/wp-json\/wp\/v2\/types\/product"}],"replies":[{"embeddable":true,"href":"https:\/\/ridstar.eu\/it\/wp-json\/wp\/v2\/comments?post=25401"}],"wp:featuredmedia":[{"embeddable":true,"href":"https:\/\/ridstar.eu\/it\/wp-json\/wp\/v2\/media\/25403"}],"wp:attachment":[{"href":"https:\/\/ridstar.eu\/it\/wp-json\/wp\/v2\/media?parent=25401"}],"wp:term":[{"taxonomy":"product_brand","embeddable":true,"href":"https:\/\/ridstar.eu\/it\/wp-json\/wp\/v2\/product_brand?post=25401"},{"taxonomy":"product_cat","embeddable":true,"href":"https:\/\/ridstar.eu\/it\/wp-json\/wp\/v2\/product_cat?post=25401"},{"taxonomy":"product_tag","embeddable":true,"href":"https:\/\/ridstar.eu\/it\/wp-json\/wp\/v2\/product_tag?post=25401"}],"curies":[{"name":"wp","href":"https:\/\/api.w.org\/{rel}","templated":true}]}}