{"id":25358,"date":"2023-12-16T12:50:08","date_gmt":"2023-12-16T10:50:08","guid":{"rendered":"https:\/\/ridstar.eu\/?post_type=product&#038;p=25358"},"modified":"2024-01-11T16:21:30","modified_gmt":"2024-01-11T14:21:30","slug":"bici-elettrica-samebike-lo26-ii-48v-750w-autonomia-80km-12-5ah-batteria-lg-pieghevole","status":"publish","type":"product","link":"https:\/\/ridstar.eu\/it\/product\/electric-bike-samebike-lo26-ii-48v-750w-80km-range-12-5ah-lg-battery-foldable\/","title":{"rendered":"Bicicletta elettrica SAMEBIKE LO26-II, 48 V, 750 W, autonomia 80 km (batteria LG 12,5 Ah), pieghevole"},"content":{"rendered":"<h2><strong>Presentazione della Samebike LO26II<\/strong><\/h2>\n<p>La bici elettrica definitiva per i tuoi spostamenti quotidiani o per una divertente avventura. Con i suoi\u00a0<strong>potente motore da 750 W e batteria LG da 12,5 Ah,<\/strong>\u00a0questa bici offre prestazioni impressionanti e a\u00a0<strong>autonomia massima di 80 km.<\/strong>\u00a0SU\u00a0<strong>modalit\u00e0 elettrica pura<\/strong>\u00a0puoi viaggiare da\u00a0<strong>Da 35 a 40 km senza usare i pedali.<\/strong><\/p>\n<p>La SAMEBIKE LO26 II \u00e8 progettata per fornire a\u00a0<strong>guida comoda e fluida,<\/strong>\u00a0grazie al suo\u00a0<strong>sistema di sospensione anteriore e posteriore che assorbe urti e colpi su qualsiasi terreno.<\/strong>\u00a0IL\u00a0<strong>freni a disco anteriori e posteriori<\/strong>\u00a0fornire una potenza frenante affidabile, garantendo la sicurezza sulla strada. Inoltre, il<strong>\u00a0il telaio in lega di alluminio \u00e8 leggero e robusto,<\/strong>\u00a0rendendolo facile da trasportare e riporre quando non in uso.<\/p>\n<p>E&#039; inoltre dotato di a\u00a0<strong>Trasmissione Shimano 21 velocit\u00e0<\/strong>\u00a0che garantisce a\u00a0<strong>cambio di marcia fluido e senza sforzo<\/strong>\u00a0esperienza, consentendoti di regolare facilmente la velocit\u00e0 in base alle tue preferenze e al terreno.<\/p>\n<h2><strong>Specifiche:<\/strong><\/h2>\n<p><strong>Potenza motore:\u00a0<\/strong>750W<br \/>\n<strong>Capacit\u00e0 della batteria:<\/strong>\u00a012,5Ah48V<br \/>\n<strong>Massimo. Velocit\u00e0:<\/strong>\u00a035 chilometri all&#039;ora<br \/>\n<strong>Allineare:<\/strong>\u00a070-80 km (modalit\u00e0 di potenza assistita) | 35-40 km (modalit\u00e0 elettrica pura)<\/p>\n<p><a href=\"https:\/\/grandhy.com\/wp-content\/uploads\/2023\/05\/lQDPJxbRAQ4vp_3NBOPNBLCwpUFRBfXdpuIDV3-n28CkAQ_1200_1251_74a609e0-92c2-41fe-9e5e-51776a1c53ba.webp\" target=\"_blank\" rel=\"noopener\"><img loading=\"lazy\" decoding=\"async\" class=\"alignnone wp-image-10593\" src=\"https:\/\/grandhy.com\/wp-content\/uploads\/2023\/05\/lQDPJxbRAQ4vp_3NBOPNBLCwpUFRBfXdpuIDV3-n28CkAQ_1200_1251_74a609e0-92c2-41fe-9e5e-51776a1c53ba-288x300.webp\" sizes=\"(max-width: 700px) 100vw, 700px\" srcset=\"\/\/grandhy.com\/wp-content\/uploads\/2023\/05\/lQDPJxbRAQ4vp_3NBOPNBLCwpUFRBfXdpuIDV3-n28CkAQ_1200_1251_74a609e0-92c2-41fe-9e5e-51776a1c53ba-288x300.webp 288w, \/\/grandhy.com\/wp-content\/uploads\/2023\/05\/lQDPJxbRAQ4vp_3NBOPNBLCwpUFRBfXdpuIDV3-n28CkAQ_1200_1251_74a609e0-92c2-41fe-9e5e-51776a1c53ba-500x521.webp 500w, \/\/grandhy.com\/wp-content\/uploads\/2023\/05\/lQDPJxbRAQ4vp_3NBOPNBLCwpUFRBfXdpuIDV3-n28CkAQ_1200_1251_74a609e0-92c2-41fe-9e5e-51776a1c53ba-982x1024.webp 982w, \/\/grandhy.com\/wp-content\/uploads\/2023\/05\/lQDPJxbRAQ4vp_3NBOPNBLCwpUFRBfXdpuIDV3-n28CkAQ_1200_1251_74a609e0-92c2-41fe-9e5e-51776a1c53ba-768x801.webp 768w, \/\/grandhy.com\/wp-content\/uploads\/2023\/05\/lQDPJxbRAQ4vp_3NBOPNBLCwpUFRBfXdpuIDV3-n28CkAQ_1200_1251_74a609e0-92c2-41fe-9e5e-51776a1c53ba.webp 1200w\" alt=\"samebike_lo26_750w_spec7\" width=\"700\" height=\"730\" \/><\/a><\/p>\n<p><strong>Tempo di carica:<\/strong>\u00a04 \u2013 6 ore<br \/>\n<strong>Modalit\u00e0 di guida:<\/strong>\u00a0Modalit\u00e0 acceleratore, modalit\u00e0 pedalata assistita, modalit\u00e0 elettrica pura<\/p>\n<p><a href=\"https:\/\/grandhy.com\/wp-content\/uploads\/2023\/05\/LO26-II-FT-2_900x.webp\" target=\"_blank\" rel=\"noopener\"><img loading=\"lazy\" decoding=\"async\" class=\"wp-image-10592\" src=\"https:\/\/grandhy.com\/wp-content\/uploads\/2023\/05\/LO26-II-FT-2_900x-300x300.webp\" sizes=\"(max-width: 700px) 100vw, 700px\" srcset=\"\/\/grandhy.com\/wp-content\/uploads\/2023\/05\/LO26-II-FT-2_900x-300x300.webp 300w, \/\/grandhy.com\/wp-content\/uploads\/2023\/05\/LO26-II-FT-2_900x-250x250.webp 250w, \/\/grandhy.com\/wp-content\/uploads\/2023\/05\/LO26-II-FT-2_900x-85x85.webp 85w, \/\/grandhy.com\/wp-content\/uploads\/2023\/05\/LO26-II-FT-2_900x-500x500.webp 500w, \/\/grandhy.com\/wp-content\/uploads\/2023\/05\/LO26-II-FT-2_900x-150x150.webp 150w, \/\/grandhy.com\/wp-content\/uploads\/2023\/05\/LO26-II-FT-2_900x-768x768.webp 768w, \/\/grandhy.com\/wp-content\/uploads\/2023\/05\/LO26-II-FT-2_900x-700x700.webp 700w, \/\/grandhy.com\/wp-content\/uploads\/2023\/05\/LO26-II-FT-2_900x.webp 900w\" alt=\"samebike_lo26_750w_spec6\" width=\"700\" height=\"700\" \/><\/a><\/p>\n<p><strong>Freni:<\/strong>\u00a0Freni a disco anteriori e posteriori<br \/>\n<strong>Sospensione:<\/strong>\u00a0Sospensioni anteriori e ammortizzatori posteriori<\/p>\n<p><a href=\"https:\/\/grandhy.com\/wp-content\/uploads\/2023\/05\/16_63d6d4d2-33e1-4535-b609-74a6ce3dc39a.webp\" target=\"_blank\" rel=\"noopener\"><img loading=\"lazy\" decoding=\"async\" class=\"wp-image-10591\" src=\"https:\/\/grandhy.com\/wp-content\/uploads\/2023\/05\/16_63d6d4d2-33e1-4535-b609-74a6ce3dc39a-300x165.webp\" sizes=\"(max-width: 700px) 100vw, 700px\" srcset=\"\/\/grandhy.com\/wp-content\/uploads\/2023\/05\/16_63d6d4d2-33e1-4535-b609-74a6ce3dc39a-300x165.webp 300w, \/\/grandhy.com\/wp-content\/uploads\/2023\/05\/16_63d6d4d2-33e1-4535-b609-74a6ce3dc39a-500x274.webp 500w, \/\/grandhy.com\/wp-content\/uploads\/2023\/05\/16_63d6d4d2-33e1-4535-b609-74a6ce3dc39a-768x421.webp 768w, \/\/grandhy.com\/wp-content\/uploads\/2023\/05\/16_63d6d4d2-33e1-4535-b609-74a6ce3dc39a.webp 1200w\" alt=\"samebike_lo26_750w_spec5\" width=\"700\" height=\"385\" \/><\/a><\/p>\n<p><strong>Telaio:<\/strong>\u00a0Lega di alluminio<br \/>\n<strong>Pedali:<\/strong>\u00a0Pedale in lega con catarifrangenti<\/p>\n<p><a href=\"https:\/\/grandhy.com\/wp-content\/uploads\/2023\/05\/12_d5167688-ee9d-407b-96ba-c05183ab6f12.webp\" target=\"_blank\" rel=\"noopener\"><img loading=\"lazy\" decoding=\"async\" class=\"wp-image-10589\" src=\"https:\/\/grandhy.com\/wp-content\/uploads\/2023\/05\/12_d5167688-ee9d-407b-96ba-c05183ab6f12-300x217.webp\" sizes=\"(max-width: 700px) 100vw, 700px\" srcset=\"\/\/grandhy.com\/wp-content\/uploads\/2023\/05\/12_d5167688-ee9d-407b-96ba-c05183ab6f12-300x217.webp 300w, \/\/grandhy.com\/wp-content\/uploads\/2023\/05\/12_d5167688-ee9d-407b-96ba-c05183ab6f12-500x362.webp 500w, \/\/grandhy.com\/wp-content\/uploads\/2023\/05\/12_d5167688-ee9d-407b-96ba-c05183ab6f12-1024x741.webp 1024w, \/\/grandhy.com\/wp-content\/uploads\/2023\/05\/12_d5167688-ee9d-407b-96ba-c05183ab6f12-768x556.webp 768w, \/\/grandhy.com\/wp-content\/uploads\/2023\/05\/12_d5167688-ee9d-407b-96ba-c05183ab6f12.webp 1200w\" alt=\"samebike_lo26_750w_spec3\" width=\"700\" height=\"506\" \/><\/a><\/p>\n<p><strong>Trasmissione:<\/strong>\u00a0Shimano 21 velocit\u00e0<br \/>\n<strong>Angolo di arrampicata massimo:<\/strong>\u00a030\u00ba<\/p>\n<p><a href=\"https:\/\/grandhy.com\/wp-content\/uploads\/2023\/05\/09_645b2dd1-bf40-4390-ac61-571602c9c746.webp\" target=\"_blank\" rel=\"noopener\"><img loading=\"lazy\" decoding=\"async\" class=\"alignnone wp-image-10587\" src=\"https:\/\/grandhy.com\/wp-content\/uploads\/2023\/05\/09_645b2dd1-bf40-4390-ac61-571602c9c746-300x284.webp\" sizes=\"(max-width: 700px) 100vw, 700px\" srcset=\"\/\/grandhy.com\/wp-content\/uploads\/2023\/05\/09_645b2dd1-bf40-4390-ac61-571602c9c746-300x284.webp 300w, \/\/grandhy.com\/wp-content\/uploads\/2023\/05\/09_645b2dd1-bf40-4390-ac61-571602c9c746-500x473.webp 500w, \/\/grandhy.com\/wp-content\/uploads\/2023\/05\/09_645b2dd1-bf40-4390-ac61-571602c9c746-1024x968.webp 1024w, \/\/grandhy.com\/wp-content\/uploads\/2023\/05\/09_645b2dd1-bf40-4390-ac61-571602c9c746-768x726.webp 768w, \/\/grandhy.com\/wp-content\/uploads\/2023\/05\/09_645b2dd1-bf40-4390-ac61-571602c9c746.webp 1200w\" alt=\"samebike_lo26_750w_spec1\" width=\"700\" height=\"662\" \/><\/a><\/p>\n<p><strong>Carico massimo:<\/strong>\u00a0150 kg\/330 libbre<br \/>\n<strong>Peso:<\/strong>\u00a030 kg<\/p>\n<p><a href=\"https:\/\/grandhy.com\/wp-content\/uploads\/2023\/05\/13_4b0578fe-0b36-4dc9-b07d-3052ba5c9e46.webp\" target=\"_blank\" rel=\"noopener\"><img loading=\"lazy\" decoding=\"async\" class=\"alignnone wp-image-10590\" src=\"https:\/\/grandhy.com\/wp-content\/uploads\/2023\/05\/13_4b0578fe-0b36-4dc9-b07d-3052ba5c9e46-285x300.webp\" sizes=\"(max-width: 700px) 100vw, 700px\" srcset=\"\/\/grandhy.com\/wp-content\/uploads\/2023\/05\/13_4b0578fe-0b36-4dc9-b07d-3052ba5c9e46-285x300.webp 285w, \/\/grandhy.com\/wp-content\/uploads\/2023\/05\/13_4b0578fe-0b36-4dc9-b07d-3052ba5c9e46-500x526.webp 500w, \/\/grandhy.com\/wp-content\/uploads\/2023\/05\/13_4b0578fe-0b36-4dc9-b07d-3052ba5c9e46-974x1024.webp 974w, \/\/grandhy.com\/wp-content\/uploads\/2023\/05\/13_4b0578fe-0b36-4dc9-b07d-3052ba5c9e46-768x808.webp 768w, \/\/grandhy.com\/wp-content\/uploads\/2023\/05\/13_4b0578fe-0b36-4dc9-b07d-3052ba5c9e46.webp 1200w\" alt=\"samebike_lo26_750w_spec4\" width=\"700\" height=\"736\" \/><\/a><\/p>\n<p><strong>Schermo:<\/strong>\u00a0Display LCD con ricarica USB<br \/>\n<strong>Pneumatici:<\/strong>\u00a0Pneumatici da 26\u2033\u00d72,35\u2033<\/p>\n<p><a href=\"https:\/\/grandhy.com\/wp-content\/uploads\/2023\/05\/07_cfd6772d-3326-4f1b-9f0a-e21884bb4f6a.webp\" target=\"_blank\" rel=\"noopener\"><img loading=\"lazy\" decoding=\"async\" class=\"wp-image-10586\" src=\"https:\/\/grandhy.com\/wp-content\/uploads\/2023\/05\/07_cfd6772d-3326-4f1b-9f0a-e21884bb4f6a-269x300.webp\" sizes=\"(max-width: 700px) 100vw, 700px\" srcset=\"\/\/grandhy.com\/wp-content\/uploads\/2023\/05\/07_cfd6772d-3326-4f1b-9f0a-e21884bb4f6a-269x300.webp 269w, \/\/grandhy.com\/wp-content\/uploads\/2023\/05\/07_cfd6772d-3326-4f1b-9f0a-e21884bb4f6a-500x558.webp 500w, \/\/grandhy.com\/wp-content\/uploads\/2023\/05\/07_cfd6772d-3326-4f1b-9f0a-e21884bb4f6a-918x1024.webp 918w, \/\/grandhy.com\/wp-content\/uploads\/2023\/05\/07_cfd6772d-3326-4f1b-9f0a-e21884bb4f6a-768x857.webp 768w, \/\/grandhy.com\/wp-content\/uploads\/2023\/05\/07_cfd6772d-3326-4f1b-9f0a-e21884bb4f6a.webp 1200w\" alt=\"samebike_lo26_750w_spec\" width=\"700\" height=\"781\" \/><\/a><\/p>\n<p><strong>Cerchio:<\/strong>\u00a0Ruota a raggi<br \/>\n<strong>Parafango:\u00a0<\/strong>PVC<br \/>\n<strong>Certificati:<\/strong>\u00a0CE, UL, KC, FCC, PSE, ROHS<\/p>\n<p><a href=\"https:\/\/grandhy.com\/wp-content\/uploads\/2023\/05\/11_185e0aa2-2fdf-4bec-bb0d-f6be60087be6.webp\" target=\"_blank\" rel=\"noopener\"><img loading=\"lazy\" decoding=\"async\" class=\"alignnone wp-image-10588\" src=\"https:\/\/grandhy.com\/wp-content\/uploads\/2023\/05\/11_185e0aa2-2fdf-4bec-bb0d-f6be60087be6-300x222.webp\" sizes=\"(max-width: 700px) 100vw, 700px\" srcset=\"\/\/grandhy.com\/wp-content\/uploads\/2023\/05\/11_185e0aa2-2fdf-4bec-bb0d-f6be60087be6-300x222.webp 300w, \/\/grandhy.com\/wp-content\/uploads\/2023\/05\/11_185e0aa2-2fdf-4bec-bb0d-f6be60087be6-500x370.webp 500w, \/\/grandhy.com\/wp-content\/uploads\/2023\/05\/11_185e0aa2-2fdf-4bec-bb0d-f6be60087be6-1024x758.webp 1024w, \/\/grandhy.com\/wp-content\/uploads\/2023\/05\/11_185e0aa2-2fdf-4bec-bb0d-f6be60087be6-768x568.webp 768w, \/\/grandhy.com\/wp-content\/uploads\/2023\/05\/11_185e0aa2-2fdf-4bec-bb0d-f6be60087be6.webp 1200w\" alt=\"samebike_lo26_750w_spec2\" width=\"700\" height=\"518\" \/><\/a><\/p>\n<p>La confezione contiene:<\/p>\n<p>1 bici elettrica<br \/>\n1 batteria<br \/>\n1 caricatore<br \/>\n1 set di strumenti<br \/>\n1 manuale utente<\/p>","protected":false},"excerpt":{"rendered":"<p>Modello n. LO26 II<br \/>\nBatteria: batteria agli ioni di litio 48V12,5AH<br \/>\nMotore: motore brushless ad alta velocit\u00e0 da 750 W<br \/>\nPneumatici: 26\u2033<br \/>\nPortata: 80 km<br \/>\nVelocit\u00e0 massima: 35 km\/h<br \/>\nCarico massimo: 150 kg<\/p>","protected":false},"featured_media":25363,"comment_status":"open","ping_status":"closed","template":"","meta":[],"product_brand":[],"product_cat":[212],"product_tag":[],"class_list":{"0":"post-25358","1":"product","2":"type-product","3":"status-publish","4":"has-post-thumbnail","6":"product_cat-electric-bikes","8":"first","9":"instock","10":"sale","11":"shipping-taxable","12":"purchasable","13":"product-type-variable"},"_links":{"self":[{"href":"https:\/\/ridstar.eu\/it\/wp-json\/wp\/v2\/product\/25358","targetHints":{"allow":["GET"]}}],"collection":[{"href":"https:\/\/ridstar.eu\/it\/wp-json\/wp\/v2\/product"}],"about":[{"href":"https:\/\/ridstar.eu\/it\/wp-json\/wp\/v2\/types\/product"}],"replies":[{"embeddable":true,"href":"https:\/\/ridstar.eu\/it\/wp-json\/wp\/v2\/comments?post=25358"}],"wp:featuredmedia":[{"embeddable":true,"href":"https:\/\/ridstar.eu\/it\/wp-json\/wp\/v2\/media\/25363"}],"wp:attachment":[{"href":"https:\/\/ridstar.eu\/it\/wp-json\/wp\/v2\/media?parent=25358"}],"wp:term":[{"taxonomy":"product_brand","embeddable":true,"href":"https:\/\/ridstar.eu\/it\/wp-json\/wp\/v2\/product_brand?post=25358"},{"taxonomy":"product_cat","embeddable":true,"href":"https:\/\/ridstar.eu\/it\/wp-json\/wp\/v2\/product_cat?post=25358"},{"taxonomy":"product_tag","embeddable":true,"href":"https:\/\/ridstar.eu\/it\/wp-json\/wp\/v2\/product_tag?post=25358"}],"curies":[{"name":"wp","href":"https:\/\/api.w.org\/{rel}","templated":true}]}}