{"id":25354,"date":"2023-12-15T15:53:07","date_gmt":"2023-12-15T13:53:07","guid":{"rendered":"https:\/\/ridstar.eu\/?post_type=product&#038;p=25354"},"modified":"2026-05-01T11:38:29","modified_gmt":"2026-05-01T08:38:29","slug":"scooter-elettrico-hr2-4-2000w-60v-20ah-certificato-cee-europeo","status":"publish","type":"product","link":"https:\/\/ridstar.eu\/it\/product\/electric-scooter-hr2-4-2000w-60v-20ah-european-eec-certificate\/","title":{"rendered":"Scooter elettrico HR2-4, 2000 W, 60 V, 20 Ah, certificato europeo CEE"},"content":{"rendered":"<p><img decoding=\"async\" class=\"img_loading\" src=\"https:\/\/ueeshop.ly200-cdn.com\/u_file\/UPAX\/UPAX064\/2211\/photo\/d8bc18c798.jpg?x-oss-process=image\/format,webp\/quality,q_100\" alt=\"\"><img decoding=\"async\" class=\"img_loading\" src=\"https:\/\/ueeshop.ly200-cdn.com\/u_file\/UPAX\/UPAX064\/2211\/photo\/fbab5153cd.jpg?x-oss-process=image\/format,webp\/quality,q_100\" alt=\"\"><br \/>\nLa serie HR2 ha l&#039;europeo\u00a0<strong>Certificato CEE<\/strong>, che non \u00e8 solo dotato di pneumatici antipioggia, luci stradali legali, ma anche di accensione a chiave, un cavalletto (funzione di spegnimento) e persino un supporto per targa.<br \/>\nPuoi guidarlo legalmente su strada. Andarlo a scuola o al lavoro \u00e8 un&#039;opzione molto conveniente.<\/p>\n<div><strong><br \/>\nForcella anteriore\/sospensione posteriore<\/strong><\/div>\n<p>HR2 non solo ha due sospensioni posteriori, ma ha anche due forcelle anteriori. Il quadruplo assorbimento degli urti ti consente di avere una buona esperienza di guida durante la guida e di guidare senza problemi su strade accidentate. Inoltre, massimizza il movimento del baricentro del citycoco, riduce la resistenza al vento, riduce l&#039;impatto dei cambiamenti nel baricentro del citycoco sui pneumatici e prolunga la durata di servizio dell&#039;HR2.<br \/>\n<img decoding=\"async\" class=\"img_loading\" src=\"https:\/\/ueeshop.ly200-cdn.com\/u_file\/UPAX\/UPAX064\/2211\/photo\/167b692ff2.png?x-oss-process=image\/format,webp\/quality,q_100\" alt=\"\"><img decoding=\"async\" class=\"img_loading\" src=\"https:\/\/ueeshop.ly200-cdn.com\/u_file\/UPAX\/UPAX064\/2211\/photo\/43f78cf97f.png?x-oss-process=image\/format,webp\/quality,q_100\" alt=\"\"><\/p>\n<div><strong>Batteria<\/strong><\/div>\n<p>Per gli scooter elettrici Citycoco, la batteria sar\u00e0 pi\u00f9 grande di quella dei normali scooter elettrici, quindi sia l\u2019autonomia che la velocit\u00e0 saranno maggiori rispetto a quelli normali.<br \/>\nRecentemente abbiamo aggiornato il telaio per la serie HR2!<br \/>\nOriginariamente poteva essere equipaggiato con una sola batteria, ma ora pu\u00f2 essere equipaggiato con due batterie!<br \/>\nL&#039;autonomia di crociera \u00e8 pi\u00f9 duratura.<br \/>\nLa batteria da 20 Ah ti d\u00e0 un pieno senso di sicurezza. E dopo molti test, l&#039;autonomia pu\u00f2 raggiungere da 25 a 31 miglia con una carica completa, che \u00e8 oltre la portata di molti normali scooter elettrici. Due batterie possono percorrere pi\u00f9 lontano. Quindi non devi preoccuparti di rimanere senza energia a met\u00e0 strada e di influenzare il tuo passo.<\/p>\n<p>\u00c8 una batteria rimovibile impermeabile. La superficie della batteria HR2 \u00e8 realizzata in materiale impermeabile e anche la scatola della batteria esterna alla batteria \u00e8 impermeabile, quindi la nostra batteria ha due strati di protezione impermeabile. In questo modo, anche se piove improvvisamente quando esci o attraversi una strada fangosa, non dannegger\u00e0 la batteria e far\u00e0 durare pi\u00f9 a lungo l&#039;HR2. La batteria rimovibile ti consente di caricare completamente la batteria sempre e ovunque.<\/p>\n<p><img decoding=\"async\" class=\"img_loading\" src=\"https:\/\/ueeshop.ly200-cdn.com\/u_file\/UPAX\/UPAX064\/2303\/29\/photo\/9.jpg?x-oss-process=image\/format,webp\/quality,q_100\" alt=\"\"><\/p>\n<div><strong>Posto a sedere<\/strong><\/div>\n<p>HR2 \u00e8 dotato di a\u00a0<strong>sedile impermeabile<\/strong>. La sua superficie \u00e8 uno strato di PU impermeabile di alta qualit\u00e0, puoi rimuovere facilmente le macchie d&#039;acqua sulla sua superficie. All&#039;interno \u00e8 presente una spugna resistente con buona morbidezza.<br \/>\nI doppi posti ti danno pi\u00f9 possibilit\u00e0 nella tua vita. Puoi uscire con i tuoi amici o la tua famiglia. Inoltre dotiamo appositamente la persona seduta sul sedile posteriore di a\u00a0<strong>tenere la mano<\/strong>\u00a0E\u00a0<strong>poggiapiedi del passeggero<\/strong>, dandogli abbastanza conforto e permettendoti di viaggiare in tutta tranquillit\u00e0.<br \/>\n<img decoding=\"async\" class=\"img_loading\" src=\"https:\/\/ueeshop.ly200-cdn.com\/u_file\/UPAX\/UPAX064\/2211\/photo\/428e039af1.jpg?x-oss-process=image\/format,webp\/quality,q_100\" alt=\"\"><img decoding=\"async\" class=\"img_loading\" src=\"https:\/\/ueeshop.ly200-cdn.com\/u_file\/UPAX\/UPAX064\/2211\/photo\/de5ba8df7b.jpg?x-oss-process=image\/format,webp\/quality,q_100\" alt=\"\"><\/p>\n<div><strong>Colore<\/strong><\/div>\n<p>HR2-4 \u00e8 disponibile in nero, blu, rosso vino e giallo. C&#039;\u00e8 sempre un colore adatto a te.<br \/>\nSe ti piacciono gli altri colori, possiamo anche personalizzare, benvenuto per consultare.<br \/>\n<img decoding=\"async\" class=\"img_loading\" src=\"https:\/\/ueeshop.ly200-cdn.com\/u_file\/UPAX\/UPAX064\/2211\/photo\/edb189cbd5.jpg?x-oss-process=image\/format,webp\/quality,q_100\" alt=\"\"><\/p>\n<div><strong>Certificazione<\/strong><\/div>\n<p>Oltre alla CEE, dispone anche di certificati COC, ISO9001, ecc. Pu\u00f2 essere legalmente sulla strada.<br \/>\n<img decoding=\"async\" class=\"img_loading\" src=\"https:\/\/ueeshop.ly200-cdn.com\/u_file\/UPAX\/UPAX064\/2206\/photo\/edcbe37b7c.jpg?x-oss-process=image\/format,webp\/quality,q_100\" alt=\"\"><\/p>\n<\/div>\n<\/div>","protected":false},"excerpt":{"rendered":"<ul>\n<li>Consegna veloce gratuita<\/li>\n<li>1 anno di garanzia<\/li>\n<li><strong>Certificato CEE \u2013 pu\u00f2 essere immatricolato come veicolo legale<\/strong><\/li>\n<li>carico massimo \u2013 200 kg.<\/li>\n<li>velocit\u00e0 massima \u2013 45 km\/h<\/li>\n<\/ul>","protected":false},"featured_media":25355,"comment_status":"open","ping_status":"closed","template":"","meta":[],"product_brand":[],"product_cat":[212],"product_tag":[],"class_list":{"0":"post-25354","1":"product","2":"type-product","3":"status-publish","4":"has-post-thumbnail","6":"product_cat-electric-bikes","8":"first","9":"outofstock","10":"sale","11":"shipping-taxable","12":"purchasable","13":"product-type-simple"},"_links":{"self":[{"href":"https:\/\/ridstar.eu\/it\/wp-json\/wp\/v2\/product\/25354","targetHints":{"allow":["GET"]}}],"collection":[{"href":"https:\/\/ridstar.eu\/it\/wp-json\/wp\/v2\/product"}],"about":[{"href":"https:\/\/ridstar.eu\/it\/wp-json\/wp\/v2\/types\/product"}],"replies":[{"embeddable":true,"href":"https:\/\/ridstar.eu\/it\/wp-json\/wp\/v2\/comments?post=25354"}],"wp:featuredmedia":[{"embeddable":true,"href":"https:\/\/ridstar.eu\/it\/wp-json\/wp\/v2\/media\/25355"}],"wp:attachment":[{"href":"https:\/\/ridstar.eu\/it\/wp-json\/wp\/v2\/media?parent=25354"}],"wp:term":[{"taxonomy":"product_brand","embeddable":true,"href":"https:\/\/ridstar.eu\/it\/wp-json\/wp\/v2\/product_brand?post=25354"},{"taxonomy":"product_cat","embeddable":true,"href":"https:\/\/ridstar.eu\/it\/wp-json\/wp\/v2\/product_cat?post=25354"},{"taxonomy":"product_tag","embeddable":true,"href":"https:\/\/ridstar.eu\/it\/wp-json\/wp\/v2\/product_tag?post=25354"}],"curies":[{"name":"wp","href":"https:\/\/api.w.org\/{rel}","templated":true}]}}