{"id":12946,"date":"2023-10-06T17:21:43","date_gmt":"2023-10-06T14:21:43","guid":{"rendered":"https:\/\/ridstar.eu\/?post_type=product&#038;p=12946"},"modified":"2024-04-16T13:41:09","modified_gmt":"2024-04-16T10:41:09","slug":"bicicletta-elettrica-pieghevole-engwe-x20-1000w-48v-222ah-doppia-batteria","status":"publish","type":"product","link":"https:\/\/ridstar.eu\/it\/prodotto\/bicicletta-elettrica-pieghevole-engwe-x20-1000w-48v-222ah-doppia-batteria\/","title":{"rendered":"Bicicletta elettrica pieghevole Engwe X20, 1000W, 48V, 22,2Ah doppia batteria"},"content":{"rendered":"<p><iframe title=\"Serie ENGWE X (UE)\" width=\"1080\" height=\"608\" src=\"https:\/\/www.youtube.com\/embed\/qcovxJJHlLI?feature=oembed\"  allow=\"accelerometer; autoplay; clipboard-write; encrypted-media; gyroscope; picture-in-picture; web-share\" referrerpolicy=\"strict-origin-when-cross-origin\" allowfullscreen><\/iframe><\/p>\n<p><iframe title=\"Engwe X20 meglio dell&#039;Engine Pro?\" width=\"1080\" height=\"608\" src=\"https:\/\/www.youtube.com\/embed\/IC4LGwxYKEE?feature=oembed\"  allow=\"accelerometer; autoplay; clipboard-write; encrypted-media; gyroscope; picture-in-picture; web-share\" referrerpolicy=\"strict-origin-when-cross-origin\" allowfullscreen><\/iframe><\/p>\n<ul class=\"a-unordered-list a-vertical a-spacing-mini\">\n<li class=\"a-spacing-mini\">Dinamica di guida avanzata: ENGWE X20 si fa strada come una bici elettrica fuoristrada, alimentata da un robusto motore ad alte prestazioni con un sistema a doppia batteria da 48 V 14,4 Ah\/7,8 Ah che raggiunge senza sforzo velocit\u00e0 fino a 25 km\/h e si sblocca per velocit\u00e0 pi\u00f9 elevate superando pendenze fino a 30\u00b0. Ci\u00f2 consente una navigazione senza interruzioni su diversi terreni.<\/li>\n<li class=\"a-spacing-mini\">Grande autonomia e modalit\u00e0 dinamiche: la bici elettrica X20 ha un&#039;innovativa configurazione a doppia batteria che offre una capacit\u00e0 energetica combinata di 1065 Wh e un&#039;impressionante autonomia fino a 71 miglia. Questa capacit\u00e0 \u00e8 completata dalla perfetta integrazione di tre diverse modalit\u00e0 di guida: ECO, NORMAL e SPORT, insieme al sistema Shimano a 8 velocit\u00e0.<\/li>\n<li class=\"a-spacing-mini\">Sospensioni a tre stadi e telaio pieghevole: la bici pieghevole elettrica X20 \u00e8 dotata di una sospensione a tre stadi - ammortizzatori idraulici anteriori, ammortizzatori centrali meccanici e ammortizzatori posteriori - che triplica l&#039;efficienza dell&#039;assorbimento degli urti per garantire una buona guida anche a velocit\u00e0 pi\u00f9 elevate e su terreni difficili. L&#039;innovativo telaio pieghevole che misura 40 x 26 x 31 pollici aumenta il comfort.<\/li>\n<li class=\"a-spacing-mini\">Pneumatici in stile motociclistico di alta qualit\u00e0: La particolarit\u00e0 dell&#039;X20 \u00e8 la combinazione di ruote monopezzo e pneumatici in stile motociclistico di alta qualit\u00e0 con dimensioni 20 x 4,0 pollici. Questa sintesi fornisce stabilit\u00e0 eccezionale, trazione superiore e maggiore resistenza, ulteriormente rinforzata dal telaio interamente in alluminio. Questi pneumatici affrontano ghiaia, buche e terreni rocciosi a velocit\u00e0 considerevoli.<\/li>\n<li class=\"a-spacing-mini\">Caratteristiche intelligenti e funzionali: l&#039;X20 ha un sistema di controllo intelligente della velocit\u00e0 che mantiene la velocit\u00e0 costante. L&#039;interfaccia LCD intuitiva fornisce dati in tempo reale su velocit\u00e0, stato della batteria e modalit\u00e0. Oltre ai fari e alle luci automatici per una migliore visibilit\u00e0, l&#039;X20 dispone anche di porte per la ricarica del telefono cellulare e fari sensibili alla luce che garantiscono maggiore sicurezza e praticit\u00e0.<\/li>\n<li class=\"a-spacing-mini\">Servizio clienti affidabile 24 ore su 24, 7 giorni su 7: l&#039;e-bike ENGWE viene fornita 85% preassemblata e contiene due pedali e una sella. Il tuo ordine verr\u00e0 consegnato entro 5-10 giorni. Il nostro supporto clienti \u00e8 a tua disposizione 24 ore su 24, 7 giorni su 7, per assisterti in caso di domande e problemi. Garantiamo un servizio affidabile e forniamo una garanzia di un anno su motori, batterie e dispositivi di controllo.<\/li>\n<\/ul>","protected":false},"excerpt":{"rendered":"<ul>\n<li>Consegna gratuita in 3-7 giorni<\/li>\n<li>Motore da 1000 W<\/li>\n<li>Batterie da 22,6Ah<\/li>\n<li>\n<div class=\"row\">\n<div class=\"cell\">Autonomia di 150 KM (modalit\u00e0 Pas).<\/div>\n<\/div>\n<\/li>\n<\/ul>","protected":false},"featured_media":12949,"comment_status":"open","ping_status":"closed","template":"","meta":[],"product_brand":[],"product_cat":[212],"product_tag":[],"class_list":{"0":"post-12946","1":"product","2":"type-product","3":"status-publish","4":"has-post-thumbnail","6":"product_cat-electric-bikes","8":"first","9":"outofstock","10":"sale","11":"shipping-taxable","12":"purchasable","13":"product-type-variable"},"jetpack_sharing_enabled":true,"_links":{"self":[{"href":"https:\/\/ridstar.eu\/it\/wp-json\/wp\/v2\/product\/12946","targetHints":{"allow":["GET"]}}],"collection":[{"href":"https:\/\/ridstar.eu\/it\/wp-json\/wp\/v2\/product"}],"about":[{"href":"https:\/\/ridstar.eu\/it\/wp-json\/wp\/v2\/types\/product"}],"replies":[{"embeddable":true,"href":"https:\/\/ridstar.eu\/it\/wp-json\/wp\/v2\/comments?post=12946"}],"wp:featuredmedia":[{"embeddable":true,"href":"https:\/\/ridstar.eu\/it\/wp-json\/wp\/v2\/media\/12949"}],"wp:attachment":[{"href":"https:\/\/ridstar.eu\/it\/wp-json\/wp\/v2\/media?parent=12946"}],"wp:term":[{"taxonomy":"product_brand","embeddable":true,"href":"https:\/\/ridstar.eu\/it\/wp-json\/wp\/v2\/product_brand?post=12946"},{"taxonomy":"product_cat","embeddable":true,"href":"https:\/\/ridstar.eu\/it\/wp-json\/wp\/v2\/product_cat?post=12946"},{"taxonomy":"product_tag","embeddable":true,"href":"https:\/\/ridstar.eu\/it\/wp-json\/wp\/v2\/product_tag?post=12946"}],"curies":[{"name":"wp","href":"https:\/\/api.w.org\/{rel}","templated":true}]}}