{"id":12836,"date":"2023-10-03T12:01:30","date_gmt":"2023-10-03T09:01:30","guid":{"rendered":"https:\/\/ridstar.eu\/?post_type=product&#038;p=12836"},"modified":"2026-05-01T11:38:24","modified_gmt":"2026-05-01T08:38:24","slug":"bici-da-strada-elettrica-samebike-sy26-350w-36v-10ah-pneumatici-26x1-95","status":"publish","type":"product","link":"https:\/\/ridstar.eu\/it\/product\/electric-road-bike-samebike-sy26-350w-36v-10ah-26x1-95-tires\/","title":{"rendered":"Bici da strada elettrica SAMEBIKE SY26, 350W, 36V, 10AH, pneumatici 26\u2033x1.95\u2033"},"content":{"rendered":"<p><iframe loading=\"lazy\" title=\"SAMEBIKE SY26 Bici elettriche\" width=\"1080\" height=\"608\" src=\"https:\/\/www.youtube.com\/embed\/LFc-vim0QrI?feature=oembed\"  allow=\"accelerometer; autoplay; clipboard-write; encrypted-media; gyroscope; picture-in-picture; web-share\" referrerpolicy=\"strict-origin-when-cross-origin\" allowfullscreen><\/iframe><\/p>\n<p style=\"text-align: center\"><strong>SY26 \u00e8 un&#039;ottima bici elettrica da citt\u00e0, dotata di motore ad alta velocit\u00e0 da 350 W e batteria ad alte prestazioni.<\/strong><br \/>\n<strong>Conquisterai facilmente le colline e ti sentirai felice come un bambino mentre percorri le strade della citt\u00e0 e i viali verso il negozio di alimentari\/bar\/lavoro\/scuola. Ora hai il potere di rimpicciolire la tua citt\u00e0 e di radere al suolo la tua citt\u00e0.<\/strong><\/p>\n<div id=\"shopline-section-1664367472987c927208\" class=\"shopline-section section-gap\">\n<div class=\"container\">\n<div class=\"image-with-text __sl-custom-track-stage-imageWithText image-with-text--align-middle img-w-medium pos-right\">\n<div class=\"image-with-text__info-wrap color-scheme-none\">\n<div class=\"image-with-text__info-reference\">\n<div class=\"image-with-text__info image-with-text__info--align-left image-with-text__info--m-align-left\">\n<div class=\"global-image\"><img decoding=\"async\" class=\"image-with-text__img lazyautosizes lazyloaded\" src=\"https:\/\/img-va.myshopline.com\/image\/store\/2000071281\/1622273458746\/569e3169170a47739f4a9769f625956a.jpeg?w=1000&amp;h=1000\" alt=\"\" data-src=\"https:\/\/img-va.myshopline.com\/image\/store\/2000071281\/1622273458746\/569e3169170a47739f4a9769f625956a.jpeg?w=1000&amp;h=1000\" data-sizes=\"auto\" data-srcset=\"https:\/\/img-va.myshopline.com\/image\/store\/2000071281\/1622273458746\/569e3169170a47739f4a9769f625956a_375x.jpeg?w=1000&amp;h=1000 375w, https:\/\/img-va.myshopline.com\/image\/store\/2000071281\/1622273458746\/569e3169170a47739f4a9769f625956a_540x.jpeg?w=1000&amp;h=1000 540w, https:\/\/img-va.myshopline.com\/image\/store\/2000071281\/1622273458746\/569e3169170a47739f4a9769f625956a_720x.jpeg?w=1000&amp;h=1000 720w, https:\/\/img-va.myshopline.com\/image\/store\/2000071281\/1622273458746\/569e3169170a47739f4a9769f625956a_900x.jpeg?w=1000&amp;h=1000 900w, https:\/\/img-va.myshopline.com\/image\/store\/2000071281\/1622273458746\/569e3169170a47739f4a9769f625956a_1080x.jpeg?w=1000&amp;h=1000 1080w\" data-><\/div>\n<div class=\"global-image\"><strong>DISPLAY LCD RETROILLUMINATO<\/strong><\/div>\n<div class=\"body3 image-with-text__content\"><span class=\"metafield-multi_line_text_field\">Visualizza facilmente importanti parametri di guida come velocit\u00e0, livello di pedalata assistita, capacit\u00e0 della batteria, distanza percorsa e altro ancora.<\/span><\/div>\n<\/div>\n<\/div>\n<\/div>\n<\/div>\n<\/div>\n<\/div>\n<div><\/div>\n<div><\/div>\n<div><\/div>\n<div><\/div>\n<div id=\"shopline-section-1664367357609ff2e65e\" class=\"shopline-section section-gap\">\n<div class=\"container\">\n<div class=\"image-with-text __sl-custom-track-stage-imageWithText image-with-text--align-middle img-w-medium pos-left\">\n<div class=\"global-image\"><img decoding=\"async\" class=\"image-with-text__img lazyautosizes lazyloaded\" src=\"https:\/\/img-va.myshopline.com\/image\/store\/2000071281\/1622273458746\/-_3.jpeg?w=1000&amp;h=1000\" alt=\"\" data-src=\"https:\/\/img-va.myshopline.com\/image\/store\/2000071281\/1622273458746\/-_3.jpeg?w=1000&amp;h=1000\" data-sizes=\"auto\" data-srcset=\"https:\/\/img-va.myshopline.com\/image\/store\/2000071281\/1622273458746\/-_3_375x.jpeg?w=1000&amp;h=1000 375w, https:\/\/img-va.myshopline.com\/image\/store\/2000071281\/1622273458746\/-_3_540x.jpeg?w=1000&amp;h=1000 540w, https:\/\/img-va.myshopline.com\/image\/store\/2000071281\/1622273458746\/-_3_720x.jpeg?w=1000&amp;h=1000 720w, https:\/\/img-va.myshopline.com\/image\/store\/2000071281\/1622273458746\/-_3_900x.jpeg?w=1000&amp;h=1000 900w, https:\/\/img-va.myshopline.com\/image\/store\/2000071281\/1622273458746\/-_3_1080x.jpeg?w=1000&amp;h=1000 1080w\" data-><\/div>\n<div class=\"global-image\"><span style=\"color: #333333;font-size: 26px\">BATTERIA PER AUTO<\/span><\/div>\n<div class=\"image-with-text__info-wrap color-scheme-none\">\n<div class=\"image-with-text__info-reference\">\n<div class=\"image-with-text__info image-with-text__info--align-left image-with-text__info--m-align-left\">\n<div class=\"body3 image-with-text__content\"><span class=\"metafield-multi_line_text_field\">Con una batteria per auto 18650 ad alte prestazioni, assicurata a livello globale da CPIC, un viaggio pi\u00f9 lungo e sicuro che ti porter\u00e0 fino a 25~50 miglia con una singola carica \u00e8 a portata di mano. Vivi la tua citt\u00e0 con una guida semplice, comoda e affidabile.<\/span><\/div>\n<\/div>\n<\/div>\n<\/div>\n<\/div>\n<\/div>\n<\/div>\n<div><\/div>\n<div><\/div>\n<div><\/div>\n<div id=\"shopline-section-166436764510391ca292\" class=\"shopline-section section-gap\">\n<div class=\"container\">\n<div class=\"image-with-text __sl-custom-track-stage-imageWithText image-with-text--align-middle img-w-medium pos-right\">\n<div class=\"global-image\"><img decoding=\"async\" class=\"image-with-text__img lazyautosizes lazyloaded\" src=\"https:\/\/img-va.myshopline.com\/image\/store\/2000071281\/1622273458746\/915f2a802ea74a40bba09b2f3f463408.jpeg?w=1000&amp;h=1000\" alt=\"\" data-src=\"https:\/\/img-va.myshopline.com\/image\/store\/2000071281\/1622273458746\/915f2a802ea74a40bba09b2f3f463408.jpeg?w=1000&amp;h=1000\" data-sizes=\"auto\" data-srcset=\"https:\/\/img-va.myshopline.com\/image\/store\/2000071281\/1622273458746\/915f2a802ea74a40bba09b2f3f463408_375x.jpeg?w=1000&amp;h=1000 375w, https:\/\/img-va.myshopline.com\/image\/store\/2000071281\/1622273458746\/915f2a802ea74a40bba09b2f3f463408_540x.jpeg?w=1000&amp;h=1000 540w, https:\/\/img-va.myshopline.com\/image\/store\/2000071281\/1622273458746\/915f2a802ea74a40bba09b2f3f463408_720x.jpeg?w=1000&amp;h=1000 720w, https:\/\/img-va.myshopline.com\/image\/store\/2000071281\/1622273458746\/915f2a802ea74a40bba09b2f3f463408_900x.jpeg?w=1000&amp;h=1000 900w, https:\/\/img-va.myshopline.com\/image\/store\/2000071281\/1622273458746\/915f2a802ea74a40bba09b2f3f463408_1080x.jpeg?w=1000&amp;h=1000 1080w\" data-><\/div>\n<div class=\"global-image\"><span style=\"color: #333333;font-size: 26px\">MOTORE BRUSHLESS DA 350 W<\/span><\/div>\n<div class=\"image-with-text__info-wrap color-scheme-none\">\n<div class=\"image-with-text__info-reference\">\n<div class=\"image-with-text__info image-with-text__info--align-left image-with-text__info--m-align-left\">\n<div class=\"body3 image-with-text__content\"><span class=\"metafield-multi_line_text_field\">Guida pi\u00f9 velocemente e conquista facilmente colline anche di 21 gradi con il motore brushless ad alta velocit\u00e0. Alimenta la tua vita con una velocit\u00e0 massima di 32 km\/h. \u00c8 una bici da strada elettrica perfetta per vivere a livello locale. Che tu stia andando al lavoro, andando in palestra o andando al bar, ti arriva con stile e velocit\u00e0.<\/span><\/div>\n<\/div>\n<\/div>\n<\/div>\n<\/div>\n<\/div>\n<\/div>\n<div><\/div>\n<div><\/div>\n<div id=\"shopline-section-166436764510391ca292\" class=\"shopline-section section-gap\">\n<div class=\"container\">\n<div class=\"image-with-text __sl-custom-track-stage-imageWithText image-with-text--align-middle img-w-medium pos-right\">\n<div class=\"image-with-text__info-wrap color-scheme-none\">\n<div><\/div>\n<\/div>\n<\/div>\n<\/div>\n<\/div>\n<div id=\"shopline-section-166436772925034afcad\" class=\"shopline-section section-gap\">\n<div class=\"container\">\n<div class=\"image-with-text __sl-custom-track-stage-imageWithText image-with-text--align-middle img-w-medium pos-left\">\n<div class=\"global-image\"><img decoding=\"async\" class=\"image-with-text__img lazyautosizes lazyloaded\" src=\"https:\/\/img-va.myshopline.com\/image\/store\/2000071281\/1622273458746\/7a70e5ed80c348b883a2707197a827b2.jpeg?w=1000&amp;h=1000\" alt=\"\" data-src=\"https:\/\/img-va.myshopline.com\/image\/store\/2000071281\/1622273458746\/7a70e5ed80c348b883a2707197a827b2.jpeg?w=1000&amp;h=1000\" data-sizes=\"auto\" data-srcset=\"https:\/\/img-va.myshopline.com\/image\/store\/2000071281\/1622273458746\/7a70e5ed80c348b883a2707197a827b2_375x.jpeg?w=1000&amp;h=1000 375w, https:\/\/img-va.myshopline.com\/image\/store\/2000071281\/1622273458746\/7a70e5ed80c348b883a2707197a827b2_540x.jpeg?w=1000&amp;h=1000 540w, https:\/\/img-va.myshopline.com\/image\/store\/2000071281\/1622273458746\/7a70e5ed80c348b883a2707197a827b2_720x.jpeg?w=1000&amp;h=1000 720w, https:\/\/img-va.myshopline.com\/image\/store\/2000071281\/1622273458746\/7a70e5ed80c348b883a2707197a827b2_900x.jpeg?w=1000&amp;h=1000 900w, https:\/\/img-va.myshopline.com\/image\/store\/2000071281\/1622273458746\/7a70e5ed80c348b883a2707197a827b2_1080x.jpeg?w=1000&amp;h=1000 1080w\" data-><\/div>\n<div class=\"global-image\"><span style=\"color: #333333;font-size: 26px\">FRENO A DOPPIO DISCO E CAMBIO SHIMANO<\/span><\/div>\n<div class=\"image-with-text__info-wrap color-scheme-none\">\n<div class=\"image-with-text__info-reference\">\n<div class=\"image-with-text__info image-with-text__info--align-left image-with-text__info--m-align-left\">\n<div class=\"body3 image-with-text__content\"><span class=\"metafield-multi_line_text_field\">Il freno a disco meccanico e il cambio Shimano a 21 velocit\u00e0 forniscono una frenata e un cambio precisi, potenti e progressivi in qualsiasi condizione, il che \u00e8 pi\u00f9 sicuro per la tua sicurezza di guida quando guidi in montagna, neve, pioggia\u00a0<\/span><\/div>\n<\/div>\n<\/div>\n<\/div>\n<\/div>\n<\/div>\n<\/div>\n<p>&nbsp;<\/p>\n<\/div>\n<\/div>","protected":false},"excerpt":{"rendered":"<p>Modello n. SY26<br \/>\nDeragliatore: SHIMANO 7 velocit\u00e0<br \/>\nBatteria: batteria agli ioni di litio 36V10AH<br \/>\nMotore: motore brushless ad alta velocit\u00e0 da 350 W<br \/>\nPneumatici: pneumatici CHAOYANG da 26\u2033*1.95\u2033<br \/>\nModalit\u00e0 elettrica pura: 40 km<br \/>\nModalit\u00e0 ciclomotore: 80 km<br \/>\nVelocit\u00e0 massima: 32 km\/h<br \/>\nCapacit\u00e0 di carico utile: 150 kg<\/p>","protected":false},"featured_media":12842,"comment_status":"open","ping_status":"closed","template":"","meta":[],"product_brand":[],"product_cat":[212],"product_tag":[],"class_list":{"0":"post-12836","1":"product","2":"type-product","3":"status-publish","4":"has-post-thumbnail","6":"product_cat-electric-bikes","8":"first","9":"outofstock","10":"sale","11":"shipping-taxable","12":"purchasable","13":"product-type-simple"},"_links":{"self":[{"href":"https:\/\/ridstar.eu\/it\/wp-json\/wp\/v2\/product\/12836","targetHints":{"allow":["GET"]}}],"collection":[{"href":"https:\/\/ridstar.eu\/it\/wp-json\/wp\/v2\/product"}],"about":[{"href":"https:\/\/ridstar.eu\/it\/wp-json\/wp\/v2\/types\/product"}],"replies":[{"embeddable":true,"href":"https:\/\/ridstar.eu\/it\/wp-json\/wp\/v2\/comments?post=12836"}],"wp:featuredmedia":[{"embeddable":true,"href":"https:\/\/ridstar.eu\/it\/wp-json\/wp\/v2\/media\/12842"}],"wp:attachment":[{"href":"https:\/\/ridstar.eu\/it\/wp-json\/wp\/v2\/media?parent=12836"}],"wp:term":[{"taxonomy":"product_brand","embeddable":true,"href":"https:\/\/ridstar.eu\/it\/wp-json\/wp\/v2\/product_brand?post=12836"},{"taxonomy":"product_cat","embeddable":true,"href":"https:\/\/ridstar.eu\/it\/wp-json\/wp\/v2\/product_cat?post=12836"},{"taxonomy":"product_tag","embeddable":true,"href":"https:\/\/ridstar.eu\/it\/wp-json\/wp\/v2\/product_tag?post=12836"}],"curies":[{"name":"wp","href":"https:\/\/api.w.org\/{rel}","templated":true}]}}