{"id":12728,"date":"2023-09-26T14:58:46","date_gmt":"2023-09-26T11:58:46","guid":{"rendered":"https:\/\/ridstar.eu\/?post_type=product&#038;p=12728"},"modified":"2026-03-30T08:42:01","modified_gmt":"2026-03-30T06:42:01","slug":"bicicletta-elettrica-coswheel-gt20-48v-1000w-batteria-25ah-2","status":"publish","type":"product","link":"https:\/\/ridstar.eu\/it\/prodotto\/bicicletta-elettrica-coswheel-gt20-48v-1000w-batteria-25ah-2\/","title":{"rendered":"Bicicletta elettrica Coswheel GT20, 48V, 1000W, batteria 25Ah"},"content":{"rendered":"<p><iframe title=\"2023 COSWHEEL Avventura fuoristrada Ebike GT20\" src=\"https:\/\/www.youtube.com\/embed\/3oKtG01GLIs?feature=oembed\" width=\"1170\" height=\"658\" frameborder=\"0\" allowfullscreen=\"allowfullscreen\" data-mce-fragment=\"1\"><\/iframe><\/p>\n<p>Specifiche chiave:<\/p>\n<table border=\"1\">\n<tbody>\n<tr>\n<td><strong>Colore<\/strong><\/td>\n<td>cornice nera, cerchio giallo; telaio grigio, ruota nera<\/td>\n<\/tr>\n<tr>\n<td><strong>Batteria<\/strong><\/td>\n<td>1200Wh (25Ah)<\/td>\n<\/tr>\n<tr>\n<td><strong>Materiale del telaio<\/strong><\/td>\n<td>Lega di alluminio 6061-T6 a triplo spessore, completamente personalizzata<\/td>\n<\/tr>\n<tr>\n<td><strong>Motore<\/strong><\/td>\n<td>Motore ad alta velocit\u00e0 da 1000 W<\/td>\n<\/tr>\n<tr>\n<td><strong>Velocit\u00e0 massima<\/strong><\/td>\n<td>45 chilometri all&#039;ora (28 mph)<\/td>\n<\/tr>\n<tr>\n<td><strong>Ingranaggi<\/strong><\/td>\n<td>Shimano 7 velocit\u00e0<\/td>\n<\/tr>\n<tr>\n<td><strong>Pneumatici<\/strong><\/td>\n<td>CHAOYANG Pneumatici fuoristrada neri 20\u2033 \u00d7 4.0\u2033 A820 60TPI<\/td>\n<\/tr>\n<tr>\n<td><strong>Autonomia per carica<\/strong><\/td>\n<td>90-100 km (fino a 180 km in modalit\u00e0 ausiliaria)<\/td>\n<\/tr>\n<tr>\n<td><strong>Tensione<\/strong><\/td>\n<td>48 V<\/td>\n<\/tr>\n<tr>\n<td><strong>Pieghevole<\/strong><\/td>\n<td>NO<\/td>\n<\/tr>\n<tr>\n<td><strong>Tempo di carica<\/strong><\/td>\n<td>fino alle 8:00<\/td>\n<\/tr>\n<tr>\n<td><strong>Forcella anteriore<\/strong><\/td>\n<td>Forcella con spallamento da 20 pollici ammortizzante<\/td>\n<\/tr>\n<tr>\n<td><strong>Lanterne<\/strong><\/td>\n<td>Luci per motoslitta, 4 fili conduttori, linea impermeabile a sgancio rapido<\/td>\n<\/tr>\n<tr>\n<td><strong>Controllore<\/strong><\/td>\n<td>Corrente di carico massima 28 Ah<\/td>\n<\/tr>\n<tr>\n<td><strong>Pedali<\/strong><\/td>\n<td>Pedale in lega di alluminio, con luce riflettente, asse 9\/16 x2<\/td>\n<\/tr>\n<tr>\n<td><strong>Volante<\/strong><\/td>\n<td>d32 d22 sabbia nera<\/td>\n<\/tr>\n<tr>\n<td><strong>Catena<\/strong><\/td>\n<td>Anticorrosione a 7 ingranaggi, 1\/2\u2033 x 3\/32\u2033<\/td>\n<\/tr>\n<tr>\n<td><strong>Freni<\/strong><\/td>\n<td>Dischi ventilati da 180 mm di larghezza e 3 mm di spessore<\/td>\n<\/tr>\n<tr>\n<td><strong>Energia<\/strong><\/td>\n<td>80 Nm<\/td>\n<\/tr>\n<tr>\n<td><strong>Peso<\/strong><\/td>\n<td>\u226545 chilogrammi<\/td>\n<\/tr>\n<tr>\n<td><strong>Sistema di frenaggio<\/strong><\/td>\n<td>freni anteriori e posteriori a cilindro dell&#039;olio di tipo motociclistico con due pistoncini.<\/td>\n<\/tr>\n<tr>\n<td><strong>Carico massimo<\/strong><\/td>\n<td>200 kg (carico sicuro \u2264150 kg)<\/td>\n<\/tr>\n<tr>\n<td><strong>Misurare<\/strong><\/td>\n<td>180x60x115 cm<\/td>\n<\/tr>\n<\/tbody>\n<\/table>\n<div id=\"simple-translate\" class=\"simple-translate-light-theme\">\n<div>\n<div class=\"simple-translate-button isShow\" style=\"background-image: url('chrome-extension:\/\/cllnohpbfenopiakdcjmjcbaeapmkcdl\/icons\/512.png'); height: 22px; width: 22px; top: 884px; left: 167px;\"><\/div>\n<div class=\"simple-translate-panel\" style=\"width: 300px; height: 200px; top: 0px; left: 0px; font-size: 13px;\">\n<div class=\"simple-translate-result-wrapper\" style=\"overflow: hidden;\">\n<div class=\"simple-translate-move\" draggable=\"true\"><\/div>\n<div class=\"simple-translate-result-contents\">\n<p class=\"simple-translate-candidate\" dir=\"auto\">\n<\/div>\n<\/div>\n<\/div>\n<\/div>\n<\/div>","protected":false},"excerpt":{"rendered":"<p>Batteria Coswheel GT20, 48 V, 1000 W, 25 Ah<\/p>\n<p><strong>La bici arriva gi\u00e0 adattata alle norme UE, cio\u00e8 potenza e velocit\u00e0 ridotte, che possono essere facilmente rimosse tramite lo schermo LCD.<\/strong><\/p>\n<p>\u2013 Consegna gratuita entro 3-7 giorni<br \/>\n\u2013 Garanzia \u2013 12 mesi.<br \/>\n\u2013 Batteria capiente da 25 Ah<br \/>\n\u2013 Carico massimo fino a 200 kg.<br \/>\n\u2013 Dispone di certificati europei CE, EN15194 e americani UL2849<\/p>","protected":false},"featured_media":13001,"comment_status":"open","ping_status":"closed","template":"","meta":[],"product_brand":[],"product_cat":[212],"product_tag":[],"class_list":{"0":"post-12728","1":"product","2":"type-product","3":"status-publish","4":"has-post-thumbnail","6":"product_cat-electric-bikes","8":"first","9":"outofstock","10":"sale","11":"shipping-taxable","12":"purchasable","13":"product-type-simple"},"jetpack_sharing_enabled":true,"_links":{"self":[{"href":"https:\/\/ridstar.eu\/it\/wp-json\/wp\/v2\/product\/12728","targetHints":{"allow":["GET"]}}],"collection":[{"href":"https:\/\/ridstar.eu\/it\/wp-json\/wp\/v2\/product"}],"about":[{"href":"https:\/\/ridstar.eu\/it\/wp-json\/wp\/v2\/types\/product"}],"replies":[{"embeddable":true,"href":"https:\/\/ridstar.eu\/it\/wp-json\/wp\/v2\/comments?post=12728"}],"wp:featuredmedia":[{"embeddable":true,"href":"https:\/\/ridstar.eu\/it\/wp-json\/wp\/v2\/media\/13001"}],"wp:attachment":[{"href":"https:\/\/ridstar.eu\/it\/wp-json\/wp\/v2\/media?parent=12728"}],"wp:term":[{"taxonomy":"product_brand","embeddable":true,"href":"https:\/\/ridstar.eu\/it\/wp-json\/wp\/v2\/product_brand?post=12728"},{"taxonomy":"product_cat","embeddable":true,"href":"https:\/\/ridstar.eu\/it\/wp-json\/wp\/v2\/product_cat?post=12728"},{"taxonomy":"product_tag","embeddable":true,"href":"https:\/\/ridstar.eu\/it\/wp-json\/wp\/v2\/product_tag?post=12728"}],"curies":[{"name":"wp","href":"https:\/\/api.w.org\/{rel}","templated":true}]}}