{"id":12632,"date":"2023-09-21T08:20:39","date_gmt":"2023-09-21T05:20:39","guid":{"rendered":"https:\/\/ridstar.eu\/?post_type=product&#038;p=12632"},"modified":"2024-05-06T09:59:45","modified_gmt":"2024-05-06T06:59:45","slug":"bici-elettrica-ridstar-g20-1000w-48v-14ah-20\u2033-ruote-pieghevole","status":"publish","type":"product","link":"https:\/\/ridstar.eu\/it\/prodotto\/bici-elettrica-ridstar-g20-1000w-48v-14ah-20\u2033-ruote-pieghevole\/","title":{"rendered":"Bicicletta elettrica Ridstar G20, 1000W, 48V, 14Ah, ruote da 20\u2033, pieghevole"},"content":{"rendered":"<div style=\"width: 640px;\" class=\"wp-video\"><video class=\"wp-video-shortcode\" id=\"video-12632-1\" width=\"640\" height=\"360\" preload=\"metadata\" controls=\"controls\"><source type=\"video\/mp4\" src=\"https:\/\/ridstar.eu\/wp-content\/uploads\/2023\/09\/G20-video.mp4?_=1\" \/><a href=\"https:\/\/ridstar.eu\/wp-content\/uploads\/2023\/09\/G20-video.mp4\">https:\/\/ridstar.eu\/wp-content\/uploads\/2023\/09\/G20-video.mp4<\/a><\/video><\/div>\n<p>La bici elettrica pu\u00f2 raggiungere velocit\u00e0 fino a 45 km orari con un motore brushless da 1000 W. Un portapacchi posteriore aggiunge praticit\u00e0, mentre i parafanghi anteriore e posteriore ti consentono di guidare in condizioni meteorologiche pi\u00f9 avverse. Lo schermo LCD \u00e8 resistente all&#039;acqua e allo sporco (IPX7) e fornisce tutte le informazioni chiave come stato della batteria, distanza percorsa e gestione dei programmi. Con una coppia fino a 85 Nm, sarai in grado di affrontare anche le salite pi\u00f9 ripide.<\/p>\n<p>&nbsp;<\/p>\n<p>Dimensioni: 1700x240x1050 mm<br \/>\nPasso: 1180 mm<br \/>\nPeso effettivo: 30 kg<br \/>\nModalit\u00e0: elettrica pura, assistita elettrica, con pedali<br \/>\nMateriale del telaio: alluminio<br \/>\nForcella anteriore: idraulica<br \/>\nSistema frenante: freni a disco anteriori e posteriori<br \/>\nSistema di trasmissione: ingranaggio posteriore<br \/>\nMisura pneumatici: 20\u201dx4.0<br \/>\nSchermo: LCD<br \/>\nVelocit\u00e0 massima \u2264 45 km\/h<br \/>\nLa distanza percorribile \u00e8 di circa 50 km<br \/>\nPendenza: &lt;25\u00b0<br \/>\nCarico consentito: \u2264150 kg<br \/>\nParametri del motore<br \/>\nTipo di motore: motore DC brushless ad alta velocit\u00e0<br \/>\nPotenza nominale 1000 W<br \/>\nVoltaggio nominale 48V<br \/>\nPrincipali parametri tecnici di ricarica<br \/>\nPotenza in uscita 2A<br \/>\nTempo di ricarica 4-6 ore.<br \/>\nParametri della batteria al litio<br \/>\nTipo di batteria: batteria al litio 18650<br \/>\nCapacit\u00e0 14 Ah<br \/>\nParametri di base del controller<br \/>\nProtezione da bassa tensione: 39 V<br \/>\nProtezione da sovracorrente: 25 A<br \/>\nDimensioni confezione: 1480\/290\/810 mm<\/p>\n<p>Lista imballaggio:<br \/>\nBicicletta elettrica<br \/>\nBatteria<br \/>\nStrumento multiuso<br \/>\nCaricabatterie<br \/>\nPedali<br \/>\nIstruzioni<\/p>","protected":false},"excerpt":{"rendered":"<p><b>F<\/b>consegna gratuita entro 3-7 giorni<br \/>\nGaranzia 12 mesi<\/p>\n<p>La bici elettrica pu\u00f2 raggiungere velocit\u00e0 fino a 45 km orari con un motore brushless da 1000 W. Un portapacchi posteriore aggiunge praticit\u00e0, mentre i parafanghi anteriore e posteriore ti consentono di guidare in condizioni meteorologiche pi\u00f9 avverse. Lo schermo LCD \u00e8 resistente all&#039;acqua e allo sporco (IPX7) e fornisce tutte le informazioni chiave come stato della batteria, distanza percorsa e gestione dei programmi. Con una coppia fino a 85 Nm, sarai in grado di affrontare anche le salite pi\u00f9 ripide.<\/p>","protected":false},"featured_media":12633,"comment_status":"open","ping_status":"closed","template":"","meta":[],"product_brand":[],"product_cat":[212],"product_tag":[],"class_list":{"0":"post-12632","1":"product","2":"type-product","3":"status-publish","4":"has-post-thumbnail","6":"product_cat-electric-bikes","8":"first","9":"outofstock","10":"sale","11":"sold-individually","12":"shipping-taxable","13":"purchasable","14":"product-type-simple"},"jetpack_sharing_enabled":true,"_links":{"self":[{"href":"https:\/\/ridstar.eu\/it\/wp-json\/wp\/v2\/product\/12632","targetHints":{"allow":["GET"]}}],"collection":[{"href":"https:\/\/ridstar.eu\/it\/wp-json\/wp\/v2\/product"}],"about":[{"href":"https:\/\/ridstar.eu\/it\/wp-json\/wp\/v2\/types\/product"}],"replies":[{"embeddable":true,"href":"https:\/\/ridstar.eu\/it\/wp-json\/wp\/v2\/comments?post=12632"}],"wp:featuredmedia":[{"embeddable":true,"href":"https:\/\/ridstar.eu\/it\/wp-json\/wp\/v2\/media\/12633"}],"wp:attachment":[{"href":"https:\/\/ridstar.eu\/it\/wp-json\/wp\/v2\/media?parent=12632"}],"wp:term":[{"taxonomy":"product_brand","embeddable":true,"href":"https:\/\/ridstar.eu\/it\/wp-json\/wp\/v2\/product_brand?post=12632"},{"taxonomy":"product_cat","embeddable":true,"href":"https:\/\/ridstar.eu\/it\/wp-json\/wp\/v2\/product_cat?post=12632"},{"taxonomy":"product_tag","embeddable":true,"href":"https:\/\/ridstar.eu\/it\/wp-json\/wp\/v2\/product_tag?post=12632"}],"curies":[{"name":"wp","href":"https:\/\/api.w.org\/{rel}","templated":true}]}}