{"id":12629,"date":"2023-09-20T14:56:33","date_gmt":"2023-09-20T12:56:33","guid":{"rendered":"https:\/\/ridstar.eu\/?post_type=product&#038;p=12629"},"modified":"2026-04-01T03:02:23","modified_gmt":"2026-04-01T00:02:23","slug":"bicicletta-elettrica-ridstar-1000w-48v-15ah-29\u2033x2-0-ruote","status":"publish","type":"product","link":"https:\/\/ridstar.eu\/it\/prodotto\/bicicletta-elettrica-ridstar-1000w-48v-15ah-29\u2033x2-0-ruote\/","title":{"rendered":"Bicicletta elettrica Ridstar S29 PRO, 1000W, 48V, 21Ah, ruote da 29\u2033x2.0"},"content":{"rendered":"<h3><strong>Mountain bike elettrica Ridstar S29PRO: progettata per l&#039;avventura e la versatilit\u00e0!<\/strong><\/h3>\n<p>IL <strong>Ridstar S29PRO<\/strong> \u00e8 una mountain bike elettrica ad alte prestazioni progettata sia per gli amanti del brivido che per i ciclisti occasionali. Combinando un telaio in lega di alluminio leggero ma resistente con caratteristiche avanzate, questa e-bike assicura comfort, affidabilit\u00e0 e prestazioni superiori su qualsiasi terreno.<\/p>\n<hr>\n<h3><strong>Caratteristiche principali<\/strong><\/h3>\n<h4><strong>Telaio resistente e leggero<\/strong><\/h4>\n<p>Realizzato in materiali di alta qualit\u00e0 <strong>Lega di alluminio<\/strong>, il telaio della S29PRO offre una durevolezza e una stabilit\u00e0 eccezionali senza compromettere il peso. Il design leggero migliora la manovrabilit\u00e0, rendendo pi\u00f9 facile percorrere sentieri impegnativi o strade urbane.<\/p>\n<h4><strong>Potente motore da 1000 W<\/strong><\/h4>\n<p>IL <strong>mozzo posteriore motore 1000W<\/strong> offre un&#039;accelerazione fluida, potente e reattiva. Con una velocit\u00e0 massima di <strong>30-50 km\/h<\/strong>, questo motore offre il perfetto equilibrio tra velocit\u00e0 ed efficienza sia per gli spostamenti in citt\u00e0 che per le avventure fuoristrada.<\/p>\n<h4><strong>Batteria al litio a lunga durata da 48 V 21 Ah<\/strong><\/h4>\n<p>Il rimovibile <strong>Batteria da 48 V 21 Ah<\/strong> consente una gamma di <strong>31-60 chilometri<\/strong> per carica, a seconda della modalit\u00e0 di guida. Completamente ricaricabile in meno di <strong>3 ore<\/strong>, garantisce viaggi senza interruzioni, sia che tu stia andando al lavoro o esplorando terreni accidentati.<\/p>\n<h4><strong>Modalit\u00e0 di guida versatili<\/strong><\/h4>\n<p>L&#039;S29PRO \u00e8 dotato di tre modalit\u00e0 di guida:<\/p>\n<ul>\n<li><strong>Puro elettrico<\/strong> \u2013 per una guida senza sforzo.<\/li>\n<li><strong>Assistenza alla potenza<\/strong> \u2013 per amplificare gli sforzi della pedalata.<\/li>\n<li><strong>Modalit\u00e0 bici<\/strong> \u2013 per un\u2019esperienza ciclistica tradizionale.\n<p>Questa versatilit\u00e0 rende la bici adatta a ciclisti di tutti i livelli di esperienza e con tutte le preferenze.<\/li>\n<\/ul>\n<h4><strong>Sistema frenante avanzato<\/strong><\/h4>\n<p>Dotato di <strong>freni a disco meccanici anteriori e posteriori<\/strong>, l&#039;S29PRO offre una potenza di arresto affidabile in tutte le condizioni atmosferiche, migliorando la sicurezza e il controllo su superfici irregolari o scivolose.<\/p>\n<h4><strong>Cambio Shimano a 21 velocit\u00e0<\/strong><\/h4>\n<p>IL <strong>Sistema di trasmissione Shimano a 21 velocit\u00e0<\/strong> assicura cambi di marcia fluidi e precisi, consentendo di affrontare con facilit\u00e0 salite ripide, strade pianeggianti o sentieri in discesa.<\/p>\n<h4><strong>Ammortizzatore forcella anteriore<\/strong><\/h4>\n<p>IL <strong>ammortizzatore forcella anteriore<\/strong> riduce le vibrazioni e assorbe gli urti dei sentieri sconnessi, garantendo una guida fluida e confortevole anche sui terreni accidentati.<\/p>\n<hr>\n<h3><strong>Specifiche<\/strong><\/h3>\n<h4><strong>Prestazione<\/strong><\/h4>\n<ul>\n<li><strong>Potenza del motore<\/strong>: Motore mozzo posteriore da 1000 W<\/li>\n<li><strong>Massima velocit\u00e0<\/strong>: 30-50 km\/h<\/li>\n<li><strong>Allineare<\/strong>:\n<ul>\n<li>Puro elettrico: 31-40 km<\/li>\n<li>Assistenza alla potenza: 50-60 km<\/li>\n<\/ul>\n<\/li>\n<li><strong>Capacit\u00e0 della batteria<\/strong>: Batteria al litio da 48 V 21 Ah<\/li>\n<li><strong>Tempo di carica<\/strong>: Meno di 3 ore<\/li>\n<\/ul>\n<h4><strong>Costruire e progettare<\/strong><\/h4>\n<ul>\n<li><strong>Materiale del telaio<\/strong>: Lega di alluminio<\/li>\n<li><strong>Dimensioni della ruota<\/strong>: 29\u201d con <strong>Pneumatici 29\u00d72.1<\/strong><\/li>\n<li><strong>Sospensione<\/strong>: Ammortizzazione forcella anteriore<\/li>\n<\/ul>\n<h4><strong>Frenata e trasmissione<\/strong><\/h4>\n<ul>\n<li><strong>Freni<\/strong>: Freni a disco meccanici anteriori e posteriori<\/li>\n<li><strong>Ingranaggi<\/strong>: Trasmissione Shimano a 21 velocit\u00e0<\/li>\n<\/ul>\n<h4><strong>Peso e dimensioni<\/strong><\/h4>\n<ul>\n<li><strong>Peso lordo<\/strong>: 35 kg<\/li>\n<li><strong>Dimensioni confezione singola<\/strong>Dimensioni: 160x28x83 cm<\/li>\n<\/ul>\n<hr>\n<h3><strong>Perch\u00e9 scegliere Ridstar S29PRO?<\/strong><\/h3>\n<ul>\n<li><strong>Durata eccezionale<\/strong>: Telaio e componenti di alta qualit\u00e0 per prestazioni durature.<\/li>\n<li><strong>Prestazioni potenti<\/strong>:Un motore da 1000 W e tre modalit\u00e0 di guida soddisfano le pi\u00f9 svariate esigenze ciclistiche.<\/li>\n<li><strong>Frenata affidabile<\/strong>: I freni a disco garantiscono sicurezza su tutti i terreni.<\/li>\n<li><strong>Viaggio confortevole<\/strong>: Sospensioni anteriori e grandi ruote da 29\u201d per una maneggevolezza fluida.<\/li>\n<li><strong>Ricarica rapida e lunga durata della batteria<\/strong>: Perfetto per i tragitti lunghi o le escursioni sui sentieri.<\/li>\n<\/ul>\n<hr>\n<h3><strong>Esplora l&#039;aria aperta con S29PRO!<\/strong><\/h3>\n<p>Porta la tua esperienza ciclistica a un livello superiore con <strong>Bici da montagna elettrica Ridstar S29PRO<\/strong>Che tu stia guidando per le strade cittadine o affrontando sentieri impegnativi, questa e-bike offre prestazioni, comfort e versatilit\u00e0 senza pari.<\/p>\n<p><strong>Non aspettare: inizia oggi stesso la tua avventura con S29PRO!<\/strong><\/p>\n<p><img decoding=\"async\" class=\"alignnone size-full wp-image-291251\" src=\"https:\/\/ridstar.eu\/wp-content\/uploads\/2023\/09\/s29pro-2.avif\" alt=\"Ridstar S29PRO\" width=\"1080\" height=\"855\"><\/p>\n<p><img decoding=\"async\" class=\"alignnone size-full wp-image-291254\" src=\"https:\/\/ridstar.eu\/wp-content\/uploads\/2023\/09\/s29pro-5.webp\" alt=\"Ridstar S29PRO\" width=\"900\" height=\"900\"><\/p>\n<p><img decoding=\"async\" class=\"alignnone size-full wp-image-291255\" src=\"https:\/\/ridstar.eu\/wp-content\/uploads\/2023\/09\/s29pro-6.webp\" alt=\"Ridstar S29PRO\" width=\"900\" height=\"900\"><\/p>\n<p><img decoding=\"async\" class=\"alignnone size-full wp-image-291253\" src=\"https:\/\/ridstar.eu\/wp-content\/uploads\/2023\/09\/s29pro-4.avif\" alt=\"Ridstar S29PRO\" width=\"900\" height=\"900\"><\/p>\n<p><img decoding=\"async\" class=\"alignnone size-full wp-image-291256\" src=\"https:\/\/ridstar.eu\/wp-content\/uploads\/2023\/09\/s29pro-7.webp\" alt=\"Ridstar S29PRO\" width=\"1707\" height=\"1280\"><\/p>","protected":false},"excerpt":{"rendered":"<p>Ridstar S29PRO, versione pi\u00f9 recente e migliorata, batteria con maggiore capacit\u00e0.<\/p>\n<ul>\n<li>Consegna entro 3-7 giorni lavorativi.<\/li>\n<li>Garanzia: 12 mesi.<\/li>\n<li>Potenza motore 1000 W<\/li>\n<li>Capacit\u00e0 della batteria 21Ah<\/li>\n<\/ul>","protected":false},"featured_media":291257,"comment_status":"open","ping_status":"closed","template":"","meta":[],"product_brand":[],"product_cat":[212],"product_tag":[],"class_list":{"0":"post-12629","1":"product","2":"type-product","3":"status-publish","4":"has-post-thumbnail","6":"product_cat-electric-bikes","8":"first","9":"outofstock","10":"sale","11":"shipping-taxable","12":"purchasable","13":"product-type-simple"},"jetpack_sharing_enabled":true,"_links":{"self":[{"href":"https:\/\/ridstar.eu\/it\/wp-json\/wp\/v2\/product\/12629","targetHints":{"allow":["GET"]}}],"collection":[{"href":"https:\/\/ridstar.eu\/it\/wp-json\/wp\/v2\/product"}],"about":[{"href":"https:\/\/ridstar.eu\/it\/wp-json\/wp\/v2\/types\/product"}],"replies":[{"embeddable":true,"href":"https:\/\/ridstar.eu\/it\/wp-json\/wp\/v2\/comments?post=12629"}],"wp:featuredmedia":[{"embeddable":true,"href":"https:\/\/ridstar.eu\/it\/wp-json\/wp\/v2\/media\/291257"}],"wp:attachment":[{"href":"https:\/\/ridstar.eu\/it\/wp-json\/wp\/v2\/media?parent=12629"}],"wp:term":[{"taxonomy":"product_brand","embeddable":true,"href":"https:\/\/ridstar.eu\/it\/wp-json\/wp\/v2\/product_brand?post=12629"},{"taxonomy":"product_cat","embeddable":true,"href":"https:\/\/ridstar.eu\/it\/wp-json\/wp\/v2\/product_cat?post=12629"},{"taxonomy":"product_tag","embeddable":true,"href":"https:\/\/ridstar.eu\/it\/wp-json\/wp\/v2\/product_tag?post=12629"}],"curies":[{"name":"wp","href":"https:\/\/api.w.org\/{rel}","templated":true}]}}