{"id":13291,"date":"2023-12-12T09:46:57","date_gmt":"2023-12-12T07:46:57","guid":{"rendered":"https:\/\/ridstar.eu\/?page_id=13291"},"modified":"2026-03-06T11:34:11","modified_gmt":"2026-03-06T09:34:11","slug":"faq","status":"publish","type":"page","link":"https:\/\/ridstar.eu\/it\/faq\/","title":{"rendered":"FAQ"},"content":{"rendered":"<p><div class=\"et_d4_element et_pb_section et_pb_section_0 et_pb_with_background  et_pb_css_mix_blend_mode et_section_regular et_block_section\" >\n\t\t\t\t\n\t\t\t\t\n\t\t\t\t\n\t\t\t\t\n\t\t\t\t\n\t\t\t\t\n\t\t\t\t<div class=\"et_d4_element et_pb_row et_pb_row_0  et_pb_css_mix_blend_mode et_block_row\">\n\t\t\t\t<div class=\"et_d4_element et_pb_column_4_4 et_pb_column et_pb_column_0  et_pb_css_mix_blend_mode et-last-child et_block_column\">\n\t\t\t\t\n\t\t\t\t\n\t\t\t\t\n\t\t\t\t\n\t\t\t\t<div class=\"et_pb_module et_d4_element et_pb_text et_pb_text_0  et_pb_text_align_left et_pb_bg_layout_light\">\n\t\t\t\t\n\t\t\t\t\n\t\t\t\t\n\t\t\t\t\n\t\t\t\t<div class=\"et_pb_text_inner\"><p>Domande frequenti<\/p><\/div>\n\t\t\t<\/div>\n\t\t\t<\/div>\n\t\t\t\t\n\t\t\t\t\n\t\t\t\t\n\t\t\t\t\n\t\t\t<\/div><div class=\"et_d4_element et_pb_row et_pb_row_1  et_pb_css_mix_blend_mode et_block_row\">\n\t\t\t\t<div class=\"et_d4_element et_pb_column_4_4 et_pb_column et_pb_column_1  et_pb_css_mix_blend_mode et-last-child et_block_column\">\n\t\t\t\t\n\t\t\t\t\n\t\t\t\t\n\t\t\t\t\n\t\t\t\t<div class=\"et_pb_module et_d4_element et_pb_text et_pb_text_1  et_pb_text_align_left et_pb_bg_layout_light\">\n\t\t\t\t\n\t\t\t\t\n\t\t\t\t\n\t\t\t\t\n\t\t\t\t<div class=\"et_pb_text_inner\"><p>Domande frequenti.<br \/>Ecco alcune domande comuni sull&#039;e-shop RIDSTAR EU.<\/p>\n<div id=\"simple-translate\" class=\"simple-translate-light-theme\">\n<div>\n<div class=\"simple-translate-button isShow\" style=\"background-image: url('chrome-extension:\/\/cllnohpbfenopiakdcjmjcbaeapmkcdl\/icons\/512.png'); height: 22px; width: 22px; top: 89px; left: 122px;\"><\/div>\n<div class=\"simple-translate-panel\" style=\"width: 300px; height: 200px; top: 0px; left: 0px; font-size: 13px;\">\n<div class=\"simple-translate-result-wrapper\" style=\"overflow: hidden;\">\n<div class=\"simple-translate-move\" draggable=\"true\"><\/div>\n<div class=\"simple-translate-result-contents\">\n<p class=\"simple-translate-result\" dir=\"auto\">\n<p class=\"simple-translate-candidate\" dir=\"auto\">\n<\/div>\n<\/div>\n<\/div>\n<\/div>\n<\/div><\/div>\n\t\t\t<\/div>\n\t\t\t<\/div>\n\t\t\t\t\n\t\t\t\t\n\t\t\t\t\n\t\t\t\t\n\t\t\t<\/div>\n\t\t\t\t\n\t\t\t\t\n\t\t\t<\/div><div class=\"et_d4_element et_pb_section et_pb_section_1 et_pb_with_background  et_pb_css_mix_blend_mode et_section_regular et_block_section\" >\n\t\t\t\t\n\t\t\t\t\n\t\t\t\t\n\t\t\t\t\n\t\t\t\t\n\t\t\t\t\n\t\t\t\t<div class=\"et_d4_element et_pb_row et_pb_row_2  et_pb_css_mix_blend_mode et_block_row\">\n\t\t\t\t<div class=\"et_d4_element et_pb_column_4_4 et_pb_column et_pb_column_2  et_pb_css_mix_blend_mode et-last-child et_block_column\">\n\t\t\t\t\n\t\t\t\t\n\t\t\t\t\n\t\t\t\t\n\t\t\t\t<div class=\"et_pb_module et_d4_element et_pb_divider et_pb_divider_0 et_pb_space\"><div class=\"et_pb_divider_internal\"><\/div><\/div><div class=\"et_pb_module et_d4_element et_pb_toggle et_pb_toggle_0 et_pb_toggle_item  et_pb_toggle_close\">\n\t\t\t\t\n\t\t\t\t\n\t\t\t\t\n\t\t\t\t\n\t\t\t\t<h5 class=\"et_pb_toggle_title\">Come ci si pu\u00f2 fidare di te?<\/h5>\n\t\t\t\t<div class=\"et_pb_toggle_content clearfix\"><p>Abbiamo la pi\u00f9 lunga esperienza di qualsiasi partner RIDSTAR sul mercato. Abbiamo venduto pi\u00f9 di 200 bici elettriche. Poich\u00e9 il produttore non ha i propri negozi al dettaglio (s\u00ec, alcuni venditori con domini rubati affermano di essere produttori), abbiamo scelto il mercato europeo come nostro mercato principale e operiamo esclusivamente qui, offrendo la migliore esperienza possibile al cliente. Non nascondiamo la nostra identit\u00e0, offriamo tutti i metodi di pagamento pi\u00f9 sicuri.<br \/>Abbiamo il punteggio di affidabilit\u00e0 pi\u00f9 alto tra tutti i negozi Ridstar sul mercato.<\/p>\n<p><img decoding=\"async\" src=\"https:\/\/ridstar.eu\/wp-content\/uploads\/2025\/01\/trust.png\" width=\"1416\" height=\"529\" alt=\"fiducia ridstar\" class=\"wp-image-291260 alignnone size-full\" \/><\/p><\/div>\n\t\t\t<\/div><div class=\"et_pb_module et_d4_element et_pb_divider et_pb_divider_1 et_pb_space\"><div class=\"et_pb_divider_internal\"><\/div><\/div><div class=\"et_pb_module et_d4_element et_pb_toggle et_pb_toggle_1 et_pb_toggle_item  et_pb_toggle_close\">\n\t\t\t\t\n\t\t\t\t\n\t\t\t\t\n\t\t\t\t\n\t\t\t\t<h5 class=\"et_pb_toggle_title\">Quali metodi di pagamento accettate?<\/h5>\n\t\t\t\t<div class=\"et_pb_toggle_content clearfix\"><p>Accettiamo pagamenti con carta (Visa, Mastercard),<\/p>\n<p>tramite la piattaforma di riscossione dei pagamenti Paysera (le modalit\u00e0 di pagamento sono individuali per paese).<\/p>\n<p>PayPal<\/p>\n<div id=\"simple-translate\" class=\"simple-translate-light-theme\">\n<div>\n<div class=\"simple-translate-panel\" style=\"width: 300px; height: 200px; top: 0px; left: 0px; font-size: 13px;\">\n<div class=\"simple-translate-result-wrapper\" style=\"overflow: hidden;\">\n<div class=\"simple-translate-move\" draggable=\"true\"><\/div>\n<div class=\"simple-translate-result-contents\">\n<p class=\"simple-translate-candidate\" dir=\"auto\">\n<\/div>\n<\/div>\n<\/div>\n<\/div>\n<\/div><\/div>\n\t\t\t<\/div><div class=\"et_pb_module et_d4_element et_pb_divider et_pb_divider_2 et_pb_space\"><div class=\"et_pb_divider_internal\"><\/div><\/div><div class=\"et_pb_module et_d4_element et_pb_toggle et_pb_toggle_2 et_pb_toggle_item  et_pb_toggle_close\">\n\t\t\t\t\n\t\t\t\t\n\t\t\t\t\n\t\t\t\t\n\t\t\t\t<h5 class=\"et_pb_toggle_title\">Spedite nel mio paese?<\/h5>\n\t\t\t\t<div class=\"et_pb_toggle_content clearfix\"><p>Se vivi in un paese dell&#039;Unione Europea, s\u00ec, spediremo nel tuo paese gratuitamente. Sono previste eccezioni per le isole.<\/p><\/div>\n\t\t\t<\/div><div class=\"et_pb_module et_d4_element et_pb_divider et_pb_divider_3 et_pb_space\"><div class=\"et_pb_divider_internal\"><\/div><\/div><div class=\"et_pb_module et_d4_element et_pb_toggle et_pb_toggle_3 et_pb_toggle_item  et_pb_toggle_close\">\n\t\t\t\t\n\t\t\t\t\n\t\t\t\t\n\t\t\t\t\n\t\t\t\t<h5 class=\"et_pb_toggle_title\">Quando verr\u00e0 spedito il mio ordine?<\/h5>\n\t\t\t\t<div class=\"et_pb_toggle_content clearfix\"><p>Di solito spediamo entro 1-2 giorni lavorativi e ci vogliono circa 3-4 giorni prima che il pacco ti raggiunga. <strong>Si prega di notare che durante le festivit\u00e0, a causa dei carichi pesanti dei corrieri, le spedizioni potrebbero subire ritardi!<\/strong><\/p>\n<div id=\"simple-translate\" class=\"simple-translate-light-theme\">\n<div>\n<div class=\"simple-translate-button isShow\" style=\"background-image: url('chrome-extension:\/\/cllnohpbfenopiakdcjmjcbaeapmkcdl\/icons\/512.png'); height: 22px; width: 22px; top: 138px; left: 242px;\"><\/div>\n<div class=\"simple-translate-panel\" style=\"width: 300px; height: 200px; top: 0px; left: 0px; font-size: 13px;\">\n<div class=\"simple-translate-result-wrapper\" style=\"overflow: hidden;\">\n<div class=\"simple-translate-move\" draggable=\"true\"><\/div>\n<div class=\"simple-translate-result-contents\">\n<p class=\"simple-translate-result\" dir=\"auto\">\n<p class=\"simple-translate-candidate\" dir=\"auto\">\n<\/div>\n<\/div>\n<\/div>\n<\/div>\n<\/div><\/div>\n\t\t\t<\/div><div class=\"et_pb_module et_d4_element et_pb_divider et_pb_divider_4 et_pb_space\"><div class=\"et_pb_divider_internal\"><\/div><\/div><div class=\"et_pb_module et_d4_element et_pb_toggle et_pb_toggle_4 et_pb_toggle_item  et_pb_toggle_close\">\n\t\t\t\t\n\t\t\t\t\n\t\t\t\t\n\t\t\t\t\n\t\t\t\t<h5 class=\"et_pb_toggle_title\">Quali parti sono coperte e per quanto tempo?<\/h5>\n\t\t\t\t<div class=\"et_pb_toggle_content clearfix\"><p>Nota:<br \/>1. Tutte le parti dell&#039;intero veicolo saranno garantite in stretta conformit\u00e0<br \/>con il periodo di garanzia. 2. Modifica non autorizzata del titolare del trattamento,<br \/>la batteria e il caricabatterie non sono coperti da garanzia. 3. Regali, parti usurate e<br \/>gli accessori dell&#039;imballaggio non sono coperti dalla garanzia. 4. Danni causati<br \/>da fattori umani non \u00e8 coperto dalla garanzia.\u00a0<\/p>\n<table class=\"NormalTable\">\n<tbody>\n<tr>\n<td width=\"125\" style=\"border: solid 1px #000000;\"><span class=\"fontstyle0\">Batteria <\/span><\/td>\n<td width=\"99\" style=\"border: solid 1px #000000;\"><span class=\"fontstyle0\">12 mesi<\/span><\/td>\n<td width=\"233\" style=\"border: solid 1px #000000;\"><span class=\"fontstyle0\">Se la capacit\u00e0 della batteria normalmente diminuisce di oltre 50% entro un anno (ad eccezione dei fattori umani), sostituire gratuitamente la batteria con una nuova entro 6 mesi e fornire una garanzia gratuita da 7 a 18 mesi. (Nessuna garanzia per l&#039;ingresso di acqua nella batteria)<\/span><\/td>\n<\/tr>\n<\/tbody>\n<\/table>\n<table class=\"NormalTable\">\n<tbody>\n<tr>\n<td width=\"125\" style=\"border: solid 1px #000000;\"><span class=\"fontstyle0\">Il motore <\/span><\/td>\n<td width=\"99\" style=\"border: solid 1px #000000;\"><span class=\"fontstyle0\">12 mesi<\/span><\/td>\n<td width=\"233\" style=\"border: solid 1px #000000;\"><span class=\"fontstyle0\">Il motore non pu\u00f2 essere utilizzato normalmente per sostituire il motore a causa di un guasto dovuto al normale utilizzo entro 6 mesi. Garanzia gratuita per 7-18 mesi. (Nessuna garanzia per l&#039;afflusso di acqua)<\/span><\/td>\n<\/tr>\n<\/tbody>\n<\/table>\n<table class=\"NormalTable\">\n<tbody>\n<tr>\n<td width=\"125\" style=\"border: solid 1px #000000;\"><span class=\"fontstyle0\">Strumento\/controllore\/caricabatterie <\/span><\/td>\n<td width=\"99\" style=\"border: solid 1px #000000;\"><span class=\"fontstyle0\">6 mesi<\/span><\/td>\n<td width=\"233\" style=\"border: solid 1px #000000;\"><span class=\"fontstyle0\">In caso di guasto, la prestazione non pu\u00f2 essere recuperata e pu\u00f2 essere sostituita (auto-refitting, nessuna sostituzione per danni causati dall&#039;uomo)<\/span><\/td>\n<\/tr>\n<\/tbody>\n<\/table>\n<table class=\"NormalTable\">\n<tbody>\n<tr>\n<td width=\"125\" style=\"border: solid 1px #000000;\"><span class=\"fontstyle0\">Booster\/interruttore acceleratore\/luce anteriore<\/span><\/td>\n<td width=\"99\" style=\"border: solid 1px #000000;\"><span class=\"fontstyle0\">6 mesi <\/span><\/td>\n<td width=\"233\" style=\"border: solid 1px #000000;\"><span class=\"fontstyle0\">Il guasto pu\u00f2 essere sostituito gratuitamente<\/span><\/td>\n<\/tr>\n<\/tbody>\n<\/table>\n<table class=\"NormalTable\">\n<tbody>\n<tr>\n<td width=\"125\" style=\"border: solid 1px #000000;\"><span class=\"fontstyle0\">Telaio <\/span><\/td>\n<td width=\"99\" style=\"border: solid 1px #000000;\"><span class=\"fontstyle0\">24 mesi<\/span><\/td>\n<td width=\"233\" style=\"border: solid 1px #000000;\"><span class=\"fontstyle0\">Sostituzione gratuita per fessurazioni naturali, dissaldature e fratture<\/span><\/td>\n<\/tr>\n<\/tbody>\n<\/table>\n<table class=\"NormalTable\">\n<tbody>\n<tr>\n<td width=\"125\" style=\"border: solid 1px #000000;\"><span class=\"fontstyle0\">Forcella anteriore <\/span><\/td>\n<td width=\"99\" style=\"border: solid 1px #000000;\"><span class=\"fontstyle0\">12 mesi<\/span><\/td>\n<td width=\"233\" style=\"border: solid 1px #000000;\"><span class=\"fontstyle0\">Sostituzione gratuita per fessurazioni naturali, dissaldature e fratture<\/span><\/td>\n<\/tr>\n<\/tbody>\n<\/table>\n<table class=\"NormalTable\">\n<tbody>\n<tr>\n<td width=\"125\" style=\"border: solid 1px #000000;\"><span class=\"fontstyle0\">Sistema di trasmissione\/pedali\/portapacchi<\/span><\/td>\n<td width=\"99\" style=\"border: solid 1px #000000;\"><span class=\"fontstyle0\">6 mesi <\/span><\/td>\n<td width=\"233\" style=\"border: solid 1px #000000;\"><span class=\"fontstyle0\">Il guasto pu\u00f2 essere sostituito gratuitamente<\/span><\/td>\n<\/tr>\n<\/tbody>\n<\/table>\n<p>&nbsp;<\/p><\/div>\n\t\t\t<\/div><div class=\"et_pb_module et_d4_element et_pb_divider et_pb_divider_5 et_pb_space\"><div class=\"et_pb_divider_internal\"><\/div><\/div><div class=\"et_pb_module et_d4_element et_pb_toggle et_pb_toggle_5 et_pb_toggle_item  et_pb_toggle_close\">\n\t\t\t\t\n\t\t\t\t\n\t\t\t\t\n\t\t\t\t\n\t\t\t\t<h5 class=\"et_pb_toggle_title\">Ho acquistato un Ridstar da un altro negozio, posso richiedere una garanzia da voi?<\/h5>\n\t\t\t\t<div class=\"et_pb_toggle_content clearfix\"><p>La garanzia \u00e8 fornita dal negozio che ti ha venduto la bici! Puoi contattarci per una richiesta di garanzia se hai acquistato la tua bicicletta dal nostro e-shop. <br \/>Se la garanzia \u00e8 scaduta e hai bisogno di pezzi di ricambio, contattaci e ti aiuteremo.<\/p>\n<p><strong>Scegli il tuo rivenditore di biciclette in modo responsabile!<\/strong><\/p>\n<div id=\"simple-translate\" class=\"simple-translate-light-theme\">\n<div>\n<div class=\"simple-translate-button isShow\" style=\"background-image: url('chrome-extension:\/\/cllnohpbfenopiakdcjmjcbaeapmkcdl\/icons\/512.png'); height: 22px; width: 22px; top: 228px; left: 109px;\"><\/div>\n<div class=\"simple-translate-panel\" style=\"width: 300px; height: 200px; top: 0px; left: 0px; font-size: 13px;\">\n<div class=\"simple-translate-result-wrapper\" style=\"overflow: hidden;\">\n<div class=\"simple-translate-move\" draggable=\"true\"><\/div>\n<div class=\"simple-translate-result-contents\">\n<p class=\"simple-translate-result\" dir=\"auto\">\n<p class=\"simple-translate-candidate\" dir=\"auto\">\n<\/div>\n<\/div>\n<\/div>\n<\/div>\n<\/div><\/div>\n\t\t\t<\/div><div class=\"et_pb_module et_d4_element et_pb_divider et_pb_divider_6 et_pb_space\"><div class=\"et_pb_divider_internal\"><\/div><\/div><div class=\"et_pb_module et_d4_element et_pb_toggle et_pb_toggle_6 et_pb_toggle_item  et_pb_toggle_close\">\n\t\t\t\t\n\t\t\t\t\n\t\t\t\t\n\t\t\t\t\n\t\t\t\t<h5 class=\"et_pb_toggle_title\">Domande tecniche<\/h5>\n\t\t\t\t<div class=\"et_pb_toggle_content clearfix\"><p>1. <strong>Le nostre bici elettriche sono impermeabili<\/strong> IP54\/IP67, con un certo livello di impermeabilit\u00e0, lascia comunque il dispositivo suscettibile di danneggiarsi se sottoposto a getti d&#039;acqua, o immersione temporanea o continua in acqua. Consigliamo quindi di cercare di evitare l&#039;utilizzo sotto la pioggia e di asciugarlo per tempo dopo l&#039;uso.<\/p>\n<p>2. <span>Crediamo che <strong>assemblaggio della bicicletta<\/strong> \u00e8 abbastanza semplice e generalmente richiede circa 15-25 minuti per metterlo insieme. Ogni bici viene fornita con una guida di installazione a cui puoi fare riferimento oppure puoi fare riferimento al video di installazione.<\/span><\/p>\n<p>3. <span><strong>Tempo di carica<\/strong> dipende dalla capacit\u00e0 della batteria. La ricarica della maggior parte delle nostre bici elettriche e dei nostri scooter elettrici richiede meno di 6 ore, puoi consultare il manuale del prodotto.<\/span><\/p>\n<p>4. <strong>Durata della batteria<\/strong> M<span>Dipende da come viene mantenuta la batteria. In condizioni sane, le batterie hanno una durata nominale di 800-1000 cicli. Questo pu\u00f2 essere ridotto a seconda dell&#039;uso e della conservazione\/cura della batteria.<\/span><br \/><span>Mantieni il livello di carica della batteria tra 30-80% ove possibile. Ci\u00f2 aumenter\u00e0 notevolmente la durata della batteria. Non conservare la batteria collegata a un caricabatterie. La ricarica deve essere monitorata e la batteria non deve essere lasciata collegata al caricabatterie.<\/span><\/p>\n<p>5. <span>Dopo aver ricevuto la bicicletta, ti consigliamo <strong>caricarlo per 5 ore<\/strong>.<\/span><\/p>\n<p><span>6. <strong>Potenza del motore della bici elettrica. <\/strong>Tutte le e-bike hanno una potenza massima del motore, non una potenza nominale, come indicato nella descrizione e nel nome della bici. La potenza nominale pu\u00f2 essere calcolata in base alla tensione della bici e alla corrente supportata dal controller.<\/span><\/p><\/div>\n\t\t\t<\/div><div class=\"et_pb_module et_d4_element et_pb_divider et_pb_divider_7 et_pb_space\"><div class=\"et_pb_divider_internal\"><\/div><\/div><div class=\"et_pb_module et_d4_element et_pb_divider_8 et_pb_space et_pb_divider_hidden\"><div class=\"et_pb_divider_internal\"><\/div><\/div>\n\t\t\t<\/div>\n\t\t\t\t\n\t\t\t\t\n\t\t\t\t\n\t\t\t\t\n\t\t\t<\/div>\n\t\t\t\t\n\t\t\t\t\n\t\t\t<\/div><div class=\"et_d4_element et_pb_section et_pb_section_2 et_pb_section_parallax et_pb_with_background  et_pb_css_mix_blend_mode et_section_regular et_block_section\" >\n\t\t\t\t\n\t\t\t\t<span class=\"et_parallax_bg_wrap et-pb-parallax-wrapper\"><span\n\t\t\t\t\t\tclass=\"et_parallax_bg et_parallax_bg--et_pb_section_2\"\n\t\t\t\t\t\tstyle=\"background-image: url(https:\/\/ridstar.eu\/wp-content\/uploads\/2023\/12\/3-1.jpg);\"\n\t\t\t\t\t><\/span><\/span>\n\t\t\t\t\n\t\t\t\t\n\t\t\t\t\n\t\t\t\t\n\t\t\t\t<div class=\"et_d4_element et_pb_row et_pb_row_3  et_pb_css_mix_blend_mode et_block_row\">\n\t\t\t\t<div class=\"et_d4_element et_pb_column_4_4 et_pb_column et_pb_column_3  et_pb_css_mix_blend_mode et-last-child et_block_column\">\n\t\t\t\t\n\t\t\t\t\n\t\t\t\t\n\t\t\t\t\n\t\t\t\t<div class=\"et_pb_module et_d4_element et_pb_text et_pb_text_2  et_pb_text_align_left et_pb_bg_layout_light\">\n\t\t\t\t\n\t\t\t\t\n\t\t\t\t\n\t\t\t\t\n\t\t\t\t<div class=\"et_pb_text_inner\"><p>Ancora bisogno di aiuto? Inviaci una nota!<\/p><\/div>\n\t\t\t<\/div><div class=\"et_pb_module et_d4_element et_pb_text et_pb_text_3  et_pb_text_align_left et_pb_bg_layout_light\">\n\t\t\t\t\n\t\t\t\t\n\t\t\t\t\n\t\t\t\t\n\t\t\t\t<div class=\"et_pb_text_inner\"><p>Per qualsiasi altra domanda, per favore <a href=\"mailto: hello@ridstar.eu\">Invia una email<\/a><\/p><\/div>\n\t\t\t<\/div>\n\t\t\t<\/div>\n\t\t\t\t\n\t\t\t\t\n\t\t\t\t\n\t\t\t\t\n\t\t\t<\/div>\n\t\t\t\t\n\t\t\t\t\n\t\t\t<\/div><\/p>","protected":false},"excerpt":{"rendered":"","protected":false},"author":1,"featured_media":0,"parent":0,"menu_order":0,"comment_status":"closed","ping_status":"closed","template":"","meta":{"_et_pb_use_builder":"on","_et_pb_old_content":"","_et_gb_content_width":"","footnotes":""},"class_list":["post-13291","page","type-page","status-publish","hentry"],"jetpack_sharing_enabled":true,"_links":{"self":[{"href":"https:\/\/ridstar.eu\/it\/wp-json\/wp\/v2\/pages\/13291","targetHints":{"allow":["GET"]}}],"collection":[{"href":"https:\/\/ridstar.eu\/it\/wp-json\/wp\/v2\/pages"}],"about":[{"href":"https:\/\/ridstar.eu\/it\/wp-json\/wp\/v2\/types\/page"}],"author":[{"embeddable":true,"href":"https:\/\/ridstar.eu\/it\/wp-json\/wp\/v2\/users\/1"}],"replies":[{"embeddable":true,"href":"https:\/\/ridstar.eu\/it\/wp-json\/wp\/v2\/comments?post=13291"}],"version-history":[{"count":0,"href":"https:\/\/ridstar.eu\/it\/wp-json\/wp\/v2\/pages\/13291\/revisions"}],"wp:attachment":[{"href":"https:\/\/ridstar.eu\/it\/wp-json\/wp\/v2\/media?parent=13291"}],"curies":[{"name":"wp","href":"https:\/\/api.w.org\/{rel}","templated":true}]}}