{"id":12595,"date":"2023-09-20T10:55:46","date_gmt":"2023-09-20T07:55:46","guid":{"rendered":"https:\/\/ridstar.eu\/?page_id=12595"},"modified":"2026-03-10T13:15:49","modified_gmt":"2026-03-10T11:15:49","slug":"termini-di-utilizzo","status":"publish","type":"page","link":"https:\/\/ridstar.eu\/it\/terms-of-use\/","title":{"rendered":"Termini di utilizzo"},"content":{"rendered":"<div class=\"et_pb_section_0 et_pb_section et_section_regular et_block_section\">\n<div class=\"et_pb_row_0 et_pb_row et_block_row\">\n<div class=\"et_pb_column_0 et_pb_column et_pb_column_4_4 et-last-child et_block_column et_pb_css_mix_blend_mode_passthrough\">\n<div class=\"et_pb_text_0 et_pb_text et_pb_bg_layout_light et_pb_module et_block_module\"><div class=\"et_pb_text_inner\"><header class=\"entry-header\">\n<h1 class=\"entry-title\"><\/h1>\n<p>\u00a0<\/p>\n<p>\u00a0<\/p>\n<p>\u00a0<\/p>\n<p>\u00a0<\/p>\n<h1 class=\"entry-title\">Termini e Condizioni<\/h1>\n<\/header>\n<div class=\"entry-content\">\n<p>I termini e le condizioni sono stati aggiornati l&#039;ultima volta il 21\/09\/2023<\/p>\n<p>1. Introduzione<\/p>\n<p>I presenti Termini e Condizioni si applicano a questo sito Web e alle transazioni relative ai nostri prodotti e servizi. Potresti essere soggetto ad accordi aggiuntivi relativi al tuo rapporto con noi o a qualsiasi prodotto o servizio che ricevi da noi. Se qualsiasi disposizione degli Accordi Supplementari \u00e8 in conflitto con qualsiasi disposizione dei presenti Termini, le disposizioni di tali Accordi Supplementari prevarranno e prevarranno.<\/p>\n<p>2. Obbligatorio<\/p>\n<p>Registrandoti, accedendo o utilizzando in altro modo questo sito Web, accetti di essere vincolato dai seguenti Termini e Condizioni. Il semplice utilizzo di questo sito Web costituisce la comprensione e l&#039;accettazione di questi Termini e Condizioni. In alcuni casi specifici, potremmo chiederti di esprimere il tuo consenso.<\/p>\n<p>3. Comunicazione elettronica<\/p>\n<p>Utilizzando questo sito Web o comunicando con noi elettronicamente, accetti e riconosci che possiamo comunicare con te elettronicamente sul nostro sito Web o inviandoti posta elettronica e accetti che tutti gli accordi, avvisi, divulgazioni e altre comunicazioni che ti forniamo elettronicamente in in modo conforme a tutti i requisiti legali, incluso ma non limitato al requisito che tali avvisi siano in forma scritta.<\/p>\n<p>4. Propriet\u00e0 intellettuale<\/p>\n<p>Noi o i nostri concessori di licenza possediamo e controlliamo tutti i diritti d&#039;autore e altri diritti di propriet\u00e0 intellettuale nel e sul Sito Web e i dati, le informazioni e le altre risorse visualizzate o disponibili su di esso.<\/p>\n<p>4.1. Tutti i diritti riservati<\/p>\n<p>A meno che il contenuto specifico non indichi diversamente, non ti viene concessa alcuna licenza o altro diritto in base a copyright, marchio, brevetto o altro diritto di propriet\u00e0 intellettuale. Ci\u00f2 significa che non potrai, senza la nostra previa autorizzazione scritta, utilizzare, copiare, riprodurre, eseguire, visualizzare, visualizzare, distribuire, installare su qualsiasi supporto elettronico, modificare, trasferire, decompilare, trasmettere, trasferire, trasmettere, vendere, rivendere o commercializzare qualsiasi contenuto di questo sito web. risorse in qualsiasi forma, tranne nei casi e solo nella misura diversa prevista da atti giuridici vincolanti (ad esempio il diritto di citazione).<\/p>\n<p>5. Propriet\u00e0 di terzi<\/p>\n<p>Il nostro sito web pu\u00f2 contenere collegamenti ipertestuali o altri collegamenti a siti web di altri paesi. Non controlliamo n\u00e9 esaminiamo il contenuto dei siti Web di terzi collegati da questo sito Web. I prodotti o i servizi offerti da altri siti web sono soggetti ai termini e alle condizioni di tali terzi. Non approviamo necessariamente le opinioni espresse su tali siti o il materiale in essi contenuto.<\/p>\n<p>Non siamo responsabili delle pratiche sulla privacy o del contenuto di questi siti Web. L&#039;utilizzo di questi siti Web e di eventuali servizi di terze parti correlati \u00e8 a proprio rischio. Non accettiamo alcuna responsabilit\u00e0 per eventuali perdite o danni in qualunque modo causati a seguito della divulgazione di informazioni personali a terzi.<\/p>\n<p>6. Uso responsabile<\/p>\n<p>Visitando il nostro sito Web, accetti di utilizzarlo solo per gli scopi previsti e come consentito dai presenti Termini, da eventuali accordi aggiuntivi con noi, dalle leggi e dai regolamenti applicabili, dalle pratiche Internet generalmente accettate e dalle linee guida del settore. Non \u00e8 possibile utilizzare il nostro Sito o i nostri Servizi utilizzando, pubblicando o distribuendo materiale costituito da (o collegato a) software dannoso; utilizzare i dati raccolti dal nostro sito Web per attivit\u00e0 di marketing diretto o condurre attivit\u00e0 di raccolta dati sistematiche o automatizzate su o in connessione con il nostro sito Web.<\/p>\n<p>\u00c8 severamente vietato impegnarsi in qualsiasi attivit\u00e0 che causi o possa causare danni al Sito o interferire con il funzionamento, la disponibilit\u00e0 o l&#039;accessibilit\u00e0 del Sito.<\/p>\n<p>7. Registrazione<\/p>\n<p>\u00c8 possibile registrare un account sul nostro sito web. Durante questo processo potrebbe esserti chiesto di scegliere una password. Sei responsabile di mantenere riservate le tue password e le informazioni del tuo account e accetti di non condividere le tue password, le informazioni del tuo account o l&#039;accesso sicuro al nostro sito Web o ai nostri servizi con nessun&#039;altra persona. Non puoi consentire a nessun&#039;altra persona di utilizzare il tuo account per accedere al Sito e sei responsabile di tutte le attivit\u00e0 che si verificano con le tue password o account. Devi avvisarci immediatamente di qualsiasi divulgazione della tua password.<\/p>\n<p>Dopo la chiusura dell&#039;account, non potrai tentare di registrare un nuovo account senza la nostra autorizzazione.<\/p>\n<p>8. Politica di restituzione e rimborso<\/p>\n<p>8.1. Diritto di recedere dal contratto<\/p>\n<p><span style=\"font-size: 14px;\">Le nostre attivit\u00e0 in Europa sono individuali. E le leggi si applicano come se stessi acquistando da un privato.<\/span><\/p>\n<p><span style=\"font-size: 14px;\">Hai diritto al rimborso se hai ricevuto un prodotto che non \u00e8 uguale a quello ordinato o se \u00e8 difettoso. Una volta disimballata, la bici non pu\u00f2 essere restituita.<\/span><\/p>\n<p>Per un ordine annullato, una volta che \u00e8 stato consegnato al corriere, l&#039;acquirente \u00e8 responsabile delle spese di spedizione (spese di spedizione in tutta l&#039;UE 220 EUR)<span style=\"font-size: 14px;\"><\/span><\/p>\n<p><span style=\"font-size: 14px;\">Per esercitare il tuo diritto di recedere dal presente contratto, devi informarci della tua decisione di recedere dal presente contratto mediante una dichiarazione inequivocabile (ad esempio, mediante lettera inviata per posta, fax o e-mail). I nostri dettagli di contatto sono riportati di seguito. \u00c8 possibile utilizzare il modulo di rinuncia campione allegato, ma non \u00e8 obbligatorio.<\/span><\/p>\n<p>Se eserciti questa opzione, ti trasmetteremo tempestivamente su un supporto durevole (ad esempio, posta elettronica) una conferma di ricezione di tale rinuncia.<\/p>\n<p>Abbiamo il diritto di offrirti un rimborso parziale, inviarti la parte difettosa o qualsiasi altro modo reciprocamente accettabile per risolvere la situazione.<\/p>\n<p>Tieni presente che le consegne dalla Cina sono irregolari e non siamo in grado di fornire un tempo di consegna esatto a causa di vari eventi di forza maggiore (azioni militari in mare da parte degli Hussi e altri fattori che influenzano la spedizione). Gli ordini spediti dal magazzino cinese sono irrevocabili.<span style=\"font-size: 14px;\">\u00a0<\/span><\/p>\n<p>I rimborsi richiedono fino a 2 settimane.<\/p>\n<p>8.2. Conseguenze della rinuncia<\/p>\n<p>\u00c8 necessario restituire la merce o consegnarla a noi o alla nostra persona autorizzata per l&#039;accettazione senza indebito ritardo e in ogni caso entro e non oltre 14 giorni dalla notifica del recesso dal presente contratto. Tale termine \u00e8 considerato mancato se rispedisci i beni prima del termine di 14 giorni.<\/p>\n<p>Potremo trattenere il rimborso finch\u00e9 non avremo ricevuto i beni oppure finch\u00e9 non avrai fornito la prova di aver rispedito i beni, a seconda di quale evento si verifichi per primo.<\/p>\n<p>Tutti i costi associati alla restituzione sono a carico dell&#039;acquirente.<\/p>\n<p>Sei l&#039;unico responsabile della diminuzione del valore dei beni risultante da una manipolazione del bene, diversa da quella necessaria per determinare la natura, le caratteristiche e le prestazioni dei beni.<\/p>\n<p>Tieni presente che esistono alcune eccezioni legali al diritto di recesso, pertanto alcune merci non possono essere restituite o cambiate. Ti faremo sapere se questo \u00e8 applicabile al tuo caso particolare.<\/p>\n<p>9. Presentazione delle idee<\/p>\n<p>Non inviare idee, invenzioni, diritti d&#039;autore o altre informazioni che potrebbero essere considerate di tua propriet\u00e0 intellettuale e che desideri sottoporci a meno che non firmiamo prima un accordo di propriet\u00e0 intellettuale o un accordo di non divulgazione. Se ce li riveli senza tale accordo scritto, ci concedi una licenza mondiale, irrevocabile, non esclusiva, esente da royalty per utilizzare, riprodurre, archiviare, adattare, pubblicare, tradurre e distribuire i tuoi contenuti su qualsiasi supporto esistente o futuro.<\/p>\n<p>10. Cessazione dell&#039;utilizzo<\/p>\n<p>Potremo in qualsiasi momento, a nostra esclusiva discrezione, modificare o interrompere temporaneamente o permanentemente l&#039;accesso al Sito o a qualsiasi servizio in esso contenuto. Accetti che non saremo responsabili nei tuoi confronti o nei confronti di terzi per qualsiasi modifica, sospensione o cessazione del tuo accesso al sito Web o di qualsiasi contenuto che potresti aver condiviso sul sito Web. Non avrai diritto ad alcun compenso o altro pagamento, anche se determinate funzionalit\u00e0, impostazioni e\/o qualsiasi contenuto a cui hai contribuito o su cui hai fatto affidamento vengono persi in modo permanente. Non \u00e8 possibile aggirare o aggirare o tentare di aggirare o aggirare qualsiasi misura di restrizione dell&#039;accesso sul nostro sito web.<\/p>\n<p>11. Garanzie e responsabilit\u00e0<\/p>\n<p><span>La garanzia \u00e8 espressamente limitata alla sostituzione di una batteria agli ioni di litio difettosa (\u201c<\/span><strong>Batteria<\/strong><span>&quot;), telaio, forcella, attacco manubrio, manubrio, serie sterzo, reggisella, sella, freni, luci, movimento centrale, guarnitura, pedali, cerchi, mozzo ruota, ruota libera, cassetta, deragliatore, cambio, motore, acceleratore, controller, cablaggio cablaggio, display LCD, cavalletto, catarifrangenti e hardware (ciascuno un &quot;<\/span><strong>Componente coperto<\/strong><span>&quot;).<\/span><\/p>\n<div id=\"s-6bcb05ea-21d0-42c6-8402-6cb62c9d4792\" class=\"shg-c heading shg-align-left\">\n<div class=\"shogun-heading-component\">\n<h2><span style=\"font-size: small;\">La presente garanzia limitata non copre:<\/span><\/h2>\n<\/div>\n<\/div>\n<div id=\"s-e4a2a692-21dc-45f7-8238-fa18a30457f3\" class=\"shg-c\">\n<div class=\"shg-rich-text shg-theme-text-content\">\n<ul>\n<li>Normale usura di qualsiasi componente coperto.<\/li>\n<li>Materiali di consumo o parti soggette a normale usura (inclusi, a titolo esemplificativo, pneumatici, camere d&#039;aria, pastiglie dei freni, cavi e alloggiamenti, manopole, catena e raggi).<\/li>\n<li>Eventuali danni o difetti ai Componenti coperti derivanti dalla mancata osservanza delle istruzioni contenute nel manuale del proprietario dell&#039;ebike, cause di forza maggiore, incidenti, uso improprio, negligenza, abuso, uso commerciale, alterazioni, modifiche, assemblaggio improprio, installazione di parti o accessori non originariamente previsti o compatibile con l&#039;ebike venduta, errore dell&#039;operatore, danni causati dall&#039;acqua, guida estrema, acrobazia o manutenzione successiva impropria.<\/li>\n<li>A scanso di equivoci, non saremo responsabili e\/o responsabili per eventuali danni, guasti o perdite causati da qualsiasi servizio non autorizzato o dall&#039;uso di parti non autorizzate.<\/li>\n<li>La batteria non \u00e8 garantita da danni derivanti da sbalzi di tensione, uso di un caricabatterie improprio, manutenzione impropria o altro uso improprio, normale usura o danni causati dall&#039;acqua.<\/li>\n<li>Qualsiasi prodotto venduto da Ridstar EU che non sia un&#039;ebike.<br \/>Per il modulo di garanzia compilare questa pagina: <a href=\"https:\/\/ridstar.eu\/it\/supporto\/\">Supporto - Biciclette elettriche RIDSTAR - Negozio online ufficiale<\/a><\/li>\n<\/ul>\n<p>\u00a0<\/p>\n<p>\u00a0<\/p>\n<\/div>\n<\/div>\n<p>12. Privacy<\/p>\n<p>Per utilizzare il nostro sito Web e\/o i nostri servizi, potrebbe essere necessario fornire alcune informazioni su di te durante il processo di registrazione. Accetti che tutte le informazioni fornite saranno sempre accurate, corrette e aggiornate.<\/p>\n<p>Prendiamo sul serio i tuoi dati personali e ci impegniamo a proteggere la tua privacy. Non utilizzeremo la tua email. indirizzo e-mail per inviare e-mail non richieste. Tutte le e-mail che ti inviamo saranno relative esclusivamente alla fornitura dei prodotti o servizi concordati.<\/p>\n<p>13. Limitazioni all&#039;esportazione\/Conformit\u00e0 legale<\/p>\n<p>L&#039;accesso al Sito da territori o paesi in cui il contenuto o l&#039;acquisto di prodotti o Servizi venduti sul Sito \u00e8 illegale. Non \u00e8 possibile utilizzare questo sito Web in violazione delle leggi e dei regolamenti lituani sull&#039;esportazione.<\/p>\n<p>14. Cessione<\/p>\n<p>Non \u00e8 possibile cedere, trasferire o subappaltare nessuno dei propri diritti e\/o obblighi previsti dai presenti Termini e Condizioni, in tutto o in parte, a terzi senza il nostro previo consenso scritto. Qualsiasi presunta cessione in violazione di questa sezione sar\u00e0 nulla.<\/p>\n<p>15. Violazioni dei presenti Termini e Condizioni<\/p>\n<p>Fatti salvi gli altri nostri diritti ai sensi dei presenti Termini, in caso di violazione dei presenti Termini in qualsiasi modo, potremmo intraprendere le azioni che riteniamo appropriate per porre rimedio alla violazione, inclusa la sospensione temporanea o permanente dell&#039;accesso al Sito, contattando il provider di servizi Internet e richiedendo che blocchino il tuo accesso al sito web e\/o intraprendano azioni legali contro di te.<\/p>\n<p>16. Indennizzo<\/p>\n<p>Accetti di indennizzare, difendere e tenerci indenni da tutte le pretese, responsabilit\u00e0, danni, perdite e spese relative alla violazione di questi Termini e Condizioni e delle leggi applicabili, inclusi i diritti di propriet\u00e0 intellettuale e i diritti alla privacy. Ci indennizzerai tempestivamente da tutti i danni, perdite, costi e spese relativi o derivanti da tali reclami.<\/p>\n<p>17. Rinuncia all&#039;obbligo<\/p>\n<p>La mancata applicazione o risoluzione di qualsiasi disposizione dei presenti Termini e Condizioni e di qualsiasi Accordo non sar\u00e0 considerata una rinuncia a tale disposizione e non pregiudicher\u00e0 la validit\u00e0 di questi Termini e Condizioni, di qualsiasi Accordo o parte di esso, o il diritto di applicare successivamente ciascuna disposizione.<\/p>\n<p>18. Lingua<\/p>\n<p>I presenti Termini e Condizioni saranno spiegati e interpretati solo in lingua inglese. Tutti i messaggi e la corrispondenza saranno scritti esclusivamente in questa lingua.<\/p>\n<p>19. Intero accordo<\/p>\n<p>I presenti Termini e Condizioni costituiscono l&#039;intero accordo tra te e RIDSTAR.EU riguardo all&#039;utilizzo di questo sito web.<\/p>\n<p>20. Aggiornamento delle presenti Condizioni<\/p>\n<p>Potremmo aggiornare questi Termini e Condizioni di tanto in tanto. La data indicata all&#039;inizio di questi Termini e Condizioni \u00e8 la data di revisione pi\u00f9 recente. Ti forniremo un avviso scritto di eventuali modifiche o aggiornamenti e i Termini modificati entreranno in vigore dalla data in cui ti forniremo tale avviso. L&#039;uso continuato di questo sito Web dopo la pubblicazione di eventuali modifiche o aggiornamenti sar\u00e0 considerato come l&#039;accettazione e il consenso ad essere vincolati da questi Termini e Condizioni. Per richiedere una versione precedente di questi Termini, ti preghiamo di contattarci.<\/p>\n<p>21. Scelta della legge e giurisdizione<\/p>\n<p>I presenti Termini e Condizioni sono regolati dalle leggi della Lituania. Eventuali controversie relative ai presenti Termini e Condizioni sono soggette alla giurisdizione dei tribunali lituani. Se un tribunale o altra autorit\u00e0 determina che qualsiasi parte o disposizione dei presenti Termini e Condizioni non \u00e8 valida e\/o inapplicabile ai sensi della legge applicabile, tale parte o disposizione sar\u00e0 modificata, cancellata e\/o applicata nella misura massima consentita per far rispettare i presenti Termini e lo scopo dei termini. Le altre impostazioni non verranno influenzate.<\/p>\n<p>22. Informazioni di contatto<\/p>\n<p>Questo sito web \u00e8 gestito da ridstar.eu<\/p>\n<p>Per quanto riguarda questi Termini e Condizioni, puoi contattarci scrivendoci o inviandoci un&#039;e-mail. una lettera al seguente indirizzo:<\/p>\n<p>hello@ridstar.eu o per telefono +37063208163<\/p>\n<\/div>\n<\/div><\/div>\n<\/div>\n<\/div>\n<\/div>","protected":false},"excerpt":{"rendered":"","protected":false},"author":1,"featured_media":0,"parent":0,"menu_order":0,"comment_status":"closed","ping_status":"closed","template":"","meta":{"footnotes":""},"class_list":["post-12595","page","type-page","status-publish","hentry"],"_links":{"self":[{"href":"https:\/\/ridstar.eu\/it\/wp-json\/wp\/v2\/pages\/12595","targetHints":{"allow":["GET"]}}],"collection":[{"href":"https:\/\/ridstar.eu\/it\/wp-json\/wp\/v2\/pages"}],"about":[{"href":"https:\/\/ridstar.eu\/it\/wp-json\/wp\/v2\/types\/page"}],"author":[{"embeddable":true,"href":"https:\/\/ridstar.eu\/it\/wp-json\/wp\/v2\/users\/1"}],"replies":[{"embeddable":true,"href":"https:\/\/ridstar.eu\/it\/wp-json\/wp\/v2\/comments?post=12595"}],"version-history":[{"count":0,"href":"https:\/\/ridstar.eu\/it\/wp-json\/wp\/v2\/pages\/12595\/revisions"}],"wp:attachment":[{"href":"https:\/\/ridstar.eu\/it\/wp-json\/wp\/v2\/media?parent=12595"}],"curies":[{"name":"wp","href":"https:\/\/api.w.org\/{rel}","templated":true}]}}