{"id":291727,"date":"2026-02-09T11:08:15","date_gmt":"2026-02-09T09:08:15","guid":{"rendered":"https:\/\/ridstar.eu\/?post_type=product&#038;p=291727"},"modified":"2026-05-07T10:16:19","modified_gmt":"2026-05-07T07:16:19","slug":"bicicleta-electrica-yvy-c26max-2000w-bateria-dual-de-1000w-48v-23ah-copia","status":"publish","type":"product","link":"https:\/\/ridstar.eu\/es\/product\/electric-bike-yvy-c26max-2000w-dual-1000w-48v-23ah-battery-copy\/","title":{"rendered":"Bicicleta el\u00e9ctrica YVY C26MAX, 2000 W (2 x 1000 W), 48 V, bater\u00eda de 23 Ah"},"content":{"rendered":"<h2 data-path-to-node=\"5\">YVY C26Max: Bicicleta el\u00e9ctrica de doble motor de alto rendimiento<\/h2>\n<p data-path-to-node=\"6\">El <b data-path-to-node=\"6\" data-index-in-node=\"4\">YVY C26 M\u00e1x.<a href=\"https:\/\/ridstar.eu\/es\/informacion-sobre-el-ridstar-q20-pro\/\"> caracter\u00edsticas<\/a><\/b> Est\u00e1 dise\u00f1ada para ofrecer potencia, rendimiento y versatilidad, lo que la convierte en la bicicleta el\u00e9ctrica l\u00edder para quienes buscan emociones fuertes y para quienes usan el ciclismo a diario en toda Europa. Disponible en <b data-path-to-node=\"6\" data-index-in-node=\"164\">ridstar.eu<\/b>, Este modelo representa el siguiente nivel de tecnolog\u00eda de motor dual, construcci\u00f3n duradera y caracter\u00edsticas avanzadas para una experiencia de conducci\u00f3n incomparable.<\/p>\n<h3 data-path-to-node=\"7\">Caracter\u00edsticas principales<\/h3>\n<ul data-path-to-node=\"8\">\n<li>\n<p data-path-to-node=\"8,0,0\"><b data-path-to-node=\"8,0,0\" data-index-in-node=\"0\">Potente sistema de motor dual<\/b> El <b data-path-to-node=\"8,0,0\" data-index-in-node=\"31\">YVY C26 M\u00e1x.<\/b> cuenta con una enorme <b data-path-to-node=\"8,0,0\" data-index-in-node=\"60\">Sistema de doble motor de 2000 W (2 x 1000 W)<\/b>, Ofrece un par motor y una eficiencia incre\u00edbles. Supera sin esfuerzo las cuestas empinadas y alcanza altas velocidades, garantizando una conducci\u00f3n r\u00e1pida y emocionante en cualquier entorno.<\/p>\n<\/li>\n<li>\n<p data-path-to-node=\"8,1,0\"><b data-path-to-node=\"8,1,0\" data-index-in-node=\"0\">Bater\u00eda de litio de largo alcance<\/b> Equipado con una gran capacidad <b data-path-to-node=\"8,1,0\" data-index-in-node=\"57\">Bater\u00eda de 48 V 23 Ah<\/b>, Esta bicicleta el\u00e9ctrica ofrece una autonom\u00eda m\u00e1xima de hasta <b data-path-to-node=\"8,1,0\" data-index-in-node=\"119\">80 kil\u00f3metros<\/b> en modo de asistencia al pedaleo y <b data-path-to-node=\"8,1,0\" data-index-in-node=\"150\">40-50 kil\u00f3metros<\/b> En modo el\u00e9ctrico puro. El eficiente sistema de gesti\u00f3n de energ\u00eda permite una recarga completa en tan solo 6-7 horas.<\/p>\n<\/li>\n<li>\n<p data-path-to-node=\"8,2,0\"><b data-path-to-node=\"8,2,0\" data-index-in-node=\"0\">Suspensi\u00f3n y cuadro todoterreno avanzados<\/b> El <b data-path-to-node=\"8,2,0\" data-index-in-node=\"44\">Marco de aleaci\u00f3n de aluminio 6061 de 26 pulgadas<\/b> Es ligero pero excepcionalmente resistente. Combinado con una calidad premium <b data-path-to-node=\"8,2,0\" data-index-in-node=\"143\">suspensi\u00f3n de horquilla delantera hidr\u00e1ulica<\/b>, Proporciona un andar suave y estable incluso en senderos todoterreno con baches y terrenos dif\u00edciles.<\/p>\n<\/li>\n<li>\n<p data-path-to-node=\"8,3,0\"><b data-path-to-node=\"8,3,0\" data-index-in-node=\"0\">Modos de conducci\u00f3n multifuncionales<\/b> Adapta tu viaje con tres modos distintos para adaptarse a tu nivel de energ\u00eda o terreno:<\/p>\n<ol start=\"1\" data-path-to-node=\"8,3,1\">\n<li>\n<p data-path-to-node=\"8,3,1,0,0\"><b data-path-to-node=\"8,3,1,0,0\" data-index-in-node=\"0\">Modo el\u00e9ctrico puro:<\/b> Para una navegaci\u00f3n sin esfuerzo.<\/p>\n<\/li>\n<li>\n<p data-path-to-node=\"8,3,1,1,0\"><b data-path-to-node=\"8,3,1,1,0\" data-index-in-node=\"0\">Modo de asistencia el\u00e9ctrica:<\/b> El equilibrio perfecto entre motor y m\u00fasculo.<\/p>\n<\/li>\n<li>\n<p data-path-to-node=\"8,3,1,2,0\"><b data-path-to-node=\"8,3,1,2,0\" data-index-in-node=\"0\">Modo pedal:<\/b> Ciclismo tradicional para hacer ejercicio y ampliar la autonom\u00eda.<\/p>\n<\/li>\n<\/ol>\n<\/li>\n<li>\n<p data-path-to-node=\"8,4,0\"><b data-path-to-node=\"8,4,0\" data-index-in-node=\"0\">Sistema de frenado hidr\u00e1ulico mejorado<\/b> La seguridad es primordial. La bicicleta cuenta con <b data-path-to-node=\"8,4,0\" data-index-in-node=\"73\">Frenos de disco delanteros y traseros llenos de aceite<\/b>, proporcionando una potencia de frenado constante y confiable y distancias de frenado m\u00e1s cortas en todas las condiciones clim\u00e1ticas.<\/p>\n<\/li>\n<\/ul>\n<h3 data-path-to-node=\"9\">Presupuesto<\/h3>\n<ul data-path-to-node=\"10\">\n<li>\n<p data-path-to-node=\"10,0,0\"><b data-path-to-node=\"10,0,0\" data-index-in-node=\"0\">Modelo:<\/b> YVY C26 M\u00e1x.<\/p>\n<\/li>\n<li>\n<p data-path-to-node=\"10,1,0\"><b data-path-to-node=\"10,1,0\" data-index-in-node=\"0\">Motor:<\/b> Motor sin escobillas de alta velocidad de 2000 W (1000 W x 2)<\/p>\n<\/li>\n<li>\n<p data-path-to-node=\"10,2,0\"><b data-path-to-node=\"10,2,0\" data-index-in-node=\"0\">Bater\u00eda:<\/b> Bater\u00eda de iones de litio de 48 V y 23 Ah<\/p>\n<\/li>\n<li>\n<p data-path-to-node=\"10,3,0\"><b data-path-to-node=\"10,3,0\" data-index-in-node=\"0\">M\u00e1xima velocidad:<\/b> Hasta 50 km\/h (Regulado por seguridad)<\/p>\n<\/li>\n<li>\n<p data-path-to-node=\"10,4,0\"><b data-path-to-node=\"10,4,0\" data-index-in-node=\"0\">Alcance (Asistencia):<\/b> 60-80 kil\u00f3metros<\/p>\n<\/li>\n<li>\n<p data-path-to-node=\"10,5,0\"><b data-path-to-node=\"10,5,0\" data-index-in-node=\"0\">Autonom\u00eda (el\u00e9ctrica pura):<\/b> 40-50 kil\u00f3metros<\/p>\n<\/li>\n<li>\n<p data-path-to-node=\"10,6,0\"><b data-path-to-node=\"10,6,0\" data-index-in-node=\"0\">Material del marco:<\/b> Aleaci\u00f3n de aluminio 6061<\/p>\n<\/li>\n<li>\n<p data-path-to-node=\"10,7,0\"><b data-path-to-node=\"10,7,0\" data-index-in-node=\"0\">Tama\u00f1o de llanta:<\/b> Neum\u00e1ticos todoterreno anchos de 26 x 4,0 pulgadas<\/p>\n<\/li>\n<li>\n<p data-path-to-node=\"10,8,0\"><b data-path-to-node=\"10,8,0\" data-index-in-node=\"0\">Transmisi\u00f3n:<\/b> Shimano 7 velocidades<\/p>\n<\/li>\n<li>\n<p data-path-to-node=\"10,9,0\"><b data-path-to-node=\"10,9,0\" data-index-in-node=\"0\">Sistema de frenos:<\/b> Frenos de disco de aceite hidr\u00e1ulico<\/p>\n<\/li>\n<li>\n<p data-path-to-node=\"10,10,0\"><b data-path-to-node=\"10,10,0\" data-index-in-node=\"0\">Suspensi\u00f3n:<\/b> Horquilla delantera hidr\u00e1ulica<\/p>\n<\/li>\n<li>\n<p data-path-to-node=\"10,11,0\"><b data-path-to-node=\"10,11,0\" data-index-in-node=\"0\">Capacidad de carga:<\/b> Hasta 150 kg<\/p>\n<\/li>\n<\/ul>\n<h3 data-path-to-node=\"11\">\u00bfPor qu\u00e9 elegir el YVY C26Max de Ridstar.eu?<\/h3>\n<p data-path-to-node=\"12\">El <b data-path-to-node=\"12\" data-index-in-node=\"4\">YVY C26 M\u00e1x.<\/b> Combina potencia bruta con ingenier\u00eda avanzada para ofrecer una bicicleta el\u00e9ctrica que destaca por su rendimiento, comodidad y seguridad. Su sistema de doble motor proporciona una aceleraci\u00f3n que te llena de adrenalina, mientras que la bater\u00eda de larga duraci\u00f3n garantiza que tus aventuras nunca se interrumpan.<\/p>\n<p data-path-to-node=\"13\">Ya sea que est\u00e9s recorriendo las calles de la ciudad o explorando caminos todoterreno accidentados, el <b data-path-to-node=\"13\" data-index-in-node=\"80\">YVY C26 M\u00e1x.<\/b> Est\u00e1 lista para llevar tu veh\u00edculo a otro nivel. Experimenta la fusi\u00f3n definitiva de velocidad, potencia y estilo hoy mismo.<\/p>\n<p data-path-to-node=\"14\"><b data-path-to-node=\"14\" data-index-in-node=\"0\">\u00a1Pide ahora tu YVY C26 Max en ridstar.eu y domina cualquier terreno!<\/b><\/p>","protected":false},"excerpt":{"rendered":"<p><span style=\"color: #ff0000;\"><strong>\u00a1OFERTA POR TIEMPO LIMITADO!<\/strong><\/span><\/p>\n<p>Presentamos el YVY C26MAX (igual que el E26PRO), con dos motores de 1000 W para una emocionante velocidad de 80 km\/h. \u00a1Env\u00edo gratuito desde Alemania!<\/p>","protected":false},"featured_media":291729,"comment_status":"open","ping_status":"closed","template":"","meta":[],"product_brand":[480],"product_cat":[212],"product_tag":[],"class_list":{"0":"post-291727","1":"product","2":"type-product","3":"status-publish","4":"has-post-thumbnail","6":"product_brand-yvy","7":"product_cat-electric-bikes","9":"first","10":"instock","11":"sale","12":"shipping-taxable","13":"purchasable","14":"product-type-simple"},"_links":{"self":[{"href":"https:\/\/ridstar.eu\/es\/wp-json\/wp\/v2\/product\/291727","targetHints":{"allow":["GET"]}}],"collection":[{"href":"https:\/\/ridstar.eu\/es\/wp-json\/wp\/v2\/product"}],"about":[{"href":"https:\/\/ridstar.eu\/es\/wp-json\/wp\/v2\/types\/product"}],"replies":[{"embeddable":true,"href":"https:\/\/ridstar.eu\/es\/wp-json\/wp\/v2\/comments?post=291727"}],"wp:featuredmedia":[{"embeddable":true,"href":"https:\/\/ridstar.eu\/es\/wp-json\/wp\/v2\/media\/291729"}],"wp:attachment":[{"href":"https:\/\/ridstar.eu\/es\/wp-json\/wp\/v2\/media?parent=291727"}],"wp:term":[{"taxonomy":"product_brand","embeddable":true,"href":"https:\/\/ridstar.eu\/es\/wp-json\/wp\/v2\/product_brand?post=291727"},{"taxonomy":"product_cat","embeddable":true,"href":"https:\/\/ridstar.eu\/es\/wp-json\/wp\/v2\/product_cat?post=291727"},{"taxonomy":"product_tag","embeddable":true,"href":"https:\/\/ridstar.eu\/es\/wp-json\/wp\/v2\/product_tag?post=291727"}],"curies":[{"name":"gracias","href":"https:\/\/api.w.org\/{rel}","templated":true}]}}