{"id":291715,"date":"2026-01-13T10:45:30","date_gmt":"2026-01-13T08:45:30","guid":{"rendered":"https:\/\/ridstar.eu\/?post_type=product&#038;p=291715"},"modified":"2026-04-03T03:00:19","modified_gmt":"2026-04-03T00:00:19","slug":"bicicleta-electrica-yvy-c20-1000-w-48-v-20-ah","status":"publish","type":"product","link":"https:\/\/ridstar.eu\/es\/producto\/bicicleta-electrica-yvy-c20-1000-w-48-v-20-ah\/","title":{"rendered":"Bicicleta el\u00e9ctrica YVY C20, 1000W, 48V, 20AH, neum\u00e1ticos 20\u00d74.0 Fat"},"content":{"rendered":"<div class=\"detailmodule_text\">\n<p data-start=\"0\" data-end=\"60\"><strong data-start=\"0\" data-end=\"60\">Bicicleta el\u00e9ctrica YVY C20: comodidad inteligente y potencia confiable<\/strong><\/p>\n<p data-start=\"62\" data-end=\"494\">La YVY C20 es una bicicleta el\u00e9ctrica equilibrada y pr\u00e1ctica que combina comodidad, rendimiento <a href=\"https:\/\/ridstar.eu\/es\/como-mantener-una-bicicleta-electrica-para-que-dure-mas-tiempo\/\">actuaci\u00f3n<\/a>, Y durabilidad en un solo paquete elegante. Es t\u00e9cnicamente id\u00e9ntico al Ridstar Q20. <a href=\"https:\/\/ridstar.eu\/es\/informacion-sobre-el-ridstar-q20-pro\/\">caracter\u00edsticas<\/a>, pero se ofrece con un nombre de modelo diferente para una marca clara y una mejor distinci\u00f3n SEO. Dise\u00f1ada para ciclistas de entre 158 cm y 195 cm de altura, la YVY C20 ofrece una experiencia de conducci\u00f3n estable, ergon\u00f3mica y agradable tanto para desplazamientos diarios como para aventuras de ocio. Para m\u00e1s informaci\u00f3n, consulta nuestra <a href=\"https:\/\/ridstar.eu\/es\/preguntas-mas-frecuentes\/\">Preguntas m\u00e1s frecuentes<\/a>.<\/p>\n<p data-start=\"496\" data-end=\"650\">Su amplio sill\u00edn, su geometr\u00eda bien pensada y su sistema de suspensi\u00f3n total lo hacen adecuado incluso para viajes m\u00e1s largos o para circular con carga extra, incluido un asiento para ni\u00f1os.<\/p>\n<hr data-start=\"652\" data-end=\"655\" \/>\n<h3 data-start=\"657\" data-end=\"687\">\ud83d\udeb4 Dise\u00f1o orientado a la comodidad<\/h3>\n<p data-start=\"688\" data-end=\"747\">El YVY C20 se centra especialmente en la comodidad y la estabilidad de conducci\u00f3n:<\/p>\n<ul data-start=\"748\" data-end=\"965\">\n<li data-start=\"748\" data-end=\"805\">\n<p data-start=\"750\" data-end=\"805\">Asiento amplio y acolchado para viajes relajados de larga distancia.<\/p>\n<\/li>\n<li data-start=\"806\" data-end=\"841\">\n<p data-start=\"808\" data-end=\"841\">Horquilla de suspensi\u00f3n delantera hidr\u00e1ulica<\/p>\n<\/li>\n<li data-start=\"842\" data-end=\"904\">\n<p data-start=\"844\" data-end=\"904\">Amortiguador trasero central para una mejor absorci\u00f3n de impactos.<\/p>\n<\/li>\n<li data-start=\"905\" data-end=\"965\">\n<p data-start=\"907\" data-end=\"965\">Excelente control tanto en carreteras urbanas como en superficies irregulares.<\/p>\n<\/li>\n<\/ul>\n<hr data-start=\"967\" data-end=\"970\" \/>\n<h3 data-start=\"972\" data-end=\"1002\">\u2699\ufe0f Componentes de alta calidad<\/h3>\n<ul data-start=\"1003\" data-end=\"1257\">\n<li data-start=\"1003\" data-end=\"1071\">\n<p data-start=\"1005\" data-end=\"1071\">Transmisi\u00f3n Shimano de 7 velocidades para cambios de marcha suaves y precisos<\/p>\n<\/li>\n<li data-start=\"1072\" data-end=\"1124\">\n<p data-start=\"1074\" data-end=\"1124\">Frenos de disco duraderos para una potencia de frenado confiable<\/p>\n<\/li>\n<li data-start=\"1125\" data-end=\"1183\">\n<p data-start=\"1127\" data-end=\"1183\">Bolsa de almacenamiento impermeable original para la practicidad diaria.<\/p>\n<\/li>\n<li data-start=\"1184\" data-end=\"1257\">\n<p data-start=\"1186\" data-end=\"1257\">Pantalla LCD M5 que muestra la velocidad, el nivel de bater\u00eda, el kilometraje y el modo de conducci\u00f3n.<\/p>\n<\/li>\n<\/ul>\n<hr data-start=\"1259\" data-end=\"1262\" \/>\n<h3 data-start=\"1264\" data-end=\"1296\">\u26a1 Rendimiento y eficiencia<\/h3>\n<ul data-start=\"1297\" data-end=\"1411\">\n<li data-start=\"1297\" data-end=\"1333\">\n<p data-start=\"1299\" data-end=\"1333\">Motor: <strong data-start=\"1306\" data-end=\"1331\">Motor sin escobillas de 1000 W<\/strong><\/p>\n<\/li>\n<li data-start=\"1334\" data-end=\"1375\">\n<p data-start=\"1336\" data-end=\"1375\">Bater\u00eda: <strong data-start=\"1345\" data-end=\"1373\">Bater\u00eda de litio de 48 V y 20 Ah<\/strong><\/p>\n<\/li>\n<li data-start=\"1376\" data-end=\"1411\">\n<p data-start=\"1378\" data-end=\"1411\">Velocidad m\u00e1xima: <strong data-start=\"1393\" data-end=\"1409\">m\u00e1s de 45 km\/h<\/strong><\/p>\n<\/li>\n<\/ul>\n<p data-start=\"1413\" data-end=\"1423\"><strong data-start=\"1413\" data-end=\"1423\">Rango:<\/strong><\/p>\n<ul data-start=\"1424\" data-end=\"1497\">\n<li data-start=\"1424\" data-end=\"1460\">\n<p data-start=\"1426\" data-end=\"1460\">Modo el\u00e9ctrico puro: <strong data-start=\"1446\" data-end=\"1458\">60\u201370 kil\u00f3metros<\/strong><\/p>\n<\/li>\n<li data-start=\"1461\" data-end=\"1497\">\n<p data-start=\"1463\" data-end=\"1497\">Modo de asistencia al pedaleo: <strong data-start=\"1482\" data-end=\"1495\">70\u2013100 kil\u00f3metros<\/strong><\/p>\n<\/li>\n<\/ul>\n<p data-start=\"1499\" data-end=\"1599\">Esto hace que el YVY C20 sea una excelente opci\u00f3n tanto para viajes urbanos cortos como para recorridos recreativos m\u00e1s largos.<\/p>\n<hr data-start=\"1601\" data-end=\"1604\" \/>\n<h3 data-start=\"1606\" data-end=\"1648\">\ud83d\udd29 Construcci\u00f3n fuerte y ligera<\/h3>\n<ul data-start=\"1649\" data-end=\"1824\">\n<li data-start=\"1649\" data-end=\"1687\">\n<p data-start=\"1651\" data-end=\"1687\">Material del marco: <strong data-start=\"1667\" data-end=\"1685\">Aleaci\u00f3n de aluminio<\/strong><\/p>\n<\/li>\n<li data-start=\"1688\" data-end=\"1714\">\n<p data-start=\"1690\" data-end=\"1714\">Peso de la bicicleta: <strong data-start=\"1703\" data-end=\"1712\">34 kilos<\/strong><\/p>\n<\/li>\n<li data-start=\"1715\" data-end=\"1752\">\n<p data-start=\"1717\" data-end=\"1752\">Capacidad m\u00e1xima de carga: <strong data-start=\"1740\" data-end=\"1750\">150 kilos<\/strong><\/p>\n<\/li>\n<li data-start=\"1753\" data-end=\"1824\">\n<p data-start=\"1755\" data-end=\"1824\">Estructura duradera pero liviana para un mejor manejo y longevidad.<\/p>\n<\/li>\n<\/ul>\n<hr data-start=\"1826\" data-end=\"1829\" \/>\n<h3 data-start=\"1831\" data-end=\"1862\">\ud83d\udee0 Especificaciones t\u00e9cnicas<\/h3>\n<div class=\"TyagGW_tableContainer\">\n<div class=\"group TyagGW_tableWrapper flex flex-col-reverse w-fit\" tabindex=\"-1\">\n<table class=\"w-fit min-w-(--thread-content-width)\" data-start=\"1864\" data-end=\"2415\">\n<thead data-start=\"1864\" data-end=\"1893\">\n<tr data-start=\"1864\" data-end=\"1893\">\n<th data-start=\"1864\" data-end=\"1876\" data-col-size=\"sm\">Par\u00e1metro<\/th>\n<th data-start=\"1876\" data-end=\"1893\" data-col-size=\"sm\">Especificaci\u00f3n<\/th>\n<\/tr>\n<\/thead>\n<tbody data-start=\"1910\" data-end=\"2415\">\n<tr data-start=\"1910\" data-end=\"1929\">\n<td data-start=\"1910\" data-end=\"1918\" data-col-size=\"sm\">Modelo<\/td>\n<td data-col-size=\"sm\" data-start=\"1918\" data-end=\"1929\">YVY C20 (igual que Q20)<\/td>\n<\/tr>\n<tr data-start=\"1930\" data-end=\"1959\">\n<td data-start=\"1930\" data-end=\"1945\" data-col-size=\"sm\">Altura del jinete<\/td>\n<td data-col-size=\"sm\" data-start=\"1945\" data-end=\"1959\">158\u2013195 cent\u00edmetros<\/td>\n<\/tr>\n<tr data-start=\"1960\" data-end=\"1992\">\n<td data-start=\"1960\" data-end=\"1973\" data-col-size=\"sm\">Tama\u00f1o de la rueda<\/td>\n<td data-start=\"1973\" data-end=\"1992\" data-col-size=\"sm\">20 \u00d7 4,0 pulgadas<\/td>\n<\/tr>\n<tr data-start=\"1993\" data-end=\"2026\">\n<td data-start=\"1993\" data-end=\"2001\" data-col-size=\"sm\">Motor<\/td>\n<td data-col-size=\"sm\" data-start=\"2001\" data-end=\"2026\">Motor sin escobillas de 1000 W<\/td>\n<\/tr>\n<tr data-start=\"2027\" data-end=\"2065\">\n<td data-start=\"2027\" data-end=\"2037\" data-col-size=\"sm\">Bater\u00eda<\/td>\n<td data-col-size=\"sm\" data-start=\"2037\" data-end=\"2065\">Bater\u00eda de litio de 48 V y 20 Ah<\/td>\n<\/tr>\n<tr data-start=\"2066\" data-end=\"2090\">\n<td data-start=\"2066\" data-end=\"2078\" data-col-size=\"sm\">M\u00e1xima velocidad<\/td>\n<td data-col-size=\"sm\" data-start=\"2078\" data-end=\"2090\">&gt;45 kil\u00f3metros por hora<\/td>\n<\/tr>\n<tr data-start=\"2091\" data-end=\"2122\">\n<td data-start=\"2091\" data-end=\"2110\" data-col-size=\"sm\">Gama (el\u00e9ctrica)<\/td>\n<td data-col-size=\"sm\" data-start=\"2110\" data-end=\"2122\">60\u201370 kil\u00f3metros<\/td>\n<\/tr>\n<tr data-start=\"2123\" data-end=\"2150\">\n<td data-start=\"2123\" data-end=\"2137\" data-col-size=\"sm\">Rango (PAS)<\/td>\n<td data-col-size=\"sm\" data-start=\"2137\" data-end=\"2150\">70\u2013100 kil\u00f3metros<\/td>\n<\/tr>\n<tr data-start=\"2151\" data-end=\"2186\">\n<td data-start=\"2151\" data-end=\"2168\" data-col-size=\"sm\">Material del marco<\/td>\n<td data-col-size=\"sm\" data-start=\"2168\" data-end=\"2186\">Aleaci\u00f3n de aluminio<\/td>\n<\/tr>\n<tr data-start=\"2187\" data-end=\"2210\">\n<td data-start=\"2187\" data-end=\"2201\" data-col-size=\"sm\">Peso de la bicicleta<\/td>\n<td data-col-size=\"sm\" data-start=\"2201\" data-end=\"2210\">34 kilos<\/td>\n<\/tr>\n<tr data-start=\"2211\" data-end=\"2243\">\n<td data-start=\"2211\" data-end=\"2227\" data-col-size=\"sm\">Capacidad de carga<\/td>\n<td data-col-size=\"sm\" data-start=\"2227\" data-end=\"2243\">Hasta 150 kg<\/td>\n<\/tr>\n<tr data-start=\"2244\" data-end=\"2294\">\n<td data-start=\"2244\" data-end=\"2259\" data-col-size=\"sm\">Transmisi\u00f3n<\/td>\n<td data-col-size=\"sm\" data-start=\"2259\" data-end=\"2294\">Desviador trasero Shimano de 7 velocidades<\/td>\n<\/tr>\n<tr data-start=\"2295\" data-end=\"2315\">\n<td data-start=\"2295\" data-end=\"2305\" data-col-size=\"sm\">Mostrar<\/td>\n<td data-col-size=\"sm\" data-start=\"2305\" data-end=\"2315\">Pantalla LCD M5<\/td>\n<\/tr>\n<tr data-start=\"2316\" data-end=\"2367\">\n<td data-start=\"2316\" data-end=\"2331\" data-col-size=\"sm\">Modos de conducci\u00f3n<\/td>\n<td data-col-size=\"sm\" data-start=\"2331\" data-end=\"2367\">El\u00e9ctrico \/ Asistencia al pedaleo \/ Manual<\/td>\n<\/tr>\n<tr data-start=\"2368\" data-end=\"2415\">\n<td data-start=\"2368\" data-end=\"2381\" data-col-size=\"sm\">Antirrobo<\/td>\n<td data-start=\"2381\" data-end=\"2415\" data-col-size=\"sm\">Protecci\u00f3n antirrobo incorporada<\/td>\n<\/tr>\n<\/tbody>\n<\/table>\n<\/div>\n<\/div>\n<hr data-start=\"2417\" data-end=\"2420\" \/>\n<h3 data-start=\"2422\" data-end=\"2441\">\ud83d\udea6 Modos de conducci\u00f3n<\/h3>\n<ol data-start=\"2442\" data-end=\"2708\">\n<li data-start=\"2442\" data-end=\"2516\">\n<p data-start=\"2445\" data-end=\"2516\"><strong data-start=\"2445\" data-end=\"2467\">Modo el\u00e9ctrico puro<\/strong><br data-start=\"2467\" data-end=\"2470\" \/>Conduzca utilizando \u00fanicamente el acelerador, sin pedalear.<\/p>\n<\/li>\n<li data-start=\"2517\" data-end=\"2614\">\n<p data-start=\"2520\" data-end=\"2614\"><strong data-start=\"2520\" data-end=\"2541\">Modo de asistencia al pedaleo<\/strong><br data-start=\"2541\" data-end=\"2544\" \/>El motor respalda su pedaleo para brindar mayor alcance y eficiencia.<\/p>\n<\/li>\n<li data-start=\"2615\" data-end=\"2708\">\n<p data-start=\"2618\" data-end=\"2708\"><strong data-start=\"2618\" data-end=\"2633\">Modo manual<\/strong><br data-start=\"2633\" data-end=\"2636\" \/>Utilice la bicicleta como una bicicleta tradicional, sin asistencia el\u00e9ctrica.<\/p>\n<\/li>\n<\/ol>\n<hr data-start=\"2710\" data-end=\"2713\" \/>\n<p data-start=\"2715\" data-end=\"3059\" data-is-last-node=\"\" data-is-only-node=\"\">El <strong data-start=\"2719\" data-end=\"2730\">YVY C20<\/strong> Es la opci\u00f3n perfecta para quienes buscan una fat bike el\u00e9ctrica fiable con excelente comodidad, un potente motor y facilidad de uso diario. Su dise\u00f1o limpio, sus s\u00f3lidas especificaciones y sus componentes f\u00e1ciles de usar la convierten en una opci\u00f3n muy atractiva para los clientes de ridstar.eu que buscan una bicicleta el\u00e9ctrica fiable y completa.<\/p>\n<\/div>","protected":false},"excerpt":{"rendered":"<p><strong>EN STOCK<\/strong>: YVY C20 (equivalente a Ridstar Q20)<\/p>\n<p>Entrega gratuita en la UE en 3-7 d\u00edas.<\/p>\n<p>Ideal para riders de 158-195 cm de altura.<\/p>","protected":false},"featured_media":291716,"comment_status":"closed","ping_status":"closed","template":"","meta":[],"product_brand":[480],"product_cat":[212],"product_tag":[],"class_list":{"0":"post-291715","1":"product","2":"type-product","3":"status-publish","4":"has-post-thumbnail","6":"product_brand-yvy","7":"product_cat-electric-bikes","9":"first","10":"instock","11":"sale","12":"shipping-taxable","13":"purchasable","14":"product-type-simple"},"jetpack_sharing_enabled":true,"_links":{"self":[{"href":"https:\/\/ridstar.eu\/es\/wp-json\/wp\/v2\/product\/291715","targetHints":{"allow":["GET"]}}],"collection":[{"href":"https:\/\/ridstar.eu\/es\/wp-json\/wp\/v2\/product"}],"about":[{"href":"https:\/\/ridstar.eu\/es\/wp-json\/wp\/v2\/types\/product"}],"replies":[{"embeddable":true,"href":"https:\/\/ridstar.eu\/es\/wp-json\/wp\/v2\/comments?post=291715"}],"wp:featuredmedia":[{"embeddable":true,"href":"https:\/\/ridstar.eu\/es\/wp-json\/wp\/v2\/media\/291716"}],"wp:attachment":[{"href":"https:\/\/ridstar.eu\/es\/wp-json\/wp\/v2\/media?parent=291715"}],"wp:term":[{"taxonomy":"product_brand","embeddable":true,"href":"https:\/\/ridstar.eu\/es\/wp-json\/wp\/v2\/product_brand?post=291715"},{"taxonomy":"product_cat","embeddable":true,"href":"https:\/\/ridstar.eu\/es\/wp-json\/wp\/v2\/product_cat?post=291715"},{"taxonomy":"product_tag","embeddable":true,"href":"https:\/\/ridstar.eu\/es\/wp-json\/wp\/v2\/product_tag?post=291715"}],"curies":[{"name":"gracias","href":"https:\/\/api.w.org\/{rel}","templated":true}]}}