{"id":291673,"date":"2025-10-13T09:04:09","date_gmt":"2025-10-13T07:04:09","guid":{"rendered":"https:\/\/ridstar.eu\/?post_type=product&#038;p=291673"},"modified":"2026-04-03T03:00:20","modified_gmt":"2026-04-03T00:00:20","slug":"bicicleta-electrica-yvy-c20max-52-v-2000-w-motor-dual-bateria-de-40-ah","status":"publish","type":"product","link":"https:\/\/ridstar.eu\/es\/producto\/bicicleta-electrica-yvy-c20max-52-v-2000-w-motor-dual-bateria-de-40-ah\/","title":{"rendered":"Bicicleta el\u00e9ctrica YVY C20MAX, 52 V (motor dual de 2000 W), bater\u00eda de 40 Ah"},"content":{"rendered":"<p data-start=\"0\" data-end=\"75\"><strong data-start=\"0\" data-end=\"75\">YVY C20MAX (Ridstar Q20PRO (<a href=\"https:\/\/ridstar.eu\/es\/informacion-sobre-el-ridstar-q20-pro\/\">enlace<\/a>)) \u2013 Bicicleta el\u00e9ctrica de doble motor de alto rendimiento<\/strong><\/p>\n<p data-start=\"77\" data-end=\"403\">La YVY C20MAX es una bicicleta el\u00e9ctrica potente y vers\u00e1til, id\u00e9ntica a la Ridstar Q20PRO, dise\u00f1ada para ciclistas que exigen el m\u00e1ximo rendimiento (<a href=\"https:\/\/ridstar.eu\/es\/como-mantener-una-bicicleta-electrica-para-que-dure-mas-tiempo\/\">Vea nuestros consejos de mantenimiento de bicicletas el\u00e9ctricas<\/a>), estabilidad y gran autonom\u00eda. Con su sistema de motor de doble buje y su configuraci\u00f3n de doble bater\u00eda, esta bicicleta el\u00e9ctrica est\u00e1 dise\u00f1ada para afrontar con confianza tanto los desplazamientos urbanos como los terrenos todoterreno m\u00e1s exigentes.<\/p>\n<p data-start=\"405\" data-end=\"659\">Puedes alternar entre los modos de motor \u00fanico y doble, lo que te permite equilibrar la eficiencia y la potencia seg\u00fan tus necesidades de conducci\u00f3n. Tanto si conduces por la ciudad como si subes cuestas empinadas, la C20MAX ofrece un rendimiento suave y fiable.<\/p>\n<hr data-start=\"661\" data-end=\"664\" \/>\n<h3 data-start=\"666\" data-end=\"693\">\u26a1 Potencia y rendimiento<\/h3>\n<ul data-start=\"694\" data-end=\"929\">\n<li data-start=\"694\" data-end=\"729\">\n<p data-start=\"696\" data-end=\"729\">Motores de doble buje: delantero y trasero<\/p>\n<\/li>\n<li data-start=\"730\" data-end=\"793\">\n<p data-start=\"732\" data-end=\"793\">Voltaje \/ Potencia: <strong data-start=\"749\" data-end=\"763\">52 V \/ 750 W<\/strong> (potencia m\u00e1xima sobre <strong data-start=\"781\" data-end=\"790\">1000W<\/strong>)<\/p>\n<\/li>\n<li data-start=\"794\" data-end=\"830\">\n<p data-start=\"796\" data-end=\"830\">Velocidad m\u00e1xima: hasta <strong data-start=\"817\" data-end=\"828\">48 kil\u00f3metros por hora<\/strong><\/p>\n<\/li>\n<li data-start=\"831\" data-end=\"874\">\n<p data-start=\"833\" data-end=\"874\">Excelente capacidad de escalada y tracci\u00f3n.<\/p>\n<\/li>\n<li data-start=\"875\" data-end=\"929\">\n<p data-start=\"877\" data-end=\"929\">Tres modos de conducci\u00f3n para un control total del rendimiento.<\/p>\n<\/li>\n<\/ul>\n<hr data-start=\"931\" data-end=\"934\" \/>\n<h3 data-start=\"936\" data-end=\"979\">\ud83d\udd0b Sistema de bater\u00eda dual: autonom\u00eda extendida<\/h3>\n<ul data-start=\"980\" data-end=\"1215\">\n<li data-start=\"980\" data-end=\"1023\">\n<p data-start=\"982\" data-end=\"1023\">2 \u00d7 <strong data-start=\"986\" data-end=\"1021\">Bater\u00edas de iones de litio 18650 de 52 V y 20 Ah<\/strong><\/p>\n<\/li>\n<li data-start=\"1024\" data-end=\"1052\">\n<p data-start=\"1026\" data-end=\"1052\">Capacidad total: <strong data-start=\"1042\" data-end=\"1050\">40Ah<\/strong><\/p>\n<\/li>\n<li data-start=\"1053\" data-end=\"1097\">\n<p data-start=\"1055\" data-end=\"1097\">Bater\u00edas integradas con protecci\u00f3n BMS<\/p>\n<\/li>\n<li data-start=\"1098\" data-end=\"1176\">\n<p data-start=\"1100\" data-end=\"1176\">Alcance: hasta <strong data-start=\"1113\" data-end=\"1134\">120 km (75 millas)<\/strong> Dependiendo del modo de conducci\u00f3n y las condiciones<\/p>\n<\/li>\n<li data-start=\"1177\" data-end=\"1215\">\n<p data-start=\"1179\" data-end=\"1215\">Tiempo de carga: aprox. <strong data-start=\"1202\" data-end=\"1215\">3\u20136 horas<\/strong><\/p>\n<\/li>\n<\/ul>\n<hr data-start=\"1217\" data-end=\"1220\" \/>\n<h3 data-start=\"1222\" data-end=\"1263\">\ud83d\udeb4 Comodidad y capacidad todoterreno<\/h3>\n<ul data-start=\"1264\" data-end=\"1539\">\n<li data-start=\"1264\" data-end=\"1306\">\n<p data-start=\"1266\" data-end=\"1306\">Tama\u00f1o de los neum\u00e1ticos: <strong data-start=\"1277\" data-end=\"1304\">Neum\u00e1ticos anchos de 20 \u00d7 4,0 pulgadas<\/strong><\/p>\n<\/li>\n<li data-start=\"1307\" data-end=\"1484\">\n<p data-start=\"1309\" data-end=\"1484\">Suspensi\u00f3n delantera:<br data-start=\"1326\" data-end=\"1329\" \/>Horquilla delantera de aluminio de doble hombro con amortiguador<br data-start=\"1386\" data-end=\"1389\" \/>Altura: 460 mm<br data-start=\"1405\" data-end=\"1408\" \/>Distancia entre corona superior e inferior: 230 mm<br data-start=\"1456\" data-end=\"1459\" \/>Compatible con frenos de disco<\/p>\n<\/li>\n<li data-start=\"1485\" data-end=\"1514\">\n<p data-start=\"1487\" data-end=\"1514\">Material del marco: <strong data-start=\"1503\" data-end=\"1512\">Acero<\/strong><\/p>\n<\/li>\n<li data-start=\"1515\" data-end=\"1539\">\n<p data-start=\"1517\" data-end=\"1539\">Color: <strong data-start=\"1524\" data-end=\"1539\">Negro mate<\/strong><\/p>\n<\/li>\n<\/ul>\n<hr data-start=\"1541\" data-end=\"1544\" \/>\n<h3 data-start=\"1546\" data-end=\"1571\">\ud83d\uded1 Frenado y seguridad<\/h3>\n<ul data-start=\"1572\" data-end=\"1772\">\n<li data-start=\"1572\" data-end=\"1619\">\n<p data-start=\"1574\" data-end=\"1619\">Frenos de disco hidr\u00e1ulicos dobles (delanteros y traseros)<\/p>\n<\/li>\n<li data-start=\"1620\" data-end=\"1654\">\n<p data-start=\"1622\" data-end=\"1654\">Faro delantero LED: MD07, 48V<\/p>\n<\/li>\n<li data-start=\"1655\" data-end=\"1700\">\n<p data-start=\"1657\" data-end=\"1700\">Luz trasera tipo agua corriente: MZ-04<\/p>\n<\/li>\n<li data-start=\"1701\" data-end=\"1772\">\n<p data-start=\"1703\" data-end=\"1772\">Pantalla LCD que muestra la velocidad, el nivel de bater\u00eda, la distancia y el modo de conducci\u00f3n.<\/p>\n<\/li>\n<\/ul>\n<hr data-start=\"1774\" data-end=\"1777\" \/>\n<h3 data-start=\"1779\" data-end=\"1801\">\ud83d\udca1 Sistema de iluminaci\u00f3n<\/h3>\n<ul data-start=\"1802\" data-end=\"1966\">\n<li data-start=\"1802\" data-end=\"1889\">\n<p data-start=\"1804\" data-end=\"1889\">Luz delantera:<br data-start=\"1816\" data-end=\"1819\" \/>Modelo MD07, 48 V, cable negro, resistente al agua<br data-start=\"1861\" data-end=\"1864\" \/>Longitud del cable: 1200 mm<\/p>\n<\/li>\n<li data-start=\"1890\" data-end=\"1966\">\n<p data-start=\"1892\" data-end=\"1966\">Luz trasera:<br data-start=\"1903\" data-end=\"1906\" \/>Dise\u00f1o de luz trasera fluida MZ-04<br data-start=\"1938\" data-end=\"1941\" \/>Longitud del cable: 1300 mm<\/p>\n<\/li>\n<\/ul>\n<hr data-start=\"1968\" data-end=\"1971\" \/>\n<h3 data-start=\"1973\" data-end=\"2004\">\ud83d\udee0 Especificaciones t\u00e9cnicas<\/h3>\n<div class=\"TyagGW_tableContainer\">\n<div class=\"group TyagGW_tableWrapper flex flex-col-reverse w-fit\" tabindex=\"-1\">\n<table class=\"w-fit min-w-(--thread-content-width)\" data-start=\"2006\" data-end=\"2509\">\n<thead data-start=\"2006\" data-end=\"2035\">\n<tr data-start=\"2006\" data-end=\"2035\">\n<th data-start=\"2006\" data-end=\"2018\" data-col-size=\"sm\">Par\u00e1metro<\/th>\n<th data-start=\"2018\" data-end=\"2035\" data-col-size=\"sm\">Especificaci\u00f3n<\/th>\n<\/tr>\n<\/thead>\n<tbody data-start=\"2060\" data-end=\"2509\">\n<tr data-start=\"2060\" data-end=\"2103\">\n<td data-start=\"2060\" data-end=\"2068\" data-col-size=\"sm\">Modelo<\/td>\n<td data-col-size=\"sm\" data-start=\"2068\" data-end=\"2103\">C20MAX (igual que Ridstar Q20PRO)<\/td>\n<\/tr>\n<tr data-start=\"2104\" data-end=\"2130\">\n<td data-start=\"2104\" data-end=\"2117\" data-col-size=\"sm\">Tama\u00f1o de la rueda<\/td>\n<td data-col-size=\"sm\" data-start=\"2117\" data-end=\"2130\">20&#8243; \u00d7 4.0<\/td>\n<\/tr>\n<tr data-start=\"2131\" data-end=\"2157\">\n<td data-start=\"2131\" data-end=\"2148\" data-col-size=\"sm\">Material del marco<\/td>\n<td data-col-size=\"sm\" data-start=\"2148\" data-end=\"2157\">Acero<\/td>\n<\/tr>\n<tr data-start=\"2158\" data-end=\"2181\">\n<td data-start=\"2158\" data-end=\"2166\" data-col-size=\"sm\">Color<\/td>\n<td data-start=\"2166\" data-end=\"2181\" data-col-size=\"sm\">Negro mate<\/td>\n<\/tr>\n<tr data-start=\"2182\" data-end=\"2218\">\n<td data-start=\"2182\" data-end=\"2191\" data-col-size=\"sm\">Motores<\/td>\n<td data-start=\"2191\" data-end=\"2218\" data-col-size=\"sm\">Motores de buje delantero y trasero<\/td>\n<\/tr>\n<tr data-start=\"2219\" data-end=\"2253\">\n<td data-start=\"2219\" data-end=\"2229\" data-col-size=\"sm\">Bater\u00eda<\/td>\n<td data-start=\"2229\" data-end=\"2253\" data-col-size=\"sm\">2 bater\u00edas de iones de litio de 20 Ah<\/td>\n<\/tr>\n<tr data-start=\"2254\" data-end=\"2287\">\n<td data-start=\"2254\" data-end=\"2279\" data-col-size=\"sm\">Capacidad total de la bater\u00eda<\/td>\n<td data-col-size=\"sm\" data-start=\"2279\" data-end=\"2287\">40Ah<\/td>\n<\/tr>\n<tr data-start=\"2288\" data-end=\"2305\">\n<td data-start=\"2288\" data-end=\"2298\" data-col-size=\"sm\">Voltaje<\/td>\n<td data-col-size=\"sm\" data-start=\"2298\" data-end=\"2305\">52V<\/td>\n<\/tr>\n<tr data-start=\"2306\" data-end=\"2336\">\n<td data-start=\"2306\" data-end=\"2314\" data-col-size=\"sm\">Fuerza<\/td>\n<td data-col-size=\"sm\" data-start=\"2314\" data-end=\"2336\">750 W (pico &gt;1000 W)<\/td>\n<\/tr>\n<tr data-start=\"2337\" data-end=\"2360\">\n<td data-start=\"2337\" data-end=\"2349\" data-col-size=\"sm\">M\u00e1xima velocidad<\/td>\n<td data-col-size=\"sm\" data-start=\"2349\" data-end=\"2360\">48 kil\u00f3metros por hora<\/td>\n<\/tr>\n<tr data-start=\"2361\" data-end=\"2396\">\n<td data-start=\"2361\" data-end=\"2369\" data-col-size=\"sm\">Rango<\/td>\n<td data-col-size=\"sm\" data-start=\"2369\" data-end=\"2396\">Hasta 120 km \/ 75 millas<\/td>\n<\/tr>\n<tr data-start=\"2397\" data-end=\"2444\">\n<td data-start=\"2397\" data-end=\"2414\" data-col-size=\"sm\">Sistema de frenado<\/td>\n<td data-col-size=\"sm\" data-start=\"2414\" data-end=\"2444\">Frenos de disco hidr\u00e1ulicos dobles<\/td>\n<\/tr>\n<tr data-start=\"2445\" data-end=\"2479\">\n<td data-start=\"2445\" data-end=\"2460\" data-col-size=\"sm\">Fuente de alimentaci\u00f3n<\/td>\n<td data-col-size=\"sm\" data-start=\"2460\" data-end=\"2479\">Bater\u00eda de litio<\/td>\n<\/tr>\n<tr data-start=\"2480\" data-end=\"2509\">\n<td data-start=\"2480\" data-end=\"2495\" data-col-size=\"sm\">Tipo de control<\/td>\n<td data-col-size=\"sm\" data-start=\"2495\" data-end=\"2509\">Electr\u00f3nico<\/td>\n<\/tr>\n<\/tbody>\n<\/table>\n<\/div>\n<\/div>\n<hr data-start=\"2511\" data-end=\"2514\" \/>\n<h3 data-start=\"2516\" data-end=\"2535\">\ud83d\udea6 Modos de conducci\u00f3n<\/h3>\n<ol data-start=\"2536\" data-end=\"2809\">\n<li data-start=\"2536\" data-end=\"2627\">\n<p data-start=\"2539\" data-end=\"2627\"><strong data-start=\"2539\" data-end=\"2556\">Modo el\u00e9ctrico<\/strong><br data-start=\"2556\" data-end=\"2559\" \/>Seleccione el nivel PAS 1\u20135 y utilice \u00fanicamente el acelerador, sin pedalear.<\/p>\n<\/li>\n<li data-start=\"2628\" data-end=\"2724\">\n<p data-start=\"2631\" data-end=\"2724\"><strong data-start=\"2631\" data-end=\"2646\">Modo de asistencia<\/strong><br data-start=\"2646\" data-end=\"2649\" \/>Seleccione el nivel PAS 1-5 y pedalee. El motor proporciona asistencia autom\u00e1tica.<\/p>\n<\/li>\n<li data-start=\"2725\" data-end=\"2809\">\n<p data-start=\"2728\" data-end=\"2809\"><strong data-start=\"2728\" data-end=\"2743\">Modo manual<\/strong><br data-start=\"2743\" data-end=\"2746\" \/>Conduzca utilizando \u00fanicamente los pedales, con el sistema el\u00e9ctrico apagado.<\/p>\n<\/li>\n<\/ol>\n<hr data-start=\"2811\" data-end=\"2814\" \/>\n<h3 data-start=\"2816\" data-end=\"2842\">\u26a0\ufe0f Instrucciones de seguridad<\/h3>\n<ol data-start=\"2843\" data-end=\"3167\">\n<li data-start=\"2843\" data-end=\"2925\">\n<p data-start=\"2846\" data-end=\"2925\">Los ciclistas principiantes, mayores o f\u00edsicamente d\u00e9biles no deben utilizar el modo de alta velocidad.<\/p>\n<\/li>\n<li data-start=\"2926\" data-end=\"2983\">\n<p data-start=\"2929\" data-end=\"2983\">No acelere agresivamente al conducir cuesta abajo.<\/p>\n<\/li>\n<li data-start=\"2984\" data-end=\"3077\">\n<p data-start=\"2987\" data-end=\"3077\">No toque el motor ni los componentes del freno inmediatamente despu\u00e9s de conducir, ya que pueden estar calientes.<\/p>\n<\/li>\n<li data-start=\"3078\" data-end=\"3167\">\n<p data-start=\"3081\" data-end=\"3167\">Compruebe siempre que todos los mecanismos de bloqueo y plegado est\u00e9n fijados de forma segura antes de montar.<\/p>\n<\/li>\n<\/ol>\n<hr data-start=\"3169\" data-end=\"3172\" \/>\n<p data-start=\"3174\" data-end=\"3450\"><strong data-start=\"3174\" data-end=\"3282\">El YVY C20MAX \/ Ridstar Q20PRO est\u00e1 dise\u00f1ado para motociclistas que buscan gran potencia, largo alcance y un dise\u00f1o audaz.<\/strong><br data-start=\"3282\" data-end=\"3285\" \/>Con motores duales, bater\u00edas duales, neum\u00e1ticos gruesos y un marco de acero resistente, esta bicicleta el\u00e9ctrica se destaca como uno de los modelos m\u00e1s agresivos y capaces de su clase.<\/p>\n<p data-start=\"3452\" data-end=\"3589\" data-is-last-node=\"\" data-is-only-node=\"\">Una elecci\u00f3n perfecta para los clientes de ridstar.eu que buscan una aut\u00e9ntica fat bike el\u00e9ctrica de doble motor que ofrezca rendimiento y fiabilidad.<\/p>","protected":false},"excerpt":{"rendered":"<p>Experimente la potente bicicleta el\u00e9ctrica YVY C20MAX con un motor de 2000 W, bater\u00eda de 52 V y autonom\u00eda de 120 km, \u00a1que ofrece rendimiento sin cargos adicionales!<\/p>","protected":false},"featured_media":291674,"comment_status":"open","ping_status":"closed","template":"","meta":[],"product_brand":[480],"product_cat":[212],"product_tag":[265,241,264],"class_list":{"0":"post-291673","1":"product","2":"type-product","3":"status-publish","4":"has-post-thumbnail","6":"product_brand-yvy","7":"product_cat-electric-bikes","8":"product_tag-ridstar-2000w","9":"product_tag-ridstar-q20-pro","10":"product_tag-ridstar-q20pro","12":"first","13":"instock","14":"sale","15":"shipping-taxable","16":"purchasable","17":"product-type-simple"},"jetpack_sharing_enabled":true,"_links":{"self":[{"href":"https:\/\/ridstar.eu\/es\/wp-json\/wp\/v2\/product\/291673","targetHints":{"allow":["GET"]}}],"collection":[{"href":"https:\/\/ridstar.eu\/es\/wp-json\/wp\/v2\/product"}],"about":[{"href":"https:\/\/ridstar.eu\/es\/wp-json\/wp\/v2\/types\/product"}],"replies":[{"embeddable":true,"href":"https:\/\/ridstar.eu\/es\/wp-json\/wp\/v2\/comments?post=291673"}],"wp:featuredmedia":[{"embeddable":true,"href":"https:\/\/ridstar.eu\/es\/wp-json\/wp\/v2\/media\/291674"}],"wp:attachment":[{"href":"https:\/\/ridstar.eu\/es\/wp-json\/wp\/v2\/media?parent=291673"}],"wp:term":[{"taxonomy":"product_brand","embeddable":true,"href":"https:\/\/ridstar.eu\/es\/wp-json\/wp\/v2\/product_brand?post=291673"},{"taxonomy":"product_cat","embeddable":true,"href":"https:\/\/ridstar.eu\/es\/wp-json\/wp\/v2\/product_cat?post=291673"},{"taxonomy":"product_tag","embeddable":true,"href":"https:\/\/ridstar.eu\/es\/wp-json\/wp\/v2\/product_tag?post=291673"}],"curies":[{"name":"gracias","href":"https:\/\/api.w.org\/{rel}","templated":true}]}}