{"id":291669,"date":"2025-10-13T08:53:17","date_gmt":"2025-10-13T06:53:17","guid":{"rendered":"https:\/\/ridstar.eu\/?post_type=product&#038;p=291669"},"modified":"2026-04-10T03:02:14","modified_gmt":"2026-04-10T00:02:14","slug":"bicicleta-electrica-yvy-c20-lite-1000-w-48-v-15-ah-neumaticos-anchos-20x4-0","status":"publish","type":"product","link":"https:\/\/ridstar.eu\/es\/product\/electric-bicycle-yvy-c20-lite-1000w-48v-15ah-20x4-0-fat-tires\/","title":{"rendered":"Bicicleta el\u00e9ctrica YVY C20 Lite, 1000W, 48V, 15AH, neum\u00e1ticos 20\u00d74.0 Fat"},"content":{"rendered":"<div class=\"J_module\">\n<div id=\"ali-anchor-AliMagic-lrdmd7\" class=\"magic-7\" data-section=\"AliMagic-lrdmd7\" data-section-title=\"Specification\" data-spm-anchor-id=\"a2700.details.0.i81.7c1b29b4rMLNkO\">\n<p>Discover the YVY C20 Lite, a budget-friendly electric bike with a powerful 1000W motor and 48V 15Ah battery, delivering up to 50 km in electric mode and 80 km with pedal assist. Equipped with 20&#8243; x 4.0&#8243; all-terrain fat tires, disc brakes, and front\/rear suspension, it ensures a smooth, safe ride on any surface. The LCD display offers real-time data and multiple riding modes, while the Shimano 7-speed system, removable battery, and 150kg load capacity add versatility. Perfect for urban commutes or off-road adventures,<\/p>\n<p>Para obtener consejos adicionales sobre c\u00f3mo mantener su bicicleta en \u00f3ptimas condiciones, visite nuestro <a href=\"https:\/\/ridstar.eu\/es\/como-mantener-una-bicicleta-electrica-para-que-dure-mas-tiempo\/\">gu\u00eda de mantenimiento<\/a>.<\/p>\n<p> El YVY C20 Lite combina rendimiento y precio. \u00a1C\u00f3mpralo ya en ridstar.eu!<\/p>\n<\/div>\n<\/div>\n<div class=\"J_module\">\n<div class=\"ife-detail-decorate-table\">\n<p>La YVY C20 Lite es una versi\u00f3n simplificada y asequible de la YVY C20, la bicicleta m\u00e1s popular y popular del mundo.<\/p>\n<p>Tiene todas las caracter\u00edsticas habituales del C20: motor de 1000W, neum\u00e1ticos universales, frenos de disco, amortiguadores, la \u00fanica diferencia es la capacidad de la bater\u00eda: 15 Ah en lugar de los 20 Ah habituales.<\/p>\n<p>&nbsp;<\/p>\n<p><img decoding=\"async\" class=\"alignnone size-full wp-image-291670\" src=\"https:\/\/ridstar.eu\/wp-content\/uploads\/2025\/10\/12.webp\" alt=\"Yvy C20 Lite\" width=\"1464\" height=\"600\" \/> <img decoding=\"async\" class=\"alignnone size-full wp-image-291671\" src=\"https:\/\/ridstar.eu\/wp-content\/uploads\/2025\/10\/15.webp\" alt=\"Yvy C20 Lite\" width=\"1464\" height=\"600\" \/><img decoding=\"async\" class=\"alignnone size-full wp-image-291362\" src=\"https:\/\/ridstar.eu\/wp-content\/uploads\/2024\/03\/q20mini-2.webp\" alt=\"q20mini\" width=\"1000\" height=\"1000\" \/><\/p>\n<p>&nbsp;<\/p>\n<\/div>\n<\/div>","protected":false},"excerpt":{"rendered":"<p>Entrega gratuita en 3-7 d\u00edas<\/p>\n<p>Adecuado para personas de 158-195 cm de altura.<\/p>\n<p>Garant\u00eda 12 meses<\/p>\n<p>\u00a1Apto para montar durante todo el a\u00f1o!<\/p>","protected":false},"featured_media":291672,"comment_status":"open","ping_status":"closed","template":"","meta":[],"product_brand":[480],"product_cat":[212],"product_tag":[],"class_list":{"0":"post-291669","1":"product","2":"type-product","3":"status-publish","4":"has-post-thumbnail","6":"product_brand-yvy","7":"product_cat-electric-bikes","9":"first","10":"instock","11":"shipping-taxable","12":"purchasable","13":"product-type-simple"},"jetpack_sharing_enabled":true,"_links":{"self":[{"href":"https:\/\/ridstar.eu\/es\/wp-json\/wp\/v2\/product\/291669","targetHints":{"allow":["GET"]}}],"collection":[{"href":"https:\/\/ridstar.eu\/es\/wp-json\/wp\/v2\/product"}],"about":[{"href":"https:\/\/ridstar.eu\/es\/wp-json\/wp\/v2\/types\/product"}],"replies":[{"embeddable":true,"href":"https:\/\/ridstar.eu\/es\/wp-json\/wp\/v2\/comments?post=291669"}],"wp:featuredmedia":[{"embeddable":true,"href":"https:\/\/ridstar.eu\/es\/wp-json\/wp\/v2\/media\/291672"}],"wp:attachment":[{"href":"https:\/\/ridstar.eu\/es\/wp-json\/wp\/v2\/media?parent=291669"}],"wp:term":[{"taxonomy":"product_brand","embeddable":true,"href":"https:\/\/ridstar.eu\/es\/wp-json\/wp\/v2\/product_brand?post=291669"},{"taxonomy":"product_cat","embeddable":true,"href":"https:\/\/ridstar.eu\/es\/wp-json\/wp\/v2\/product_cat?post=291669"},{"taxonomy":"product_tag","embeddable":true,"href":"https:\/\/ridstar.eu\/es\/wp-json\/wp\/v2\/product_tag?post=291669"}],"curies":[{"name":"gracias","href":"https:\/\/api.w.org\/{rel}","templated":true}]}}