{"id":291296,"date":"2025-01-16T09:23:05","date_gmt":"2025-01-16T07:23:05","guid":{"rendered":"https:\/\/ridstar.eu\/?post_type=product&#038;p=291296"},"modified":"2026-02-12T08:44:34","modified_gmt":"2026-02-12T06:44:34","slug":"bicicleta-electrica-ekx-x21-max-3000w-60v-30ah-bateria-velocidad-maxima-85km-h","status":"publish","type":"product","link":"https:\/\/ridstar.eu\/es\/producto\/bicicleta-electrica-ekx-x21-max-3000w-60v-30ah-bateria-velocidad-maxima-85km-h\/","title":{"rendered":"Bicicleta el\u00e9ctrica EKX X21 MAX, 3000W, bater\u00eda 60V 30AH, velocidad m\u00e1xima 85km\/h"},"content":{"rendered":"<p><strong>Marco de aleaci\u00f3n de aluminio:<\/strong>Ligero y duradero.<br \/>\n<strong>Motor de 3000w:<\/strong>Motor sin escobillas y sin engranajes de alta velocidad<br \/>\n<strong>Bater\u00eda:<\/strong>Paquete de bater\u00eda de litio de 60 V\/30 Ah<br \/>\n<strong>Distancia recorrida:<\/strong>60 km-90 km<br \/>\n<strong>Freno hidr\u00e1ulico:<\/strong>Frenado eficiente<br \/>\n<strong>Neum\u00e1ticos MTB:<\/strong>Neum\u00e1ticos todoterreno 70\/100-19<br \/>\n<strong>Suspensi\u00f3n completa:<\/strong>Suspensi\u00f3n delantera y trasera<br \/>\n<strong>Luz LED:<\/strong>Luces de freno delanteras y traseras<\/p>\n<p><img decoding=\"async\" class=\"alignnone size-full wp-image-291301\" src=\"https:\/\/ridstar.eu\/wp-content\/uploads\/2025\/01\/X21MAX-6.webp\" alt=\"EKX X21 M\u00e1x.\" width=\"650\" height=\"450\" \/><\/p>\n<ul>\n<li><strong>Fuerza de motor<\/strong>: 3000 W (nominal), 5000 W (pico)<\/li>\n<li><strong>Paquete de bater\u00eda<\/strong>:Bater\u00eda de litio de 60 V\/30 Ah<\/li>\n<li><strong>Velocidad m\u00e1xima<\/strong>:85 kil\u00f3metros por hora<\/li>\n<li><strong>Campo de equitaci\u00f3n<\/strong>:60-80 kil\u00f3metros<\/li>\n<li><strong>Llantas<\/strong>: Neum\u00e1ticos todoterreno 70\/100-19<\/li>\n<li><strong>Peso<\/strong>: 45 kg (99 libras)<\/li>\n<li><strong>Carga maxima<\/strong>:180 kg (400 libras)<\/li>\n<li><strong>Paquete<\/strong>: 149 x 31 x 87 cm, 50 kg (110 libras)<\/li>\n<li><strong>Sistema de frenos<\/strong>:Freno hidr\u00e1ulico delantero y trasero<\/li>\n<li><strong>Suspensi\u00f3n completa<\/strong>:Suspensi\u00f3n delantera y trasera<\/li>\n<li><strong>Luces<\/strong>: Luz delantera, luz de advertencia trasera<\/li>\n<li><strong>Altura recomendada<\/strong>:165CM \u2013 195CM<\/li>\n<li><strong>Material del marco<\/strong>:Tubo de acero de alta resistencia<\/li>\n<\/ul>\n<p><img decoding=\"async\" class=\"size-full wp-image-291304 aligncenter\" src=\"https:\/\/ridstar.eu\/wp-content\/uploads\/2025\/01\/X21max-7.webp\" alt=\"x21m\u00e1x\" width=\"720\" height=\"720\" \/><\/p>\n<h3 style=\"text-align: center;\">Marco de aleaci\u00f3n de aluminio de primera calidad<\/h3>\n<div class=\"rte-setting text-spacing\">\n<p style=\"text-align: center;\">Con una mayor durabilidad y un dise\u00f1o liviano, el material de aleaci\u00f3n de aluminio es resistente a la corrosi\u00f3n, lo que garantiza la longevidad de la bicicleta y brinda una excelente relaci\u00f3n resistencia-peso. Proporciona una conducci\u00f3n suave adecuada para todos los terrenos.<\/p>\n<\/div>\n<p>&nbsp;<\/p>\n<p><img decoding=\"async\" class=\"size-full wp-image-291305 aligncenter\" src=\"https:\/\/ridstar.eu\/wp-content\/uploads\/2025\/01\/X21max-8.webp\" alt=\"x21m\u00e1x\" width=\"720\" height=\"720\" \/><\/p>\n<h3 style=\"text-align: center;\">Suspensi\u00f3n completa delantera y trasera<\/h3>\n<div class=\"rte-setting text-spacing\">\n<p style=\"text-align: center;\">Los amortiguadores de suspensi\u00f3n total delanteros y traseros absorben los impactos en terrenos irregulares para aumentar la comodidad y reducir la fatiga del conductor. Mejora la tracci\u00f3n y el control para una conducci\u00f3n m\u00e1s suave en superficies irregulares.<\/p>\n<\/div>\n<p><img decoding=\"async\" class=\"size-full wp-image-291306 aligncenter\" src=\"https:\/\/ridstar.eu\/wp-content\/uploads\/2025\/01\/X21max-9.webp\" alt=\"x21m\u00e1x\" width=\"720\" height=\"720\" \/><\/p>\n<h3 style=\"text-align: center;\">Motor sin escobillas y sin engranajes<\/h3>\n<div class=\"rte-setting text-spacing\">\n<p style=\"text-align: center;\">El motor sin escobillas y sin engranajes tiene alta eficiencia, alta velocidad, alto par, larga vida \u00fatil, bajo nivel de ruido, tama\u00f1o peque\u00f1o y excelente rendimiento de control. Ofrece una excelente experiencia de conducci\u00f3n.<\/p>\n<\/div>\n<p>&nbsp;<\/p>\n<p><img decoding=\"async\" class=\"size-full wp-image-291307 aligncenter\" src=\"https:\/\/ridstar.eu\/wp-content\/uploads\/2025\/01\/X21max-10.webp\" alt=\"x21m\u00e1x\" width=\"720\" height=\"720\" \/><\/p>\n<h3 style=\"text-align: center;\">Bater\u00eda de 60 V\/30 AH<\/h3>\n<div class=\"rte-setting text-spacing\">\n<p style=\"text-align: center;\">Las bicicletas con bater\u00edas de 30 Ah (1800 Wh) ofrecen mayor autonom\u00eda y potencia para viajes largos. Con una mayor densidad de energ\u00eda, garantiza una transferencia de potencia confiable y eficiente, mejorando as\u00ed la experiencia general de conducci\u00f3n.<\/p>\n<\/div>\n<p>&nbsp;<\/p>\n<p><img decoding=\"async\" class=\"size-full wp-image-291308 aligncenter\" src=\"https:\/\/ridstar.eu\/wp-content\/uploads\/2025\/01\/X21max-11.webp\" alt=\"x21m\u00e1x\" width=\"720\" height=\"720\" \/><\/p>\n<h3 style=\"text-align: center;\">Pantalla LCD<\/h3>\n<div class=\"rte-setting text-spacing\">\n<p style=\"text-align: center;\">La pantalla LCD proporciona datos en tiempo real, como velocidad, distancia y nivel de bater\u00eda, para facilitar la navegaci\u00f3n y el seguimiento del rendimiento. Mejore la experiencia del conductor, optimizando la eficiencia y el control con configuraciones personalizables, como niveles de asistencia y modos de terreno.<\/p>\n<\/div>\n<p>&nbsp;<\/p>\n<p><img decoding=\"async\" class=\"size-full wp-image-291309 aligncenter\" src=\"https:\/\/ridstar.eu\/wp-content\/uploads\/2025\/01\/X21max-12.webp\" alt=\"x21m\u00e1x\" width=\"720\" height=\"720\" \/><\/p>\n<h3 style=\"text-align: center;\">Neum\u00e1ticos MTB de 19 x 2\u2033<\/h3>\n<div class=\"rte-setting text-spacing\">\n<p style=\"text-align: center;\">Las bicicletas de monta\u00f1a todoterreno se benefician de neum\u00e1ticos de 19\u00d72 pulgadas para una mejor tracci\u00f3n y estabilidad en terrenos dif\u00edciles. Con un agarre y una absorci\u00f3n de impactos \u00f3ptimos, garantizan una conducci\u00f3n m\u00e1s suave en senderos desafiantes y son aptas para todo tipo de terrenos.<\/p>\n<\/div>\n<p><strong>En la caja:<\/strong><\/p>\n<p>1. Cuerpo de la bicicleta<br \/>\n2. Paquete de bater\u00eda de 30 Ah<br \/>\n3. Faro delantero<br \/>\n4. Cargador x1<br \/>\n5. Pedales x2<br \/>\n6. Neum\u00e1ticos anchos 70\/100-19 x2<br \/>\n7. Guardabarros<br \/>\n8. Manual del usuario<\/p>","protected":false},"excerpt":{"rendered":"<p>EKX X21 MAX \u2013 Bicicleta el\u00e9ctrica premium.<\/p>\n<p><strong>Agotado.<\/strong><br \/>\nEnv\u00edo gratis<br \/>\nSin impuestos extra<\/p>","protected":false},"featured_media":291302,"comment_status":"open","ping_status":"closed","template":"","meta":[],"product_brand":[],"product_cat":[212],"product_tag":[],"class_list":{"0":"post-291296","1":"product","2":"type-product","3":"status-publish","4":"has-post-thumbnail","6":"product_cat-electric-bikes","8":"first","9":"outofstock","10":"sale","11":"shipping-taxable","12":"purchasable","13":"product-type-simple"},"jetpack_sharing_enabled":true,"_links":{"self":[{"href":"https:\/\/ridstar.eu\/es\/wp-json\/wp\/v2\/product\/291296","targetHints":{"allow":["GET"]}}],"collection":[{"href":"https:\/\/ridstar.eu\/es\/wp-json\/wp\/v2\/product"}],"about":[{"href":"https:\/\/ridstar.eu\/es\/wp-json\/wp\/v2\/types\/product"}],"replies":[{"embeddable":true,"href":"https:\/\/ridstar.eu\/es\/wp-json\/wp\/v2\/comments?post=291296"}],"wp:featuredmedia":[{"embeddable":true,"href":"https:\/\/ridstar.eu\/es\/wp-json\/wp\/v2\/media\/291302"}],"wp:attachment":[{"href":"https:\/\/ridstar.eu\/es\/wp-json\/wp\/v2\/media?parent=291296"}],"wp:term":[{"taxonomy":"product_brand","embeddable":true,"href":"https:\/\/ridstar.eu\/es\/wp-json\/wp\/v2\/product_brand?post=291296"},{"taxonomy":"product_cat","embeddable":true,"href":"https:\/\/ridstar.eu\/es\/wp-json\/wp\/v2\/product_cat?post=291296"},{"taxonomy":"product_tag","embeddable":true,"href":"https:\/\/ridstar.eu\/es\/wp-json\/wp\/v2\/product_tag?post=291296"}],"curies":[{"name":"gracias","href":"https:\/\/api.w.org\/{rel}","templated":true}]}}