{"id":291098,"date":"2024-12-23T15:36:44","date_gmt":"2024-12-23T13:36:44","guid":{"rendered":"https:\/\/ridstar.eu\/?post_type=product&#038;p=291098"},"modified":"2025-08-13T20:18:02","modified_gmt":"2025-08-13T18:18:02","slug":"bicicleta-de-carga-electrica-lanekeleisi-wombat-1-1000-w-48-v-20-ah-bateria","status":"publish","type":"product","link":"https:\/\/ridstar.eu\/es\/producto\/bicicleta-de-carga-electrica-lanekeleisi-wombat-1-1000-w-48-v-20-ah-bateria\/","title":{"rendered":"Bicicleta el\u00e9ctrica de carga LANKELEISI Wombat-1, 1000W, 48V, bater\u00eda 20Ah"},"content":{"rendered":"<h3><strong>Bicicleta el\u00e9ctrica de carga urbana: Lankeleisi Wombat-1<\/strong><\/h3>\n<p>El <strong>Wombat de Lankeleisi-1<\/strong> Es una bicicleta el\u00e9ctrica de carga urbana de alto rendimiento dise\u00f1ada para combinar potencia, eficiencia y versatilidad. Ya sea que est\u00e9s circulando por calles concurridas o llevando cargas pesadas, esta bicicleta el\u00e9ctrica est\u00e1 dise\u00f1ada para manejarlo todo con facilidad.<\/p>\n<hr \/>\n<h3><strong>Caracter\u00edsticas principales<\/strong><\/h3>\n<h4><strong>Potente motor de 1000 W.<\/strong><\/h4>\n<p>El <strong>Wombat de Lankeleisi-1<\/strong> est\u00e1 equipado con un <strong>Motor sin escobillas de 48 V y 1000 W<\/strong> que genera un impresionante par de <strong>75 Nm<\/strong>Este motor proporciona una potente aceleraci\u00f3n, logrando <strong>46 km\/h en s\u00f3lo 4,9 segundos<\/strong>, lo que lo hace ideal para desplazamientos urbanos, pendientes pronunciadas y transporte de carga pesada.<\/p>\n<h4><strong>Bater\u00eda Samsung de larga duraci\u00f3n<\/strong><\/h4>\n<p>Con un <strong>Bater\u00eda de litio Samsung de 48 V y 20 Ah<\/strong>El Wombat-1 ofrece un alcance y una fiabilidad excepcionales. La bater\u00eda de alta capacidad <strong>Bater\u00eda de 960 Wh<\/strong> asegura:<\/p>\n<ul>\n<li><strong>60-70 kil\u00f3metros<\/strong> en modo puramente el\u00e9ctrico<\/li>\n<li><strong>120-150 kil\u00f3metros<\/strong> en modo de asistencia al pedaleo<\/li>\n<\/ul>\n<p>Esta autonom\u00eda ampliada lo hace perfecto para viajes de larga distancia o viajes de carga.<\/p>\n<h4><strong>Construcci\u00f3n c\u00f3moda y duradera.<\/strong><\/h4>\n<p>El <strong>Marco de aleaci\u00f3n de aluminio 6061<\/strong> garantiza un dise\u00f1o ligero pero resistente, mientras que el <strong>Horquilla de suspensi\u00f3n doble bloqueable con resorte de aceite<\/strong> Absorbe los impactos en terrenos dif\u00edciles para una conducci\u00f3n m\u00e1s suave. <strong>Neum\u00e1ticos anchos de 20 \u00d7 3,0 pulgadas<\/strong> Proporcionan un excelente agarre y estabilidad en diversas superficies.<\/p>\n<h4><strong>Frenado avanzado y seguridad<\/strong><\/h4>\n<p>La bicicleta est\u00e1 equipada con <strong>Frenos de disco hidr\u00e1ulicos de 180 mm<\/strong> para una potencia de frenado fiable, incluso con cargas pesadas. Adem\u00e1s, el <strong>Faros LED de 48 V<\/strong> Ofrecen una alta visibilidad durante los viajes nocturnos y la bicicleta est\u00e1 clasificada <strong>Resistente al agua IP54<\/strong>, lo que lo hace adecuado para el uso diario en condiciones de lluvia.<\/p>\n<h4><strong>Electr\u00f3nica inteligente y sensor de par<\/strong><\/h4>\n<p>El <strong>Pantalla LCD en color<\/strong> muestra informaci\u00f3n cr\u00edtica como velocidad, distancia recorrida, duraci\u00f3n de la bater\u00eda y niveles de asistencia el\u00e9ctrica. <strong>sensor de par<\/strong> garantiza un control preciso y una entrega de potencia eficiente para una experiencia de conducci\u00f3n \u00f3ptima.<\/p>\n<hr \/>\n<h3><strong>Presupuesto<\/strong><\/h3>\n<h4><strong>Enmarcar y construir<\/strong><\/h4>\n<ul>\n<li><strong>Marco<\/strong>:Aleaci\u00f3n de aluminio 6061<\/li>\n<li><strong>Tenedor<\/strong>:Suspensi\u00f3n de resorte de aceite de aluminio bloqueable (recorrido de 100 mm)<\/li>\n<li><strong>Llantas<\/strong>: Neum\u00e1ticos anchos de 20 \u00d7 3,0 pulgadas<\/li>\n<li><strong>Manillar<\/strong>: Aleaci\u00f3n de aluminio, forjado (31,8 mm)<\/li>\n<li><strong>Peso<\/strong>:37 kg (81,57 libras)<\/li>\n<li><strong>Carga maxima<\/strong>:200 kg (440 libras)<\/li>\n<\/ul>\n<h4><strong>Motor y bater\u00eda<\/strong><\/h4>\n<ul>\n<li><strong>Motor<\/strong>:Motor sin escobillas de 48 V y 1000 W (par de 75 Nm)<\/li>\n<li><strong>Bater\u00eda<\/strong>:Bater\u00eda de litio Samsung de 48 V y 20 Ah (21700 celdas)<\/li>\n<li><strong>Controlador<\/strong>: Controlador vectorial 48 V 20 A<\/li>\n<li><strong>Tiempo de carga<\/strong>: 4-6 horas<\/li>\n<\/ul>\n<h4><strong>Actuaci\u00f3n<\/strong><\/h4>\n<ul>\n<li><strong>Velocidad m\u00e1xima<\/strong>: \u226446 km\/h<\/li>\n<li><strong>Rango<\/strong>:\n<ul>\n<li>Modo el\u00e9ctrico puro: 60-70 km<\/li>\n<li>Modo de asistencia al pedaleo: 120-150 km<\/li>\n<\/ul>\n<\/li>\n<\/ul>\n<h4><strong>Frenado y cambio de marchas<\/strong><\/h4>\n<ul>\n<li><strong>Frenos<\/strong>:Frenos de disco hidr\u00e1ulicos (180 mm)<\/li>\n<li><strong>Engranaje<\/strong>: Shimano de 7 velocidades (cambio Shimano M315-7, desviador trasero Shimano M310)<\/li>\n<\/ul>\n<h4><strong>Electr\u00f3nica<\/strong><\/h4>\n<ul>\n<li><strong>Mostrar<\/strong>:LCD en color<\/li>\n<li><strong>Luz delantera<\/strong>:Faro LED de alto brillo de 48 V<\/li>\n<li><strong>Acelerador<\/strong>:Acelerador de pulgar<\/li>\n<li><strong>Sensor de asistencia<\/strong>:Sensor de par<\/li>\n<\/ul>\n<hr \/>\n<h3><strong>\u00bfPor qu\u00e9 elegir el Lankeleisi Wombat-1?<\/strong><\/h3>\n<p>El <strong>Wombat de Lankeleisi-1<\/strong> es una bicicleta el\u00e9ctrica urbana vers\u00e1til que destaca tanto por su rendimiento como por su funcionalidad. <strong>motor potente<\/strong>, <strong>bater\u00eda de largo alcance<\/strong>, y <strong>Marco robusto<\/strong>Es perfecta para los ciclistas que necesitan transportar cargas pesadas o recorrer largas distancias. La combinaci\u00f3n de comodidad, seguridad y funciones inteligentes garantiza una experiencia de conducci\u00f3n perfecta y placentera.<\/p>\n<p><strong>Enfr\u00e9ntate a la ciudad y m\u00e1s all\u00e1 con la Lankeleisi Wombat-1: \u00a1la bicicleta el\u00e9ctrica de carga definitiva para aventuras urbanas!<\/strong><\/p>\n<div id=\"simple-translate\" class=\"simple-translate-system-theme\">\n<div>\n<div class=\"simple-translate-button isShow\" style=\"background-image: url('chrome-extension:\/\/cllnohpbfenopiakdcjmjcbaeapmkcdl\/icons\/512.png'); height: 22px; width: 22px; top: 56px; left: 488px;\"><\/div>\n<div class=\"simple-translate-panel\" style=\"width: 300px; height: 200px; top: 0px; left: 0px; font-size: 13px;\">\n<div class=\"simple-translate-result-wrapper\" style=\"overflow: hidden;\">\n<div class=\"simple-translate-move\" draggable=\"true\"><\/div>\n<div class=\"simple-translate-result-contents\">\n<p class=\"simple-translate-result\" dir=\"auto\">\n<p class=\"simple-translate-candidate\" dir=\"auto\">\n<\/div>\n<\/div>\n<\/div>\n<\/div>\n<\/div>","protected":false},"excerpt":{"rendered":"<h3><strong>Bicicleta el\u00e9ctrica de carga urbana: Lankeleisi Wombat-1<\/strong><\/h3>\n<p>Entrega gratuita desde almac\u00e9n de la UE<\/p>\n<p>Equipado con un motor de 1000 W y una bater\u00eda Samsung de 48 V 20 Ah, el Lankeleisi Wombat-1 ofrece una gran potencia para transportar cargas pesadas en una amplia variedad de terrenos. La gran bater\u00eda de 960 Wh permite recorrer largas distancias para mayor comodidad.<\/p>","protected":false},"featured_media":291101,"comment_status":"open","ping_status":"closed","template":"","meta":[],"product_brand":[],"product_cat":[212],"product_tag":[],"class_list":{"0":"post-291098","1":"product","2":"type-product","3":"status-publish","4":"has-post-thumbnail","6":"product_cat-electric-bikes","7":"pa_color-grey","8":"pa_color-orange","10":"first","11":"outofstock","12":"sale","13":"shipping-taxable","14":"purchasable","15":"product-type-variable"},"jetpack_sharing_enabled":true,"_links":{"self":[{"href":"https:\/\/ridstar.eu\/es\/wp-json\/wp\/v2\/product\/291098","targetHints":{"allow":["GET"]}}],"collection":[{"href":"https:\/\/ridstar.eu\/es\/wp-json\/wp\/v2\/product"}],"about":[{"href":"https:\/\/ridstar.eu\/es\/wp-json\/wp\/v2\/types\/product"}],"replies":[{"embeddable":true,"href":"https:\/\/ridstar.eu\/es\/wp-json\/wp\/v2\/comments?post=291098"}],"wp:featuredmedia":[{"embeddable":true,"href":"https:\/\/ridstar.eu\/es\/wp-json\/wp\/v2\/media\/291101"}],"wp:attachment":[{"href":"https:\/\/ridstar.eu\/es\/wp-json\/wp\/v2\/media?parent=291098"}],"wp:term":[{"taxonomy":"product_brand","embeddable":true,"href":"https:\/\/ridstar.eu\/es\/wp-json\/wp\/v2\/product_brand?post=291098"},{"taxonomy":"product_cat","embeddable":true,"href":"https:\/\/ridstar.eu\/es\/wp-json\/wp\/v2\/product_cat?post=291098"},{"taxonomy":"product_tag","embeddable":true,"href":"https:\/\/ridstar.eu\/es\/wp-json\/wp\/v2\/product_tag?post=291098"}],"curies":[{"name":"gracias","href":"https:\/\/api.w.org\/{rel}","templated":true}]}}