{"id":291024,"date":"2024-11-04T14:38:46","date_gmt":"2024-11-04T11:38:46","guid":{"rendered":"https:\/\/ridstar.eu\/?post_type=product&#038;p=291024"},"modified":"2025-09-11T11:26:14","modified_gmt":"2025-09-11T09:26:14","slug":"bateria-ridstar-h26pro-h20pro-48v-23ah","status":"publish","type":"product","link":"https:\/\/ridstar.eu\/es\/producto\/bateria-ridstar-h26pro-h20pro-48v-23ah\/","title":{"rendered":"Bicicleta el\u00e9ctrica Ridstar H26PRO, bater\u00eda H20PRO, 48V, 23Ah"},"content":{"rendered":"","protected":false},"excerpt":{"rendered":"<p>Bater\u00eda para modelos H26PRO y H20PRO. Versi\u00f3n europea \u2013 23Ah.<br \/>\nEnv\u00edo desde China: gastos de env\u00edo e impuestos incluidos. Entrega en 1-2 semanas.<\/p>","protected":false},"featured_media":291025,"comment_status":"open","ping_status":"closed","template":"","meta":[],"product_brand":[],"product_cat":[15],"product_tag":[],"class_list":{"0":"post-291024","1":"product","2":"type-product","3":"status-publish","4":"has-post-thumbnail","6":"product_cat-spare-parts","8":"first","9":"instock","10":"sale","11":"shipping-taxable","12":"purchasable","13":"product-type-simple"},"jetpack_sharing_enabled":true,"_links":{"self":[{"href":"https:\/\/ridstar.eu\/es\/wp-json\/wp\/v2\/product\/291024","targetHints":{"allow":["GET"]}}],"collection":[{"href":"https:\/\/ridstar.eu\/es\/wp-json\/wp\/v2\/product"}],"about":[{"href":"https:\/\/ridstar.eu\/es\/wp-json\/wp\/v2\/types\/product"}],"replies":[{"embeddable":true,"href":"https:\/\/ridstar.eu\/es\/wp-json\/wp\/v2\/comments?post=291024"}],"wp:featuredmedia":[{"embeddable":true,"href":"https:\/\/ridstar.eu\/es\/wp-json\/wp\/v2\/media\/291025"}],"wp:attachment":[{"href":"https:\/\/ridstar.eu\/es\/wp-json\/wp\/v2\/media?parent=291024"}],"wp:term":[{"taxonomy":"product_brand","embeddable":true,"href":"https:\/\/ridstar.eu\/es\/wp-json\/wp\/v2\/product_brand?post=291024"},{"taxonomy":"product_cat","embeddable":true,"href":"https:\/\/ridstar.eu\/es\/wp-json\/wp\/v2\/product_cat?post=291024"},{"taxonomy":"product_tag","embeddable":true,"href":"https:\/\/ridstar.eu\/es\/wp-json\/wp\/v2\/product_tag?post=291024"}],"curies":[{"name":"gracias","href":"https:\/\/api.w.org\/{rel}","templated":true}]}}