{"id":290966,"date":"2024-10-09T09:36:36","date_gmt":"2024-10-09T06:36:36","guid":{"rendered":"https:\/\/ridstar.eu\/?post_type=product&#038;p=290966"},"modified":"2026-04-01T03:02:17","modified_gmt":"2026-04-01T00:02:17","slug":"bicicleta-electrica-ridstar-q20-luxe-48-v-1000-w-1500-w-20-ah-bateria-estilo-retro","status":"publish","type":"product","link":"https:\/\/ridstar.eu\/es\/producto\/bicicleta-electrica-ridstar-q20-luxe-48-v-1000-w-1500-w-20-ah-bateria-estilo-retro\/","title":{"rendered":"Bicicleta el\u00e9ctrica Ridstar Q20 Luxe, 48 V, 1000 W (1500 W), bater\u00eda de 20 Ah, estilo retro"},"content":{"rendered":"<h3><strong>Ridstar Q20 Luxe: elegancia retro y potencia moderna<\/strong><\/h3>\n<p>El <strong>Ridstar Q20 de lujo<\/strong> Lleva la bicicleta el\u00e9ctrica a un nivel completamente nuevo con su potente motor, su elegante paleta de colores retro y su dise\u00f1o robusto. Dise\u00f1ada para quienes exigen rendimiento y est\u00e9tica, esta versi\u00f3n mejorada de la Q20 es perfecta para desplazamientos diarios, paseos tranquilos o viajes todoterreno aventureros. Con caracter\u00edsticas mejoradas y un estilo atemporal, la Q20 Luxe ofrece una experiencia de conducci\u00f3n de primera calidad.<\/p>\n<hr \/>\n<h4><strong>Caracter\u00edsticas principales<\/strong><\/h4>\n<ul>\n<li><strong>Potente motor de 1500 W<\/strong><br \/>\nEl Ridstar Q20 Luxe est\u00e1 equipado con un <strong>Motor de alta velocidad sin escobillas de 48V 1500W CC<\/strong>, proporcionando un par y una velocidad excepcionales para una aceleraci\u00f3n suave, subidas de pendientes eficientes y un rendimiento todoterreno confiable.<\/li>\n<li><strong>Dise\u00f1o de inspiraci\u00f3n retro<\/strong><br \/>\nCon su singularidad <strong>Opciones de colores retro<\/strong>El Q20 Luxe combina la est\u00e9tica cl\u00e1sica con tecnolog\u00eda de vanguardia, lo que lo convierte en un veh\u00edculo llamativo en cada viaje.<\/li>\n<li><strong>Suspensi\u00f3n hidr\u00e1ulica para mayor comodidad<\/strong><br \/>\nEl <strong>horquilla delantera hidraulica<\/strong> Absorbe los impactos sin esfuerzo, asegurando un viaje suave y c\u00f3modo en terrenos dif\u00edciles, baches o caminos irregulares.<\/li>\n<li><strong>Sistema de frenado avanzado<\/strong><br \/>\nCaracter\u00edsticas de la bicicleta <strong>Frenos de disco de aceite rojo delanteros y traseros<\/strong>, ofreciendo una potencia de frenado sensible y confiable en todas las condiciones, mejorando tanto la seguridad como el control.<\/li>\n<li><strong>Neum\u00e1ticos anchos de 20\u2033 x 4.0 para versatilidad todoterreno<\/strong><br \/>\nEl robusto <strong>Neum\u00e1ticos anchos de 20\u2033 x 4.0<\/strong> Proporcionan tracci\u00f3n y estabilidad superiores, lo que le permite conquistar diversas superficies, desde calles de la ciudad hasta playas de arena y senderos fangosos.<\/li>\n<li><strong>Bater\u00eda de litio 18650 de alta eficiencia<\/strong><br \/>\nCon un <strong>Bater\u00eda de alta capacidad de 20 AH<\/strong>, el Q20 Luxe ofrece hasta <strong>80 km de autonom\u00eda<\/strong> con una sola carga. La bater\u00eda es liviana, extra\u00edble y se carga completamente en solo <strong>4-6 horas<\/strong> Para mayor comodidad.<\/li>\n<li><strong>Faro redondo elegante y brillante<\/strong><br \/>\nLa versi\u00f3n Luxe viene con un <strong>Faro LED redondo cl\u00e1sico<\/strong>, combinando funcionalidad con un toque retro para una mejor visibilidad nocturna.<\/li>\n<li><strong>Pantalla LCD f\u00e1cil de usar<\/strong><br \/>\nMant\u00e9ngase informado con el <strong>pantalla LCD<\/strong>, que proporciona estad\u00edsticas en tiempo real sobre la velocidad, la duraci\u00f3n de la bater\u00eda, la distancia recorrida y m\u00e1s, todo en un formato claro y f\u00e1cil de leer.<\/li>\n<\/ul>\n<hr \/>\n<h4><strong>Especificaciones t\u00e9cnicas<\/strong><\/h4>\n<ul>\n<li><strong>Material del marco<\/strong>: Aleaci\u00f3n de aluminio<\/li>\n<li><strong>Motor<\/strong>:Motor de alta velocidad sin escobillas de CC de 48 V y 1500 W<\/li>\n<li><strong>Bater\u00eda<\/strong>:Bater\u00eda de litio 18650 de 20 AH<\/li>\n<li><strong>Velocidad m\u00e1xima<\/strong>:Hasta 50 km\/h<\/li>\n<li><strong>Rango<\/strong>:Hasta 80 km<\/li>\n<li><strong>Llantas<\/strong>: Neum\u00e1ticos anchos de 20\u2033 x 4.0<\/li>\n<li><strong>Peso<\/strong>: 42 kilos<\/li>\n<li><strong>Capacidad de carga<\/strong>: \u2264150 kilos<\/li>\n<li><strong>Capacidad de pendiente<\/strong>:Hasta 35\u00b0<\/li>\n<li><strong>Tiempo de carga<\/strong>: 4-6 horas<\/li>\n<li><strong>Frenos<\/strong>:Frenos de disco de aceite rojo delanteros y traseros<\/li>\n<\/ul>\n<hr \/>\n<h4><strong>Lista de embalaje<\/strong><\/h4>\n<ol>\n<li><strong>Bicicleta el\u00e9ctrica<\/strong><\/li>\n<li><strong>Bater\u00eda extra\u00edble<\/strong><\/li>\n<li><strong>Bolsas para bicicletas<\/strong><\/li>\n<li><strong>Guardabarros delantero y trasero<\/strong><\/li>\n<li><strong>Herramienta multifunci\u00f3n<\/strong><\/li>\n<li><strong>Faro LED redondo<\/strong><\/li>\n<li><strong>Cargador<\/strong><\/li>\n<li><strong>Pedales<\/strong><\/li>\n<\/ol>\n<hr \/>\n<h3><strong>Mejora tu conducci\u00f3n con el Ridstar Q20 Luxe<\/strong><\/h3>\n<p>El <strong>Ridstar Q20 de lujo<\/strong> No es solo una bicicleta el\u00e9ctrica, es una declaraci\u00f3n de estilo de vida. Su combinaci\u00f3n de elegancia de inspiraci\u00f3n retro y caracter\u00edsticas de vanguardia hace que cada viaje sea placentero, potente y elegante. Ya sea que est\u00e9 viajando en la ciudad, explorando el campo o simplemente disfrutando de la carretera, la Q20 Luxe le garantiza un viaje con comodidad y estilo inigualables.<\/p>\n<p><strong>Prep\u00e1rate para ser due\u00f1o de la carretera con Ridstar Q20 Luxe, \u00a1donde el estilo cl\u00e1sico se combina con el rendimiento moderno!<\/strong><\/p>\n<p><img decoding=\"async\" class=\"alignnone size-full wp-image-290967\" src=\"https:\/\/ridstar.eu\/wp-content\/uploads\/2024\/10\/s-l960_2.jpeg\" alt=\"Ridstar Q20 de lujo\" width=\"773\" height=\"773\" \/> <img decoding=\"async\" class=\"alignnone size-full wp-image-290968\" src=\"https:\/\/ridstar.eu\/wp-content\/uploads\/2024\/10\/s-l960_1.jpeg\" alt=\"Ridstar Q20 de lujo\" width=\"773\" height=\"773\" \/> <img decoding=\"async\" class=\"alignnone size-full wp-image-290969\" src=\"https:\/\/ridstar.eu\/wp-content\/uploads\/2024\/10\/s-l960.jpeg\" alt=\"Ridstar Q20 de lujo\" width=\"773\" height=\"773\" \/> <img decoding=\"async\" class=\"alignnone size-full wp-image-290970\" src=\"https:\/\/ridstar.eu\/wp-content\/uploads\/2024\/10\/s-l1600_1.jpeg\" alt=\"Ridstar Q20 de lujo\" width=\"1546\" height=\"1546\" \/> <img decoding=\"async\" class=\"alignnone size-full wp-image-290971\" src=\"https:\/\/ridstar.eu\/wp-content\/uploads\/2024\/10\/s-l1600_2.jpeg\" alt=\"Ridstar Q20 de lujo\" width=\"1546\" height=\"1546\" \/> <img decoding=\"async\" class=\"alignnone size-full wp-image-290972\" src=\"https:\/\/ridstar.eu\/wp-content\/uploads\/2024\/10\/s-l1600_3.jpeg\" alt=\"Ridstar Q20 de lujo\" width=\"1546\" height=\"1546\" \/><\/p>","protected":false},"excerpt":{"rendered":"<p>En stock en almac\u00e9n de la UE<\/p>\n<p>Modelo mejorado \u2013 estilo retro<\/p>\n<p>Neum\u00e1ticos de mejor calidad y otro cubo de motor, que el simple Q20<\/p>","protected":false},"featured_media":290967,"comment_status":"open","ping_status":"closed","template":"","meta":[],"product_brand":[],"product_cat":[212],"product_tag":[],"class_list":{"0":"post-290966","1":"product","2":"type-product","3":"status-publish","4":"has-post-thumbnail","6":"product_cat-electric-bikes","8":"first","9":"outofstock","10":"sale","11":"shipping-taxable","12":"purchasable","13":"product-type-simple"},"jetpack_sharing_enabled":true,"_links":{"self":[{"href":"https:\/\/ridstar.eu\/es\/wp-json\/wp\/v2\/product\/290966","targetHints":{"allow":["GET"]}}],"collection":[{"href":"https:\/\/ridstar.eu\/es\/wp-json\/wp\/v2\/product"}],"about":[{"href":"https:\/\/ridstar.eu\/es\/wp-json\/wp\/v2\/types\/product"}],"replies":[{"embeddable":true,"href":"https:\/\/ridstar.eu\/es\/wp-json\/wp\/v2\/comments?post=290966"}],"wp:featuredmedia":[{"embeddable":true,"href":"https:\/\/ridstar.eu\/es\/wp-json\/wp\/v2\/media\/290967"}],"wp:attachment":[{"href":"https:\/\/ridstar.eu\/es\/wp-json\/wp\/v2\/media?parent=290966"}],"wp:term":[{"taxonomy":"product_brand","embeddable":true,"href":"https:\/\/ridstar.eu\/es\/wp-json\/wp\/v2\/product_brand?post=290966"},{"taxonomy":"product_cat","embeddable":true,"href":"https:\/\/ridstar.eu\/es\/wp-json\/wp\/v2\/product_cat?post=290966"},{"taxonomy":"product_tag","embeddable":true,"href":"https:\/\/ridstar.eu\/es\/wp-json\/wp\/v2\/product_tag?post=290966"}],"curies":[{"name":"gracias","href":"https:\/\/api.w.org\/{rel}","templated":true}]}}