{"id":290894,"date":"2024-09-27T11:35:00","date_gmt":"2024-09-27T09:35:00","guid":{"rendered":"https:\/\/ridstar.eu\/?post_type=product&#038;p=290894"},"modified":"2026-04-02T17:25:47","modified_gmt":"2026-04-02T14:25:47","slug":"borrador-automatico","status":"publish","type":"product","link":"https:\/\/ridstar.eu\/es\/producto\/borrador-automatico\/","title":{"rendered":"Bicicleta el\u00e9ctrica COSWHEEL GT20 MAX, 60 V, 1500 W (pico 2000 W), 40 Ah (bater\u00eda SAMSUNG 25 Ah + 15 Ah)"},"content":{"rendered":"<h3><strong>Bicicleta el\u00e9ctrica COSWHEEL GT20 MAX<\/strong><\/h3>\n<h4><strong>60 V, 1500 W (m\u00e1ximo 2000 W), 40 Ah (bater\u00eda Samsung de 25 Ah + 15 Ah)<\/strong><\/h4>\n<p>El <strong>Rueda Coswheel GT20 m\u00e1x.<\/strong> es una bicicleta el\u00e9ctrica de alto rendimiento dise\u00f1ada para ciclistas que exigen potencia, autonom\u00eda y comodidad. Con su avanzado sistema de doble bater\u00eda, su potente motor y su resistente cuadro, la GT20 MAX es perfecta para aventuras de larga distancia y terrenos desafiantes.<\/p>\n<hr \/>\n<h3><strong>Caracter\u00edsticas principales<\/strong><\/h3>\n<ul>\n<li><strong>Sistema de doble bater\u00eda para una autonom\u00eda inigualable<\/strong><br \/>\nEquipado con un <strong>Bater\u00eda Samsung de 60 V, 25 Ah y 15 Ah<\/strong>El GT20 MAX ofrece una gama impresionante de <strong>80+ millas (128 km)<\/strong> en modo de solo aceleraci\u00f3n y hasta <strong>145 millas (233 km)<\/strong> con asistencia de pedaleo. La combinaci\u00f3n <strong>Capacidad de energ\u00eda de 2400 Wh<\/strong> garantiza viajes prolongados sin recargas frecuentes.<\/li>\n<li><strong>Motor de alta potencia<\/strong><br \/>\nEl <strong>Motor de buje trasero sin escobillas de 60 V pico de 2000 W (potencia nominal de 1500 W)<\/strong> ofrece una impresionante <strong>Par motor de 120 Nm<\/strong>, permitiendo que la bicicleta alcance velocidades de <strong>40 mph (65 km\/h)<\/strong> y subir pendientes pronunciadas sin esfuerzo.<\/li>\n<li><strong>Sistema de suspensi\u00f3n avanzado<\/strong><br \/>\nDisfrute de una comodidad superior con el <strong>Suspensi\u00f3n delantera de 20\u2033 con amortiguaci\u00f3n de hombros (80 mm de recorrido)<\/strong> y un <strong>Suspensi\u00f3n trasera con capacidad para 850 libras (recorrido de 180 mm)<\/strong>, garantizando una conducci\u00f3n suave incluso en terrenos dif\u00edciles.<\/li>\n<li><strong>Sistema de frenado mejorado<\/strong><br \/>\nEl <strong>frenos de aceite de doble pist\u00f3n<\/strong> con <strong>Discos de freno de acero inoxidable de 180 mm.<\/strong> Proporcionan una potencia de frenado precisa y confiable, garantizando la seguridad a altas velocidades.<\/li>\n<li><strong>Neum\u00e1ticos preparados para todo terreno<\/strong><br \/>\nEquipado con <strong>Neum\u00e1ticos todoterreno ARISUN (20\u2033 x 4.0\u2033)<\/strong> Con neum\u00e1ticos Meimeng y l\u00ednea PVC, el GT20 MAX ofrece un agarre y durabilidad excepcionales para diversos terrenos.<\/li>\n<li><strong>Dise\u00f1o ergon\u00f3mico y duradero<\/strong><br \/>\nConstruido con un <strong>Marco de aleaci\u00f3n de aluminio 6061-T6 hidroformado de triple conificado<\/strong>El GT20 MAX es liviano pero robusto y admite conductores de hasta <strong>330 libras (150 kg)<\/strong>Su dise\u00f1o de manillar dividido aumenta la comodidad y el control del conductor.<\/li>\n<li><strong>Electr\u00f3nica inteligente<\/strong><br \/>\nEl <strong>Pantalla LCD de f\u00e1cil lectura<\/strong> Proporciona estad\u00edsticas en tiempo real como velocidad, nivel de bater\u00eda y modo de asistencia al pedaleo. <strong>5 niveles de asistencia al pedaleo<\/strong> y un <strong>acelerador de pulgar<\/strong>, la bicicleta se adapta perfectamente a tus necesidades de conducci\u00f3n.<\/li>\n<\/ul>\n<hr \/>\n<h3><strong>Presupuesto<\/strong><\/h3>\n<h4><strong>Actuaci\u00f3n<\/strong><\/h4>\n<ul>\n<li><strong>Velocidad m\u00e1xima<\/strong>: 40 mph (65 km\/h)<\/li>\n<li><strong>Rango<\/strong>:\n<ul>\n<li>Solo acelerador: m\u00e1s de 80 millas (128 km)<\/li>\n<li>Asistencia de pedaleo: 145 millas (233 km)<\/li>\n<\/ul>\n<\/li>\n<li><strong>Motor<\/strong>:Motor de buje trasero sin escobillas de 60 V pico de 2000 W (potencia nominal de 1500 W)<\/li>\n<li><strong>Esfuerzo de torsi\u00f3n<\/strong>: 120 N.m<\/li>\n<li><strong>Bater\u00eda<\/strong>:Bater\u00eda de litio Samsung de 60 V, 25 Ah y 15 Ah (celdas 18650)<\/li>\n<li><strong>Capacidad energ\u00e9tica<\/strong>:2400 Wh<\/li>\n<\/ul>\n<h4><strong>Construcci\u00f3n y suspensi\u00f3n<\/strong><\/h4>\n<ul>\n<li><strong>Marco<\/strong>:Aleaci\u00f3n de aluminio 6061-T6 de triple conificado hidroformado<\/li>\n<li><strong>Suspensi\u00f3n delantera<\/strong>: Amortiguaci\u00f3n de impactos de hombro de 20\u2033 (recorrido de 80 mm)<\/li>\n<li><strong>Suspensi\u00f3n trasera<\/strong>:Ajustable, 850 libras (recorrido de 180 mm)<\/li>\n<\/ul>\n<h4><strong>Frenos y neum\u00e1ticos<\/strong><\/h4>\n<ul>\n<li><strong>Frenos<\/strong>: Frenos de aceite de doble pist\u00f3n, discos de acero inoxidable de 180 mm.<\/li>\n<li><strong>Llantas<\/strong>Neum\u00e1tico todoterreno ARISUN (20\u2033 x 4.0\u2033) con neum\u00e1tico Meimeng + l\u00ednea de PVC<\/li>\n<\/ul>\n<h4><strong>Electr\u00f3nica<\/strong><\/h4>\n<ul>\n<li><strong>Controlador<\/strong>:60 V 35 A<\/li>\n<li><strong>Cargador<\/strong>: 60 V 5 A (tiempo de carga: 3,5 a 8 horas)<\/li>\n<li><strong>Mostrar<\/strong>: Pantalla LCD de f\u00e1cil lectura<\/li>\n<li><strong>Luces<\/strong>:\n<ul>\n<li><strong>Frente<\/strong>:Faro delantero cl\u00e1sico tipo ojo de \u00e1ngel (120 LUX)<\/li>\n<li><strong>Trasero<\/strong>: CONDUJO<\/li>\n<\/ul>\n<\/li>\n<\/ul>\n<h4><strong>Dimensiones y peso<\/strong><\/h4>\n<ul>\n<li><strong>Tama\u00f1o global<\/strong>: 180 x 69 x 106 cm (70,9\u2033 x 27,2\u2033 x 41,7\u2033)<\/li>\n<li><strong>Tama\u00f1o del paquete<\/strong>: 151 x 35 x 92 cm (59,4\u2033 x 13,8\u2033 x 36,2\u2033)<\/li>\n<li><strong>Altura del asiento<\/strong>:83 cm (32,6\u2033)<\/li>\n<li><strong>Distancia entre ejes<\/strong>: 121,5 cm (47,8\u2033)<\/li>\n<li><strong>Ancho del manillar<\/strong>:69 cm (27,2\u2033)<\/li>\n<li><strong>Peso de la bicicleta<\/strong>: \u226545 kg (99 lbs con bater\u00eda)<\/li>\n<\/ul>\n<h4><strong>Capacidad<\/strong><\/h4>\n<ul>\n<li><strong>Carga m\u00e1xima<\/strong>:150 kg (330 libras)<\/li>\n<li><strong>Carga segura<\/strong>: 120 kg (265 libras)<\/li>\n<\/ul>\n<hr \/>\n<h3><strong>\u00bfPor qu\u00e9 elegir COSWHEEL GT20 MAX?<\/strong><\/h3>\n<p>El <strong>Rueda Coswheel GT20 m\u00e1x.<\/strong> Es la bicicleta el\u00e9ctrica definitiva para ciclistas que buscan un rendimiento de largo alcance y una comodidad superior. Su sistema de doble bater\u00eda, su potente motor y su suspensi\u00f3n avanzada la hacen perfecta para desplazamientos urbanos y aventuras todoterreno.<\/p>\n<p><strong>Supera los l\u00edmites con COSWHEEL GT20 MAX: donde la potencia se combina con la resistencia.<\/strong><\/p>\n<p><img decoding=\"async\" class=\"alignnone size-full wp-image-291400\" src=\"https:\/\/ridstar.eu\/wp-content\/uploads\/2024\/09\/GT20MAX-2-3.webp\" alt=\"gt20m\u00e1x\" width=\"1920\" height=\"1080\" \/> <img decoding=\"async\" class=\"alignnone size-full wp-image-291401\" src=\"https:\/\/ridstar.eu\/wp-content\/uploads\/2024\/09\/GT20MAX-2.webp\" alt=\"gt20m\u00e1x\" width=\"1920\" height=\"1080\" \/> <img decoding=\"async\" class=\"alignnone size-full wp-image-291402\" src=\"https:\/\/ridstar.eu\/wp-content\/uploads\/2024\/09\/GT20MAX.webp\" alt=\"gt20m\u00e1x\" width=\"1920\" height=\"1080\" \/><\/p>","protected":false},"excerpt":{"rendered":"<h1 class=\"product-info__title h2\">Bicicleta el\u00e9ctrica GT20 MAX<br \/>\n<\/h1>\n<p><strong>\u00a1Cantidad limitada!<\/strong><\/p>\n<div>Almac\u00e9n de la UE, env\u00edo gratuito, entrega en 3-7 d\u00edas\n<\/div>\n<div class=\"shopify-block shopify-app-block\" id=\"shopify-block-klarna_on_site_messaging_app_block_FNRicr\">Par motor de 120 Nm, puede subir pendientes de 35 grados, motocicleta el\u00e9ctrica de neum\u00e1ticos gruesos.\n<\/div>\n<div>\n<\/div>\n<div><\/div>","protected":false},"featured_media":290898,"comment_status":"open","ping_status":"closed","template":"","meta":[],"product_brand":[],"product_cat":[212],"product_tag":[],"class_list":{"0":"post-290894","1":"product","2":"type-product","3":"status-publish","4":"has-post-thumbnail","6":"product_cat-electric-bikes","8":"first","9":"outofstock","10":"sale","11":"shipping-taxable","12":"purchasable","13":"product-type-simple"},"jetpack_sharing_enabled":true,"_links":{"self":[{"href":"https:\/\/ridstar.eu\/es\/wp-json\/wp\/v2\/product\/290894","targetHints":{"allow":["GET"]}}],"collection":[{"href":"https:\/\/ridstar.eu\/es\/wp-json\/wp\/v2\/product"}],"about":[{"href":"https:\/\/ridstar.eu\/es\/wp-json\/wp\/v2\/types\/product"}],"replies":[{"embeddable":true,"href":"https:\/\/ridstar.eu\/es\/wp-json\/wp\/v2\/comments?post=290894"}],"wp:featuredmedia":[{"embeddable":true,"href":"https:\/\/ridstar.eu\/es\/wp-json\/wp\/v2\/media\/290898"}],"wp:attachment":[{"href":"https:\/\/ridstar.eu\/es\/wp-json\/wp\/v2\/media?parent=290894"}],"wp:term":[{"taxonomy":"product_brand","embeddable":true,"href":"https:\/\/ridstar.eu\/es\/wp-json\/wp\/v2\/product_brand?post=290894"},{"taxonomy":"product_cat","embeddable":true,"href":"https:\/\/ridstar.eu\/es\/wp-json\/wp\/v2\/product_cat?post=290894"},{"taxonomy":"product_tag","embeddable":true,"href":"https:\/\/ridstar.eu\/es\/wp-json\/wp\/v2\/product_tag?post=290894"}],"curies":[{"name":"gracias","href":"https:\/\/api.w.org\/{rel}","templated":true}]}}