{"id":290632,"date":"2024-07-19T12:28:14","date_gmt":"2024-07-19T09:28:14","guid":{"rendered":"https:\/\/ridstar.eu\/?post_type=product&#038;p=290632"},"modified":"2025-09-21T17:05:06","modified_gmt":"2025-09-21T15:05:06","slug":"pastillas-de-freno-para-bicicleta-electrica-par-de-2-uds","status":"publish","type":"product","link":"https:\/\/ridstar.eu\/es\/producto\/pastillas-de-freno-para-bicicleta-electrica-par-de-2-uds\/","title":{"rendered":"Pastillas de freno para bicicletas el\u00e9ctricas, 2 uds. (par)"},"content":{"rendered":"<p>Un modelo de pastillas de freno popular que se adapta a la mayor\u00eda de las bicicletas el\u00e9ctricas fabricadas en China.<\/p>\n<p>Se adapta a SHIMANO:<br \/>\nM975, M966, M965, M800, M776, M775, M765, M665, M601, M596, M595, M585, M545, M535, R505, T665, T605 y otros<\/p>","protected":false},"excerpt":{"rendered":"<p>Almac\u00e9n de la UE, entrega r\u00e1pida<\/p>","protected":false},"featured_media":290633,"comment_status":"open","ping_status":"closed","template":"","meta":[],"product_brand":[],"product_cat":[15],"product_tag":[],"class_list":{"0":"post-290632","1":"product","2":"type-product","3":"status-publish","4":"has-post-thumbnail","6":"product_cat-spare-parts","8":"first","9":"instock","10":"sale","11":"shipping-taxable","12":"purchasable","13":"product-type-simple"},"jetpack_sharing_enabled":true,"_links":{"self":[{"href":"https:\/\/ridstar.eu\/es\/wp-json\/wp\/v2\/product\/290632","targetHints":{"allow":["GET"]}}],"collection":[{"href":"https:\/\/ridstar.eu\/es\/wp-json\/wp\/v2\/product"}],"about":[{"href":"https:\/\/ridstar.eu\/es\/wp-json\/wp\/v2\/types\/product"}],"replies":[{"embeddable":true,"href":"https:\/\/ridstar.eu\/es\/wp-json\/wp\/v2\/comments?post=290632"}],"wp:featuredmedia":[{"embeddable":true,"href":"https:\/\/ridstar.eu\/es\/wp-json\/wp\/v2\/media\/290633"}],"wp:attachment":[{"href":"https:\/\/ridstar.eu\/es\/wp-json\/wp\/v2\/media?parent=290632"}],"wp:term":[{"taxonomy":"product_brand","embeddable":true,"href":"https:\/\/ridstar.eu\/es\/wp-json\/wp\/v2\/product_brand?post=290632"},{"taxonomy":"product_cat","embeddable":true,"href":"https:\/\/ridstar.eu\/es\/wp-json\/wp\/v2\/product_cat?post=290632"},{"taxonomy":"product_tag","embeddable":true,"href":"https:\/\/ridstar.eu\/es\/wp-json\/wp\/v2\/product_tag?post=290632"}],"curies":[{"name":"gracias","href":"https:\/\/api.w.org\/{rel}","templated":true}]}}