{"id":290610,"date":"2024-07-17T16:49:49","date_gmt":"2024-07-17T13:49:49","guid":{"rendered":"https:\/\/ridstar.eu\/?post_type=product&#038;p=290610"},"modified":"2024-12-30T11:44:03","modified_gmt":"2024-12-30T09:44:03","slug":"buje-de-motor-de-rueda-trasera-2000w-48v-para-ekx-x21buje-de-motor-de-rueda-trasera-2000w-48v-para-ekx-x20","status":"publish","type":"product","link":"https:\/\/ridstar.eu\/es\/product\/rear-wheel-motor-hub-2000w-48v-for-ekx-x21\/","title":{"rendered":"Buje de motor de rueda trasera 2000W, 48V, para EKX X21"},"content":{"rendered":"","protected":false},"excerpt":{"rendered":"<p>\u00a1Aseg\u00farese de que el PIN de conexi\u00f3n sea el mismo!<br \/>\nEnviado desde China por v\u00eda a\u00e9rea (entrega r\u00e1pida)<br \/>\nPrecio final impuestos incluidos.<\/p>","protected":false},"featured_media":290612,"comment_status":"open","ping_status":"closed","template":"","meta":[],"product_brand":[],"product_cat":[15],"product_tag":[],"class_list":{"0":"post-290610","1":"product","2":"type-product","3":"status-publish","4":"has-post-thumbnail","6":"product_cat-spare-parts","8":"first","9":"outofstock","10":"sale","11":"shipping-taxable","12":"purchasable","13":"product-type-simple"},"_links":{"self":[{"href":"https:\/\/ridstar.eu\/es\/wp-json\/wp\/v2\/product\/290610","targetHints":{"allow":["GET"]}}],"collection":[{"href":"https:\/\/ridstar.eu\/es\/wp-json\/wp\/v2\/product"}],"about":[{"href":"https:\/\/ridstar.eu\/es\/wp-json\/wp\/v2\/types\/product"}],"replies":[{"embeddable":true,"href":"https:\/\/ridstar.eu\/es\/wp-json\/wp\/v2\/comments?post=290610"}],"wp:featuredmedia":[{"embeddable":true,"href":"https:\/\/ridstar.eu\/es\/wp-json\/wp\/v2\/media\/290612"}],"wp:attachment":[{"href":"https:\/\/ridstar.eu\/es\/wp-json\/wp\/v2\/media?parent=290610"}],"wp:term":[{"taxonomy":"product_brand","embeddable":true,"href":"https:\/\/ridstar.eu\/es\/wp-json\/wp\/v2\/product_brand?post=290610"},{"taxonomy":"product_cat","embeddable":true,"href":"https:\/\/ridstar.eu\/es\/wp-json\/wp\/v2\/product_cat?post=290610"},{"taxonomy":"product_tag","embeddable":true,"href":"https:\/\/ridstar.eu\/es\/wp-json\/wp\/v2\/product_tag?post=290610"}],"curies":[{"name":"gracias","href":"https:\/\/api.w.org\/{rel}","templated":true}]}}