{"id":290510,"date":"2024-06-25T12:29:47","date_gmt":"2024-06-25T09:29:47","guid":{"rendered":"https:\/\/ridstar.eu\/?post_type=product&#038;p=290510"},"modified":"2026-01-09T16:22:35","modified_gmt":"2026-01-09T14:22:35","slug":"bicicleta-electrica-gunai-gn88-2000w-motor-dual-bateria-48v-22ah","status":"publish","type":"product","link":"https:\/\/ridstar.eu\/es\/producto\/bicicleta-electrica-gunai-gn88-2000w-motor-dual-bateria-48v-22ah\/","title":{"rendered":"Bicicleta el\u00e9ctrica GUNAI GN88, 2000W (Dual Motor), 48V, bater\u00eda 22Ah"},"content":{"rendered":"<h4><iframe title=\"reproductor de v\u00eddeos de youtube\" src=\"https:\/\/www.youtube.com\/embed\/udUrKwvykJ8?si=fpBXu-fYLJXU1Bsx\" width=\"560\" height=\"315\" frameborder=\"0\" allowfullscreen=\"allowfullscreen\" data-mce-fragment=\"1\"><\/iframe><\/h4>\n<h3><strong>GUNAI GN88 \u2013 \u00a1Potencia, rendimiento y aventura!<\/strong><\/h3>\n<p>El <strong>Pistola GN88<\/strong> Es un alto rendimiento <strong>Bicicleta de monta\u00f1a el\u00e9ctrica de doble motor<\/strong> Dise\u00f1ado para entusiastas del todoterreno y conductores urbanos que buscan potencia, velocidad y durabilidad. <strong>Motores sin escobillas de 2000 W<\/strong>, <strong>Par motor de 100 Nm<\/strong>, <strong>Neum\u00e1ticos anchos de 26\u00d74.0<\/strong>, y un <strong>Bater\u00eda de 22 Ah<\/strong>Esta bicicleta el\u00e9ctrica est\u00e1 dise\u00f1ada para dominar todos los terrenos, desde colinas empinadas hasta senderos dif\u00edciles.<\/p>\n<hr \/>\n<h3><strong>Caracter\u00edsticas principales<\/strong><\/h3>\n<h4><strong>\ud83d\udcaa Potencia de motor dual: rendimiento de 2000 W<\/strong><\/h4>\n<ul>\n<li>Equipado con <strong>Dos motores de buje sin escobillas de alta velocidad<\/strong><\/li>\n<li><strong>Par motor de 100 Nm<\/strong> para una capacidad excepcional para subir colinas<\/li>\n<li>Aborda sin esfuerzo <strong>Pendientes de 35\u00b0<\/strong>, caminos de grava y senderos accidentados<\/li>\n<li><strong>Velocidad m\u00e1xima:<\/strong> <strong>55 kil\u00f3metros por hora<\/strong> para un viaje emocionante<\/li>\n<\/ul>\n<h4><strong>\ud83d\udd0b Bater\u00eda de larga duraci\u00f3n de 22 Ah<\/strong><\/h4>\n<ul>\n<li><strong>Capacidad de la bater\u00eda:<\/strong> 48 V 22 Ah<\/li>\n<li><strong>Rango:<\/strong>\n<ul>\n<li><strong>50-70 km en modo puramente el\u00e9ctrico<\/strong><\/li>\n<li><strong>110-130 km en modo de asistencia al pedaleo<\/strong><\/li>\n<\/ul>\n<\/li>\n<li><strong>Tiempo de carga:<\/strong> 8-9 horas con el incluido <strong>Cargador de 54,6 V 2 A<\/strong><\/li>\n<li><strong>Bater\u00eda ligera:<\/strong> Peso neto <strong>5 kilos<\/strong><\/li>\n<\/ul>\n<h4><strong>\u2699\ufe0f Transmisi\u00f3n Shimano de 21 velocidades<\/strong><\/h4>\n<ul>\n<li><strong>Desviador trasero vers\u00e1til de 21 velocidades<\/strong><\/li>\n<li>Cambio de marchas suave para un control \u00f3ptimo en diferentes terrenos.<\/li>\n<li>Se adapta f\u00e1cilmente entre subidas pronunciadas y cruceros de alta velocidad.<\/li>\n<\/ul>\n<h4><strong>\ud83d\udeb2 Estabilidad y comodidad de los neum\u00e1ticos anchos<\/strong><\/h4>\n<ul>\n<li><strong>Neum\u00e1ticos anchos de 26 \u00d7 4,0 pulgadas<\/strong> para un mejor agarre y control<\/li>\n<li><strong>Horquilla de suspensi\u00f3n de resorte<\/strong> Absorbe golpes y vibraciones<\/li>\n<li>Experiencia de conducci\u00f3n suave en arena, nieve y caminos rocosos.<\/li>\n<\/ul>\n<h4><strong>\ud83d\uded1 Sistema de frenado hidr\u00e1ulico<\/strong><\/h4>\n<ul>\n<li><strong>Frenos de disco hidr\u00e1ulicos de aceite avanzados<\/strong> para una potencia de frenado precisa<\/li>\n<li>Garantiza seguridad y control incluso en descensos pronunciados.<\/li>\n<\/ul>\n<h4><strong>\ud83d\udcdf Pantalla LCD intuitiva<\/strong><\/h4>\n<ul>\n<li>Lado izquierdo <strong>pantalla digital<\/strong> Para monitorizar la velocidad, la distancia y la bater\u00eda en tiempo real<\/li>\n<li>Acceda f\u00e1cilmente a la informaci\u00f3n del viaje de un vistazo<\/li>\n<\/ul>\n<hr \/>\n<h3><strong>Presupuesto<\/strong><\/h3>\n<h4><strong>Actuaci\u00f3n<\/strong><\/h4>\n<ul>\n<li><strong>Motor:<\/strong> <strong>Motores duales sin escobillas de 48 V y 2000 W<\/strong><\/li>\n<li><strong>M\u00e1xima velocidad:<\/strong> <strong>55 kil\u00f3metros por hora<\/strong><\/li>\n<li><strong>Esfuerzo de torsi\u00f3n:<\/strong> <strong>100 Nm<\/strong><\/li>\n<li><strong>Kilometraje:<\/strong>\n<ul>\n<li>Modo el\u00e9ctrico puro: <strong>50-70 kil\u00f3metros<\/strong><\/li>\n<li>Modo de asistencia al pedaleo: <strong>110-130 kil\u00f3metros<\/strong><\/li>\n<\/ul>\n<\/li>\n<li><strong>Tiempo de carga:<\/strong> <strong>8-9 horas<\/strong><\/li>\n<\/ul>\n<h4><strong>Marco y dise\u00f1o<\/strong><\/h4>\n<ul>\n<li><strong>Material del marco:<\/strong> <strong>Aleaci\u00f3n de aluminio de 26\u201d<\/strong><\/li>\n<li><strong>Manillar y tija de sill\u00edn:<\/strong> <strong>Aluminio, altura del asiento regulable (80-100 cm)<\/strong><\/li>\n<li><strong>Suspensi\u00f3n:<\/strong> <strong>Horquilla de suspensi\u00f3n de resorte<\/strong><\/li>\n<\/ul>\n<h4><strong>Frenado y transmisi\u00f3n<\/strong><\/h4>\n<ul>\n<li><strong>Frenos:<\/strong> <strong>Frenos de disco de aceite hidr\u00e1ulico<\/strong><\/li>\n<li><strong>Engranajes:<\/strong> <strong>Desviador Shimano de 21 velocidades<\/strong><\/li>\n<\/ul>\n<h4><strong>Peso y dimensiones<\/strong><\/h4>\n<ul>\n<li><strong>Peso de la bicicleta:<\/strong> <strong>36,8 kilogramos<\/strong><\/li>\n<li><strong>Capacidad m\u00e1xima de carga:<\/strong> <strong>150 kilos<\/strong><\/li>\n<li><strong>Tama\u00f1o de la bicicleta:<\/strong> <strong>188 x 94 x 115 cm<\/strong><\/li>\n<li><strong>Tama\u00f1o del paquete:<\/strong> <strong>152 x 34 x 80 cm<\/strong><\/li>\n<\/ul>\n<hr \/>\n<h3><strong>\u00bfPor qu\u00e9 elegir el GUNAI GN88?<\/strong><\/h3>\n<p>\u2705 <strong>Dos motores de 2000 W<\/strong> \u2013 potencia inigualable para un rendimiento extremo<br \/>\n\u2705 <strong>Bater\u00eda de 22 Ah<\/strong> \u2013 Conduce m\u00e1s tiempo sin recargas frecuentes<br \/>\n\u2705 <strong>Frenos hidr\u00e1ulicos<\/strong> \u2013 potencia de frenado superior para mayor seguridad<br \/>\n\u2705 <strong>Neum\u00e1ticos anchos y suspensi\u00f3n<\/strong> \u2013 estabilidad en todos los terrenos<br \/>\n\u2705 <strong>Cambios Shimano de 21 velocidades<\/strong> \u2013 control preciso para cualquier aventura<\/p>\n<hr \/>\n<h3><strong>\u00a1Lleva tu aventura al siguiente nivel!<\/strong><\/h3>\n<p>El <strong>Pistola GN88<\/strong> Es la bicicleta de monta\u00f1a el\u00e9ctrica definitiva para ciclistas que buscan potencia, durabilidad y versatilidad. Ya sea que est\u00e9s conquistando senderos de monta\u00f1a o recorriendo la ciudad, esta bicicleta el\u00e9ctrica ofrece una experiencia de conducci\u00f3n emocionante.<\/p>\n<p>\ud83d\udd25 <strong>\u00a1Pide el tuyo hoy y explora sin l\u00edmites!<\/strong><\/p>","protected":false},"excerpt":{"rendered":"<p>Entrega gratuita desde el almac\u00e9n de la UE.<\/p>\n<p>Potencia del motor 48V 2000W<br \/>\nVelocidad m\u00e1xima 55 KM\/h<br \/>\nCapacidad de la bater\u00eda 22AH<br \/>\n70 km en modo el\u00e9ctrico puro<\/p>","protected":false},"featured_media":290511,"comment_status":"open","ping_status":"closed","template":"","meta":[],"product_brand":[],"product_cat":[212],"product_tag":[],"class_list":{"0":"post-290510","1":"product","2":"type-product","3":"status-publish","4":"has-post-thumbnail","6":"product_cat-electric-bikes","8":"first","9":"outofstock","10":"sale","11":"shipping-taxable","12":"purchasable","13":"product-type-simple"},"jetpack_sharing_enabled":true,"_links":{"self":[{"href":"https:\/\/ridstar.eu\/es\/wp-json\/wp\/v2\/product\/290510","targetHints":{"allow":["GET"]}}],"collection":[{"href":"https:\/\/ridstar.eu\/es\/wp-json\/wp\/v2\/product"}],"about":[{"href":"https:\/\/ridstar.eu\/es\/wp-json\/wp\/v2\/types\/product"}],"replies":[{"embeddable":true,"href":"https:\/\/ridstar.eu\/es\/wp-json\/wp\/v2\/comments?post=290510"}],"wp:featuredmedia":[{"embeddable":true,"href":"https:\/\/ridstar.eu\/es\/wp-json\/wp\/v2\/media\/290511"}],"wp:attachment":[{"href":"https:\/\/ridstar.eu\/es\/wp-json\/wp\/v2\/media?parent=290510"}],"wp:term":[{"taxonomy":"product_brand","embeddable":true,"href":"https:\/\/ridstar.eu\/es\/wp-json\/wp\/v2\/product_brand?post=290510"},{"taxonomy":"product_cat","embeddable":true,"href":"https:\/\/ridstar.eu\/es\/wp-json\/wp\/v2\/product_cat?post=290510"},{"taxonomy":"product_tag","embeddable":true,"href":"https:\/\/ridstar.eu\/es\/wp-json\/wp\/v2\/product_tag?post=290510"}],"curies":[{"name":"gracias","href":"https:\/\/api.w.org\/{rel}","templated":true}]}}