{"id":290472,"date":"2024-06-18T15:04:41","date_gmt":"2024-06-18T12:04:41","guid":{"rendered":"https:\/\/ridstar.eu\/?post_type=product&#038;p=290472"},"modified":"2024-12-30T12:34:33","modified_gmt":"2024-12-30T10:34:33","slug":"bicicleta-electrica-shenhmilo-mx03-1000w-48v-17-5ah-bateria-samsung","status":"publish","type":"product","link":"https:\/\/ridstar.eu\/es\/producto\/bicicleta-electrica-shenhmilo-mx03-1000w-48v-17-5ah-bateria-samsung\/","title":{"rendered":"Bicicleta el\u00e9ctrica Shenhmilo MX03, motor Bafang 500W (1000W), bater\u00eda Samsung 48V, 17,5Ah"},"content":{"rendered":"<h2>Reflejos<\/h2>\n<h3><strong>Bater\u00eda de iones de litio de crucero largo de 48 V y 17,5 Ah<\/strong><\/h3>\n<p>El nuevo Shengmilo MX03 combina la nueva tecnolog\u00eda de bater\u00eda con celdas de bater\u00eda de alto rendimiento 18650. Esta bater\u00eda de 720 Wh mejora de manera eficiente la autonom\u00eda, la estabilidad y la seguridad de las bicicletas Shengmilo. Una sola carga puede durar hasta 30~40 km en modo de aceleraci\u00f3n y m\u00e1s de 50~60 km con modo de asistencia de pedaleo.<\/p>\n<h3><strong>Potente motor Bafang de 500 W<\/strong><\/h3>\n<p>Este motor BAFANG de 48 V y 500 W produce una potencia m\u00e1xima de hasta 1000 W. El motor es el coraz\u00f3n de la bicicleta el\u00e9ctrica y el componente m\u00e1s importante de la misma. Su rendimiento afecta a la potencia, la velocidad, la resistencia y la capacidad de vadeo.<\/p>\n<h3><strong>Neum\u00e1ticos anchos de 26 x 3 pulgadas<\/strong><\/h3>\n<p>Los neum\u00e1ticos anchos de monta\u00f1a de 26 x 3,0 pulgadas proporcionan un mejor agarre y tracci\u00f3n en los terrenos m\u00e1s dif\u00edciles. La mayor diversi\u00f3n es andar en la playa o en la nieve, en caminos de monta\u00f1a, tambi\u00e9n dejar\u00e1 una buena impresi\u00f3n.<\/p>\n<h3><strong>Desviador SHIMANO de 7 velocidades<\/strong><\/h3>\n<p>Sistema de transmisi\u00f3n Shimano de 7 velocidades, excelente rendimiento de transmisi\u00f3n para garantizar un viaje seguro y estable. Puede cambiar a una marcha m\u00e1s grande cuando suba una pendiente y a una marcha m\u00e1s peque\u00f1a cuando conduzca a alta velocidad. Combinado con el sistema de asistencia al pedaleo, puede ajustar la velocidad adecuada para completar su viaje.<\/p>\n<h3><strong>Frenos de disco hidr\u00e1ulicos<\/strong><\/h3>\n<p>Las ruedas delanteras y traseras est\u00e1n equipadas con frenos de disco hidr\u00e1ulicos. El sistema de frenos tiene la funci\u00f3n de cortar la potencia del motor, cuando se mantiene presionada la palanca de freno, el motor detendr\u00e1 la potencia de salida, para lograr un efecto de frenado r\u00e1pido y estable, pero tambi\u00e9n para extender la vida \u00fatil de la pastilla de freno, para garantizar su seguridad al conducir.<\/p>\n<h3><strong>Amortiguador trasero<\/strong><\/h3>\n<p>Amortiguaci\u00f3n de impactos del resorte trasero, el amortiguador de suspensi\u00f3n puede filtrar eficazmente la vibraci\u00f3n en el \u00e1rea accidentada y mejorar la calidad de conducci\u00f3n.<br \/>\n<img decoding=\"async\" class=\"lazy_img\" src=\"https:\/\/img.gkbcdn.com\/d\/202311\/db2c5686-a1eb-40de-acdb-4456be96696f._p1_.jpg\" alt=\"Bicicleta de monta\u00f1a el\u00e9ctrica Shengmilo MX03 2023, nueva, 26 x 3,0 pulgadas, neum\u00e1ticos anchos, motor Bafang de 500 W, velocidad m\u00e1xima de 40 km\/h, bater\u00eda de 48 V y 15 Ah, carga de 180 kg, cambio SHIMANO de 7 velocidades, freno de disco hidr\u00e1ulico doble\" data-original=\"\/\/img.gkbcdn.com\/s3\/d\/202311\/db2c5686-a1eb-40de-acdb-4456be96696f.jpg\" \/><img decoding=\"async\" class=\"lazy_img\" src=\"https:\/\/img.gkbcdn.com\/d\/202311\/507064f4-af58-439e-a8b1-609caff148e5._p1_.jpg\" alt=\"Bicicleta de monta\u00f1a el\u00e9ctrica Shengmilo MX03 2023, nueva, 26 x 3,0 pulgadas, neum\u00e1ticos anchos, motor Bafang de 500 W, velocidad m\u00e1xima de 40 km\/h, bater\u00eda de 48 V y 15 Ah, carga de 180 kg, cambio SHIMANO de 7 velocidades, freno de disco hidr\u00e1ulico doble\" data-original=\"\/\/img.gkbcdn.com\/s3\/d\/202311\/507064f4-af58-439e-a8b1-609caff148e5.jpg\" \/><img decoding=\"async\" class=\"lazy_img\" src=\"https:\/\/img.gkbcdn.com\/d\/202311\/5b01b7ad-a5e7-43a0-917b-8d8418e1abb4._p1_.jpg\" alt=\"Bicicleta de monta\u00f1a el\u00e9ctrica Shengmilo MX03 2023, nueva, 26 x 3,0 pulgadas, neum\u00e1ticos anchos, motor Bafang de 500 W, velocidad m\u00e1xima de 40 km\/h, bater\u00eda de 48 V y 15 Ah, carga de 180 kg, cambio SHIMANO de 7 velocidades, freno de disco hidr\u00e1ulico doble\" data-original=\"\/\/img.gkbcdn.com\/s3\/d\/202311\/5b01b7ad-a5e7-43a0-917b-8d8418e1abb4.jpg\" \/><img decoding=\"async\" class=\"lazy_img\" src=\"https:\/\/img.gkbcdn.com\/d\/202311\/26f0db2f-b32b-44cc-be1b-1d38dfe8a2be._p1_.jpg\" alt=\"Bicicleta de monta\u00f1a el\u00e9ctrica Shengmilo MX03 2023, nueva, 26 x 3,0 pulgadas, neum\u00e1ticos anchos, motor Bafang de 500 W, velocidad m\u00e1xima de 40 km\/h, bater\u00eda de 48 V y 15 Ah, carga de 180 kg, cambio SHIMANO de 7 velocidades, freno de disco hidr\u00e1ulico doble\" data-original=\"\/\/img.gkbcdn.com\/s3\/d\/202311\/26f0db2f-b32b-44cc-be1b-1d38dfe8a2be.jpg\" \/><img decoding=\"async\" class=\"lazy_img\" src=\"https:\/\/img.gkbcdn.com\/d\/202311\/3fc37973-adad-4119-92fa-61d0e2b12c10._p1_.jpg\" alt=\"Bicicleta de monta\u00f1a el\u00e9ctrica Shengmilo MX03 2023, nueva, 26 x 3,0 pulgadas, neum\u00e1ticos anchos, motor Bafang de 500 W, velocidad m\u00e1xima de 40 km\/h, bater\u00eda de 48 V y 15 Ah, carga de 180 kg, cambio SHIMANO de 7 velocidades, freno de disco hidr\u00e1ulico doble\" data-original=\"\/\/img.gkbcdn.com\/s3\/d\/202311\/3fc37973-adad-4119-92fa-61d0e2b12c10.jpg\" \/><img decoding=\"async\" class=\"lazy_img\" src=\"https:\/\/img.gkbcdn.com\/d\/202311\/6af729e1-8f09-4792-b504-2ef9a0037d63._p1_.jpg\" alt=\"Bicicleta de monta\u00f1a el\u00e9ctrica Shengmilo MX03 2023, nueva, 26 x 3,0 pulgadas, neum\u00e1ticos anchos, motor Bafang de 500 W, velocidad m\u00e1xima de 40 km\/h, bater\u00eda de 48 V y 15 Ah, carga de 180 kg, cambio SHIMANO de 7 velocidades, freno de disco hidr\u00e1ulico doble\" data-original=\"\/\/img.gkbcdn.com\/s3\/d\/202311\/6af729e1-8f09-4792-b504-2ef9a0037d63.jpg\" \/><img decoding=\"async\" class=\"lazy_img\" src=\"https:\/\/img.gkbcdn.com\/d\/202311\/56f1a079-b78c-4564-9581-87ed30613259._p1_.jpg\" alt=\"Bicicleta de monta\u00f1a el\u00e9ctrica Shengmilo MX03 2023, nueva, 26 x 3,0 pulgadas, neum\u00e1ticos anchos, motor Bafang de 500 W, velocidad m\u00e1xima de 40 km\/h, bater\u00eda de 48 V y 15 Ah, carga de 180 kg, cambio SHIMANO de 7 velocidades, freno de disco hidr\u00e1ulico doble\" data-original=\"\/\/img.gkbcdn.com\/s3\/d\/202311\/56f1a079-b78c-4564-9581-87ed30613259.jpg\" \/><img decoding=\"async\" class=\"lazy_img\" src=\"https:\/\/img.gkbcdn.com\/d\/202311\/e5676b6e-a2a6-4e6d-83ef-0f4e90a27e53._p1_.jpg\" alt=\"Bicicleta de monta\u00f1a el\u00e9ctrica Shengmilo MX03 2023, nueva, 26 x 3,0 pulgadas, neum\u00e1ticos anchos, motor Bafang de 500 W, velocidad m\u00e1xima de 40 km\/h, bater\u00eda de 48 V y 15 Ah, carga de 180 kg, cambio SHIMANO de 7 velocidades, freno de disco hidr\u00e1ulico doble\" data-original=\"\/\/img.gkbcdn.com\/s3\/d\/202311\/e5676b6e-a2a6-4e6d-83ef-0f4e90a27e53.jpg\" \/><img decoding=\"async\" class=\"lazy_img\" src=\"https:\/\/img.gkbcdn.com\/d\/202311\/9c8d29e4-eed2-4f51-bc27-cd33bcb14042._p1_.jpg\" alt=\"Bicicleta de monta\u00f1a el\u00e9ctrica Shengmilo MX03 2023, nueva, 26 x 3,0 pulgadas, neum\u00e1ticos anchos, motor Bafang de 500 W, velocidad m\u00e1xima de 40 km\/h, bater\u00eda de 48 V y 15 Ah, carga de 180 kg, cambio SHIMANO de 7 velocidades, freno de disco hidr\u00e1ulico doble\" data-original=\"\/\/img.gkbcdn.com\/s3\/d\/202311\/9c8d29e4-eed2-4f51-bc27-cd33bcb14042.jpg\" \/><img decoding=\"async\" class=\"lazy_img\" src=\"https:\/\/img.gkbcdn.com\/d\/202311\/0663ed22-de5f-405e-afbe-dc742d024f74._p1_.jpg\" alt=\"Bicicleta de monta\u00f1a el\u00e9ctrica Shengmilo MX03 2023, nueva, 26 x 3,0 pulgadas, neum\u00e1ticos anchos, motor Bafang de 500 W, velocidad m\u00e1xima de 40 km\/h, bater\u00eda de 48 V y 15 Ah, carga de 180 kg, cambio SHIMANO de 7 velocidades, freno de disco hidr\u00e1ulico doble\" data-original=\"\/\/img.gkbcdn.com\/s3\/d\/202311\/0663ed22-de5f-405e-afbe-dc742d024f74.jpg\" \/><img decoding=\"async\" class=\"lazy_img\" src=\"https:\/\/img.gkbcdn.com\/d\/202311\/d0fbd320-b4a6-4a29-9316-d1e0036e379f._p1_.jpg\" alt=\"Bicicleta de monta\u00f1a el\u00e9ctrica Shengmilo MX03 2023, nueva, 26 x 3,0 pulgadas, neum\u00e1ticos anchos, motor Bafang de 500 W, velocidad m\u00e1xima de 40 km\/h, bater\u00eda de 48 V y 15 Ah, carga de 180 kg, cambio SHIMANO de 7 velocidades, freno de disco hidr\u00e1ulico doble\" data-original=\"\/\/img.gkbcdn.com\/s3\/d\/202311\/d0fbd320-b4a6-4a29-9316-d1e0036e379f.jpg\" \/><img decoding=\"async\" class=\"lazy_img\" src=\"https:\/\/img.gkbcdn.com\/d\/202311\/06f54a03-d590-4fa6-a0ad-35807861547d._p1_.jpg\" alt=\"Bicicleta de monta\u00f1a el\u00e9ctrica Shengmilo MX03 2023, nueva, 26 x 3,0 pulgadas, neum\u00e1ticos anchos, motor Bafang de 500 W, velocidad m\u00e1xima de 40 km\/h, bater\u00eda de 48 V y 15 Ah, carga de 180 kg, cambio SHIMANO de 7 velocidades, freno de disco hidr\u00e1ulico doble\" data-original=\"\/\/img.gkbcdn.com\/s3\/d\/202311\/06f54a03-d590-4fa6-a0ad-35807861547d.jpg\" \/><img decoding=\"async\" class=\"lazy_img\" src=\"https:\/\/img.gkbcdn.com\/d\/202311\/0e2fca65-41ee-4d7c-8d4e-d8cd394a7f9b._p1_.jpg\" alt=\"Bicicleta de monta\u00f1a el\u00e9ctrica Shengmilo MX03 2023, nueva, 26 x 3,0 pulgadas, neum\u00e1ticos anchos, motor Bafang de 500 W, velocidad m\u00e1xima de 40 km\/h, bater\u00eda de 48 V y 15 Ah, carga de 180 kg, cambio SHIMANO de 7 velocidades, freno de disco hidr\u00e1ulico doble\" data-original=\"\/\/img.gkbcdn.com\/s3\/d\/202311\/0e2fca65-41ee-4d7c-8d4e-d8cd394a7f9b.jpg\" \/><img decoding=\"async\" class=\"lazy_img\" src=\"https:\/\/img.gkbcdn.com\/d\/202311\/704338df-d5b0-469a-9fd9-29816b31c144._p1_.jpg\" alt=\"Bicicleta de monta\u00f1a el\u00e9ctrica Shengmilo MX03 2023, nueva, 26 x 3,0 pulgadas, neum\u00e1ticos anchos, motor Bafang de 500 W, velocidad m\u00e1xima de 40 km\/h, bater\u00eda de 48 V y 15 Ah, carga de 180 kg, cambio SHIMANO de 7 velocidades, freno de disco hidr\u00e1ulico doble\" data-original=\"\/\/img.gkbcdn.com\/s3\/d\/202311\/704338df-d5b0-469a-9fd9-29816b31c144.jpg\" \/><img decoding=\"async\" class=\"lazy_img\" src=\"https:\/\/img.gkbcdn.com\/d\/202311\/3fa2e894-65b6-413a-8f7e-7c8b903c5268._p1_.jpg\" alt=\"Bicicleta de monta\u00f1a el\u00e9ctrica Shengmilo MX03 2023, nueva, 26 x 3,0 pulgadas, neum\u00e1ticos anchos, motor Bafang de 500 W, velocidad m\u00e1xima de 40 km\/h, bater\u00eda de 48 V y 15 Ah, carga de 180 kg, cambio SHIMANO de 7 velocidades, freno de disco hidr\u00e1ulico doble\" data-original=\"\/\/img.gkbcdn.com\/s3\/d\/202311\/3fa2e894-65b6-413a-8f7e-7c8b903c5268.jpg\" \/><img decoding=\"async\" class=\"lazy_img\" src=\"https:\/\/img.gkbcdn.com\/d\/202311\/3110995d-f23f-4f42-8198-d545b571eb3f._p1_.jpg\" alt=\"Bicicleta de monta\u00f1a el\u00e9ctrica Shengmilo MX03 2023, nueva, 26 x 3,0 pulgadas, neum\u00e1ticos anchos, motor Bafang de 500 W, velocidad m\u00e1xima de 40 km\/h, bater\u00eda de 48 V y 15 Ah, carga de 180 kg, cambio SHIMANO de 7 velocidades, freno de disco hidr\u00e1ulico doble\" data-original=\"\/\/img.gkbcdn.com\/s3\/d\/202311\/3110995d-f23f-4f42-8198-d545b571eb3f.jpg\" \/><img decoding=\"async\" class=\"lazy_img\" src=\"https:\/\/img.gkbcdn.com\/d\/202311\/a0a78121-6e81-4f6d-9847-709bbe936b6c._p1_.jpg\" alt=\"Bicicleta de monta\u00f1a el\u00e9ctrica Shengmilo MX03 2023, nueva, 26 x 3,0 pulgadas, neum\u00e1ticos anchos, motor Bafang de 500 W, velocidad m\u00e1xima de 40 km\/h, bater\u00eda de 48 V y 15 Ah, carga de 180 kg, cambio SHIMANO de 7 velocidades, freno de disco hidr\u00e1ulico doble\" data-original=\"\/\/img.gkbcdn.com\/s3\/d\/202311\/a0a78121-6e81-4f6d-9847-709bbe936b6c.jpg\" \/><\/p>\n<h2>Especificaci\u00f3n<\/h2>\n<table class=\"jbEidtTable\" border=\"1\" cellspacing=\"0\" cellpadding=\"5\">\n<tbody>\n<tr>\n<td>General<\/td>\n<td>Marca: Shengmilo<br \/>\nTipo: Bicicleta el\u00e9ctrica<br \/>\nModelo: MX03 2023<br \/>\nColor: Azul degradado<\/td>\n<\/tr>\n<tr>\n<td>Especificaci\u00f3n<\/td>\n<td>Capacidad de la bater\u00eda: 48V17,5Ah<br \/>\nModelo de cargador: EU Plus (los clientes del Reino Unido deben preparar un adaptador de viaje)<br \/>\nTiempo de carga: 5-6 horas<br \/>\nKilometraje de recarga: El\u00e9ctrico puro 30-35 km, Asistencia el\u00e9ctrica 50-60 km (prueba de temperatura normal del conductor de 60 kg)<br \/>\nMotor: Motor sin escobillas Bafang<br \/>\nPotencia del motor: 48 V 500 W de potencia continua \/ Potencia m\u00e1xima 1000 W<br \/>\nVelocidad m\u00e1xima: 25 km\/h<br \/>\nNivel de marcha: 7 velocidades<br \/>\nTama\u00f1o de la pantalla del medidor: LCD grande King-Meter de 3,5 pulgadas (resistente al agua)<br \/>\nTama\u00f1o de los neum\u00e1ticos: 26 x 3,0 pulgadas<br \/>\nMaterial del marco, tama\u00f1o (CT): Cuerpo de aleaci\u00f3n de aluminio, el cuerpo mide 26 pulgadas<br \/>\nMaterial del manillar: aleaci\u00f3n de aluminio<br \/>\nTubo del asiento Material: Aleaci\u00f3n de aluminio<br \/>\nRango de altura ajustable: 80-100 cm<br \/>\nDi\u00e1metro y longitud: \u03a630,4\u00d7350 mm<br \/>\nMaterial de la horquilla delantera: Material de aleaci\u00f3n de aluminio, horquilla de doble hombro<br \/>\nCapacidad de peso: 180 KG<br \/>\nTipo de suspensi\u00f3n de horquilla: Amortiguaci\u00f3n doble de resorte delantera y trasera (la amortiguaci\u00f3n delantera es de doble hombro)<br \/>\nTipo de freno: Frenos de disco hidr\u00e1ulicos SMAERS delanteros y traseros<br \/>\nTransmisi\u00f3n: Shimano, TX55\/7Sspeed Extractor trasero<\/td>\n<\/tr>\n<tr>\n<td>Peso y tama\u00f1o<\/td>\n<td>Peso del producto: 29 kg<br \/>\nPeso del paquete: 35 kg<br \/>\nTama\u00f1o del paquete (largo x ancho x alto): 150 x 26 x 80 cm<\/td>\n<\/tr>\n<tr>\n<td>contenidos del paquete<\/td>\n<td>1x Bicicleta el\u00e9ctrica Shengmilo MX03<br \/>\n1x bater\u00eda extra\u00edble<br \/>\n1x Manual en idioma ingl\u00e9s<br \/>\n1x herramienta de montaje universal gratuita<\/td>\n<\/tr>\n<\/tbody>\n<\/table>","protected":false},"excerpt":{"rendered":"<p>El nuevo Shengmilo MX03 combina la nueva tecnolog\u00eda de bater\u00eda con celdas de bater\u00eda 18650 de alto rendimiento, \u00a1el motor BAFANG de 48 V 500 W produce hasta 1000 W de potencia m\u00e1xima!<\/p>\n<ul>\n<li>Entrega gratuita 3-7 d\u00edas<\/li>\n<li>Almac\u00e9n de la UE, sin impuestos adicionales<\/li>\n<\/ul>","protected":false},"featured_media":290478,"comment_status":"open","ping_status":"closed","template":"","meta":[],"product_brand":[],"product_cat":[212],"product_tag":[],"class_list":{"0":"post-290472","1":"product","2":"type-product","3":"status-publish","4":"has-post-thumbnail","6":"product_cat-electric-bikes","8":"first","9":"outofstock","10":"sale","11":"shipping-taxable","12":"purchasable","13":"product-type-simple"},"jetpack_sharing_enabled":true,"_links":{"self":[{"href":"https:\/\/ridstar.eu\/es\/wp-json\/wp\/v2\/product\/290472","targetHints":{"allow":["GET"]}}],"collection":[{"href":"https:\/\/ridstar.eu\/es\/wp-json\/wp\/v2\/product"}],"about":[{"href":"https:\/\/ridstar.eu\/es\/wp-json\/wp\/v2\/types\/product"}],"replies":[{"embeddable":true,"href":"https:\/\/ridstar.eu\/es\/wp-json\/wp\/v2\/comments?post=290472"}],"wp:featuredmedia":[{"embeddable":true,"href":"https:\/\/ridstar.eu\/es\/wp-json\/wp\/v2\/media\/290478"}],"wp:attachment":[{"href":"https:\/\/ridstar.eu\/es\/wp-json\/wp\/v2\/media?parent=290472"}],"wp:term":[{"taxonomy":"product_brand","embeddable":true,"href":"https:\/\/ridstar.eu\/es\/wp-json\/wp\/v2\/product_brand?post=290472"},{"taxonomy":"product_cat","embeddable":true,"href":"https:\/\/ridstar.eu\/es\/wp-json\/wp\/v2\/product_cat?post=290472"},{"taxonomy":"product_tag","embeddable":true,"href":"https:\/\/ridstar.eu\/es\/wp-json\/wp\/v2\/product_tag?post=290472"}],"curies":[{"name":"gracias","href":"https:\/\/api.w.org\/{rel}","templated":true}]}}