{"id":290460,"date":"2024-06-14T12:35:32","date_gmt":"2024-06-14T09:35:32","guid":{"rendered":"https:\/\/ridstar.eu\/?post_type=product&#038;p=290460"},"modified":"2026-02-09T13:38:38","modified_gmt":"2026-02-09T11:38:38","slug":"bicicleta-electrica-plegable-20-motor-samebike-cy20-de-350w-con-bateria-extraible-de-36v12ah","status":"publish","type":"product","link":"https:\/\/ridstar.eu\/es\/producto\/bicicleta-electrica-plegable-20-motor-samebike-cy20-de-350w-con-bateria-extraible-de-36v12ah\/","title":{"rendered":"Bicicleta el\u00e9ctrica plegable SAMEBIKE CY20, motor de 250W con bater\u00eda extra\u00edble de 36V 13AH"},"content":{"rendered":"<p align=\"left\"><strong><span data-spm-anchor-id=\"a2g0o.detail.1000023.i0.4fc62054wcbzwj\">Especificaci\u00f3n<\/span><\/strong><\/p>\n<table class=\"jbEidtTable\" border=\"1\" cellspacing=\"0\" cellpadding=\"5\">\n<tbody>\n<tr>\n<td align=\"left\">General<\/td>\n<td align=\"left\">Marca: SAMEBIKE<br \/>\nTipo: Bicicleta el\u00e9ctrica<br \/>\nModelo: CY20<br \/>\nDe color negro<\/td>\n<\/tr>\n<tr>\n<td align=\"left\">Especificaci\u00f3n<\/td>\n<td align=\"left\">Motor: 250W<br \/>\nBater\u00eda: 36 V 13 AH<br \/>\nVelocidad m\u00e1xima: 32 KM\/H<br \/>\nAlcance m\u00e1ximo: 40 KM<br \/>\nNeum\u00e1ticos: 20*2,35 pulgadas<br \/>\nPlegable: S\u00ed<br \/>\nPalanca de cambios: Shimano 7 velocidades<br \/>\nSuspensi\u00f3n: Horquilla delantera + Asiento doble suspensi\u00f3n<br \/>\nFreno: Frenos de disco mec\u00e1nicos<br \/>\nAcelerador: acelerador desmontable<br \/>\nPedal: 5 niveles<br \/>\nPantalla: LCD<br \/>\nTiempo de carga: 4-6 horas<br \/>\nCarga \u00fatil: 150 kg<\/td>\n<\/tr>\n<tr>\n<td align=\"left\">Peso y tama\u00f1o<\/td>\n<td align=\"left\">Peso del producto: 25 kg<br \/>\nPeso del paquete: 28 kg<br \/>\nTama\u00f1o del paquete (largo x ancho x alto): 110 x 58 x 78 cm<\/td>\n<\/tr>\n<\/tbody>\n<\/table>\n<p><img decoding=\"async\" class=\"sep-lazyload lazyautosizes lazyloaded\" src=\"https:\/\/img.fantaskycdn.com\/10db77fd68cc229d8ad1d131e936749e.webp\" sizes=\"901px\" alt=\"\" width=\"1200\" height=\"619\" data-sizes=\"auto\" data-src=\"https:\/\/img.fantaskycdn.com\/10db77fd68cc229d8ad1d131e936749e.webp\" data-><img decoding=\"async\" class=\"sep-lazyload lazyautosizes lazyloaded\" src=\"https:\/\/img.fantaskycdn.com\/37fc1ea5382a1f2916caab6ff3481258.jpg\" sizes=\"901px\" alt=\"\" width=\"1200\" height=\"931\" data-sizes=\"auto\" data-src=\"https:\/\/img.fantaskycdn.com\/37fc1ea5382a1f2916caab6ff3481258.jpg\" data-><img decoding=\"async\" class=\"sep-lazyload lazyautosizes lazyloaded\" src=\"https:\/\/img.fantaskycdn.com\/1ced6aff7dd08a69d7d5c054e9806451.jpg\" sizes=\"901px\" alt=\"\" width=\"1200\" height=\"1200\" data-sizes=\"auto\" data-src=\"https:\/\/img.fantaskycdn.com\/1ced6aff7dd08a69d7d5c054e9806451.jpg\" data-><img decoding=\"async\" class=\"sep-lazyload lazyautosizes lazyloaded\" src=\"https:\/\/img.fantaskycdn.com\/9809c8663c00039797f33facfddc9269.jpg\" sizes=\"901px\" alt=\"\" width=\"1200\" height=\"904\" data-sizes=\"auto\" data-src=\"https:\/\/img.fantaskycdn.com\/9809c8663c00039797f33facfddc9269.jpg\" data-><img decoding=\"async\" class=\"sep-lazyload lazyautosizes lazyloaded\" src=\"https:\/\/img.fantaskycdn.com\/ee39e276af8abf27c03f94757e363e20.jpg\" sizes=\"901px\" alt=\"\" width=\"1200\" height=\"878\" data-sizes=\"auto\" data-src=\"https:\/\/img.fantaskycdn.com\/ee39e276af8abf27c03f94757e363e20.jpg\" data-><img decoding=\"async\" class=\"sep-lazyload lazyautosizes lazyloaded\" src=\"https:\/\/img.fantaskycdn.com\/50a9edf401e685eeaa2cea8b274b2e7b.jpg\" sizes=\"901px\" alt=\"\" width=\"1200\" height=\"917\" data-sizes=\"auto\" data-src=\"https:\/\/img.fantaskycdn.com\/50a9edf401e685eeaa2cea8b274b2e7b.jpg\" data-><img decoding=\"async\" class=\"sep-lazyload lazyautosizes lazyloaded\" src=\"https:\/\/img.fantaskycdn.com\/9f936b3661184ad53646eac0ba3c0ec2.jpg\" sizes=\"901px\" alt=\"\" width=\"1200\" height=\"1200\" data-sizes=\"auto\" data-src=\"https:\/\/img.fantaskycdn.com\/9f936b3661184ad53646eac0ba3c0ec2.jpg\" data-><img decoding=\"async\" class=\"sep-lazyload lazyautosizes lazyloaded\" src=\"https:\/\/img.fantaskycdn.com\/d7b6910fbdcb8316650103948e01b202.jpg\" sizes=\"901px\" alt=\"\" width=\"1200\" height=\"1188\" data-sizes=\"auto\" data-src=\"https:\/\/img.fantaskycdn.com\/d7b6910fbdcb8316650103948e01b202.jpg\" data-><img decoding=\"async\" class=\"sep-lazyload lazyautosizes lazyloaded\" src=\"https:\/\/img.fantaskycdn.com\/a23e63d22b244481dd9b004ef8bccdae.jpg\" sizes=\"901px\" alt=\"\" width=\"1200\" height=\"1200\" data-sizes=\"auto\" data-src=\"https:\/\/img.fantaskycdn.com\/a23e63d22b244481dd9b004ef8bccdae.jpg\" data-><img decoding=\"async\" class=\"sep-lazyload lazyautosizes lazyloaded\" src=\"https:\/\/img.fantaskycdn.com\/ebec87d73d061e802c4a30dd37566746.jpg\" sizes=\"901px\" alt=\"\" width=\"1200\" height=\"1200\" data-sizes=\"auto\" data-src=\"https:\/\/img.fantaskycdn.com\/ebec87d73d061e802c4a30dd37566746.jpg\" data-><img decoding=\"async\" class=\"sep-lazyload lazyautosizes lazyloaded\" src=\"https:\/\/img.fantaskycdn.com\/59df83c9c0ec3312de512896b95b07d6.jpg\" sizes=\"901px\" alt=\"\" width=\"1200\" height=\"1200\" data-sizes=\"auto\" data-src=\"https:\/\/img.fantaskycdn.com\/59df83c9c0ec3312de512896b95b07d6.jpg\" data-><img decoding=\"async\" class=\"sep-lazyload lazyautosizes lazyloaded\" src=\"https:\/\/img.fantaskycdn.com\/4a91b70b0c3172881e572d412c0bef97.jpg\" sizes=\"901px\" alt=\"\" width=\"1200\" height=\"1200\" data-sizes=\"auto\" data-src=\"https:\/\/img.fantaskycdn.com\/4a91b70b0c3172881e572d412c0bef97.jpg\" data-><img decoding=\"async\" class=\"sep-lazyload lazyautosizes lazyloaded\" src=\"https:\/\/img.fantaskycdn.com\/58a88dd0cc11f6d164b082b2306d73a6.jpg\" sizes=\"901px\" alt=\"\" width=\"1200\" height=\"1200\" data-sizes=\"auto\" data-src=\"https:\/\/img.fantaskycdn.com\/58a88dd0cc11f6d164b082b2306d73a6.jpg\" data-><img decoding=\"async\" class=\"sep-lazyload lazyautosizes lazyloaded\" src=\"https:\/\/img.fantaskycdn.com\/3bc81b5db23457f3ca624f23514ec530.jpg\" sizes=\"901px\" alt=\"\" width=\"1200\" height=\"1200\" data-sizes=\"auto\" data-src=\"https:\/\/img.fantaskycdn.com\/3bc81b5db23457f3ca624f23514ec530.jpg\" data-><img decoding=\"async\" class=\"sep-lazyload lazyautosizes lazyloaded\" src=\"https:\/\/img.fantaskycdn.com\/9c38febd34132d5146f1587981b4937d.jpg\" sizes=\"901px\" alt=\"\" width=\"1161\" height=\"1600\" data-sizes=\"auto\" data-src=\"https:\/\/img.fantaskycdn.com\/9c38febd34132d5146f1587981b4937d.jpg\" data-><\/p>","protected":false},"excerpt":{"rendered":"<p>\u2013 Entrega gratuita de 3 a 7 d\u00edas<br \/>\n\u2013 Bater\u00eda de 36 V 13 Ah<br \/>\n\u2013 Motor de 250 W<br \/>\n\u2013 Velocidad m\u00e1xima 32 KM\/H<br \/>\n\u2013 Carga \u00fatil 150 KG<br \/>\n\u2013 Alcance 40+40KM<\/p>","protected":false},"featured_media":290466,"comment_status":"open","ping_status":"closed","template":"","meta":[],"product_brand":[],"product_cat":[212],"product_tag":[],"class_list":{"0":"post-290460","1":"product","2":"type-product","3":"status-publish","4":"has-post-thumbnail","6":"product_cat-electric-bikes","7":"pa_color-black","8":"pa_color-dark-blue","9":"pa_color-lake-blue","10":"pa_color-white","12":"first","13":"instock","14":"sale","15":"shipping-taxable","16":"purchasable","17":"product-type-variable"},"jetpack_sharing_enabled":true,"_links":{"self":[{"href":"https:\/\/ridstar.eu\/es\/wp-json\/wp\/v2\/product\/290460","targetHints":{"allow":["GET"]}}],"collection":[{"href":"https:\/\/ridstar.eu\/es\/wp-json\/wp\/v2\/product"}],"about":[{"href":"https:\/\/ridstar.eu\/es\/wp-json\/wp\/v2\/types\/product"}],"replies":[{"embeddable":true,"href":"https:\/\/ridstar.eu\/es\/wp-json\/wp\/v2\/comments?post=290460"}],"wp:featuredmedia":[{"embeddable":true,"href":"https:\/\/ridstar.eu\/es\/wp-json\/wp\/v2\/media\/290466"}],"wp:attachment":[{"href":"https:\/\/ridstar.eu\/es\/wp-json\/wp\/v2\/media?parent=290460"}],"wp:term":[{"taxonomy":"product_brand","embeddable":true,"href":"https:\/\/ridstar.eu\/es\/wp-json\/wp\/v2\/product_brand?post=290460"},{"taxonomy":"product_cat","embeddable":true,"href":"https:\/\/ridstar.eu\/es\/wp-json\/wp\/v2\/product_cat?post=290460"},{"taxonomy":"product_tag","embeddable":true,"href":"https:\/\/ridstar.eu\/es\/wp-json\/wp\/v2\/product_tag?post=290460"}],"curies":[{"name":"gracias","href":"https:\/\/api.w.org\/{rel}","templated":true}]}}