{"id":290308,"date":"2024-04-17T08:13:49","date_gmt":"2024-04-17T05:13:49","guid":{"rendered":"https:\/\/ridstar.eu\/?post_type=product&#038;p=290308"},"modified":"2025-04-08T06:47:44","modified_gmt":"2025-04-08T04:47:44","slug":"bicicleta-electrica-gunai-gn27-750w-48v-10-4ah-bateria-27-neumaticos-de-5-pulgadas","status":"publish","type":"product","link":"https:\/\/ridstar.eu\/es\/producto\/bicicleta-electrica-gunai-gn27-750w-48v-10-4ah-bateria-27-neumaticos-de-5-pulgadas\/","title":{"rendered":"Bicicleta el\u00e9ctrica GUNAI GN27, 750W, 48V, Bater\u00eda 10,4Ah, Neum\u00e1ticos 27,5 Pulgadas"},"content":{"rendered":"<table width=\"421\">\n<tbody>\n<tr>\n<td width=\"160\">Modelo<\/td>\n<td width=\"261\">GN27<\/td>\n<\/tr>\n<tr>\n<td>Capacidad de la bater\u00eda<\/td>\n<td>48V10.4AH<\/td>\n<\/tr>\n<tr>\n<td>peso neto de la bater\u00eda<\/td>\n<td>3,1 kg<\/td>\n<\/tr>\n<tr>\n<td>Cargador<\/td>\n<td>54.6V2A<\/td>\n<\/tr>\n<tr>\n<td>Tiempo de carga<\/td>\n<td>4-6H<\/td>\n<\/tr>\n<tr>\n<td>Motor<\/td>\n<td>sin escobillas<\/td>\n<\/tr>\n<tr>\n<td>Fuerza de motor<\/td>\n<td>48V750W<\/td>\n<\/tr>\n<tr>\n<td>m\u00e1xima velocidad<\/td>\n<td>35KM\/h<\/td>\n<\/tr>\n<tr>\n<td>Engranaje<\/td>\n<td>7 velocidades<\/td>\n<\/tr>\n<tr>\n<td>Especificaciones del neum\u00e1tico<\/td>\n<td>27.5X1.95<\/td>\n<\/tr>\n<tr>\n<td>Marco<\/td>\n<td>27.5Acero con alto contenido de carbono<\/td>\n<\/tr>\n<tr>\n<td>manillar<\/td>\n<td>acero<\/td>\n<\/tr>\n<tr>\n<td>Altura de ajuste de la tija del sill\u00edn<\/td>\n<td>Acero con alto contenido de carbono, 80-100 cm.<\/td>\n<\/tr>\n<tr>\n<td>Material de la horquilla<\/td>\n<td>Aluminio<\/td>\n<\/tr>\n<tr>\n<td>carga maxima<\/td>\n<td>120 kg<\/td>\n<\/tr>\n<tr>\n<td>Suspensi\u00f3n de horquilla<\/td>\n<td>suspensi\u00f3n de resorte<\/td>\n<\/tr>\n<tr>\n<td>Freno<\/td>\n<td>Frenos de disco<\/td>\n<\/tr>\n<tr>\n<td>desviador<\/td>\n<td>shimano<\/td>\n<\/tr>\n<tr>\n<td>Peso neto<\/td>\n<td>26KG<\/td>\n<\/tr>\n<tr>\n<td>Peso bruto<\/td>\n<td>31,5 kg<\/td>\n<\/tr>\n<tr>\n<td>Tama\u00f1o del paquete<\/td>\n<td>145,5\u00d724,5\u00d776 cm<\/td>\n<\/tr>\n<tr>\n<td>Tama\u00f1o del producto<\/td>\n<td>178*63*115CM<\/td>\n<\/tr>\n<tr>\n<td>\u00a0kilometraje<\/td>\n<td>el\u00e9ctrico: 40KM<br \/>\nAsistencia de pedaleo: 70 km.<\/td>\n<\/tr>\n<tr>\n<td>M\u00e1xima velocidad<\/td>\n<td>35KM\/H<\/td>\n<\/tr>\n<tr>\n<td>Esfuerzo de torsi\u00f3n<\/td>\n<td>50 millas n\u00e1uticas<\/td>\n<\/tr>\n<\/tbody>\n<\/table>\n<p><img decoding=\"async\" class=\"i-spzhtml-fill-content i-spzhtml-replaced-content\" src=\"https:\/\/img.fantaskycdn.com\/b16347cd5c2a0037e8285f1beeb07c7a.jpg\" alt=\"\"><img decoding=\"async\" class=\"i-spzhtml-fill-content i-spzhtml-replaced-content\" src=\"https:\/\/img.fantaskycdn.com\/985339dc04e8e9e7bdeddec49a1925f2.jpg\" alt=\"\"><img decoding=\"async\" class=\"i-spzhtml-fill-content i-spzhtml-replaced-content\" src=\"https:\/\/img.fantaskycdn.com\/eaab2a206b0e8e0f68dbdb57b2f6d695.jpg\" alt=\"\"><img decoding=\"async\" class=\"i-spzhtml-fill-content i-spzhtml-replaced-content\" src=\"https:\/\/img.fantaskycdn.com\/614a21cb069b33bddaf2601a028babd0.jpg\" alt=\"\"><img decoding=\"async\" class=\"i-spzhtml-fill-content i-spzhtml-replaced-content\" src=\"https:\/\/img.fantaskycdn.com\/b9e9aab4f0283013a27ae7d6dd9709d7.jpg\" alt=\"\"><img decoding=\"async\" class=\"i-spzhtml-fill-content i-spzhtml-replaced-content\" src=\"https:\/\/img.fantaskycdn.com\/5e8036545e18f19d16001cc1660a563e.jpg\" alt=\"\"><img decoding=\"async\" class=\"i-spzhtml-fill-content i-spzhtml-replaced-content\" src=\"https:\/\/img.fantaskycdn.com\/c557e132b9aa2f2c12d08e2bd5200e86.jpg\" alt=\"\"><img decoding=\"async\" class=\"i-spzhtml-fill-content i-spzhtml-replaced-content\" src=\"https:\/\/img.fantaskycdn.com\/33cc417a27bfd96ef2673ef23e28a191.jpg\" alt=\"\"><img decoding=\"async\" class=\"i-spzhtml-fill-content i-spzhtml-replaced-content\" src=\"https:\/\/img.fantaskycdn.com\/c3de667778b6b55acc682b1a66b3c50f.jpg\" alt=\"\"><img decoding=\"async\" class=\"i-spzhtml-fill-content i-spzhtml-replaced-content\" src=\"https:\/\/img.fantaskycdn.com\/d09c275b731a4ce520c7ac87a0080dec.jpg\" alt=\"\"><img decoding=\"async\" class=\"i-spzhtml-fill-content i-spzhtml-replaced-content\" src=\"https:\/\/img.fantaskycdn.com\/f3b8748e7f794987c10854d34e0bb18a.jpg\" alt=\"\"><img decoding=\"async\" class=\"i-spzhtml-fill-content i-spzhtml-replaced-content\" src=\"https:\/\/img.fantaskycdn.com\/fee72bb5aef99585266e2d25bc0c7e99.jpg\" alt=\"\"><img decoding=\"async\" class=\"i-spzhtml-fill-content i-spzhtml-replaced-content\" src=\"https:\/\/img.fantaskycdn.com\/237db58124545ce65b1eca48108da782.jpg\" alt=\"\"><img decoding=\"async\" class=\"i-spzhtml-fill-content i-spzhtml-replaced-content\" src=\"https:\/\/img.fantaskycdn.com\/cca66d20d58788b8fbed33943484c426.jpg\" alt=\"\"><img decoding=\"async\" class=\"i-spzhtml-fill-content i-spzhtml-replaced-content\" src=\"https:\/\/img.fantaskycdn.com\/3233fe1c5c819fe034727bd848b64e7e.jpg\" alt=\"\"><img decoding=\"async\" class=\"i-spzhtml-fill-content i-spzhtml-replaced-content\" src=\"https:\/\/img.fantaskycdn.com\/9f423313192aa580e9f2ceed5a00b7ba.jpg\" alt=\"\"><img decoding=\"async\" class=\"i-spzhtml-fill-content i-spzhtml-replaced-content\" src=\"https:\/\/img.fantaskycdn.com\/99f3fac286800f029e1394b2cf14bf10.jpg\" alt=\"\"><\/p>","protected":false},"excerpt":{"rendered":"<p>Bicicleta el\u00e9ctrica GUNAI GN27, 750WW, 10,4Ah<br \/>\nEntrega gratuita en un plazo de 3 a 7 d\u00edas desde el almac\u00e9n de la UE<br \/>\nGarant\u00eda 12 meses<\/p>","protected":false},"featured_media":290309,"comment_status":"open","ping_status":"closed","template":"","meta":[],"product_brand":[],"product_cat":[212],"product_tag":[],"class_list":{"0":"post-290308","1":"product","2":"type-product","3":"status-publish","4":"has-post-thumbnail","6":"product_cat-electric-bikes","8":"first","9":"outofstock","10":"sale","11":"shipping-taxable","12":"purchasable","13":"product-type-simple"},"jetpack_sharing_enabled":true,"_links":{"self":[{"href":"https:\/\/ridstar.eu\/es\/wp-json\/wp\/v2\/product\/290308","targetHints":{"allow":["GET"]}}],"collection":[{"href":"https:\/\/ridstar.eu\/es\/wp-json\/wp\/v2\/product"}],"about":[{"href":"https:\/\/ridstar.eu\/es\/wp-json\/wp\/v2\/types\/product"}],"replies":[{"embeddable":true,"href":"https:\/\/ridstar.eu\/es\/wp-json\/wp\/v2\/comments?post=290308"}],"wp:featuredmedia":[{"embeddable":true,"href":"https:\/\/ridstar.eu\/es\/wp-json\/wp\/v2\/media\/290309"}],"wp:attachment":[{"href":"https:\/\/ridstar.eu\/es\/wp-json\/wp\/v2\/media?parent=290308"}],"wp:term":[{"taxonomy":"product_brand","embeddable":true,"href":"https:\/\/ridstar.eu\/es\/wp-json\/wp\/v2\/product_brand?post=290308"},{"taxonomy":"product_cat","embeddable":true,"href":"https:\/\/ridstar.eu\/es\/wp-json\/wp\/v2\/product_cat?post=290308"},{"taxonomy":"product_tag","embeddable":true,"href":"https:\/\/ridstar.eu\/es\/wp-json\/wp\/v2\/product_tag?post=290308"}],"curies":[{"name":"gracias","href":"https:\/\/api.w.org\/{rel}","templated":true}]}}