{"id":290303,"date":"2024-04-17T08:02:14","date_gmt":"2024-04-17T05:02:14","guid":{"rendered":"https:\/\/ridstar.eu\/?post_type=product&#038;p=290303"},"modified":"2026-01-10T09:06:11","modified_gmt":"2026-01-10T07:06:11","slug":"bicicleta-electrica-gunai-mx25-48v-1000w-25ah-neumaticos-4x20-pulgadas-de-ancho","status":"publish","type":"product","link":"https:\/\/ridstar.eu\/es\/producto\/bicicleta-electrica-gunai-mx25-48v-1000w-25ah-neumaticos-4x20-pulgadas-de-ancho\/","title":{"rendered":"Bicicleta el\u00e9ctrica GUNAI MX25, 48V, 1000W, 25Ah, neum\u00e1ticos anchos 4\u00d720 pulgadas"},"content":{"rendered":"<table width=\"586\">\n<tbody>\n<tr>\n<td width=\"330\">Color<\/td>\n<td width=\"256\">Negro<\/td>\n<\/tr>\n<tr>\n<td>Capacidad de la bater\u00eda<\/td>\n<td>25AH<\/td>\n<\/tr>\n<tr>\n<td>Peso de la bater\u00eda<\/td>\n<td>6,35 kg<\/td>\n<\/tr>\n<tr>\n<td>Tiempo de carga<\/td>\n<td>6-8 horas<\/td>\n<\/tr>\n<tr>\n<td>Cargador<\/td>\n<td>Cargador DC 2.1 est\u00e1ndar de la UE<\/td>\n<\/tr>\n<tr>\n<td>Motor<\/td>\n<td>Motor sin escobillas<\/td>\n<\/tr>\n<tr>\n<td>Fuerza de motor<\/td>\n<td>48V 1000W<\/td>\n<\/tr>\n<tr>\n<td>Kilometraje de energ\u00eda<\/td>\n<td>50-60KM<\/td>\n<\/tr>\n<tr>\n<td>Modo el\u00e9ctrico<\/td>\n<td>40-50KM<\/td>\n<\/tr>\n<tr>\n<td>Velocidad m\u00e1xima<\/td>\n<td>45-50KM\/h<\/td>\n<\/tr>\n<tr>\n<td>Nivel de turno<\/td>\n<td>7 velocidades<\/td>\n<\/tr>\n<tr>\n<td>Tama\u00f1o de la pantalla del medidor y par\u00e1metros de visualizaci\u00f3n<\/td>\n<td>instrumento LCD<\/td>\n<\/tr>\n<tr>\n<td>Especificaciones de los neum\u00e1ticos<\/td>\n<td>20X4,0 pulgadas<\/td>\n<\/tr>\n<tr>\n<td>Material del marco, tama\u00f1o (CT)<\/td>\n<td>cuerpo de aluminio,<\/td>\n<\/tr>\n<tr>\n<td>Material del manillar<\/td>\n<td>Aleaci\u00f3n de aluminio<\/td>\n<\/tr>\n<tr>\n<td>Material del tubo del sill\u00edn, rango de altura ajustable<\/td>\n<td>Aleaci\u00f3n de aluminio, 60-90 cm.<\/td>\n<\/tr>\n<tr>\n<td>Material de la horquilla delantera<\/td>\n<td>aleaci\u00f3n de aluminio<\/td>\n<\/tr>\n<tr>\n<td>Capacidad de peso<\/td>\n<td>200 kg<\/td>\n<\/tr>\n<tr>\n<td>Luz<\/td>\n<td>foco LED<\/td>\n<\/tr>\n<tr>\n<td>Tenedor frontal<\/td>\n<td>horquilla delantera hidraulica<\/td>\n<\/tr>\n<tr>\n<td>Tipo de freno<\/td>\n<td>Frenos de aceite hidr\u00e1ulicos delanteros y traseros.<\/td>\n<\/tr>\n<tr>\n<td>Marca y especificaciones de la transmisi\u00f3n.<\/td>\n<td>shimano<\/td>\n<\/tr>\n<tr>\n<td>Peso neto<\/td>\n<td>35KG<\/td>\n<\/tr>\n<tr>\n<td>Peso del paquete<\/td>\n<td>47kg<\/td>\n<\/tr>\n<tr>\n<td>Trepar<\/td>\n<td>35\u00b0<\/td>\n<\/tr>\n<tr>\n<td>Esfuerzo de torsi\u00f3n<\/td>\n<td>64 millas n\u00e1uticas<\/td>\n<\/tr>\n<tr>\n<td>Tama\u00f1o del paquete<\/td>\n<td>140\u00d734\u00d785cm<\/td>\n<\/tr>\n<tr>\n<td>Tama\u00f1o del producto<\/td>\n<td>171*26*110CM<\/td>\n<\/tr>\n<\/tbody>\n<\/table>\n<p><img decoding=\"async\" class=\"i-spzhtml-fill-content i-spzhtml-replaced-content\" src=\"https:\/\/img.fantaskycdn.com\/46cd5820f626014ae91c6d0e0aef5dd7.png\" alt=\"Bicicleta el\u00e9ctrica todoterreno GUNAI MX25 de 4 \u00d7 20 pulgadas\" \/><img decoding=\"async\" class=\"i-spzhtml-fill-content i-spzhtml-replaced-content\" src=\"https:\/\/img.fantaskycdn.com\/1f00a949bfc0b24742db6977427a3d07.png\" alt=\"\"><img decoding=\"async\" class=\"i-spzhtml-fill-content i-spzhtml-replaced-content\" src=\"https:\/\/img.fantaskycdn.com\/89eee5139e5eba4adfc63594996b9bcd.jpg\" alt=\"\"><img decoding=\"async\" class=\"i-spzhtml-fill-content i-spzhtml-replaced-content\" src=\"https:\/\/img.fantaskycdn.com\/01c8b9a2ab7859cc9ba8cc842d0fbde5.jpg\" alt=\"\"><img decoding=\"async\" class=\"i-spzhtml-fill-content i-spzhtml-replaced-content\" src=\"https:\/\/img.fantaskycdn.com\/ae0f83c51463ab42b311800c03081efe.jpg\" alt=\"\"><img decoding=\"async\" class=\"i-spzhtml-fill-content i-spzhtml-replaced-content\" src=\"https:\/\/img.fantaskycdn.com\/165bfe5aba99ec30d994e33d25af88a2.jpg\" alt=\"\"><img decoding=\"async\" class=\"i-spzhtml-fill-content i-spzhtml-replaced-content\" src=\"https:\/\/img.fantaskycdn.com\/dde0a8bdde8d1bd5b45af77500076b83.png\" alt=\"\"><img decoding=\"async\" class=\"i-spzhtml-fill-content i-spzhtml-replaced-content\" src=\"https:\/\/img.fantaskycdn.com\/8ed091b6f7805cb101c95625a92461bc.png\" alt=\"\"><\/p>","protected":false},"excerpt":{"rendered":"<p>Bicicleta el\u00e9ctrica GUNAI MX25, 1000W, 25Ah<br \/>\nEntrega gratuita en un plazo de 3 a 7 d\u00edas desde el almac\u00e9n de la UE<br \/>\nGarant\u00eda 12 meses<\/p>","protected":false},"featured_media":290304,"comment_status":"open","ping_status":"closed","template":"","meta":[],"product_brand":[],"product_cat":[212],"product_tag":[],"class_list":{"0":"post-290303","1":"product","2":"type-product","3":"status-publish","4":"has-post-thumbnail","6":"product_cat-electric-bikes","8":"first","9":"outofstock","10":"sale","11":"shipping-taxable","12":"purchasable","13":"product-type-simple"},"jetpack_sharing_enabled":true,"_links":{"self":[{"href":"https:\/\/ridstar.eu\/es\/wp-json\/wp\/v2\/product\/290303","targetHints":{"allow":["GET"]}}],"collection":[{"href":"https:\/\/ridstar.eu\/es\/wp-json\/wp\/v2\/product"}],"about":[{"href":"https:\/\/ridstar.eu\/es\/wp-json\/wp\/v2\/types\/product"}],"replies":[{"embeddable":true,"href":"https:\/\/ridstar.eu\/es\/wp-json\/wp\/v2\/comments?post=290303"}],"wp:featuredmedia":[{"embeddable":true,"href":"https:\/\/ridstar.eu\/es\/wp-json\/wp\/v2\/media\/290304"}],"wp:attachment":[{"href":"https:\/\/ridstar.eu\/es\/wp-json\/wp\/v2\/media?parent=290303"}],"wp:term":[{"taxonomy":"product_brand","embeddable":true,"href":"https:\/\/ridstar.eu\/es\/wp-json\/wp\/v2\/product_brand?post=290303"},{"taxonomy":"product_cat","embeddable":true,"href":"https:\/\/ridstar.eu\/es\/wp-json\/wp\/v2\/product_cat?post=290303"},{"taxonomy":"product_tag","embeddable":true,"href":"https:\/\/ridstar.eu\/es\/wp-json\/wp\/v2\/product_tag?post=290303"}],"curies":[{"name":"gracias","href":"https:\/\/api.w.org\/{rel}","templated":true}]}}