{"id":290233,"date":"2024-04-03T15:44:06","date_gmt":"2024-04-03T13:44:06","guid":{"rendered":"https:\/\/ridstar.eu\/?post_type=product&#038;p=290233"},"modified":"2025-08-13T20:16:12","modified_gmt":"2025-08-13T18:16:12","slug":"lankeleisi-x-caballero-negro-48v-2x1000w-2000w-samsung-45ah-bateria-de-litio","status":"publish","type":"product","link":"https:\/\/ridstar.eu\/es\/producto\/lankeleisi-x-caballero-negro-48v-2x1000w-2000w-samsung-45ah-bateria-de-litio\/","title":{"rendered":"Bicicleta el\u00e9ctrica LANKELEISI X-Black Knight, 48V, 2x1000W (2000W), bater\u00eda de litio SAMSUNG 45Ah"},"content":{"rendered":"<h3><strong>LANKELEISI X-Black Knight: \u00a1la bicicleta el\u00e9ctrica de doble motor definitiva para aventuras extremas!<\/strong><\/h3>\n<p>El <strong>LANKELEISI X-Caballero Negro<\/strong> es una bicicleta el\u00e9ctrica potente dise\u00f1ada para amantes de las emociones fuertes y ciclistas de largas distancias. <strong>Motores duales de 2000 W<\/strong>, a <strong>Bater\u00eda Samsung de 48 V y 45 Ah<\/strong>, y un <strong>Marco de aluminio de cola blanda<\/strong>Esta bicicleta el\u00e9ctrica ofrece <strong>Potencia, resistencia y comodidad inigualables<\/strong>Ya sea que est\u00e9 conquistando colinas empinadas o recorriendo las calles de la ciudad, el <strong>X-Caballero negro<\/strong> Est\u00e1 dise\u00f1ado para un rendimiento de primer nivel.<\/p>\n<hr \/>\n<h3><strong>\ud83d\udd25 Caracter\u00edsticas principales<\/strong><\/h3>\n<h4><strong>\ud83d\ude80 Libere la potencia: motores duales de 1000 W<\/strong><\/h4>\n<ul>\n<li><strong>Motores sin escobillas de alta velocidad delanteros y traseros de 48 V y 1000 W<\/strong><\/li>\n<li><strong>Enorme potencia de salida total de 2000 W<\/strong> para una aceleraci\u00f3n incre\u00edble<\/li>\n<li><strong>Par motor mejorado y rendimiento en subidas<\/strong> con dise\u00f1o de engranaje de estrella<\/li>\n<li><strong>Consumo de energ\u00eda silencioso<\/strong> Mejora la eficiencia y ampl\u00eda el alcance<\/li>\n<\/ul>\n<h4><strong>\ud83d\udd0b Bater\u00eda Samsung de 48 V y 45 Ah de larga duraci\u00f3n<\/strong><\/h4>\n<ul>\n<li><strong>Paquete de bater\u00eda de litio 21700 de primer nivel<\/strong> (25 Ah superior + 20 Ah inferior)<\/li>\n<li><strong>Modo el\u00e9ctrico puro:<\/strong> <strong>120-140 kil\u00f3metros<\/strong> rango<\/li>\n<li><strong>Modo de asistencia al pedaleo:<\/strong> <strong>250-280 kil\u00f3metros<\/strong> rango<\/li>\n<li><strong>Protecci\u00f3n de doble capa a prueba de agua y polvo.<\/strong><\/li>\n<li><strong>Carga r\u00e1pida con cargador 48V 3A<\/strong><\/li>\n<\/ul>\n<h4><strong>\ud83d\udca1 Pantalla LCD inteligente: monitoreo del rendimiento en tiempo real<\/strong><\/h4>\n<ul>\n<li><strong>Instrumento LCD multifunci\u00f3n en color<\/strong><\/li>\n<li>Muestra <strong>Velocidad, duraci\u00f3n de la bater\u00eda, distancia, potencia de salida<\/strong><\/li>\n<li><strong>IP64 resistente al agua y al polvo<\/strong> - durable para todas las condiciones clim\u00e1ticas<\/li>\n<li>Integrado <strong>Modo de asistencia de pedaleo (PAS) de 5 niveles<\/strong><\/li>\n<\/ul>\n<h4><strong>\ud83d\udede Neum\u00e1ticos anchos y suspensi\u00f3n total: conquista cualquier terreno<\/strong><\/h4>\n<ul>\n<li><strong>Neum\u00e1ticos anchos CST 20\u00d74.0\u201d<\/strong> Para un excelente agarre y absorci\u00f3n de impactos.<\/li>\n<li><strong>Horquilla delantera de aluminio bloqueable con suspensi\u00f3n por resorte de aceite<\/strong><\/li>\n<li><strong>Amortiguadores traseros dobles de 320L<\/strong> Para una conducci\u00f3n suave en terrenos dif\u00edciles<\/li>\n<li>Cola blanda <strong>Marco de aleaci\u00f3n de aluminio 6061<\/strong> Para mayor durabilidad y comodidad<\/li>\n<\/ul>\n<h4><strong>\u2699\ufe0f Cambio de marchas Shimano de 7 velocidades y frenos hidr\u00e1ulicos<\/strong><\/h4>\n<ul>\n<li><strong>Desviador trasero y palanca de cambios Shimano M310-7<\/strong> para transiciones de marcha suaves<\/li>\n<li><strong>Frenos de disco hidr\u00e1ulicos DYISLAND<\/strong> para una potencia de frenado precisa<\/li>\n<li><strong>Sistema de frenado desenergizado<\/strong> Para mayor seguridad<\/li>\n<\/ul>\n<hr \/>\n<h3><strong>\ud83d\udccc Especificaciones<\/strong><\/h3>\n<h4><strong>Actuaci\u00f3n<\/strong><\/h4>\n<ul>\n<li><strong>Motor:<\/strong> <strong>Doble 48 V 1000 W (2000 W en total)<\/strong><\/li>\n<li><strong>Bater\u00eda:<\/strong> <strong>Paquete de bater\u00edas de litio Samsung de 48 V y 45 Ah<\/strong><\/li>\n<li><strong>Kilometraje:<\/strong>\n<ul>\n<li>Modo el\u00e9ctrico puro: <strong>120-140 kil\u00f3metros<\/strong><\/li>\n<li>Modo de asistencia al pedaleo: <strong>250-280 kil\u00f3metros<\/strong><\/li>\n<\/ul>\n<\/li>\n<li><strong>M\u00e1xima velocidad:<\/strong> <strong>48 kil\u00f3metros por hora<\/strong><\/li>\n<li><strong>Tiempo de carga:<\/strong> <strong>Carga r\u00e1pida con cargador 48V 3A<\/strong><\/li>\n<\/ul>\n<h4><strong>Construcci\u00f3n y comodidad<\/strong><\/h4>\n<ul>\n<li><strong>Marco:<\/strong> <strong>Marco de cola blanda de aleaci\u00f3n de aluminio 6061<\/strong><\/li>\n<li><strong>Amortiguadores:<\/strong>\n<ul>\n<li><strong>Frente:<\/strong> Horquilla de suspensi\u00f3n con resorte de aceite en el hombro de aluminio bloqueable<\/li>\n<li><strong>Trasero:<\/strong> Dual <strong>Amortiguadores traseros 320L<\/strong><\/li>\n<\/ul>\n<\/li>\n<li><strong>Llantas:<\/strong> <strong>Neum\u00e1ticos anchos CST 20\u00d74.0\u2033<\/strong><\/li>\n<li><strong>Juego de bielas:<\/strong> <strong>Cig\u00fce\u00f1al de aleaci\u00f3n de aluminio 52T<\/strong><\/li>\n<\/ul>\n<h4><strong>Frenado y transmisi\u00f3n<\/strong><\/h4>\n<ul>\n<li><strong>Frenos:<\/strong> <strong>Frenos de disco hidr\u00e1ulicos DYISLAND<\/strong> con funci\u00f3n de seguridad desenergizada<\/li>\n<li><strong>Engranajes:<\/strong> <strong>Desviador y palanca de cambios Shimano de 7 velocidades<\/strong><\/li>\n<\/ul>\n<h4><strong>Peso y dimensiones<\/strong><\/h4>\n<ul>\n<li><strong>Peso de la bicicleta:<\/strong> <strong>48 kilos<\/strong><\/li>\n<li><strong>Altura del jinete:<\/strong> <strong>170-190 cent\u00edmetros<\/strong><\/li>\n<\/ul>\n<hr \/>\n<h3><strong>\ud83c\udfc6 \u00bfPor qu\u00e9 elegir el LANKELEISI X-Black Knight?<\/strong><\/h3>\n<p>\u2705 <strong>Dos motores de 1000 W<\/strong> \u2013 potencia para afrontar cualquier terreno<br \/>\n\u2705 <strong>Bater\u00eda Samsung 48V 45Ah<\/strong> \u2013 viaja m\u00e1s tiempo, carga menos<br \/>\n\u2705 <strong>Frenos hidr\u00e1ulicos y suspensi\u00f3n total.<\/strong> \u2013 seguridad y comodidad<br \/>\n\u2705 <strong>Neum\u00e1ticos anchos y cuadro blando<\/strong> \u2013 estabilidad en todos los terrenos<br \/>\n\u2705 <strong>Pantalla LCD inteligente<\/strong> \u2013 sigue tu recorrido en tiempo real<\/p>\n<hr \/>\n<h3><strong>\ud83d\udeb4\u200d\u2642\ufe0f \u00a1Viaja m\u00e1s all\u00e1 de los l\u00edmites!<\/strong><\/h3>\n<p>El <strong>LANKELEISI X-Caballero Negro<\/strong> Est\u00e1 dise\u00f1ada para quienes buscan potencia, resistencia y aventura. Ya sea para ir al trabajo o para recorrer senderos, esta bicicleta el\u00e9ctrica es tu compa\u00f1era ideal.<\/p>\n<p>\ud83d\udd25 <strong>\u00a1Ordene el suyo hoy y experimente el siguiente nivel de ciclismo el\u00e9ctrico!<\/strong><\/p>\n<p><img decoding=\"async\" class=\"alignnone size-full wp-image-291427\" src=\"https:\/\/ridstar.eu\/wp-content\/uploads\/2024\/04\/LANKELEISI-X-Black-Knight-2.webp\" alt=\"Bicicleta el\u00e9ctrica LANKELEISI X-Black Knight\" width=\"1000\" height=\"665\" \/> <img decoding=\"async\" class=\"alignnone size-full wp-image-291428\" src=\"https:\/\/ridstar.eu\/wp-content\/uploads\/2024\/04\/LANKELEISI-X-Black-Knight-3.webp\" alt=\"Bicicleta el\u00e9ctrica LANKELEISI X-Black Knight\" width=\"1000\" height=\"665\" \/> <img decoding=\"async\" class=\"alignnone size-full wp-image-291429\" src=\"https:\/\/ridstar.eu\/wp-content\/uploads\/2024\/04\/LANKELEISI-X-Black-Knight-4.webp\" alt=\"Bicicleta el\u00e9ctrica LANKELEISI X-Black Knight\" width=\"1920\" height=\"1281\" \/> <img decoding=\"async\" class=\"alignnone size-full wp-image-291430\" src=\"https:\/\/ridstar.eu\/wp-content\/uploads\/2024\/04\/LANKELEISI-X-Black-Knight-5.webp\" alt=\"Bicicleta el\u00e9ctrica LANKELEISI X-Black Knight\" width=\"750\" height=\"634\" \/> <img decoding=\"async\" class=\"alignnone size-full wp-image-291431\" src=\"https:\/\/ridstar.eu\/wp-content\/uploads\/2024\/04\/LANKELEISI-X-Black-Knight.webp\" alt=\"Bicicleta el\u00e9ctrica LANKELEISI X-Black Knight\" width=\"1000\" height=\"665\" \/><\/p>","protected":false},"excerpt":{"rendered":"<p>Entrega de 3 a 7 d\u00edas desde el almac\u00e9n de la UE<\/p>\n<p>Lankeleisi X-Caballero Negro<br \/>\nPotencia 2000W (dos motores de 1000W cada uno)<br \/>\nBater\u00eda SAMSUNG 45Ah<br \/>\nAdecuado para personas de 170-190 cm de altura.<br \/>\nGarant\u00eda hasta 24 meses. *<br \/>\nIncluye guardabarros, candado de cable adicional, bomba y juego de llaves hexagonales, portaequipajes trasero<\/p>","protected":false},"featured_media":290237,"comment_status":"open","ping_status":"closed","template":"","meta":[],"product_brand":[],"product_cat":[212],"product_tag":[],"class_list":{"0":"post-290233","1":"product","2":"type-product","3":"status-publish","4":"has-post-thumbnail","6":"product_cat-electric-bikes","8":"first","9":"outofstock","10":"sale","11":"shipping-taxable","12":"purchasable","13":"product-type-simple"},"jetpack_sharing_enabled":true,"_links":{"self":[{"href":"https:\/\/ridstar.eu\/es\/wp-json\/wp\/v2\/product\/290233","targetHints":{"allow":["GET"]}}],"collection":[{"href":"https:\/\/ridstar.eu\/es\/wp-json\/wp\/v2\/product"}],"about":[{"href":"https:\/\/ridstar.eu\/es\/wp-json\/wp\/v2\/types\/product"}],"replies":[{"embeddable":true,"href":"https:\/\/ridstar.eu\/es\/wp-json\/wp\/v2\/comments?post=290233"}],"wp:featuredmedia":[{"embeddable":true,"href":"https:\/\/ridstar.eu\/es\/wp-json\/wp\/v2\/media\/290237"}],"wp:attachment":[{"href":"https:\/\/ridstar.eu\/es\/wp-json\/wp\/v2\/media?parent=290233"}],"wp:term":[{"taxonomy":"product_brand","embeddable":true,"href":"https:\/\/ridstar.eu\/es\/wp-json\/wp\/v2\/product_brand?post=290233"},{"taxonomy":"product_cat","embeddable":true,"href":"https:\/\/ridstar.eu\/es\/wp-json\/wp\/v2\/product_cat?post=290233"},{"taxonomy":"product_tag","embeddable":true,"href":"https:\/\/ridstar.eu\/es\/wp-json\/wp\/v2\/product_tag?post=290233"}],"curies":[{"name":"gracias","href":"https:\/\/api.w.org\/{rel}","templated":true}]}}