{"id":290138,"date":"2024-03-23T12:28:56","date_gmt":"2024-03-23T10:28:56","guid":{"rendered":"https:\/\/ridstar.eu\/?post_type=product&#038;p=290138"},"modified":"2026-04-01T03:02:14","modified_gmt":"2026-04-01T00:02:14","slug":"bicicleta-electrica-ridstar-q20-mini-1000w-48v-15ah-20x4-0-llantas-gruesas","status":"publish","type":"product","link":"https:\/\/ridstar.eu\/es\/producto\/bicicleta-electrica-ridstar-q20-mini-1000w-48v-15ah-20x4-0-llantas-gruesas\/","title":{"rendered":"Bicicleta el\u00e9ctrica Ridstar Q20 MINI, 1000W, 48V, 15AH, neum\u00e1ticos 20\u00d74.0 Fat"},"content":{"rendered":"<div class=\"J_module\">\n<div class=\"magic-7\" id=\"ali-anchor-AliMagic-lrdmd7\" data-section=\"AliMagic-lrdmd7\" data-section-title=\"Specification\" data-spm-anchor-id=\"a2700.details.0.i81.7c1b29b4rMLNkO\">Descubre la RIDSTAR Q20 MINI, una bicicleta el\u00e9ctrica econ\u00f3mica con un potente motor de 1000 W y una bater\u00eda de 48 V y 15 Ah, que te permite recorrer hasta 50 km en modo el\u00e9ctrico y 80 km con asistencia al pedaleo. Equipada con neum\u00e1ticos anchos todoterreno de 20\u2033 x 4.0\u2033, frenos de disco y suspensi\u00f3n delantera\/trasera, garantiza una conducci\u00f3n suave y segura en cualquier superficie. La pantalla LCD ofrece datos en tiempo real y m\u00faltiples modos de conducci\u00f3n, mientras que el sistema Shimano de 7 velocidades, la bater\u00eda extra\u00edble y la capacidad de carga de 150 kg aportan versatilidad. Perfecta para desplazamientos urbanos o aventuras todoterreno, la RIDSTAR Q20 MINI combina rendimiento y precio asequible. \u00a1C\u00f3mprala ya en ridstar.eu!<\/p>\n<\/div>\n<\/div>\n<div class=\"J_module\">\n<div class=\"ife-detail-decorate-table\">El <strong>Miniatura del Ridstar Q20<\/strong> Es una versi\u00f3n simplificada y asequible de la Ridstar Q20, la bicicleta m\u00e1s popular y popular del mundo.<\/p>\n<p>Tiene todas las caracter\u00edsticas habituales del Q20: motor de 1000W, neum\u00e1ticos universales, frenos de disco, amortiguadores, la \u00fanica diferencia es la capacidad de la bater\u00eda: 15 Ah en lugar de los 20 Ah habituales.<\/p>\n<p><img decoding=\"async\" class=\"alignnone size-full wp-image-291361\" src=\"https:\/\/ridstar.eu\/wp-content\/uploads\/2024\/03\/q20mini-6.avif\" alt=\"\" width=\"1000\" height=\"1964\"><\/p>\n<p><img decoding=\"async\" class=\"alignnone size-full wp-image-291362\" src=\"https:\/\/ridstar.eu\/wp-content\/uploads\/2024\/03\/q20mini-2.webp\" alt=\"q20mini\" width=\"1000\" height=\"1000\"><\/div>\n<\/div>","protected":false},"excerpt":{"rendered":"<p><strong>Se enviar\u00e1 el YVY C20Lite.<\/strong><\/p>\n<p>Entrega gratuita en 3-7 d\u00edas<\/p>\n<p>Adecuado para personas de 158-195 cm de altura.<\/p>\n<p>Garant\u00eda 12 meses<\/p>\n<p>\u00a1Apto para montar durante todo el a\u00f1o!<\/p>","protected":false},"featured_media":290140,"comment_status":"open","ping_status":"closed","template":"","meta":[],"product_brand":[],"product_cat":[212],"product_tag":[],"class_list":{"0":"post-290138","1":"product","2":"type-product","3":"status-publish","4":"has-post-thumbnail","6":"product_cat-electric-bikes","8":"first","9":"outofstock","10":"shipping-taxable","11":"purchasable","12":"product-type-simple"},"jetpack_sharing_enabled":true,"_links":{"self":[{"href":"https:\/\/ridstar.eu\/es\/wp-json\/wp\/v2\/product\/290138","targetHints":{"allow":["GET"]}}],"collection":[{"href":"https:\/\/ridstar.eu\/es\/wp-json\/wp\/v2\/product"}],"about":[{"href":"https:\/\/ridstar.eu\/es\/wp-json\/wp\/v2\/types\/product"}],"replies":[{"embeddable":true,"href":"https:\/\/ridstar.eu\/es\/wp-json\/wp\/v2\/comments?post=290138"}],"wp:featuredmedia":[{"embeddable":true,"href":"https:\/\/ridstar.eu\/es\/wp-json\/wp\/v2\/media\/290140"}],"wp:attachment":[{"href":"https:\/\/ridstar.eu\/es\/wp-json\/wp\/v2\/media?parent=290138"}],"wp:term":[{"taxonomy":"product_brand","embeddable":true,"href":"https:\/\/ridstar.eu\/es\/wp-json\/wp\/v2\/product_brand?post=290138"},{"taxonomy":"product_cat","embeddable":true,"href":"https:\/\/ridstar.eu\/es\/wp-json\/wp\/v2\/product_cat?post=290138"},{"taxonomy":"product_tag","embeddable":true,"href":"https:\/\/ridstar.eu\/es\/wp-json\/wp\/v2\/product_tag?post=290138"}],"curies":[{"name":"gracias","href":"https:\/\/api.w.org\/{rel}","templated":true}]}}