{"id":290113,"date":"2024-03-20T09:01:42","date_gmt":"2024-03-20T07:01:42","guid":{"rendered":"https:\/\/ridstar.eu\/?post_type=product&#038;p=290113"},"modified":"2024-08-03T16:34:44","modified_gmt":"2024-08-03T13:34:44","slug":"bicicleta-electrica-enduro-retro-e-12000w-12kw-25t-72v-40-45ah-bateria","status":"publish","type":"product","link":"https:\/\/ridstar.eu\/es\/producto\/bicicleta-electrica-enduro-retro-e-12000w-12kw-25t-72v-40-45ah-bateria\/","title":{"rendered":"E-bike el\u00e9ctrica Enduro Retro, 12000W (12kW), 2,5T, 72V, bater\u00eda 45Ah"},"content":{"rendered":"<p>Par\u00e1metro t\u00e9cnico:<\/p>\n<p>Llanta: neum\u00e1tico de MOTOR de 19\/21 pulgadas<br \/>\nTERTRO HD-E500 Disco hidr\u00e1ulico<br \/>\nEstructura: chapa de acero galvanizado de 2 mm.<br \/>\nHorquilla delantera: KKE110<br \/>\nBater\u00eda: celdas 72v45ah<br \/>\nCargador: 72v5A<br \/>\nPantalla: SW900<br \/>\nControlador: Sabvoton 200A<br \/>\nLuz: luz delantera y trasera, con funci\u00f3n de intermitente, bocina el\u00e9ctrica<br \/>\nVelocidad m\u00e1xima: 140 kmh<br \/>\nRango: 90-100 KM<br \/>\nDimensi\u00f3n empaquetada: 167*87*30cm<\/p>","protected":false},"excerpt":{"rendered":"<p>\u00a1Entrega directa desde la f\u00e1brica en China! Plazo de entrega aprox. 35-45 d\u00edas.<br \/>\n<strong>\u00a1El precio incluye TODOS LOS IMPUESTOS y ENV\u00cdO!<\/strong><br \/>\n<strong>\u00a1Este es el monto final hasta tu puerta!<\/strong><\/p>","protected":false},"featured_media":290114,"comment_status":"open","ping_status":"closed","template":"","meta":[],"product_brand":[],"product_cat":[212],"product_tag":[],"class_list":{"0":"post-290113","1":"product","2":"type-product","3":"status-publish","4":"has-post-thumbnail","6":"product_cat-electric-bikes","8":"first","9":"outofstock","10":"sale","11":"shipping-taxable","12":"purchasable","13":"product-type-variable"},"jetpack_sharing_enabled":true,"_links":{"self":[{"href":"https:\/\/ridstar.eu\/es\/wp-json\/wp\/v2\/product\/290113","targetHints":{"allow":["GET"]}}],"collection":[{"href":"https:\/\/ridstar.eu\/es\/wp-json\/wp\/v2\/product"}],"about":[{"href":"https:\/\/ridstar.eu\/es\/wp-json\/wp\/v2\/types\/product"}],"replies":[{"embeddable":true,"href":"https:\/\/ridstar.eu\/es\/wp-json\/wp\/v2\/comments?post=290113"}],"wp:featuredmedia":[{"embeddable":true,"href":"https:\/\/ridstar.eu\/es\/wp-json\/wp\/v2\/media\/290114"}],"wp:attachment":[{"href":"https:\/\/ridstar.eu\/es\/wp-json\/wp\/v2\/media?parent=290113"}],"wp:term":[{"taxonomy":"product_brand","embeddable":true,"href":"https:\/\/ridstar.eu\/es\/wp-json\/wp\/v2\/product_brand?post=290113"},{"taxonomy":"product_cat","embeddable":true,"href":"https:\/\/ridstar.eu\/es\/wp-json\/wp\/v2\/product_cat?post=290113"},{"taxonomy":"product_tag","embeddable":true,"href":"https:\/\/ridstar.eu\/es\/wp-json\/wp\/v2\/product_tag?post=290113"}],"curies":[{"name":"gracias","href":"https:\/\/api.w.org\/{rel}","templated":true}]}}