{"id":290100,"date":"2024-03-19T08:47:18","date_gmt":"2024-03-19T06:47:18","guid":{"rendered":"https:\/\/ridstar.eu\/?post_type=product&#038;p=290100"},"modified":"2024-07-22T09:42:57","modified_gmt":"2024-07-22T06:42:57","slug":"bicicleta-electrica-engwe-p275-st-250w-36v-19-2ah-bateria-de-iones-de-litio-samsung","status":"publish","type":"product","link":"https:\/\/ridstar.eu\/es\/product\/electric-bike-engwe-p275-st-250w-36v-19-2ah-samsung-lithium-ion-battery-mid-motor\/","title":{"rendered":"Bicicleta el\u00e9ctrica ENGWE P275 ST, 250W, 36V, Bater\u00eda SAMSUNG Litio-Ion 19.2Ah, Motor central"},"content":{"rendered":"<p><img decoding=\"async\" src=\"https:\/\/www.geekmaxi.com\/img\/cms\/1095848\/desc1095848_0.jpg\" alt=\"Bicicleta el\u00e9ctrica de cercan\u00edas con motor central ENGWE P275 ST de 250 W, alcance m\u00e1ximo de 260 km, celda Samsung de 19,2 Ah - Oscuro\" width=\"100%\" \/><img decoding=\"async\" src=\"https:\/\/www.geekmaxi.com\/img\/cms\/1095848\/desc1095848_1.jpg\" alt=\"Bicicleta el\u00e9ctrica de cercan\u00edas con motor central ENGWE P275 ST de 250 W, alcance m\u00e1ximo de 260 km, celda Samsung de 19,2 Ah - Oscuro\" width=\"100%\" \/><img decoding=\"async\" src=\"https:\/\/www.geekmaxi.com\/img\/cms\/1095848\/desc1095848_2.jpg\" alt=\"Bicicleta el\u00e9ctrica de cercan\u00edas con motor central ENGWE P275 ST de 250 W, alcance m\u00e1ximo de 260 km, celda Samsung de 19,2 Ah - Oscuro\" width=\"100%\" \/><img decoding=\"async\" src=\"https:\/\/www.geekmaxi.com\/img\/cms\/1095848\/desc1095848_3.jpg\" alt=\"Bicicleta el\u00e9ctrica de cercan\u00edas con motor central ENGWE P275 ST de 250 W, alcance m\u00e1ximo de 260 km, celda Samsung de 19,2 Ah - Oscuro\" width=\"100%\" \/><img decoding=\"async\" src=\"https:\/\/www.geekmaxi.com\/img\/cms\/1095848\/desc1095848_4.jpg\" alt=\"Bicicleta el\u00e9ctrica de cercan\u00edas con motor central ENGWE P275 ST de 250 W, alcance m\u00e1ximo de 260 km, celda Samsung de 19,2 Ah - Oscuro\" width=\"100%\" \/><img decoding=\"async\" src=\"https:\/\/www.geekmaxi.com\/img\/cms\/1095848\/desc1095848_5.jpg\" alt=\"Bicicleta el\u00e9ctrica de cercan\u00edas con motor central ENGWE P275 ST de 250 W, alcance m\u00e1ximo de 260 km, celda Samsung de 19,2 Ah - Oscuro\" width=\"100%\" \/><\/p>\n<p><img decoding=\"async\" src=\"https:\/\/www.geekmaxi.com\/img\/cms\/1095848\/desc1095848_7.jpg\" alt=\"Bicicleta el\u00e9ctrica de cercan\u00edas con motor central ENGWE P275 ST de 250 W, alcance m\u00e1ximo de 260 km, celda Samsung de 19,2 Ah - Oscuro\" width=\"100%\" \/><\/p>\n<table>\n<tbody>\n<tr>\n<td>General<\/td>\n<td>Marca: ENGWE<br \/>\nTipo: Bicicleta el\u00e9ctrica<br \/>\nModelo: P275 ST<br \/>\nDe color negro<\/td>\n<\/tr>\n<tr>\n<td>Especificaci\u00f3n<\/td>\n<td>Material: aleaci\u00f3n de aluminio 6061<br \/>\nMotor: Motor de tracci\u00f3n media sin escobillas Ananda de 250 W<br \/>\nPar de torsi\u00f3n: 70 Nm<br \/>\nNeum\u00e1ticos: Neum\u00e1ticos de 27,5 x 2,4 radios<br \/>\nSistema de transmisi\u00f3n: SHIMANO 9 velocidades<br \/>\nCadena: cadena SHIMANO de 9 velocidades<br \/>\nFreno: freno de disco hidr\u00e1ulico Tektro delantero y trasero de 180 mm<br \/>\nPantalla: Ananda TFT D18<br \/>\nBater\u00eda: 36V 19.2Ah SAMSUNG Litio-ion*1<br \/>\nVelocidad: 25 kil\u00f3metros por hora<br \/>\nKilometraje: 260 km (nivel PAS 1), 150 km (nivel PAS 5)<br \/>\nTiempo de carga: aproximadamente 3-8 horas (el tiempo de carga de la bater\u00eda depende del uso de la bater\u00eda)<br \/>\nGrado m\u00e1ximo de escalada: 10\u00b0<br \/>\nResistente al agua: IPX6<\/td>\n<\/tr>\n<tr>\n<td>Peso y tama\u00f1o<\/td>\n<td>Peso del producto: 37 kg<br \/>\nPeso del paquete: 46 kg<br \/>\nTama\u00f1o del paquete (largo x ancho x alto): 157 x 33 x 85 cm<\/td>\n<\/tr>\n<tr>\n<td>contenidos del paquete<\/td>\n<td>1 bicicleta el\u00e9ctrica.<br \/>\n1 cargador.<br \/>\n1 manual de usuario.<\/td>\n<\/tr>\n<\/tbody>\n<\/table>","protected":false},"excerpt":{"rendered":"<ul>\n<li><strong>Entrega gratuita en 3-7 d\u00edas<\/strong><\/li>\n<li><strong>ENGWE P275 ST Equipado con una bater\u00eda Samsung de 19,2 Ah con una autonom\u00eda m\u00e1xima de 260 km en modo asistencia.<\/strong><\/li>\n<li><strong>El motor Ananda de tracci\u00f3n media de 250 W\/70 Nm proporciona una potencia potente para los desplazamientos diarios.<\/strong><\/li>\n<li><strong>Transmisi\u00f3n SHIMANO de 9 velocidades para un f\u00e1cil cambio de velocidad.<\/strong><\/li>\n<li><strong>Pantalla inteligente IPX6 resistente al agua y Ananda TFT D18<\/strong><\/li>\n<\/ul>","protected":false},"featured_media":290104,"comment_status":"open","ping_status":"closed","template":"","meta":[],"product_brand":[],"product_cat":[212],"product_tag":[],"class_list":{"0":"post-290100","1":"product","2":"type-product","3":"status-publish","4":"has-post-thumbnail","6":"product_cat-electric-bikes","7":"pa_color-black","8":"pa_color-white","9":"pa_color-white-orange","11":"first","12":"instock","13":"sale","14":"shipping-taxable","15":"purchasable","16":"product-type-variable"},"_links":{"self":[{"href":"https:\/\/ridstar.eu\/es\/wp-json\/wp\/v2\/product\/290100","targetHints":{"allow":["GET"]}}],"collection":[{"href":"https:\/\/ridstar.eu\/es\/wp-json\/wp\/v2\/product"}],"about":[{"href":"https:\/\/ridstar.eu\/es\/wp-json\/wp\/v2\/types\/product"}],"replies":[{"embeddable":true,"href":"https:\/\/ridstar.eu\/es\/wp-json\/wp\/v2\/comments?post=290100"}],"wp:featuredmedia":[{"embeddable":true,"href":"https:\/\/ridstar.eu\/es\/wp-json\/wp\/v2\/media\/290104"}],"wp:attachment":[{"href":"https:\/\/ridstar.eu\/es\/wp-json\/wp\/v2\/media?parent=290100"}],"wp:term":[{"taxonomy":"product_brand","embeddable":true,"href":"https:\/\/ridstar.eu\/es\/wp-json\/wp\/v2\/product_brand?post=290100"},{"taxonomy":"product_cat","embeddable":true,"href":"https:\/\/ridstar.eu\/es\/wp-json\/wp\/v2\/product_cat?post=290100"},{"taxonomy":"product_tag","embeddable":true,"href":"https:\/\/ridstar.eu\/es\/wp-json\/wp\/v2\/product_tag?post=290100"}],"curies":[{"name":"gracias","href":"https:\/\/api.w.org\/{rel}","templated":true}]}}