{"id":289966,"date":"2024-02-16T19:21:39","date_gmt":"2024-02-16T17:21:39","guid":{"rendered":"https:\/\/ridstar.eu\/?post_type=product&#038;p=289966"},"modified":"2026-04-03T03:00:14","modified_gmt":"2026-04-03T00:00:14","slug":"bicicleta-electrica-ridstar-h20pro-2000w-2x1000w-48v-23ah-20\u2033-ruedas-plegable","status":"publish","type":"product","link":"https:\/\/ridstar.eu\/es\/producto\/bicicleta-electrica-ridstar-h20pro-2000w-2x1000w-48v-23ah-20\u2033-ruedas-plegable\/","title":{"rendered":"Bicicleta el\u00e9ctrica Ridstar H20PRO, 2000W (2x1000W), 48V, 23Ah, plegable"},"content":{"rendered":"<h3>Ridstar H20PRO de doble motor: dise\u00f1ada para potencia, rendimiento y aventura<\/h3>\n<p>La Ridstar H20PRO es una bicicleta el\u00e9ctrica potente dise\u00f1ada para ciclistas que exigen el m\u00e1ximo rendimiento y versatilidad. Con sus dos motores de alta velocidad, su estructura duradera y sus caracter\u00edsticas avanzadas, esta bicicleta est\u00e1 lista para conquistar calles urbanas, senderos accidentados y todo lo dem\u00e1s.<\/p>\n<h4><strong>Caracter\u00edsticas principales<\/strong><\/h4>\n<ul>\n<li><strong>Potentes motores duales<\/strong>:<br \/>\nEl H20PRO est\u00e1 equipado con <strong>Dos motores de alta velocidad sin escobillas de CC de 1000 W<\/strong>, que ofrece una potencia nominal combinada de 2000 W. Con una velocidad m\u00e1xima de <strong>\u226450 kil\u00f3metros por hora<\/strong>Proporciona una aceleraci\u00f3n emocionante y la potencia para subir pendientes de hasta <strong>30\u00b0<\/strong> Sin esfuerzo.<\/li>\n<li><strong>Bater\u00eda de larga duraci\u00f3n<\/strong>:<br \/>\nDesarrollado por un <strong>Bater\u00eda de litio Panasonic 30360<\/strong> con una capacidad de <strong>23Ah<\/strong>El H20PRO ofrece una gama impresionante de m\u00e1s de <strong>60 kil\u00f3metros<\/strong> por carga. La bater\u00eda est\u00e1 dise\u00f1ada para brindar confiabilidad y longevidad, carg\u00e1ndose completamente en solo <strong>4\u20136 horas<\/strong>.<\/li>\n<li><strong>Construcci\u00f3n c\u00f3moda y duradera.<\/strong>:\n<ul>\n<li><strong>Marco<\/strong>:Fabricado en aluminio ligero y resistente, lo que garantiza durabilidad sin a\u00f1adir peso innecesario.<\/li>\n<li><strong>Tenedor frontal<\/strong>:Cuenta con un sistema de suspensi\u00f3n hidr\u00e1ulica para desplazamientos suaves sobre terrenos irregulares.<\/li>\n<li><strong>Llantas<\/strong>: <strong>20\u201d x 4,0 pulgadas<\/strong> Los neum\u00e1ticos proporcionan un excelente agarre y estabilidad en diversas superficies.<\/li>\n<\/ul>\n<\/li>\n<li><strong>Frenado y transmisi\u00f3n avanzados<\/strong>:\n<ul>\n<li><strong>Sistema de frenado<\/strong>:Equipado con frenos de disco delanteros y traseros para una potencia de frenado precisa y una mayor seguridad.<\/li>\n<li><strong>Transmisi\u00f3n<\/strong>:El sistema de engranaje trasero garantiza una entrega de potencia eficiente y un pedaleo suave cuando sea necesario.<\/li>\n<\/ul>\n<\/li>\n<li><strong>Experiencia de conducci\u00f3n mejorada<\/strong>:\n<ul>\n<li><strong>Pantalla LCD<\/strong>:Realiza un seguimiento de la velocidad, la distancia, el nivel de la bater\u00eda y otras estad\u00edsticas vitales, manteni\u00e9ndote informado durante tu viaje.<\/li>\n<li><strong>Modos<\/strong>:Elija entre pedaleo el\u00e9ctrico puro, asistido el\u00e9ctricamente o manual para una m\u00e1xima flexibilidad.<\/li>\n<\/ul>\n<\/li>\n<li><strong>Carga y dimensiones<\/strong>:\n<ul>\n<li><strong>Carga admisible<\/strong>:Hasta <strong>150 kilos<\/strong>, lo que lo hace adecuado para una amplia gama de ciclistas.<\/li>\n<li><strong>Dimensiones<\/strong>:Dise\u00f1o compacto pero espacioso con dimensiones generales de <strong>1700x240x1050 mm<\/strong> y una distancia entre ejes de <strong>1180 mil\u00edmetros<\/strong>.<\/li>\n<\/ul>\n<\/li>\n<\/ul>\n<h4><strong>\u00bfQu\u00e9 hay en la caja?<\/strong><\/h4>\n<p>Cada Ridstar H20PRO incluye lo esencial para que puedas ponerte en camino de inmediato:<\/p>\n<ul>\n<li>Bicicleta el\u00e9ctrica<\/li>\n<li>Bater\u00eda de litio de Panasonic<\/li>\n<li>herramienta multiusos<\/li>\n<li>Cargador<\/li>\n<li>Pedales<\/li>\n<li>Manual de instrucciones<\/li>\n<\/ul>\n<h4><strong>Especificaciones de un vistazo (<a href=\"https:\/\/ridstar.eu\/es\/informacion-sobre-el-ridstar-q20-pro\/\">Para m\u00e1s detalles sobre el Q20PRO<\/a>)<\/strong><\/h4>\n<ul>\n<li><strong>Peso<\/strong>:35 kilos<\/li>\n<li><strong>Velocidad m\u00e1xima<\/strong>: \u226450 km\/h<\/li>\n<li><strong>Rango<\/strong>:M\u00e1s de 60 km<\/li>\n<li><strong>Escalada de pendientes<\/strong>:Hasta 30\u00b0<\/li>\n<li><strong>Fuerza de motor<\/strong>:2 motores sin escobillas de 1000 W<\/li>\n<li><strong>Bater\u00eda<\/strong>:Bater\u00eda de litio Panasonic, 23 Ah, 48 V<\/li>\n<li><strong>Tama\u00f1o de llanta<\/strong>: 20\u201d x 4.0<\/li>\n<li><strong>Tiempo de carga<\/strong>: 4\u20136 horas<\/li>\n<\/ul>\n<h4><strong>Dise\u00f1ado para cada aventura<\/strong><\/h4>\n<p>La Ridstar H20PRO combina potencia bruta, tecnolog\u00eda de vanguardia y comodidad superior, lo que la convierte en la compa\u00f1era perfecta para los ciclistas que buscan una bicicleta el\u00e9ctrica que pueda soportarlo todo.<img decoding=\"async\" class=\"alignnone size-full wp-image-291380\" src=\"https:\/\/ridstar.eu\/wp-content\/uploads\/2024\/02\/H20PRO-2.avif\" alt=\"H20PRO\" width=\"1600\" height=\"1600\" \/> <img decoding=\"async\" class=\"alignnone size-full wp-image-291381\" src=\"https:\/\/ridstar.eu\/wp-content\/uploads\/2024\/02\/H20PRO-3.avif\" alt=\"H20PRO\" width=\"1600\" height=\"1600\" \/> <img decoding=\"async\" class=\"alignnone size-full wp-image-291382\" src=\"https:\/\/ridstar.eu\/wp-content\/uploads\/2024\/02\/H20PRO-4.avif\" alt=\"H20PRO\" width=\"1600\" height=\"1600\" \/> <img decoding=\"async\" class=\"alignnone size-full wp-image-291383\" src=\"https:\/\/ridstar.eu\/wp-content\/uploads\/2024\/02\/H20PRO-5.avif\" alt=\"H20PRO\" width=\"1600\" height=\"1600\" \/> <img decoding=\"async\" class=\"alignnone size-full wp-image-291384\" src=\"https:\/\/ridstar.eu\/wp-content\/uploads\/2024\/02\/H20PRO-6.avif\" alt=\"H20PRO\" width=\"1600\" height=\"1600\" \/> <img decoding=\"async\" class=\"alignnone size-full wp-image-291385\" src=\"https:\/\/ridstar.eu\/wp-content\/uploads\/2024\/02\/H20PRO-7.avif\" alt=\"H20PRO\" width=\"970\" height=\"600\" \/> <img decoding=\"async\" class=\"alignnone size-full wp-image-291386\" src=\"https:\/\/ridstar.eu\/wp-content\/uploads\/2024\/02\/H20PRO-8.avif\" alt=\"H20PRO\" width=\"1280\" height=\"1707\" \/> <img decoding=\"async\" class=\"alignnone size-full wp-image-291387\" src=\"https:\/\/ridstar.eu\/wp-content\/uploads\/2024\/02\/H20PRO-9.avif\" alt=\"H20PRO\" width=\"1702\" height=\"1276\" \/> <img decoding=\"async\" class=\"alignnone size-full wp-image-291388\" src=\"https:\/\/ridstar.eu\/wp-content\/uploads\/2024\/02\/H20PRO.avif\" alt=\"H20PRO\" width=\"1600\" height=\"1600\" \/><\/p>","protected":false},"excerpt":{"rendered":"<p>Uno de los modelos m\u00e1s populares es la Ridstar H20PRO. Una bicicleta muy ligera, vers\u00e1til, plegable pero potente.<\/p>\n<p>Entrega gratuita desde el almac\u00e9n de la UE.<\/p>\n<p>Sin impuestos adicionales.<\/p>","protected":false},"featured_media":291265,"comment_status":"open","ping_status":"closed","template":"","meta":[],"product_brand":[],"product_cat":[212],"product_tag":[],"class_list":{"0":"post-289966","1":"product","2":"type-product","3":"status-publish","4":"has-post-thumbnail","6":"product_cat-electric-bikes","8":"first","9":"instock","10":"sale","11":"shipping-taxable","12":"purchasable","13":"product-type-simple"},"jetpack_sharing_enabled":true,"_links":{"self":[{"href":"https:\/\/ridstar.eu\/es\/wp-json\/wp\/v2\/product\/289966","targetHints":{"allow":["GET"]}}],"collection":[{"href":"https:\/\/ridstar.eu\/es\/wp-json\/wp\/v2\/product"}],"about":[{"href":"https:\/\/ridstar.eu\/es\/wp-json\/wp\/v2\/types\/product"}],"replies":[{"embeddable":true,"href":"https:\/\/ridstar.eu\/es\/wp-json\/wp\/v2\/comments?post=289966"}],"wp:featuredmedia":[{"embeddable":true,"href":"https:\/\/ridstar.eu\/es\/wp-json\/wp\/v2\/media\/291265"}],"wp:attachment":[{"href":"https:\/\/ridstar.eu\/es\/wp-json\/wp\/v2\/media?parent=289966"}],"wp:term":[{"taxonomy":"product_brand","embeddable":true,"href":"https:\/\/ridstar.eu\/es\/wp-json\/wp\/v2\/product_brand?post=289966"},{"taxonomy":"product_cat","embeddable":true,"href":"https:\/\/ridstar.eu\/es\/wp-json\/wp\/v2\/product_cat?post=289966"},{"taxonomy":"product_tag","embeddable":true,"href":"https:\/\/ridstar.eu\/es\/wp-json\/wp\/v2\/product_tag?post=289966"}],"curies":[{"name":"gracias","href":"https:\/\/api.w.org\/{rel}","templated":true}]}}