{"id":289957,"date":"2024-02-15T18:27:23","date_gmt":"2024-02-15T16:27:23","guid":{"rendered":"https:\/\/ridstar.eu\/?post_type=product&#038;p=289957"},"modified":"2024-07-25T11:57:36","modified_gmt":"2024-07-25T08:57:36","slug":"bateria-portatil-de-litio-para-bicicleta-electrica-x21-35-ah-21700-celdas-samsung","status":"publish","type":"product","link":"https:\/\/ridstar.eu\/es\/producto\/bateria-portatil-de-litio-para-bicicleta-electrica-x21-35-ah-21700-celdas-samsung\/","title":{"rendered":"Bater\u00eda port\u00e1til de litio para bicicleta el\u00e9ctrica X21, 35 Ah, 21700 celdas Samsung"},"content":{"rendered":"","protected":false},"excerpt":{"rendered":"<p>\u00a1Entrega directa desde la f\u00e1brica en China! Plazo de entrega aprox. 35-45 d\u00edas<\/p>\n<p><strong>\u00a1El precio incluye TODOS LOS IMPUESTOS y ENV\u00cdO!<\/strong><br \/>\n<strong>\u00a1Este es el monto final hasta tu puerta!<\/strong><\/p>","protected":false},"featured_media":289958,"comment_status":"open","ping_status":"closed","template":"","meta":[],"product_brand":[],"product_cat":[15],"product_tag":[],"class_list":{"0":"post-289957","1":"product","2":"type-product","3":"status-publish","4":"has-post-thumbnail","6":"product_cat-spare-parts","8":"first","9":"instock","10":"sale","11":"shipping-taxable","12":"purchasable","13":"product-type-simple"},"jetpack_sharing_enabled":true,"_links":{"self":[{"href":"https:\/\/ridstar.eu\/es\/wp-json\/wp\/v2\/product\/289957","targetHints":{"allow":["GET"]}}],"collection":[{"href":"https:\/\/ridstar.eu\/es\/wp-json\/wp\/v2\/product"}],"about":[{"href":"https:\/\/ridstar.eu\/es\/wp-json\/wp\/v2\/types\/product"}],"replies":[{"embeddable":true,"href":"https:\/\/ridstar.eu\/es\/wp-json\/wp\/v2\/comments?post=289957"}],"wp:featuredmedia":[{"embeddable":true,"href":"https:\/\/ridstar.eu\/es\/wp-json\/wp\/v2\/media\/289958"}],"wp:attachment":[{"href":"https:\/\/ridstar.eu\/es\/wp-json\/wp\/v2\/media?parent=289957"}],"wp:term":[{"taxonomy":"product_brand","embeddable":true,"href":"https:\/\/ridstar.eu\/es\/wp-json\/wp\/v2\/product_brand?post=289957"},{"taxonomy":"product_cat","embeddable":true,"href":"https:\/\/ridstar.eu\/es\/wp-json\/wp\/v2\/product_cat?post=289957"},{"taxonomy":"product_tag","embeddable":true,"href":"https:\/\/ridstar.eu\/es\/wp-json\/wp\/v2\/product_tag?post=289957"}],"curies":[{"name":"gracias","href":"https:\/\/api.w.org\/{rel}","templated":true}]}}