{"id":25401,"date":"2024-01-18T15:05:30","date_gmt":"2024-01-18T13:05:30","guid":{"rendered":"https:\/\/ridstar.eu\/?post_type=product&#038;p=25401"},"modified":"2026-04-01T03:02:20","modified_gmt":"2026-04-01T00:02:20","slug":"bicicleta-electrica-plegable-ridstar-mn-26-1500w-20ah","status":"publish","type":"product","link":"https:\/\/ridstar.eu\/es\/producto\/bicicleta-electrica-plegable-ridstar-mn-26-1500w-20ah\/","title":{"rendered":"Bicicleta el\u00e9ctrica Ridstar MN-26, 1500W, 20Ah"},"content":{"rendered":"<h3>Ridstar MN-26: El explorador urbano y todoterreno definitivo<\/h3>\n<p>El <strong>Ridstar MN-26<\/strong> Est\u00e1 dise\u00f1ada para conquistar cualquier terreno, ya sea que navegues por las concurridas calles de la ciudad, navegues por playas de arena, te adentres en campos verdes o te aventures por senderos todoterreno escarpados. Esta bicicleta el\u00e9ctrica combina potencia, durabilidad y versatilidad para redefinir tu experiencia de conducci\u00f3n, ofreciendo el equilibrio perfecto entre practicidad y emoci\u00f3n en cada viaje.<\/p>\n<h4><strong>Caracter\u00edsticas principales<\/strong><\/h4>\n<ul>\n<li><strong>Bater\u00eda extra\u00edble de alta capacidad<\/strong><br \/>\nEl <strong>Ridstar MN-26<\/strong> cuenta con un conveniente <strong>bater\u00eda extra\u00edble<\/strong> Dise\u00f1o que facilita la carga, ya sea en casa, en el trabajo o de viaje. Con una bater\u00eda de larga duraci\u00f3n y carga r\u00e1pida, disfruta de viajes largos sin preocuparte por quedarte sin bater\u00eda.<\/li>\n<li><strong>Pantalla LCD din\u00e1mica multicolor<\/strong><br \/>\nMant\u00e9ngase informado y en control con el <strong>Pantalla LCD multicolor<\/strong>, que muestra claramente informaci\u00f3n esencial como la velocidad, la distancia y el nivel de bater\u00eda. El dise\u00f1o v\u00edvido y f\u00e1cil de leer agrega un toque de modernidad a cada recorrido.<\/li>\n<li><strong>Cambio de marchas potente y suave<\/strong><br \/>\nEquipado con un <strong>Sistema Shimano de 7 velocidades<\/strong>La Ridstar MN-26 ofrece transiciones de marcha precisas y sin problemas. Cambie a marchas m\u00e1s bajas sin esfuerzo para subidas y paseos tranquilos o pase a marchas m\u00e1s altas para una velocidad emocionante.<\/li>\n<li><strong>Iluminaci\u00f3n LED de bajo consumo<\/strong><br \/>\nConduce con seguridad en cualquier momento con la bicicleta. <strong>Faros delanteros y traseros LED<\/strong>Estas luces de bajo consumo garantizan una visibilidad superior, iluminando su camino y manteni\u00e9ndolo visible para los dem\u00e1s, de d\u00eda o de noche.<\/li>\n<li><strong>Neum\u00e1ticos anchos de 26\u2033 x 4.0\u2033 para capacidad todoterreno<\/strong><br \/>\nEl <strong>Neum\u00e1ticos anchos de 26\u2033 x 4.0\u2033<\/strong> Est\u00e1n dise\u00f1ados para brindar versatilidad y durabilidad. Ofrecen tracci\u00f3n y estabilidad excepcionales en grava, arena, nieve y otras superficies dif\u00edciles. Su capacidad de absorci\u00f3n de impactos garantiza un andar suave y c\u00f3modo, lo que hace que el MN-26 est\u00e9 listo para cualquier aventura.<\/li>\n<\/ul>\n<h4><strong>\u00bfPor qu\u00e9 elegir el Ridstar MN-26?<\/strong><\/h4>\n<p>La Ridstar MN-26 es m\u00e1s que una simple bicicleta el\u00e9ctrica: es tu compa\u00f1era ideal para desplazamientos urbanos, escapadas de fin de semana y aventuras todoterreno. Con su robusta construcci\u00f3n, motor de alto rendimiento y dise\u00f1o todoterreno, podr\u00e1s explorar nuevos caminos con confianza y crear recuerdos inolvidables.<\/p>\n<h4><strong>Especificaciones t\u00e9cnicas<\/strong><\/h4>\n<ul>\n<li><strong>Material del marco<\/strong>: Aleaci\u00f3n de aluminio<\/li>\n<li><strong>Llantas<\/strong>: Neum\u00e1ticos anchos de 26\u2033 x 4.0\u2033<\/li>\n<li><strong>Engranajes<\/strong>: Shimano de 7 velocidades<\/li>\n<li><strong>Mostrar<\/strong>:LCD multicolor<\/li>\n<li><strong>Iluminaci\u00f3n<\/strong>:Faros y luces traseras LED de bajo consumo<\/li>\n<li><strong>Modos<\/strong>:Puramente el\u00e9ctrico, asistencia de pedaleo, pedal manual.<\/li>\n<li><strong>Bater\u00eda<\/strong>:Bater\u00eda de litio extra\u00edble y de larga duraci\u00f3n.<\/li>\n<li><strong>Frenos<\/strong>:Frenos de disco delanteros y traseros para una potencia de frenado confiable.<\/li>\n<\/ul>\n<h4><strong>Tu pr\u00f3xima aventura te espera<\/strong><\/h4>\n<p>Libera al explorador que llevas dentro con la Ridstar MN-26. Esta bicicleta est\u00e1 dise\u00f1ada para superar tus expectativas, ya sea para conquistar terrenos dif\u00edciles o para realizar tranquilos recorridos por la ciudad. Experimenta la emoci\u00f3n, la comodidad y la conveniencia de la Ridstar MN-26 y haz de cada recorrido una aventura memorable.<\/p>\n<p><strong>\u00a1Obt\u00e9n el tuyo hoy y disfruta de la libertad de la exploraci\u00f3n sin fin!<\/strong><\/p>\n<hr \/>\n<p><img decoding=\"async\" class=\"alignnone size-full wp-image-25402\" src=\"https:\/\/ridstar.eu\/wp-content\/uploads\/2024\/01\/MN-26-2.jpg\" alt=\"MN-26\" width=\"1000\" height=\"1000\" \/> <img decoding=\"async\" class=\"alignnone size-full wp-image-25403\" src=\"https:\/\/ridstar.eu\/wp-content\/uploads\/2024\/01\/MN-26.jpg\" alt=\"MN-26\" width=\"1600\" height=\"1600\" \/> <img decoding=\"async\" class=\"alignnone size-full wp-image-25404\" src=\"https:\/\/ridstar.eu\/wp-content\/uploads\/2024\/01\/MN-26-3.jpg\" alt=\"MN-26\" width=\"1200\" height=\"1200\" \/> <img decoding=\"async\" class=\"alignnone size-full wp-image-25405\" src=\"https:\/\/ridstar.eu\/wp-content\/uploads\/2024\/01\/MN-26-4.webp\" alt=\"MN-26\" width=\"640\" height=\"273\" \/><\/p>","protected":false},"excerpt":{"rendered":"<p>Bicicleta el\u00e9ctrica Ridstar MN-26.<br \/>\nEntrega gratuita en 3-7 d\u00edas laborables.<br \/>\nSin cargos adicionales.<br \/>\nEntrega desde un almac\u00e9n de la UE.<\/p>","protected":false},"featured_media":25403,"comment_status":"open","ping_status":"closed","template":"","meta":[],"product_brand":[],"product_cat":[212],"product_tag":[],"class_list":{"0":"post-25401","1":"product","2":"type-product","3":"status-publish","4":"has-post-thumbnail","6":"product_cat-electric-bikes","8":"first","9":"outofstock","10":"sale","11":"shipping-taxable","12":"purchasable","13":"product-type-simple"},"jetpack_sharing_enabled":true,"_links":{"self":[{"href":"https:\/\/ridstar.eu\/es\/wp-json\/wp\/v2\/product\/25401","targetHints":{"allow":["GET"]}}],"collection":[{"href":"https:\/\/ridstar.eu\/es\/wp-json\/wp\/v2\/product"}],"about":[{"href":"https:\/\/ridstar.eu\/es\/wp-json\/wp\/v2\/types\/product"}],"replies":[{"embeddable":true,"href":"https:\/\/ridstar.eu\/es\/wp-json\/wp\/v2\/comments?post=25401"}],"wp:featuredmedia":[{"embeddable":true,"href":"https:\/\/ridstar.eu\/es\/wp-json\/wp\/v2\/media\/25403"}],"wp:attachment":[{"href":"https:\/\/ridstar.eu\/es\/wp-json\/wp\/v2\/media?parent=25401"}],"wp:term":[{"taxonomy":"product_brand","embeddable":true,"href":"https:\/\/ridstar.eu\/es\/wp-json\/wp\/v2\/product_brand?post=25401"},{"taxonomy":"product_cat","embeddable":true,"href":"https:\/\/ridstar.eu\/es\/wp-json\/wp\/v2\/product_cat?post=25401"},{"taxonomy":"product_tag","embeddable":true,"href":"https:\/\/ridstar.eu\/es\/wp-json\/wp\/v2\/product_tag?post=25401"}],"curies":[{"name":"gracias","href":"https:\/\/api.w.org\/{rel}","templated":true}]}}