{"id":25358,"date":"2023-12-16T12:50:08","date_gmt":"2023-12-16T10:50:08","guid":{"rendered":"https:\/\/ridstar.eu\/?post_type=product&#038;p=25358"},"modified":"2024-01-11T16:21:30","modified_gmt":"2024-01-11T14:21:30","slug":"bicicleta-electrica-samebike-lo26-ii-48v-750w-80km-de-alcance-12-5ah-bateria-lg-plegable","status":"publish","type":"product","link":"https:\/\/ridstar.eu\/es\/producto\/bicicleta-electrica-samebike-lo26-ii-48v-750w-80km-de-alcance-12-5ah-bateria-lg-plegable\/","title":{"rendered":"Bicicleta el\u00e9ctrica SAMEBIKE LO26-II, 48V, 750W, 80km de autonom\u00eda (bater\u00eda LG de 12,5Ah), plegable"},"content":{"rendered":"<h2><strong>Presentamos la Samebike LO26II<\/strong><\/h2>\n<p>La bicicleta el\u00e9ctrica definitiva para tus desplazamientos diarios o para una aventura agradable. Con su\u00a0<strong>potente motor de 750 W y bater\u00eda LG de 12,5 Ah,<\/strong>\u00a0Esta bicicleta ofrece un rendimiento impresionante y una\u00a0<strong>alcance m\u00e1ximo de 80 km.<\/strong>\u00a0En\u00a0<strong>modo el\u00e9ctrico puro<\/strong>\u00a0puedes viajar desde\u00a0<strong>35 a 40km sin usar los pedales.<\/strong><\/p>\n<p>La SAMEBIKE LO26 II est\u00e1 dise\u00f1ada para proporcionar una\u00a0<strong>conducci\u00f3n c\u00f3moda y suave,<\/strong>\u00a0gracias a su\u00a0<strong>Sistema de suspensi\u00f3n delantera y trasera que absorbe golpes y baches en cualquier terreno.<\/strong>\u00a0El\u00a0<strong>frenos de disco delanteros y traseros<\/strong>\u00a0Proporciona una potencia de frenado fiable, garantizando tu seguridad en la carretera. Adem\u00e1s, el<strong>\u00a0el marco de aleaci\u00f3n de aluminio es ligero y resistente,<\/strong>\u00a0facilitando su transporte y almacenamiento cuando no est\u00e9 en uso.<\/p>\n<p>Tambi\u00e9n est\u00e1 equipado con un\u00a0<strong>Transmisi\u00f3n Shimano de 21 velocidades.<\/strong>\u00a0que asegura una\u00a0<strong>cambio de marchas suave y sin esfuerzo<\/strong>\u00a0experiencia, lo que le permitir\u00e1 ajustar f\u00e1cilmente su velocidad seg\u00fan sus preferencias y el terreno.<\/p>\n<h2><strong>Especificaciones:<\/strong><\/h2>\n<p><strong>Fuerza de motor:\u00a0<\/strong>750W<br \/>\n<strong>Capacidad de la bater\u00eda:<\/strong>\u00a012,5Ah 48V<br \/>\n<strong>M\u00e1x. Velocidad:<\/strong>\u00a035 kil\u00f3metros por hora<br \/>\n<strong>Rango:<\/strong>\u00a070-80 km (modo de potencia asistida) | 35-40 km (modo el\u00e9ctrico puro)<\/p>\n<p><a href=\"https:\/\/grandhy.com\/wp-content\/uploads\/2023\/05\/lQDPJxbRAQ4vp_3NBOPNBLCwpUFRBfXdpuIDV3-n28CkAQ_1200_1251_74a609e0-92c2-41fe-9e5e-51776a1c53ba.webp\" target=\"_blank\" rel=\"noopener\"><img decoding=\"async\" class=\"alignnone wp-image-10593\" src=\"https:\/\/grandhy.com\/wp-content\/uploads\/2023\/05\/lQDPJxbRAQ4vp_3NBOPNBLCwpUFRBfXdpuIDV3-n28CkAQ_1200_1251_74a609e0-92c2-41fe-9e5e-51776a1c53ba-288x300.webp\" sizes=\"(max-width: 700px) 100vw, 700px\" srcset=\"\/\/grandhy.com\/wp-content\/uploads\/2023\/05\/lQDPJxbRAQ4vp_3NBOPNBLCwpUFRBfXdpuIDV3-n28CkAQ_1200_1251_74a609e0-92c2-41fe-9e5e-51776a1c53ba-288x300.webp 288w, \/\/grandhy.com\/wp-content\/uploads\/2023\/05\/lQDPJxbRAQ4vp_3NBOPNBLCwpUFRBfXdpuIDV3-n28CkAQ_1200_1251_74a609e0-92c2-41fe-9e5e-51776a1c53ba-500x521.webp 500w, \/\/grandhy.com\/wp-content\/uploads\/2023\/05\/lQDPJxbRAQ4vp_3NBOPNBLCwpUFRBfXdpuIDV3-n28CkAQ_1200_1251_74a609e0-92c2-41fe-9e5e-51776a1c53ba-982x1024.webp 982w, \/\/grandhy.com\/wp-content\/uploads\/2023\/05\/lQDPJxbRAQ4vp_3NBOPNBLCwpUFRBfXdpuIDV3-n28CkAQ_1200_1251_74a609e0-92c2-41fe-9e5e-51776a1c53ba-768x801.webp 768w, \/\/grandhy.com\/wp-content\/uploads\/2023\/05\/lQDPJxbRAQ4vp_3NBOPNBLCwpUFRBfXdpuIDV3-n28CkAQ_1200_1251_74a609e0-92c2-41fe-9e5e-51776a1c53ba.webp 1200w\" alt=\"mismabike_lo26_750w_spec7\" width=\"700\" height=\"730\" \/><\/a><\/p>\n<p><strong>Tiempo de carga:<\/strong>\u00a04 \u2013 6 horas<br \/>\n<strong>Modos de conducci\u00f3n:<\/strong>\u00a0Modo de aceleraci\u00f3n, modo de asistencia de pedaleo, modo el\u00e9ctrico puro<\/p>\n<p><a href=\"https:\/\/grandhy.com\/wp-content\/uploads\/2023\/05\/LO26-II-FT-2_900x.webp\" target=\"_blank\" rel=\"noopener\"><img decoding=\"async\" class=\"wp-image-10592\" src=\"https:\/\/grandhy.com\/wp-content\/uploads\/2023\/05\/LO26-II-FT-2_900x-300x300.webp\" sizes=\"(max-width: 700px) 100vw, 700px\" srcset=\"\/\/grandhy.com\/wp-content\/uploads\/2023\/05\/LO26-II-FT-2_900x-300x300.webp 300w, \/\/grandhy.com\/wp-content\/uploads\/2023\/05\/LO26-II-FT-2_900x-250x250.webp 250w, \/\/grandhy.com\/wp-content\/uploads\/2023\/05\/LO26-II-FT-2_900x-85x85.webp 85w, \/\/grandhy.com\/wp-content\/uploads\/2023\/05\/LO26-II-FT-2_900x-500x500.webp 500w, \/\/grandhy.com\/wp-content\/uploads\/2023\/05\/LO26-II-FT-2_900x-150x150.webp 150w, \/\/grandhy.com\/wp-content\/uploads\/2023\/05\/LO26-II-FT-2_900x-768x768.webp 768w, \/\/grandhy.com\/wp-content\/uploads\/2023\/05\/LO26-II-FT-2_900x-700x700.webp 700w, \/\/grandhy.com\/wp-content\/uploads\/2023\/05\/LO26-II-FT-2_900x.webp 900w\" alt=\"mismabike_lo26_750w_spec6\" width=\"700\" height=\"700\" \/><\/a><\/p>\n<p><strong>Frenos:<\/strong>\u00a0Frenos de disco delanteros y traseros<br \/>\n<strong>Suspensi\u00f3n:<\/strong>\u00a0Suspensi\u00f3n delantera y amortiguador trasero.<\/p>\n<p><a href=\"https:\/\/grandhy.com\/wp-content\/uploads\/2023\/05\/16_63d6d4d2-33e1-4535-b609-74a6ce3dc39a.webp\" target=\"_blank\" rel=\"noopener\"><img decoding=\"async\" class=\"wp-image-10591\" src=\"https:\/\/grandhy.com\/wp-content\/uploads\/2023\/05\/16_63d6d4d2-33e1-4535-b609-74a6ce3dc39a-300x165.webp\" sizes=\"(max-width: 700px) 100vw, 700px\" srcset=\"\/\/grandhy.com\/wp-content\/uploads\/2023\/05\/16_63d6d4d2-33e1-4535-b609-74a6ce3dc39a-300x165.webp 300w, \/\/grandhy.com\/wp-content\/uploads\/2023\/05\/16_63d6d4d2-33e1-4535-b609-74a6ce3dc39a-500x274.webp 500w, \/\/grandhy.com\/wp-content\/uploads\/2023\/05\/16_63d6d4d2-33e1-4535-b609-74a6ce3dc39a-768x421.webp 768w, \/\/grandhy.com\/wp-content\/uploads\/2023\/05\/16_63d6d4d2-33e1-4535-b609-74a6ce3dc39a.webp 1200w\" alt=\"mismabike_lo26_750w_spec5\" width=\"700\" height=\"385\" \/><\/a><\/p>\n<p><strong>Marco:<\/strong>\u00a0Aleaci\u00f3n de aluminio<br \/>\n<strong>Pedales:<\/strong>\u00a0Pedal de aleaci\u00f3n con reflectores.<\/p>\n<p><a href=\"https:\/\/grandhy.com\/wp-content\/uploads\/2023\/05\/12_d5167688-ee9d-407b-96ba-c05183ab6f12.webp\" target=\"_blank\" rel=\"noopener\"><img decoding=\"async\" class=\"wp-image-10589\" src=\"https:\/\/grandhy.com\/wp-content\/uploads\/2023\/05\/12_d5167688-ee9d-407b-96ba-c05183ab6f12-300x217.webp\" sizes=\"(max-width: 700px) 100vw, 700px\" srcset=\"\/\/grandhy.com\/wp-content\/uploads\/2023\/05\/12_d5167688-ee9d-407b-96ba-c05183ab6f12-300x217.webp 300w, \/\/grandhy.com\/wp-content\/uploads\/2023\/05\/12_d5167688-ee9d-407b-96ba-c05183ab6f12-500x362.webp 500w, \/\/grandhy.com\/wp-content\/uploads\/2023\/05\/12_d5167688-ee9d-407b-96ba-c05183ab6f12-1024x741.webp 1024w, \/\/grandhy.com\/wp-content\/uploads\/2023\/05\/12_d5167688-ee9d-407b-96ba-c05183ab6f12-768x556.webp 768w, \/\/grandhy.com\/wp-content\/uploads\/2023\/05\/12_d5167688-ee9d-407b-96ba-c05183ab6f12.webp 1200w\" alt=\"mismabike_lo26_750w_spec3\" width=\"700\" height=\"506\" \/><\/a><\/p>\n<p><strong>Transmisi\u00f3n:<\/strong>\u00a0Shimano 21 velocidades<br \/>\n<strong>\u00c1ngulo m\u00e1ximo de ascenso:<\/strong>\u00a030\u00ba<\/p>\n<p><a href=\"https:\/\/grandhy.com\/wp-content\/uploads\/2023\/05\/09_645b2dd1-bf40-4390-ac61-571602c9c746.webp\" target=\"_blank\" rel=\"noopener\"><img decoding=\"async\" class=\"alignnone wp-image-10587\" src=\"https:\/\/grandhy.com\/wp-content\/uploads\/2023\/05\/09_645b2dd1-bf40-4390-ac61-571602c9c746-300x284.webp\" sizes=\"(max-width: 700px) 100vw, 700px\" srcset=\"\/\/grandhy.com\/wp-content\/uploads\/2023\/05\/09_645b2dd1-bf40-4390-ac61-571602c9c746-300x284.webp 300w, \/\/grandhy.com\/wp-content\/uploads\/2023\/05\/09_645b2dd1-bf40-4390-ac61-571602c9c746-500x473.webp 500w, \/\/grandhy.com\/wp-content\/uploads\/2023\/05\/09_645b2dd1-bf40-4390-ac61-571602c9c746-1024x968.webp 1024w, \/\/grandhy.com\/wp-content\/uploads\/2023\/05\/09_645b2dd1-bf40-4390-ac61-571602c9c746-768x726.webp 768w, \/\/grandhy.com\/wp-content\/uploads\/2023\/05\/09_645b2dd1-bf40-4390-ac61-571602c9c746.webp 1200w\" alt=\"mismabike_lo26_750w_spec1\" width=\"700\" height=\"662\" \/><\/a><\/p>\n<p><strong>Carga maxima:<\/strong>\u00a0150 kg\/330 libras<br \/>\n<strong>Peso:<\/strong>\u00a030kg<\/p>\n<p><a href=\"https:\/\/grandhy.com\/wp-content\/uploads\/2023\/05\/13_4b0578fe-0b36-4dc9-b07d-3052ba5c9e46.webp\" target=\"_blank\" rel=\"noopener\"><img decoding=\"async\" class=\"alignnone wp-image-10590\" src=\"https:\/\/grandhy.com\/wp-content\/uploads\/2023\/05\/13_4b0578fe-0b36-4dc9-b07d-3052ba5c9e46-285x300.webp\" sizes=\"(max-width: 700px) 100vw, 700px\" srcset=\"\/\/grandhy.com\/wp-content\/uploads\/2023\/05\/13_4b0578fe-0b36-4dc9-b07d-3052ba5c9e46-285x300.webp 285w, \/\/grandhy.com\/wp-content\/uploads\/2023\/05\/13_4b0578fe-0b36-4dc9-b07d-3052ba5c9e46-500x526.webp 500w, \/\/grandhy.com\/wp-content\/uploads\/2023\/05\/13_4b0578fe-0b36-4dc9-b07d-3052ba5c9e46-974x1024.webp 974w, \/\/grandhy.com\/wp-content\/uploads\/2023\/05\/13_4b0578fe-0b36-4dc9-b07d-3052ba5c9e46-768x808.webp 768w, \/\/grandhy.com\/wp-content\/uploads\/2023\/05\/13_4b0578fe-0b36-4dc9-b07d-3052ba5c9e46.webp 1200w\" alt=\"mismabike_lo26_750w_spec4\" width=\"700\" height=\"736\" \/><\/a><\/p>\n<p><strong>Mostrar:<\/strong>\u00a0Pantalla LCD con carga USB<br \/>\n<strong>Llantas:<\/strong>\u00a0Neum\u00e1ticos de 26 \u2033 \u00d7 2,35 \u2033<\/p>\n<p><a href=\"https:\/\/grandhy.com\/wp-content\/uploads\/2023\/05\/07_cfd6772d-3326-4f1b-9f0a-e21884bb4f6a.webp\" target=\"_blank\" rel=\"noopener\"><img decoding=\"async\" class=\"wp-image-10586\" src=\"https:\/\/grandhy.com\/wp-content\/uploads\/2023\/05\/07_cfd6772d-3326-4f1b-9f0a-e21884bb4f6a-269x300.webp\" sizes=\"(max-width: 700px) 100vw, 700px\" srcset=\"\/\/grandhy.com\/wp-content\/uploads\/2023\/05\/07_cfd6772d-3326-4f1b-9f0a-e21884bb4f6a-269x300.webp 269w, \/\/grandhy.com\/wp-content\/uploads\/2023\/05\/07_cfd6772d-3326-4f1b-9f0a-e21884bb4f6a-500x558.webp 500w, \/\/grandhy.com\/wp-content\/uploads\/2023\/05\/07_cfd6772d-3326-4f1b-9f0a-e21884bb4f6a-918x1024.webp 918w, \/\/grandhy.com\/wp-content\/uploads\/2023\/05\/07_cfd6772d-3326-4f1b-9f0a-e21884bb4f6a-768x857.webp 768w, \/\/grandhy.com\/wp-content\/uploads\/2023\/05\/07_cfd6772d-3326-4f1b-9f0a-e21884bb4f6a.webp 1200w\" alt=\"mismabike_lo26_750w_spec\" width=\"700\" height=\"781\" \/><\/a><\/p>\n<p><strong>Borde:<\/strong>\u00a0Rueda de radios<br \/>\n<strong>Guardabarros:\u00a0<\/strong>CLORURO DE POLIVINILO<br \/>\n<strong>Certificados:<\/strong>\u00a0CE, UL, KC, FCC, PSE, ROHS<\/p>\n<p><a href=\"https:\/\/grandhy.com\/wp-content\/uploads\/2023\/05\/11_185e0aa2-2fdf-4bec-bb0d-f6be60087be6.webp\" target=\"_blank\" rel=\"noopener\"><img decoding=\"async\" class=\"alignnone wp-image-10588\" src=\"https:\/\/grandhy.com\/wp-content\/uploads\/2023\/05\/11_185e0aa2-2fdf-4bec-bb0d-f6be60087be6-300x222.webp\" sizes=\"(max-width: 700px) 100vw, 700px\" srcset=\"\/\/grandhy.com\/wp-content\/uploads\/2023\/05\/11_185e0aa2-2fdf-4bec-bb0d-f6be60087be6-300x222.webp 300w, \/\/grandhy.com\/wp-content\/uploads\/2023\/05\/11_185e0aa2-2fdf-4bec-bb0d-f6be60087be6-500x370.webp 500w, \/\/grandhy.com\/wp-content\/uploads\/2023\/05\/11_185e0aa2-2fdf-4bec-bb0d-f6be60087be6-1024x758.webp 1024w, \/\/grandhy.com\/wp-content\/uploads\/2023\/05\/11_185e0aa2-2fdf-4bec-bb0d-f6be60087be6-768x568.webp 768w, \/\/grandhy.com\/wp-content\/uploads\/2023\/05\/11_185e0aa2-2fdf-4bec-bb0d-f6be60087be6.webp 1200w\" alt=\"mismabike_lo26_750w_spec2\" width=\"700\" height=\"518\" \/><\/a><\/p>\n<p>El paquete contiene:<\/p>\n<p>1 bicicleta el\u00e9ctrica.<br \/>\n1 bater\u00eda<br \/>\n1 cargador.<br \/>\n1 juego de herramientas.<br \/>\n1 manual de usuario.<\/p>","protected":false},"excerpt":{"rendered":"<p>Modelo No. LO26 II<br \/>\nBater\u00eda: bater\u00eda de iones de litio 48V12,5AH<br \/>\nMotor: motor sin escobillas de alta velocidad de 750 W<br \/>\nNeum\u00e1ticos: 26\u2033<br \/>\nAlcance: 80 km<br \/>\nVelocidad m\u00e1xima: 35 km\/h<br \/>\nCarga m\u00e1xima: 150 kg.<\/p>","protected":false},"featured_media":25363,"comment_status":"open","ping_status":"closed","template":"","meta":[],"product_brand":[],"product_cat":[212],"product_tag":[],"class_list":{"0":"post-25358","1":"product","2":"type-product","3":"status-publish","4":"has-post-thumbnail","6":"product_cat-electric-bikes","8":"first","9":"instock","10":"sale","11":"shipping-taxable","12":"purchasable","13":"product-type-variable"},"jetpack_sharing_enabled":true,"_links":{"self":[{"href":"https:\/\/ridstar.eu\/es\/wp-json\/wp\/v2\/product\/25358","targetHints":{"allow":["GET"]}}],"collection":[{"href":"https:\/\/ridstar.eu\/es\/wp-json\/wp\/v2\/product"}],"about":[{"href":"https:\/\/ridstar.eu\/es\/wp-json\/wp\/v2\/types\/product"}],"replies":[{"embeddable":true,"href":"https:\/\/ridstar.eu\/es\/wp-json\/wp\/v2\/comments?post=25358"}],"wp:featuredmedia":[{"embeddable":true,"href":"https:\/\/ridstar.eu\/es\/wp-json\/wp\/v2\/media\/25363"}],"wp:attachment":[{"href":"https:\/\/ridstar.eu\/es\/wp-json\/wp\/v2\/media?parent=25358"}],"wp:term":[{"taxonomy":"product_brand","embeddable":true,"href":"https:\/\/ridstar.eu\/es\/wp-json\/wp\/v2\/product_brand?post=25358"},{"taxonomy":"product_cat","embeddable":true,"href":"https:\/\/ridstar.eu\/es\/wp-json\/wp\/v2\/product_cat?post=25358"},{"taxonomy":"product_tag","embeddable":true,"href":"https:\/\/ridstar.eu\/es\/wp-json\/wp\/v2\/product_tag?post=25358"}],"curies":[{"name":"gracias","href":"https:\/\/api.w.org\/{rel}","templated":true}]}}