{"id":25354,"date":"2023-12-15T15:53:07","date_gmt":"2023-12-15T13:53:07","guid":{"rendered":"https:\/\/ridstar.eu\/?post_type=product&#038;p=25354"},"modified":"2024-07-22T09:42:55","modified_gmt":"2024-07-22T06:42:55","slug":"patinete-electrico-hr2-4-2000w-60v-20ah-certificado-cee-europeo","status":"publish","type":"product","link":"https:\/\/ridstar.eu\/es\/product\/electric-scooter-hr2-4-2000w-60v-20ah-european-eec-certificate\/","title":{"rendered":"Patinete el\u00e9ctrico HR2-4, 2000W, 60V, 20Ah, certificado CEE europeo"},"content":{"rendered":"<p><img decoding=\"async\" class=\"img_loading\" src=\"https:\/\/ueeshop.ly200-cdn.com\/u_file\/UPAX\/UPAX064\/2211\/photo\/d8bc18c798.jpg?x-oss-process=image\/format,webp\/quality,q_100\" alt=\"\"><img decoding=\"async\" class=\"img_loading\" src=\"https:\/\/ueeshop.ly200-cdn.com\/u_file\/UPAX\/UPAX064\/2211\/photo\/fbab5153cd.jpg?x-oss-process=image\/format,webp\/quality,q_100\" alt=\"\"><br \/>\nLa serie HR2 tiene el europeo\u00a0<strong>certificado CEE<\/strong>, que no solo est\u00e1 equipado con neum\u00e1ticos resistentes a la lluvia, luces legales para la carretera, sino tambi\u00e9n llave de encendido, un pie de apoyo (funci\u00f3n de apagado) e incluso un soporte para matr\u00edcula.<br \/>\nPuedes conducirlo legalmente en la carretera. Llevarlo a la escuela o al trabajo es una opci\u00f3n muy conveniente.<\/p>\n<div><strong><br \/>\nHorquilla delantera\/suspensi\u00f3n trasera<\/strong><\/div>\n<p>El HR2 no s\u00f3lo tiene dos suspensiones traseras, sino que tambi\u00e9n tiene dos horquillas delanteras. La cu\u00e1druple absorci\u00f3n de impactos le permite tener una buena experiencia de conducci\u00f3n durante la conducci\u00f3n y puede conducir sin problemas en carreteras en mal estado. Y tambi\u00e9n maximiza el movimiento del centro de gravedad del citycoco, reduce la resistencia al viento, reduce el impacto de los cambios en el centro de gravedad del citycoco en los neum\u00e1ticos y prolonga la vida \u00fatil del HR2.<br \/>\n<img decoding=\"async\" class=\"img_loading\" src=\"https:\/\/ueeshop.ly200-cdn.com\/u_file\/UPAX\/UPAX064\/2211\/photo\/167b692ff2.png?x-oss-process=image\/format,webp\/quality,q_100\" alt=\"\"><img decoding=\"async\" class=\"img_loading\" src=\"https:\/\/ueeshop.ly200-cdn.com\/u_file\/UPAX\/UPAX064\/2211\/photo\/43f78cf97f.png?x-oss-process=image\/format,webp\/quality,q_100\" alt=\"\"><\/p>\n<div><strong>Bater\u00eda<\/strong><\/div>\n<p>Para los scooters el\u00e9ctricos Citycoco, la bater\u00eda ser\u00e1 mayor que la de los scooters el\u00e9ctricos normales, por lo que tanto la autonom\u00eda como la velocidad ser\u00e1n mayores que las de los scooters el\u00e9ctricos normales.<br \/>\n\u00a1Recientemente actualizamos el marco de la serie HR2!<br \/>\nOriginalmente, solo pod\u00eda equiparse con una bater\u00eda, \u00a1pero ahora puede equiparse con dos bater\u00edas!<br \/>\nLa autonom\u00eda de crucero es m\u00e1s duradera.<br \/>\nLa bater\u00eda de 20 Ah te brinda una sensaci\u00f3n total de seguridad. Y despu\u00e9s de muchas pruebas, la autonom\u00eda de crucero puede alcanzar de 40 a 50 kil\u00f3metros con una carga completa, lo que est\u00e1 fuera del alcance de muchos scooters el\u00e9ctricos comunes. Dos bater\u00edas pueden recorrer m\u00e1s distancias. As\u00ed que no tienes que preocuparte por quedarte sin energ\u00eda a mitad de camino y afectar tu paso.<\/p>\n<p>Es una bater\u00eda extra\u00edble a prueba de agua. La superficie de la bater\u00eda HR2 est\u00e1 hecha de material impermeable y la caja de la bater\u00eda fuera de la bater\u00eda tambi\u00e9n es impermeable, por lo que nuestra bater\u00eda tiene dos capas de protecci\u00f3n a prueba de agua. De esta manera, incluso si llueve repentinamente cuando salga o pase por un camino embarrado, no da\u00f1ar\u00e1 la bater\u00eda y har\u00e1 que el HR2 tenga una vida m\u00e1s larga. La bater\u00eda extra\u00edble le permite cargarla completamente en cualquier momento y en cualquier lugar.<\/p>\n<p><img decoding=\"async\" class=\"img_loading\" src=\"https:\/\/ueeshop.ly200-cdn.com\/u_file\/UPAX\/UPAX064\/2303\/29\/photo\/9.jpg?x-oss-process=image\/format,webp\/quality,q_100\" alt=\"\"><\/p>\n<div><strong>Asiento<\/strong><\/div>\n<p>HR2 est\u00e1 equipado con un\u00a0<strong>asiento impermeable<\/strong>. Su superficie es una capa de PU impermeable de alta calidad, puedes limpiar f\u00e1cilmente las manchas de agua en su superficie. En el interior hay una esponja resistente con buena suavidad.<br \/>\nLos asientos dobles te brindan m\u00e1s posibilidades en tu vida. Puedes salir con tus amigos o familiares. Tambi\u00e9n equipamos especialmente a la persona sentada en el asiento trasero con un\u00a0<strong>agarre de la mano<\/strong>\u00a0y\u00a0<strong>reposapi\u00e9s del pasajero<\/strong>, brind\u00e1ndole suficiente comodidad y permiti\u00e9ndole viajar con tranquilidad.<br \/>\n<img decoding=\"async\" class=\"img_loading\" src=\"https:\/\/ueeshop.ly200-cdn.com\/u_file\/UPAX\/UPAX064\/2211\/photo\/428e039af1.jpg?x-oss-process=image\/format,webp\/quality,q_100\" alt=\"\"><img decoding=\"async\" class=\"img_loading\" src=\"https:\/\/ueeshop.ly200-cdn.com\/u_file\/UPAX\/UPAX064\/2211\/photo\/de5ba8df7b.jpg?x-oss-process=image\/format,webp\/quality,q_100\" alt=\"\"><\/p>\n<div><strong>Color<\/strong><\/div>\n<p>HR2-4 viene en negro, azul, rojo vino y amarillo. Siempre hay un color que se adapta a ti.<br \/>\nSi le gustan otros colores, tambi\u00e9n podemos personalizarlos, bienvenido a consultar.<br \/>\n<img decoding=\"async\" class=\"img_loading\" src=\"https:\/\/ueeshop.ly200-cdn.com\/u_file\/UPAX\/UPAX064\/2211\/photo\/edb189cbd5.jpg?x-oss-process=image\/format,webp\/quality,q_100\" alt=\"\"><\/p>\n<div><strong>Certificaci\u00f3n<\/strong><\/div>\n<p>Adem\u00e1s de EEC, tambi\u00e9n tiene certificados COC, ISO9001, etc. Puede circular legalmente.<br \/>\n<img decoding=\"async\" class=\"img_loading\" src=\"https:\/\/ueeshop.ly200-cdn.com\/u_file\/UPAX\/UPAX064\/2206\/photo\/edcbe37b7c.jpg?x-oss-process=image\/format,webp\/quality,q_100\" alt=\"\"><\/p>\n<div id=\"simple-translate\" class=\"simple-translate-light-theme\">\n<div>\n<div class=\"simple-translate-button isShow\" style=\"background-image: url('chrome-extension:\/\/cllnohpbfenopiakdcjmjcbaeapmkcdl\/icons\/512.png'); height: 22px; width: 22px; top: 349px; left: -188px;\"><\/div>\n<div class=\"simple-translate-panel\" style=\"width: 300px; height: 200px; top: 0px; left: 0px; font-size: 13px;\">\n<div class=\"simple-translate-result-wrapper\" style=\"overflow: hidden;\">\n<div class=\"simple-translate-move\" draggable=\"true\"><\/div>\n<div class=\"simple-translate-result-contents\">\n<p class=\"simple-translate-candidate\" dir=\"auto\">\n<\/div>\n<\/div>\n<\/div>\n<\/div>\n<\/div>","protected":false},"excerpt":{"rendered":"<ul>\n<li>Entrega r\u00e1pida gratuita<\/li>\n<li>1 a\u00f1o de garant\u00eda<\/li>\n<li><strong>Certificado CEE: se puede registrar como veh\u00edculo legal<\/strong><\/li>\n<li>carga m\u00e1xima \u2013 200 kg.<\/li>\n<li>velocidad m\u00e1xima \u2013 45 km\/h<\/li>\n<\/ul>","protected":false},"featured_media":25355,"comment_status":"open","ping_status":"closed","template":"","meta":[],"product_brand":[],"product_cat":[212],"product_tag":[],"class_list":{"0":"post-25354","1":"product","2":"type-product","3":"status-publish","4":"has-post-thumbnail","6":"product_cat-electric-bikes","8":"first","9":"outofstock","10":"sale","11":"shipping-taxable","12":"purchasable","13":"product-type-simple"},"jetpack_sharing_enabled":true,"_links":{"self":[{"href":"https:\/\/ridstar.eu\/es\/wp-json\/wp\/v2\/product\/25354","targetHints":{"allow":["GET"]}}],"collection":[{"href":"https:\/\/ridstar.eu\/es\/wp-json\/wp\/v2\/product"}],"about":[{"href":"https:\/\/ridstar.eu\/es\/wp-json\/wp\/v2\/types\/product"}],"replies":[{"embeddable":true,"href":"https:\/\/ridstar.eu\/es\/wp-json\/wp\/v2\/comments?post=25354"}],"wp:featuredmedia":[{"embeddable":true,"href":"https:\/\/ridstar.eu\/es\/wp-json\/wp\/v2\/media\/25355"}],"wp:attachment":[{"href":"https:\/\/ridstar.eu\/es\/wp-json\/wp\/v2\/media?parent=25354"}],"wp:term":[{"taxonomy":"product_brand","embeddable":true,"href":"https:\/\/ridstar.eu\/es\/wp-json\/wp\/v2\/product_brand?post=25354"},{"taxonomy":"product_cat","embeddable":true,"href":"https:\/\/ridstar.eu\/es\/wp-json\/wp\/v2\/product_cat?post=25354"},{"taxonomy":"product_tag","embeddable":true,"href":"https:\/\/ridstar.eu\/es\/wp-json\/wp\/v2\/product_tag?post=25354"}],"curies":[{"name":"gracias","href":"https:\/\/api.w.org\/{rel}","templated":true}]}}