{"id":13204,"date":"2023-11-17T08:42:46","date_gmt":"2023-11-17T06:42:46","guid":{"rendered":"https:\/\/ridstar.eu\/?post_type=product&#038;p=13204"},"modified":"2026-05-08T15:05:19","modified_gmt":"2026-05-08T12:05:19","slug":"bicicleta-electrica-ridstar-h26-pro-1500w-48v-23ah-bateria","status":"publish","type":"product","link":"https:\/\/ridstar.eu\/es\/product\/electric-foldable-bike-ridstar-h26-pro-1500w-48v-23ah-battery\/","title":{"rendered":"Bicicleta el\u00e9ctrica plegable Ridstar H26 PRO, 1500W, 48V, bater\u00eda 23Ah"},"content":{"rendered":"<h3>Ridstar H26 PRO: la pr\u00f3xima evoluci\u00f3n en bicicletas el\u00e9ctricas<\/h3>\n<p>La actualizaci\u00f3n <strong>Ridstar H26 PRO<\/strong> Lleva la bicicleta el\u00e9ctrica al siguiente nivel con caracter\u00edsticas mejoradas, rendimiento superior y mayor comodidad. Desde su nuevo motor de alto rendimiento hasta sus frenos hidr\u00e1ulicos de primera calidad y su sistema de suspensi\u00f3n avanzado, este modelo ofrece una experiencia de conducci\u00f3n que va mucho m\u00e1s all\u00e1 de la versi\u00f3n H26 est\u00e1ndar.<\/p>\n<h4><strong>Caracter\u00edsticas principales<\/strong><\/h4>\n<ul>\n<li><strong>Potencia y velocidad inigualables<\/strong>:<br \/>\nEn el coraz\u00f3n del H26 PRO hay un <strong>Motor de alta velocidad sin escobillas de 1500 W CC<\/strong> con una tensi\u00f3n nominal de <strong>48V<\/strong>, que ofrece un par motor y una aceleraci\u00f3n incre\u00edbles. Alcanza velocidades de hasta <strong>65 kil\u00f3metros por hora<\/strong> y conquistar pendientes de hasta <strong>30\u00b0<\/strong> con facilidad.<\/li>\n<li><strong>Rendimiento de bater\u00eda de larga duraci\u00f3n<\/strong>:<br \/>\nEquipado con un <strong>Bater\u00eda de litio 18650 de 23 Ah<\/strong>El H26 PRO ofrece una resistencia impresionante:<\/p>\n<ul>\n<li><strong>Modo el\u00e9ctrico puro<\/strong>:60\u201390 kil\u00f3metros<\/li>\n<li><strong>Modo de conducci\u00f3n asistida<\/strong>:80\u2013120 kil\u00f3metros<br \/>\nLa bater\u00eda se carga completamente en tan solo <strong>6 horas<\/strong>, asegur\u00e1ndote que siempre est\u00e9s listo para tu pr\u00f3xima aventura.<\/li>\n<\/ul>\n<\/li>\n<li><strong>Mayor comodidad de conducci\u00f3n<\/strong>:\n<ul>\n<li><strong>Horquilla hidr\u00e1ulica de doble hombro<\/strong>:Absorbe los impactos sin esfuerzo para una conducci\u00f3n suave en terrenos irregulares.<\/li>\n<li><strong>Neum\u00e1ticos Chaoyang de 26\u00d74.0 pulgadas<\/strong>:Anchos, duraderos y antideslizantes, proporcionan una estabilidad y agarre superiores en cualquier superficie.<\/li>\n<li><strong>Dise\u00f1o ergon\u00f3mico<\/strong>:Con dimensiones de <strong>2000x750x1200 mm<\/strong> y una distancia entre ejes de <strong>1280 mil\u00edmetros<\/strong>, la bicicleta ofrece una posici\u00f3n de conducci\u00f3n c\u00f3moda y espaciosa.<\/li>\n<\/ul>\n<\/li>\n<li><strong>Sistemas de transmisi\u00f3n y frenado de primera calidad<\/strong>:\n<ul>\n<li><strong>Frenos de disco de aceite hidr\u00e1ulico<\/strong>:Proporciona un rendimiento de frenado potente y confiable en todas las condiciones.<\/li>\n<li><strong>Transmisi\u00f3n Shimano de 21 velocidades<\/strong>:Ofrece cambios de marcha precisos y suaves para cualquier terreno.<\/li>\n<\/ul>\n<\/li>\n<li><strong>Caracter\u00edsticas modernas y pr\u00e1cticas<\/strong>:\n<ul>\n<li><strong>Pantalla LCD<\/strong>:Realiza un seguimiento de la velocidad, el nivel de bater\u00eda y otras estad\u00edsticas vitales de un vistazo.<\/li>\n<li><strong>Luces LED<\/strong>:Las luces LED de alta calidad garantizan una excelente visibilidad para viajes nocturnos.<\/li>\n<li><strong>M\u00faltiples modos de conducci\u00f3n<\/strong>:Elige entre modo el\u00e9ctrico puro, asistencia el\u00e9ctrica o modo pedal para adaptarlo a tu estilo de conducci\u00f3n.<\/li>\n<\/ul>\n<\/li>\n<\/ul>\n<h4><strong>Especificaciones de un vistazo<\/strong><\/h4>\n<ul>\n<li><strong>Marco<\/strong>:Aleaci\u00f3n de aluminio, ligera pero duradera.<\/li>\n<li><strong>Motor<\/strong>: 1500 W sin escobillas, 48 V<\/li>\n<li><strong>Bater\u00eda<\/strong>: 18650 litio, 23 Ah<\/li>\n<li><strong>Llantas<\/strong>: Chaoyang 26\u00d74,0 pulgadas<\/li>\n<li><strong>Velocidad m\u00e1xima<\/strong>:Hasta 65 km\/h<\/li>\n<li><strong>Rango<\/strong>: 60\u201390 km (el\u00e9ctrico puro), 80\u2013120 km (asistido)<\/li>\n<li><strong>Tiempo de carga<\/strong>: 6 horas<\/li>\n<li><strong>Peso<\/strong>:34 kilos<\/li>\n<li><strong>Capacidad de carga<\/strong>:Hasta 150 kg<\/li>\n<li><strong>Escalada de pendientes<\/strong>:Hasta 30\u00b0<\/li>\n<\/ul>\n<h4><strong>\u00bfQu\u00e9 hay en la caja?<\/strong><\/h4>\n<p>Cada Ridstar H26 PRO viene completo con:<\/p>\n<ul>\n<li>Bicicleta el\u00e9ctrica<\/li>\n<li>Bater\u00eda de litio<\/li>\n<li>Cargador<\/li>\n<li>herramienta multiusos<\/li>\n<li>Pedales<\/li>\n<li>Manual de instrucciones<\/li>\n<\/ul>\n<h4><strong>\u00bfPor qu\u00e9 elegir el H26 PRO?<\/strong><\/h4>\n<p>La Ridstar H26 PRO no es solo una actualizaci\u00f3n, es una revoluci\u00f3n en el ciclismo el\u00e9ctrico. Con sus caracter\u00edsticas de vanguardia, rendimiento inigualable y dise\u00f1o elegante, es la opci\u00f3n perfecta para los ciclistas que buscan superar los l\u00edmites. Adem\u00e1s, es <strong>En stock en Europa<\/strong>, as\u00ed que hay <strong>Sin cargos adicionales ni tarifas ocultas<\/strong>.<\/p>\n<p>\u00a1Lleva tu viaje al siguiente nivel con el Ridstar H26 PRO!<\/p>\n<p><img loading=\"lazy\" decoding=\"async\" class=\"alignnone size-full wp-image-13215\" src=\"https:\/\/ridstar.eu\/wp-content\/uploads\/2023\/11\/H26PRO-11.jpeg\" alt=\"H26PRO\" width=\"1000\" height=\"1816\" \/> <img loading=\"lazy\" decoding=\"async\" class=\"alignnone size-full wp-image-13213\" src=\"https:\/\/ridstar.eu\/wp-content\/uploads\/2023\/11\/H26PRO-9.jpeg\" alt=\"H26PRO\" width=\"1000\" height=\"2062\" \/> <img loading=\"lazy\" decoding=\"async\" class=\"alignnone size-full wp-image-13212\" src=\"https:\/\/ridstar.eu\/wp-content\/uploads\/2023\/11\/H26PRO-8.jpeg\" alt=\"H26PRO\" width=\"1000\" height=\"1495\" \/> <img loading=\"lazy\" decoding=\"async\" class=\"alignnone size-full wp-image-13211\" src=\"https:\/\/ridstar.eu\/wp-content\/uploads\/2023\/11\/H26PRO-7.jpeg\" alt=\"H26PRO\" width=\"1000\" height=\"1802\" \/> <img loading=\"lazy\" decoding=\"async\" class=\"alignnone size-full wp-image-13210\" src=\"https:\/\/ridstar.eu\/wp-content\/uploads\/2023\/11\/H26PRO-6.jpeg\" alt=\"H26PRO\" width=\"1000\" height=\"1661\" \/> <img loading=\"lazy\" decoding=\"async\" class=\"alignnone size-full wp-image-13209\" src=\"https:\/\/ridstar.eu\/wp-content\/uploads\/2023\/11\/H26PRO-5.jpeg\" alt=\"H26PRO\" width=\"1000\" height=\"1000\" \/> <img loading=\"lazy\" decoding=\"async\" class=\"alignnone size-full wp-image-13208\" src=\"https:\/\/ridstar.eu\/wp-content\/uploads\/2023\/11\/H26PRO-4.jpeg\" alt=\"H26PRO\" width=\"1000\" height=\"1000\" \/><\/p>","protected":false},"excerpt":{"rendered":"<p><span style=\"color:#339966\"><strong>EN STOCK<\/strong><\/span><\/p>\n<p>Bicicleta el\u00e9ctrica plegable Ridstar H26 PRO. Versi\u00f3n mejorada.<\/p>\n<p>Entrega gratuita en 3-7 d\u00edas laborables en toda Europa.<\/p>\n<p>Sin cargos adicionales<\/p>\n<p>Entrega desde un almac\u00e9n de la UE.<\/p>","protected":false},"featured_media":13216,"comment_status":"open","ping_status":"closed","template":"","meta":[],"product_brand":[478],"product_cat":[212],"product_tag":[],"class_list":{"0":"post-13204","1":"product","2":"type-product","3":"status-publish","4":"has-post-thumbnail","6":"product_brand-ridstar","7":"product_cat-electric-bikes","9":"first","10":"instock","11":"sale","12":"shipping-taxable","13":"purchasable","14":"product-type-simple"},"_links":{"self":[{"href":"https:\/\/ridstar.eu\/es\/wp-json\/wp\/v2\/product\/13204","targetHints":{"allow":["GET"]}}],"collection":[{"href":"https:\/\/ridstar.eu\/es\/wp-json\/wp\/v2\/product"}],"about":[{"href":"https:\/\/ridstar.eu\/es\/wp-json\/wp\/v2\/types\/product"}],"replies":[{"embeddable":true,"href":"https:\/\/ridstar.eu\/es\/wp-json\/wp\/v2\/comments?post=13204"}],"wp:featuredmedia":[{"embeddable":true,"href":"https:\/\/ridstar.eu\/es\/wp-json\/wp\/v2\/media\/13216"}],"wp:attachment":[{"href":"https:\/\/ridstar.eu\/es\/wp-json\/wp\/v2\/media?parent=13204"}],"wp:term":[{"taxonomy":"product_brand","embeddable":true,"href":"https:\/\/ridstar.eu\/es\/wp-json\/wp\/v2\/product_brand?post=13204"},{"taxonomy":"product_cat","embeddable":true,"href":"https:\/\/ridstar.eu\/es\/wp-json\/wp\/v2\/product_cat?post=13204"},{"taxonomy":"product_tag","embeddable":true,"href":"https:\/\/ridstar.eu\/es\/wp-json\/wp\/v2\/product_tag?post=13204"}],"curies":[{"name":"gracias","href":"https:\/\/api.w.org\/{rel}","templated":true}]}}