{"id":12946,"date":"2023-10-06T17:21:43","date_gmt":"2023-10-06T14:21:43","guid":{"rendered":"https:\/\/ridstar.eu\/?post_type=product&#038;p=12946"},"modified":"2024-04-16T13:41:09","modified_gmt":"2024-04-16T10:41:09","slug":"bicicleta-electrica-plegable-engwe-x20-1000w-48v-222ah-baterias-duales","status":"publish","type":"product","link":"https:\/\/ridstar.eu\/es\/producto\/bicicleta-electrica-plegable-engwe-x20-1000w-48v-222ah-baterias-duales\/","title":{"rendered":"Bicicleta el\u00e9ctrica plegable Engwe X20, 1000W, 48V, 22,2Ah Bater\u00edas duales"},"content":{"rendered":"<p><iframe title=\"Serie ENGWE X (UE)\" width=\"1080\" height=\"608\" src=\"https:\/\/www.youtube.com\/embed\/qcovxJJHlLI?feature=oembed\"  allow=\"accelerometer; autoplay; clipboard-write; encrypted-media; gyroscope; picture-in-picture; web-share\" referrerpolicy=\"strict-origin-when-cross-origin\" allowfullscreen><\/iframe><\/p>\n<p><iframe title=\"\u00bfEngwe X20 mejor motor Pro?\" width=\"1080\" height=\"608\" src=\"https:\/\/www.youtube.com\/embed\/IC4LGwxYKEE?feature=oembed\"  allow=\"accelerometer; autoplay; clipboard-write; encrypted-media; gyroscope; picture-in-picture; web-share\" referrerpolicy=\"strict-origin-when-cross-origin\" allowfullscreen><\/iframe><\/p>\n<ul class=\"a-unordered-list a-vertical a-spacing-mini\">\n<li class=\"a-spacing-mini\">Din\u00e1mica de conducci\u00f3n avanzada: La ENGWE X20 se abre camino como una bicicleta el\u00e9ctrica todoterreno, impulsada por un robusto motor de alto rendimiento con un sistema de doble bater\u00eda de 48V 14,4Ah\/7,8Ah que alcanza sin esfuerzo velocidades de hasta 25 km\/h y desbloquea para velocidades m\u00e1s altas y superar pendientes de hasta 30\u00b0. Esto permite una navegaci\u00f3n fluida sobre diferentes terrenos.<\/li>\n<li class=\"a-spacing-mini\">Gran autonom\u00eda y modos din\u00e1micos: la bicicleta el\u00e9ctrica X20 tiene una innovadora configuraci\u00f3n de doble bater\u00eda que ofrece una capacidad energ\u00e9tica combinada de 1065 Wh y una impresionante autonom\u00eda de hasta 71 millas. Esta capacidad se complementa con la perfecta integraci\u00f3n de tres modos de conducci\u00f3n diferentes: ECO, NORMAL y SPORT, junto con el sistema de 8 velocidades de Shimano.<\/li>\n<li class=\"a-spacing-mini\">Suspensi\u00f3n de tres etapas y cuadro plegable: la bicicleta el\u00e9ctrica plegable X20 est\u00e1 equipada con una suspensi\u00f3n de tres etapas (amortiguadores hidr\u00e1ulicos en la parte delantera, amortiguadores centrales mec\u00e1nicos y amortiguadores de aire traseros) que triplica la eficiencia de la absorci\u00f3n de impactos para garantizar una buena conducci\u00f3n incluso a velocidades m\u00e1s altas y en terrenos dif\u00edciles. El innovador marco plegable que mide 40 x 26 x 31 pulgadas aumenta la comodidad.<\/li>\n<li class=\"a-spacing-mini\">Neum\u00e1ticos de estilo moto de alta calidad: La particularidad del X20 es la combinaci\u00f3n de ruedas de una sola pieza y neum\u00e1ticos de estilo moto de alta calidad con unas dimensiones de 20 x 4,0 pulgadas. Esta s\u00edntesis proporciona una estabilidad excepcional, una tracci\u00f3n superior y una mayor resistencia, que se ve reforzada a\u00fan m\u00e1s por el marco completo de aluminio. Estos neum\u00e1ticos dominan la grava, los baches y el terreno rocoso a velocidades considerables.<\/li>\n<li class=\"a-spacing-mini\">Caracter\u00edsticas inteligentes y funcionales: el X20 tiene un sistema de control de velocidad inteligente que mantiene la velocidad constante. La intuitiva interfaz LCD proporciona datos en tiempo real sobre velocidad, estado de la bater\u00eda y modos. Adem\u00e1s de faros autom\u00e1ticos y luces para una mejor visibilidad, el X20 tambi\u00e9n cuenta con puertos de carga de tel\u00e9fonos m\u00f3viles y faros sensibles a la luz que garantizan mayor seguridad y comodidad.<\/li>\n<li class=\"a-spacing-mini\">Servicio de atenci\u00f3n al cliente fiable 24 horas al d\u00eda, 7 d\u00edas a la semana: la bicicleta el\u00e9ctrica ENGWE viene premontada 85% y contiene dos pedales y un sill\u00edn. Su pedido ser\u00e1 entregado dentro de 5-10 d\u00edas. Nuestro servicio de atenci\u00f3n al cliente est\u00e1 disponible las 24 horas del d\u00eda, los 7 d\u00edas de la semana para ayudarle con cualquier pregunta o problema. Garantizamos un servicio confiable y brindamos un a\u00f1o de garant\u00eda en motores, bater\u00edas y dispositivos de control.<\/li>\n<\/ul>","protected":false},"excerpt":{"rendered":"<ul>\n<li>Entrega gratuita en 3-7 d\u00edas<\/li>\n<li>motor de 1000W<\/li>\n<li>Bater\u00edas de 22,6Ah<\/li>\n<li>\n<div class=\"row\">\n<div class=\"cell\">Alcance de 150 KM (modo Pas)<\/div>\n<\/div>\n<\/li>\n<\/ul>","protected":false},"featured_media":12949,"comment_status":"open","ping_status":"closed","template":"","meta":[],"product_brand":[],"product_cat":[212],"product_tag":[],"class_list":{"0":"post-12946","1":"product","2":"type-product","3":"status-publish","4":"has-post-thumbnail","6":"product_cat-electric-bikes","8":"first","9":"outofstock","10":"sale","11":"shipping-taxable","12":"purchasable","13":"product-type-variable"},"jetpack_sharing_enabled":true,"_links":{"self":[{"href":"https:\/\/ridstar.eu\/es\/wp-json\/wp\/v2\/product\/12946","targetHints":{"allow":["GET"]}}],"collection":[{"href":"https:\/\/ridstar.eu\/es\/wp-json\/wp\/v2\/product"}],"about":[{"href":"https:\/\/ridstar.eu\/es\/wp-json\/wp\/v2\/types\/product"}],"replies":[{"embeddable":true,"href":"https:\/\/ridstar.eu\/es\/wp-json\/wp\/v2\/comments?post=12946"}],"wp:featuredmedia":[{"embeddable":true,"href":"https:\/\/ridstar.eu\/es\/wp-json\/wp\/v2\/media\/12949"}],"wp:attachment":[{"href":"https:\/\/ridstar.eu\/es\/wp-json\/wp\/v2\/media?parent=12946"}],"wp:term":[{"taxonomy":"product_brand","embeddable":true,"href":"https:\/\/ridstar.eu\/es\/wp-json\/wp\/v2\/product_brand?post=12946"},{"taxonomy":"product_cat","embeddable":true,"href":"https:\/\/ridstar.eu\/es\/wp-json\/wp\/v2\/product_cat?post=12946"},{"taxonomy":"product_tag","embeddable":true,"href":"https:\/\/ridstar.eu\/es\/wp-json\/wp\/v2\/product_tag?post=12946"}],"curies":[{"name":"gracias","href":"https:\/\/api.w.org\/{rel}","templated":true}]}}