{"id":12929,"date":"2023-10-06T12:04:47","date_gmt":"2023-10-06T09:04:47","guid":{"rendered":"https:\/\/ridstar.eu\/?post_type=product&#038;p=12929"},"modified":"2026-02-27T17:37:35","modified_gmt":"2026-02-27T15:37:35","slug":"bicicleta-electrica-plegable-engwe-t14-250w-48v-10ah","status":"publish","type":"product","link":"https:\/\/ridstar.eu\/es\/producto\/bicicleta-electrica-plegable-engwe-t14-250w-48v-10ah\/","title":{"rendered":"Bicicleta el\u00e9ctrica plegable ENGWE T14, 250W, 48V, 10Ah"},"content":{"rendered":"<p><iframe title=\"Revisi\u00f3n de la bicicleta el\u00e9ctrica el\u00e9ctrica plegable ENGWE T14 Tiny - 1267\" width=\"1080\" height=\"608\" src=\"https:\/\/www.youtube.com\/embed\/q4Tj49Tm4fk?feature=oembed\"  allow=\"accelerometer; autoplay; clipboard-write; encrypted-media; gyroscope; picture-in-picture; web-share\" referrerpolicy=\"strict-origin-when-cross-origin\" allowfullscreen><\/iframe><\/p>\n<div class=\"row\">\n<div class=\"cell\"><strong>Motor:<\/strong><\/div>\n<div class=\"cell\">motor de 250 vatios<\/div>\n<\/div>\n<div class=\"divTable\">\n<div class=\"row\">\n<div class=\"cell\"><strong>Esfuerzo de torsi\u00f3n:<\/strong><\/div>\n<div class=\"cell\">30 Nm<\/div>\n<\/div>\n<\/div>\n<div class=\"row\">\n<div class=\"cell\"><strong>Llantas:<\/strong><\/div>\n<div class=\"cell\">Neum\u00e1ticos 14*2.125<\/div>\n<\/div>\n<div class=\"row\">\n<div class=\"cell\"><strong>Bater\u00eda:<\/strong><\/div>\n<div class=\"cell\">Bater\u00eda de iones de litio 48V10AH*1<\/div>\n<\/div>\n<div class=\"row\">\n<div class=\"cell\"><strong>Rango:<\/strong><\/div>\n<div class=\"cell\">35 KM (modo el\u00e9ctrico)<\/div>\n<\/div>\n<div class=\"row\">\n<div class=\"cell\"><\/div>\n<div class=\"cell\">55KM (Modo Pas)<\/div>\n<\/div>\n<div class=\"row\">\n<div class=\"cell\"><strong>M\u00e1xima velocidad:<\/strong><\/div>\n<div class=\"cell\">20-25 kil\u00f3metros por hora<\/div>\n<\/div>\n<div class=\"row\">\n<div class=\"cell\"><strong>Tiempo de carga:<\/strong><\/div>\n<div class=\"cell\">Alrededor de 6-8H<\/div>\n<\/div>\n<div class=\"row\">\n<div class=\"cell\"><strong>Grado m\u00e1ximo de escalada:<\/strong><\/div>\n<div class=\"cell\">7\u00b0<\/div>\n<\/div>\n<div class=\"row\">\n<div class=\"cell\"><strong>Freno:<\/strong><\/div>\n<div class=\"cell\">Frenos de disco mec\u00e1nicos<\/div>\n<\/div>\n<div class=\"row\">\n<div class=\"cell\"><strong>Peso de la bicicleta:<\/strong><\/div>\n<div class=\"cell\">22,7 kg (49,9 libras)<\/div>\n<\/div>\n<div class=\"row\">\n<div class=\"cell\"><strong>Peso bruto:<\/strong><\/div>\n<div class=\"cell\">31,7 kg (67,9 libras)<\/div>\n<\/div>\n<div id=\"simple-translate\" class=\"simple-translate-light-theme\">\n<div>\n<div class=\"simple-translate-button isShow\" style=\"background-image: url('chrome-extension:\/\/cllnohpbfenopiakdcjmjcbaeapmkcdl\/icons\/512.png'); height: 22px; width: 22px; top: 86px; left: 76px;\"><\/div>\n<div class=\"simple-translate-panel\" style=\"width: 300px; height: 200px; top: 0px; left: 0px; font-size: 13px;\">\n<div class=\"simple-translate-result-wrapper\" style=\"overflow: hidden;\">\n<div class=\"simple-translate-move\" draggable=\"true\"><\/div>\n<div class=\"simple-translate-result-contents\">\n<p class=\"simple-translate-candidate\" dir=\"auto\">\n<\/div>\n<\/div>\n<\/div>\n<\/div>\n<\/div>","protected":false},"excerpt":{"rendered":"<ul>\n<li>entrega r\u00e1pida gratuita 3-7 d\u00edas<\/li>\n<li>250W<\/li>\n<li>Alcance de 55 km<\/li>\n<li>Velocidad m\u00e1xima 25 KM\/h<\/li>\n<li>Bicicleta el\u00e9ctrica plegable<\/li>\n<\/ul>","protected":false},"featured_media":12937,"comment_status":"open","ping_status":"closed","template":"","meta":[],"product_brand":[],"product_cat":[212],"product_tag":[],"class_list":{"0":"post-12929","1":"product","2":"type-product","3":"status-publish","4":"has-post-thumbnail","6":"product_cat-electric-bikes","8":"first","9":"outofstock","10":"sale","11":"shipping-taxable","12":"purchasable","13":"product-type-variable"},"jetpack_sharing_enabled":true,"_links":{"self":[{"href":"https:\/\/ridstar.eu\/es\/wp-json\/wp\/v2\/product\/12929","targetHints":{"allow":["GET"]}}],"collection":[{"href":"https:\/\/ridstar.eu\/es\/wp-json\/wp\/v2\/product"}],"about":[{"href":"https:\/\/ridstar.eu\/es\/wp-json\/wp\/v2\/types\/product"}],"replies":[{"embeddable":true,"href":"https:\/\/ridstar.eu\/es\/wp-json\/wp\/v2\/comments?post=12929"}],"wp:featuredmedia":[{"embeddable":true,"href":"https:\/\/ridstar.eu\/es\/wp-json\/wp\/v2\/media\/12937"}],"wp:attachment":[{"href":"https:\/\/ridstar.eu\/es\/wp-json\/wp\/v2\/media?parent=12929"}],"wp:term":[{"taxonomy":"product_brand","embeddable":true,"href":"https:\/\/ridstar.eu\/es\/wp-json\/wp\/v2\/product_brand?post=12929"},{"taxonomy":"product_cat","embeddable":true,"href":"https:\/\/ridstar.eu\/es\/wp-json\/wp\/v2\/product_cat?post=12929"},{"taxonomy":"product_tag","embeddable":true,"href":"https:\/\/ridstar.eu\/es\/wp-json\/wp\/v2\/product_tag?post=12929"}],"curies":[{"name":"gracias","href":"https:\/\/api.w.org\/{rel}","templated":true}]}}