{"id":12836,"date":"2023-10-03T12:01:30","date_gmt":"2023-10-03T09:01:30","guid":{"rendered":"https:\/\/ridstar.eu\/?post_type=product&#038;p=12836"},"modified":"2024-06-07T08:30:27","modified_gmt":"2024-06-07T05:30:27","slug":"bicicleta-de-carretera-electrica-samebike-sy26-350w-36v-10ah-26x1-95-neumaticos","status":"publish","type":"product","link":"https:\/\/ridstar.eu\/es\/product\/electric-road-bike-samebike-sy26-350w-36v-10ah-26x1-95-tires\/","title":{"rendered":"Bicicleta de Carretera El\u00e9ctrica SAMEBIKE SY26, 350W, 36V, 10AH, neum\u00e1ticos 26\u2033x1.95\u2033"},"content":{"rendered":"<p><iframe title=\"Bicicletas el\u00e9ctricas SAMEBIKE SY26\" width=\"1080\" height=\"608\" src=\"https:\/\/www.youtube.com\/embed\/LFc-vim0QrI?feature=oembed\"  allow=\"accelerometer; autoplay; clipboard-write; encrypted-media; gyroscope; picture-in-picture; web-share\" referrerpolicy=\"strict-origin-when-cross-origin\" allowfullscreen><\/iframe><\/p>\n<p style=\"text-align: center;\"><strong>SY26 es una gran bicicleta el\u00e9ctrica urbana, equipada con un motor de alta velocidad de 350 W y una bater\u00eda de alto rendimiento.<\/strong><br \/>\n<strong>Conquistar\u00e1s colinas f\u00e1cilmente y te sentir\u00e1s feliz como un ni\u00f1o cuando recorras las calles y avenidas de la ciudad de camino al supermercado, la cafeter\u00eda, el trabajo o la escuela. Ahora tienes el poder de reducir tu ciudad y arrasarla.<\/strong><\/p>\n<div id=\"shopline-section-1664367472987c927208\" class=\"shopline-section section-gap\">\n<div class=\"container\">\n<div class=\"image-with-text __sl-custom-track-stage-imageWithText image-with-text--align-middle img-w-medium pos-right\">\n<div class=\"image-with-text__info-wrap color-scheme-none\">\n<div class=\"image-with-text__info-reference\">\n<div class=\"image-with-text__info image-with-text__info--align-left image-with-text__info--m-align-left\">\n<div class=\"global-image\"><img decoding=\"async\" class=\"image-with-text__img lazyautosizes lazyloaded\" src=\"https:\/\/img-va.myshopline.com\/image\/store\/2000071281\/1622273458746\/569e3169170a47739f4a9769f625956a.jpeg?w=1000&amp;h=1000\" sizes=\"709px\" srcset=\"https:\/\/img-va.myshopline.com\/image\/store\/2000071281\/1622273458746\/569e3169170a47739f4a9769f625956a_375x.jpeg?w=1000&amp;h=1000 375w, https:\/\/img-va.myshopline.com\/image\/store\/2000071281\/1622273458746\/569e3169170a47739f4a9769f625956a_540x.jpeg?w=1000&amp;h=1000 540w, https:\/\/img-va.myshopline.com\/image\/store\/2000071281\/1622273458746\/569e3169170a47739f4a9769f625956a_720x.jpeg?w=1000&amp;h=1000 720w, https:\/\/img-va.myshopline.com\/image\/store\/2000071281\/1622273458746\/569e3169170a47739f4a9769f625956a_900x.jpeg?w=1000&amp;h=1000 900w, https:\/\/img-va.myshopline.com\/image\/store\/2000071281\/1622273458746\/569e3169170a47739f4a9769f625956a_1080x.jpeg?w=1000&amp;h=1000 1080w\" alt=\"\" data-src=\"https:\/\/img-va.myshopline.com\/image\/store\/2000071281\/1622273458746\/569e3169170a47739f4a9769f625956a.jpeg?w=1000&amp;h=1000\" data-sizes=\"auto\" data-srcset=\"https:\/\/img-va.myshopline.com\/image\/store\/2000071281\/1622273458746\/569e3169170a47739f4a9769f625956a_375x.jpeg?w=1000&amp;h=1000 375w, https:\/\/img-va.myshopline.com\/image\/store\/2000071281\/1622273458746\/569e3169170a47739f4a9769f625956a_540x.jpeg?w=1000&amp;h=1000 540w, https:\/\/img-va.myshopline.com\/image\/store\/2000071281\/1622273458746\/569e3169170a47739f4a9769f625956a_720x.jpeg?w=1000&amp;h=1000 720w, https:\/\/img-va.myshopline.com\/image\/store\/2000071281\/1622273458746\/569e3169170a47739f4a9769f625956a_900x.jpeg?w=1000&amp;h=1000 900w, https:\/\/img-va.myshopline.com\/image\/store\/2000071281\/1622273458746\/569e3169170a47739f4a9769f625956a_1080x.jpeg?w=1000&amp;h=1000 1080w\" data-><\/div>\n<div class=\"global-image\"><strong>PANTALLA LCD RETROILUMINADA<\/strong><\/div>\n<div class=\"body3 image-with-text__content\"><span class=\"metafield-multi_line_text_field\">Vea f\u00e1cilmente m\u00e9tricas de viaje importantes, como la velocidad, el nivel de asistencia al pedaleo, la capacidad de la bater\u00eda, la distancia recorrida y m\u00e1s.<\/span><\/div>\n<\/div>\n<\/div>\n<\/div>\n<\/div>\n<\/div>\n<\/div>\n<div><\/div>\n<div><\/div>\n<div><\/div>\n<div><\/div>\n<div id=\"shopline-section-1664367357609ff2e65e\" class=\"shopline-section section-gap\">\n<div class=\"container\">\n<div class=\"image-with-text __sl-custom-track-stage-imageWithText image-with-text--align-middle img-w-medium pos-left\">\n<div class=\"global-image\"><img decoding=\"async\" class=\"image-with-text__img lazyautosizes lazyloaded\" src=\"https:\/\/img-va.myshopline.com\/image\/store\/2000071281\/1622273458746\/-_3.jpeg?w=1000&amp;h=1000\" sizes=\"709px\" srcset=\"https:\/\/img-va.myshopline.com\/image\/store\/2000071281\/1622273458746\/-_3_375x.jpeg?w=1000&amp;h=1000 375w, https:\/\/img-va.myshopline.com\/image\/store\/2000071281\/1622273458746\/-_3_540x.jpeg?w=1000&amp;h=1000 540w, https:\/\/img-va.myshopline.com\/image\/store\/2000071281\/1622273458746\/-_3_720x.jpeg?w=1000&amp;h=1000 720w, https:\/\/img-va.myshopline.com\/image\/store\/2000071281\/1622273458746\/-_3_900x.jpeg?w=1000&amp;h=1000 900w, https:\/\/img-va.myshopline.com\/image\/store\/2000071281\/1622273458746\/-_3_1080x.jpeg?w=1000&amp;h=1000 1080w\" alt=\"\" data-src=\"https:\/\/img-va.myshopline.com\/image\/store\/2000071281\/1622273458746\/-_3.jpeg?w=1000&amp;h=1000\" data-sizes=\"auto\" data-srcset=\"https:\/\/img-va.myshopline.com\/image\/store\/2000071281\/1622273458746\/-_3_375x.jpeg?w=1000&amp;h=1000 375w, https:\/\/img-va.myshopline.com\/image\/store\/2000071281\/1622273458746\/-_3_540x.jpeg?w=1000&amp;h=1000 540w, https:\/\/img-va.myshopline.com\/image\/store\/2000071281\/1622273458746\/-_3_720x.jpeg?w=1000&amp;h=1000 720w, https:\/\/img-va.myshopline.com\/image\/store\/2000071281\/1622273458746\/-_3_900x.jpeg?w=1000&amp;h=1000 900w, https:\/\/img-va.myshopline.com\/image\/store\/2000071281\/1622273458746\/-_3_1080x.jpeg?w=1000&amp;h=1000 1080w\" data-><\/div>\n<div class=\"global-image\"><span style=\"color: #333333; font-size: 26px;\">BATER\u00cdA PARA COCHE<\/span><\/div>\n<div class=\"image-with-text__info-wrap color-scheme-none\">\n<div class=\"image-with-text__info-reference\">\n<div class=\"image-with-text__info image-with-text__info--align-left image-with-text__info--m-align-left\">\n<div class=\"body3 image-with-text__content\"><span class=\"metafield-multi_line_text_field\">Con una bater\u00eda de autom\u00f3vil 18650 de alto rendimiento, asegurada globalmente por CPIC, un viaje m\u00e1s largo y seguro que lo llevar\u00e1 de 25 a 50 millas con una sola carga est\u00e1 a su alcance. Siente tu ciudad con un viaje sencillo, c\u00f3modo y confiable.<\/span><\/div>\n<\/div>\n<\/div>\n<\/div>\n<\/div>\n<\/div>\n<\/div>\n<div><\/div>\n<div><\/div>\n<div><\/div>\n<div id=\"shopline-section-166436764510391ca292\" class=\"shopline-section section-gap\">\n<div class=\"container\">\n<div class=\"image-with-text __sl-custom-track-stage-imageWithText image-with-text--align-middle img-w-medium pos-right\">\n<div class=\"global-image\"><img decoding=\"async\" class=\"image-with-text__img lazyautosizes lazyloaded\" src=\"https:\/\/img-va.myshopline.com\/image\/store\/2000071281\/1622273458746\/915f2a802ea74a40bba09b2f3f463408.jpeg?w=1000&amp;h=1000\" sizes=\"709px\" srcset=\"https:\/\/img-va.myshopline.com\/image\/store\/2000071281\/1622273458746\/915f2a802ea74a40bba09b2f3f463408_375x.jpeg?w=1000&amp;h=1000 375w, https:\/\/img-va.myshopline.com\/image\/store\/2000071281\/1622273458746\/915f2a802ea74a40bba09b2f3f463408_540x.jpeg?w=1000&amp;h=1000 540w, https:\/\/img-va.myshopline.com\/image\/store\/2000071281\/1622273458746\/915f2a802ea74a40bba09b2f3f463408_720x.jpeg?w=1000&amp;h=1000 720w, https:\/\/img-va.myshopline.com\/image\/store\/2000071281\/1622273458746\/915f2a802ea74a40bba09b2f3f463408_900x.jpeg?w=1000&amp;h=1000 900w, https:\/\/img-va.myshopline.com\/image\/store\/2000071281\/1622273458746\/915f2a802ea74a40bba09b2f3f463408_1080x.jpeg?w=1000&amp;h=1000 1080w\" alt=\"\" data-src=\"https:\/\/img-va.myshopline.com\/image\/store\/2000071281\/1622273458746\/915f2a802ea74a40bba09b2f3f463408.jpeg?w=1000&amp;h=1000\" data-sizes=\"auto\" data-srcset=\"https:\/\/img-va.myshopline.com\/image\/store\/2000071281\/1622273458746\/915f2a802ea74a40bba09b2f3f463408_375x.jpeg?w=1000&amp;h=1000 375w, https:\/\/img-va.myshopline.com\/image\/store\/2000071281\/1622273458746\/915f2a802ea74a40bba09b2f3f463408_540x.jpeg?w=1000&amp;h=1000 540w, https:\/\/img-va.myshopline.com\/image\/store\/2000071281\/1622273458746\/915f2a802ea74a40bba09b2f3f463408_720x.jpeg?w=1000&amp;h=1000 720w, https:\/\/img-va.myshopline.com\/image\/store\/2000071281\/1622273458746\/915f2a802ea74a40bba09b2f3f463408_900x.jpeg?w=1000&amp;h=1000 900w, https:\/\/img-va.myshopline.com\/image\/store\/2000071281\/1622273458746\/915f2a802ea74a40bba09b2f3f463408_1080x.jpeg?w=1000&amp;h=1000 1080w\" data-><\/div>\n<div class=\"global-image\"><span style=\"color: #333333; font-size: 26px;\">MOTOR SIN ESCOBILLAS DE 350W<\/span><\/div>\n<div class=\"image-with-text__info-wrap color-scheme-none\">\n<div class=\"image-with-text__info-reference\">\n<div class=\"image-with-text__info image-with-text__info--align-left image-with-text__info--m-align-left\">\n<div class=\"body3 image-with-text__content\"><span class=\"metafield-multi_line_text_field\">Conduzca m\u00e1s r\u00e1pido y conquiste colinas de incluso 21 grados f\u00e1cilmente con el motor de alta velocidad sin escobillas. Potencia tu vida con una velocidad m\u00e1xima de 32 km\/h. Es una bicicleta de carretera el\u00e9ctrica perfecta para vivir localmente. Ya sea que vayas al trabajo, vayas al gimnasio o vayas a la cafeter\u00eda, llegar\u00e1s all\u00ed con estilo y rapidez.<\/span><\/div>\n<\/div>\n<\/div>\n<\/div>\n<\/div>\n<\/div>\n<\/div>\n<div><\/div>\n<div><\/div>\n<div id=\"shopline-section-166436764510391ca292\" class=\"shopline-section section-gap\">\n<div class=\"container\">\n<div class=\"image-with-text __sl-custom-track-stage-imageWithText image-with-text--align-middle img-w-medium pos-right\">\n<div class=\"image-with-text__info-wrap color-scheme-none\">\n<div><\/div>\n<\/div>\n<\/div>\n<\/div>\n<\/div>\n<div id=\"shopline-section-166436772925034afcad\" class=\"shopline-section section-gap\">\n<div class=\"container\">\n<div class=\"image-with-text __sl-custom-track-stage-imageWithText image-with-text--align-middle img-w-medium pos-left\">\n<div class=\"global-image\"><img decoding=\"async\" class=\"image-with-text__img lazyautosizes lazyloaded\" src=\"https:\/\/img-va.myshopline.com\/image\/store\/2000071281\/1622273458746\/7a70e5ed80c348b883a2707197a827b2.jpeg?w=1000&amp;h=1000\" sizes=\"709px\" srcset=\"https:\/\/img-va.myshopline.com\/image\/store\/2000071281\/1622273458746\/7a70e5ed80c348b883a2707197a827b2_375x.jpeg?w=1000&amp;h=1000 375w, https:\/\/img-va.myshopline.com\/image\/store\/2000071281\/1622273458746\/7a70e5ed80c348b883a2707197a827b2_540x.jpeg?w=1000&amp;h=1000 540w, https:\/\/img-va.myshopline.com\/image\/store\/2000071281\/1622273458746\/7a70e5ed80c348b883a2707197a827b2_720x.jpeg?w=1000&amp;h=1000 720w, https:\/\/img-va.myshopline.com\/image\/store\/2000071281\/1622273458746\/7a70e5ed80c348b883a2707197a827b2_900x.jpeg?w=1000&amp;h=1000 900w, https:\/\/img-va.myshopline.com\/image\/store\/2000071281\/1622273458746\/7a70e5ed80c348b883a2707197a827b2_1080x.jpeg?w=1000&amp;h=1000 1080w\" alt=\"\" data-src=\"https:\/\/img-va.myshopline.com\/image\/store\/2000071281\/1622273458746\/7a70e5ed80c348b883a2707197a827b2.jpeg?w=1000&amp;h=1000\" data-sizes=\"auto\" data-srcset=\"https:\/\/img-va.myshopline.com\/image\/store\/2000071281\/1622273458746\/7a70e5ed80c348b883a2707197a827b2_375x.jpeg?w=1000&amp;h=1000 375w, https:\/\/img-va.myshopline.com\/image\/store\/2000071281\/1622273458746\/7a70e5ed80c348b883a2707197a827b2_540x.jpeg?w=1000&amp;h=1000 540w, https:\/\/img-va.myshopline.com\/image\/store\/2000071281\/1622273458746\/7a70e5ed80c348b883a2707197a827b2_720x.jpeg?w=1000&amp;h=1000 720w, https:\/\/img-va.myshopline.com\/image\/store\/2000071281\/1622273458746\/7a70e5ed80c348b883a2707197a827b2_900x.jpeg?w=1000&amp;h=1000 900w, https:\/\/img-va.myshopline.com\/image\/store\/2000071281\/1622273458746\/7a70e5ed80c348b883a2707197a827b2_1080x.jpeg?w=1000&amp;h=1000 1080w\" data-><\/div>\n<div class=\"global-image\"><span style=\"color: #333333; font-size: 26px;\">FRENO DE DISCO DOBLE Y CAMBIO SHIMANO<\/span><\/div>\n<div class=\"image-with-text__info-wrap color-scheme-none\">\n<div class=\"image-with-text__info-reference\">\n<div class=\"image-with-text__info image-with-text__info--align-left image-with-text__info--m-align-left\">\n<div class=\"body3 image-with-text__content\"><span class=\"metafield-multi_line_text_field\">El freno de disco mec\u00e1nico y la palanca de cambios Shimano de 21 velocidades brindan un frenado y cambios precisos, potentes y progresivos en cualquier condici\u00f3n, lo que es m\u00e1s seguro para su seguridad al andar en monta\u00f1a, nieve o lluvia.\u00a0<\/span><\/div>\n<\/div>\n<\/div>\n<\/div>\n<\/div>\n<\/div>\n<\/div>\n<p>&nbsp;<\/p>\n<div id=\"simple-translate\" class=\"simple-translate-light-theme\">\n<div>\n<div class=\"simple-translate-button isShow\" style=\"background-image: url('chrome-extension:\/\/cllnohpbfenopiakdcjmjcbaeapmkcdl\/icons\/512.png'); height: 22px; width: 22px; top: 177px; left: 43px;\"><\/div>\n<div class=\"simple-translate-panel\" style=\"width: 300px; height: 200px; top: 0px; left: 0px; font-size: 13px;\">\n<div class=\"simple-translate-result-wrapper\" style=\"overflow: hidden;\">\n<div class=\"simple-translate-move\" draggable=\"true\"><\/div>\n<div class=\"simple-translate-result-contents\">\n<p class=\"simple-translate-candidate\" dir=\"auto\">\n<\/div>\n<\/div>\n<\/div>\n<\/div>\n<\/div>","protected":false},"excerpt":{"rendered":"<p>Modelo No. SY26<br \/>\nCambio: SHIMANO 7 velocidades<br \/>\nBater\u00eda: bater\u00eda de iones de litio 36V10AH<br \/>\nMotor: motor sin escobillas de alta velocidad de 350 W<br \/>\nNeum\u00e1ticos: neum\u00e1ticos CHAOYANG de 26 \u2033 * 1,95 \u2033<br \/>\nModo el\u00e9ctrico puro: 40 km<br \/>\nModo ciclomotor: 80 km<br \/>\nVelocidad m\u00e1xima: 32 km\/h<br \/>\nCapacidad de carga \u00fatil: 150 kg<\/p>","protected":false},"featured_media":12842,"comment_status":"open","ping_status":"closed","template":"","meta":[],"product_brand":[],"product_cat":[212],"product_tag":[],"class_list":{"0":"post-12836","1":"product","2":"type-product","3":"status-publish","4":"has-post-thumbnail","6":"product_cat-electric-bikes","8":"first","9":"outofstock","10":"sale","11":"shipping-taxable","12":"purchasable","13":"product-type-simple"},"jetpack_sharing_enabled":true,"_links":{"self":[{"href":"https:\/\/ridstar.eu\/es\/wp-json\/wp\/v2\/product\/12836","targetHints":{"allow":["GET"]}}],"collection":[{"href":"https:\/\/ridstar.eu\/es\/wp-json\/wp\/v2\/product"}],"about":[{"href":"https:\/\/ridstar.eu\/es\/wp-json\/wp\/v2\/types\/product"}],"replies":[{"embeddable":true,"href":"https:\/\/ridstar.eu\/es\/wp-json\/wp\/v2\/comments?post=12836"}],"wp:featuredmedia":[{"embeddable":true,"href":"https:\/\/ridstar.eu\/es\/wp-json\/wp\/v2\/media\/12842"}],"wp:attachment":[{"href":"https:\/\/ridstar.eu\/es\/wp-json\/wp\/v2\/media?parent=12836"}],"wp:term":[{"taxonomy":"product_brand","embeddable":true,"href":"https:\/\/ridstar.eu\/es\/wp-json\/wp\/v2\/product_brand?post=12836"},{"taxonomy":"product_cat","embeddable":true,"href":"https:\/\/ridstar.eu\/es\/wp-json\/wp\/v2\/product_cat?post=12836"},{"taxonomy":"product_tag","embeddable":true,"href":"https:\/\/ridstar.eu\/es\/wp-json\/wp\/v2\/product_tag?post=12836"}],"curies":[{"name":"gracias","href":"https:\/\/api.w.org\/{rel}","templated":true}]}}