{"id":12721,"date":"2023-09-26T13:16:42","date_gmt":"2023-09-26T11:16:42","guid":{"rendered":"https:\/\/ridstar.eu\/?post_type=product&#038;p=12721"},"modified":"2025-11-26T07:26:14","modified_gmt":"2025-11-26T05:26:14","slug":"bicicleta-electrica-coswheel-t26-750w-bateria-48v-25ah-distancia-de-recorrido-90-100km","status":"publish","type":"product","link":"https:\/\/ridstar.eu\/es\/product\/electric-bicycle-coswheel-t26-750w-48v-25ah-battery-90-100km-travel-distance\/","title":{"rendered":"Bicicleta el\u00e9ctrica COSWHEEL T26, 1000W (pico 1500W), bater\u00eda 48V 25Ah"},"content":{"rendered":"<h3><strong>Bicicleta el\u00e9ctrica Coswheel T26: potencia, comodidad y durabilidad inigualables<\/strong><\/h3>\n<p>El <strong>Rueda dentada T26<\/strong> Est\u00e1 dise\u00f1ada para ofrecer una experiencia de conducci\u00f3n excepcional, ya sea explorando senderos todoterreno o recorriendo la ciudad. Dise\u00f1ada con la durabilidad y el rendimiento como prioridad, esta bicicleta el\u00e9ctrica combina un cuadro robusto, un motor potente y componentes de alta gama para ofrecerte una experiencia inolvidable.<\/p>\n<hr \/>\n<h4><strong>Caracter\u00edsticas principales<\/strong><\/h4>\n<ul>\n<li><strong>Motor de 1000 W de alta potencia<\/strong><br \/>\nEl <strong>Rueda dentada T26<\/strong> est\u00e1 equipado con un <strong>motor de 1000W<\/strong>, proporcionando potencia suficiente para subidas pronunciadas y altas velocidades. Alcanza una velocidad m\u00e1xima de <strong>45 km\/h (28 mph)<\/strong>, garantizando una experiencia emocionante en cualquier terreno.<\/li>\n<li><strong>Bater\u00eda de largo alcance<\/strong><br \/>\nEl <strong>Bater\u00eda de litio de 1200 Wh (25 Ah)<\/strong> Proporciona una impresionante <strong>90-100 kil\u00f3metros<\/strong> autonom\u00eda por carga, lo que te permite viajar largas distancias sin preocuparte constantemente por la carga. La bater\u00eda est\u00e1 alojada en un elegante estuche. <strong>marco gris<\/strong> con <strong>ruedas negras<\/strong> y <strong>bater\u00eda negra<\/strong>, ofreciendo una apariencia elegante y moderna.<\/li>\n<li><strong>Caja de cambios Shimano de 7 velocidades<\/strong><br \/>\nEl <strong>Transmisi\u00f3n Shimano de 7 velocidades<\/strong> Permite cambios suaves y ofrece opciones de cambios vers\u00e1tiles para diversos terrenos, desde caminos planos hasta pendientes pronunciadas.<\/li>\n<li><strong>Neum\u00e1ticos resistentes para todo tipo de terrenos<\/strong><br \/>\nEl <strong>Neum\u00e1ticos negros Chaoyang de 26\u2033 x 4.0\u2033<\/strong> Proporcionan una excelente tracci\u00f3n y estabilidad en diferentes superficies, como grava, arena, nieve y m\u00e1s. Dise\u00f1ado con un <strong>Correa de revestimiento AV+ de 30 TPI<\/strong>Estos neum\u00e1ticos est\u00e1n dise\u00f1ados para brindar durabilidad y comodidad.<\/li>\n<li><strong>Sistema de suspensi\u00f3n avanzado<\/strong><br \/>\nEl <strong>Horquilla delantera de 26\u2033 con suspensi\u00f3n para nieve de doble hombro y aluminio<\/strong> con <strong>Centro de 171 mm<\/strong> y <strong>Recorrido de suspensi\u00f3n de 180 mm<\/strong> Asegura que puedas afrontar terrenos dif\u00edciles con facilidad. Absorbe los impactos y los baches, ofreciendo un andar suave y c\u00f3modo incluso en las superficies m\u00e1s dif\u00edciles.<\/li>\n<li><strong>Sistema de frenado hidr\u00e1ulico<\/strong><br \/>\nEl <strong>Rueda dentada T26<\/strong> est\u00e1 equipado con <strong>Frenos delanteros y traseros de doble pist\u00f3n con cilindro de aceite apto para motocicletas<\/strong>, con <strong>Discos de freno ventilados de 180 mm<\/strong>Estos frenos de alto rendimiento proporcionan una potente potencia de frenado, lo que garantiza la seguridad durante viajes a alta velocidad o paradas de emergencia.<\/li>\n<li><strong>Dise\u00f1o de marco personalizado<\/strong><br \/>\nEl <strong>material del marco<\/strong> es un <strong>Aleaci\u00f3n de aluminio 6061-T6 hidroformada de triple conificado totalmente personalizada<\/strong>, ofreciendo una alta relaci\u00f3n resistencia-peso que mejora el rendimiento y la durabilidad manteniendo la bicicleta relativamente liviana.<\/li>\n<\/ul>\n<hr \/>\n<h4><strong>Especificaciones t\u00e9cnicas<\/strong><\/h4>\n<ul>\n<li><strong>M\u00e1xima velocidad<\/strong>: 45 km\/h (28 mph)<\/li>\n<li><strong>Bater\u00eda<\/strong>: 1200 Wh (25 Ah)<\/li>\n<li><strong>Material del marco<\/strong>: Aleaci\u00f3n de aluminio 6061-T6 de triple conificado hidroformado a medida<\/li>\n<li><strong>Motor<\/strong>:1000W<\/li>\n<li><strong>Caja de cambios Shimano de 7 velocidades<\/strong><\/li>\n<li><strong>Tama\u00f1o de llanta<\/strong>: 26\u2033 x 4.0\u2033<\/li>\n<li><strong>Autonom\u00eda por carga<\/strong>:90-100 kil\u00f3metros<\/li>\n<li><strong>Voltaje<\/strong>: 48 V<\/li>\n<li><strong>plegable<\/strong>: S\u00ed<\/li>\n<li><strong>Tiempo de carga<\/strong>:3,5-8,0 horas<\/li>\n<li><strong>Tenedor frontal<\/strong>: Horquilla de suspensi\u00f3n para nieve de doble hombro de aluminio de 26\u2033, centro de 171 mm<\/li>\n<li><strong>Faro<\/strong>:Luz peque\u00f1a con cable de 4 n\u00facleos<\/li>\n<li><strong>Luz de la cola<\/strong>: Luz trasera personalizada de 48 V con desmontaje r\u00e1pido<\/li>\n<li><strong>Cargador<\/strong>: Voltaje 110 V-240 V, con funci\u00f3n de defensa contra reflujo.<\/li>\n<li><strong>Controlador<\/strong>:Carga m\u00e1xima de corriente 28 AH<\/li>\n<li><strong>Manivela<\/strong>: Placa de dientes ED de 7 velocidades, 1\/2\u2033 x 3\/32\u2033 x 46T<\/li>\n<li><strong>Pedales<\/strong>: Aleaci\u00f3n de aluminio con luz reflectante, eje 9\/16 x2<\/li>\n<li><strong>Manillar<\/strong>:Negro, 31,8 x 660 mm<\/li>\n<li><strong>Cadena<\/strong>:7 velocidades antioxidante<\/li>\n<li><strong>Frenos<\/strong>: Discos ventilados delanteros y traseros de 180 mm.<\/li>\n<li><strong>Viaje de suspensi\u00f3n<\/strong>: 180 mm<\/li>\n<li><strong>Esfuerzo de torsi\u00f3n<\/strong>:80 Nm<\/li>\n<li><strong>Peso<\/strong>: \u226540 kilos<\/li>\n<li><strong>Carga maxima<\/strong>: 150 kg (carga segura \u2264120 kg)<\/li>\n<li><strong>Tama\u00f1o<\/strong>: 186 * 65 * 120 cm<\/li>\n<li><strong>Tama\u00f1o de embalaje<\/strong>: 165 * 35 * 90 cm<\/li>\n<\/ul>\n<hr \/>\n<h4><strong>Lista de embalaje<\/strong><\/h4>\n<ol>\n<li>Bicicleta el\u00e9ctrica<\/li>\n<li>Bater\u00eda<\/li>\n<li>Cargador<\/li>\n<li>Pedales<\/li>\n<li>Manual de usuario<\/li>\n<\/ol>\n<hr \/>\n<h3><strong>Coswheel T26: conquista cualquier terreno con confianza<\/strong><\/h3>\n<p>Ya sea que est\u00e9 viajando por las calles de la ciudad o emprendiendo una aventura todoterreno, el <strong>Rueda dentada T26<\/strong> ofrece el rendimiento, la durabilidad y la comodidad que necesitas. Su potente motor, su bater\u00eda de larga duraci\u00f3n y sus neum\u00e1ticos resistentes garantizan que puedas viajar con confianza, sin importar a d\u00f3nde te lleve tu viaje.<\/p>\n<p><strong>Prep\u00e1rate para mejorar tu viaje con la Coswheel T26: tu bicicleta el\u00e9ctrica todoterreno para una exploraci\u00f3n sin l\u00edmites.<\/strong><\/p>\n<p><img loading=\"lazy\" decoding=\"async\" class=\"alignnone size-full wp-image-290448\" src=\"https:\/\/ridstar.eu\/wp-content\/uploads\/2023\/09\/t26.jpg\" alt=\"\" width=\"2500\" height=\"2500\"> <img loading=\"lazy\" decoding=\"async\" class=\"alignnone size-full wp-image-12726\" src=\"https:\/\/ridstar.eu\/wp-content\/uploads\/2023\/09\/T26-6.jpeg\" alt=\"rueda t26\" width=\"1280\" height=\"720\" \/> <img loading=\"lazy\" decoding=\"async\" class=\"alignnone size-full wp-image-12725\" src=\"https:\/\/ridstar.eu\/wp-content\/uploads\/2023\/09\/T26-5.jpeg\" alt=\"rueda t26\" width=\"1280\" height=\"720\" \/> <img loading=\"lazy\" decoding=\"async\" class=\"alignnone size-full wp-image-12724\" src=\"https:\/\/ridstar.eu\/wp-content\/uploads\/2023\/09\/T26-4.jpeg\" alt=\"rueda t26\" width=\"1280\" height=\"720\" \/><\/p>","protected":false},"excerpt":{"rendered":"<p>Cosweel T26<\/p>\n<p>\u2013 Entrega gratuita dentro de 3-7 d\u00edas<br \/>\n\u2013 Garant\u00eda \u2013 12 meses.<br \/>\n\u2013 Bater\u00eda grande de 25Ah<br \/>\n\u2013 Adecuado para personas de 170-203 cm de altura hasta 150 kg.<br \/>\n\u2013 Tiene certificados europeos CE, EN15194 y americano UL2849.<br \/>\n\u2013 Dise\u00f1o patentado de alta calidad.<\/p>\n<p><img loading=\"lazy\" decoding=\"async\" class=\"\" src=\"https:\/\/www.coswheelebike.com\/cdn\/shop\/files\/T26_small_detail_b2587de8-b22c-4a74-a5ca-7837636b6175.png?v=1728530000&amp;width=1920\" width=\"498\" height=\"130\" \/><\/p>\n<p>Completo con maletero trasero y guardabarros.<\/p>","protected":false},"featured_media":291249,"comment_status":"open","ping_status":"closed","template":"","meta":[],"product_brand":[],"product_cat":[212],"product_tag":[],"class_list":{"0":"post-12721","1":"product","2":"type-product","3":"status-publish","4":"has-post-thumbnail","6":"product_cat-electric-bikes","8":"first","9":"outofstock","10":"sale","11":"shipping-taxable","12":"purchasable","13":"product-type-simple"},"_links":{"self":[{"href":"https:\/\/ridstar.eu\/es\/wp-json\/wp\/v2\/product\/12721","targetHints":{"allow":["GET"]}}],"collection":[{"href":"https:\/\/ridstar.eu\/es\/wp-json\/wp\/v2\/product"}],"about":[{"href":"https:\/\/ridstar.eu\/es\/wp-json\/wp\/v2\/types\/product"}],"replies":[{"embeddable":true,"href":"https:\/\/ridstar.eu\/es\/wp-json\/wp\/v2\/comments?post=12721"}],"wp:featuredmedia":[{"embeddable":true,"href":"https:\/\/ridstar.eu\/es\/wp-json\/wp\/v2\/media\/291249"}],"wp:attachment":[{"href":"https:\/\/ridstar.eu\/es\/wp-json\/wp\/v2\/media?parent=12721"}],"wp:term":[{"taxonomy":"product_brand","embeddable":true,"href":"https:\/\/ridstar.eu\/es\/wp-json\/wp\/v2\/product_brand?post=12721"},{"taxonomy":"product_cat","embeddable":true,"href":"https:\/\/ridstar.eu\/es\/wp-json\/wp\/v2\/product_cat?post=12721"},{"taxonomy":"product_tag","embeddable":true,"href":"https:\/\/ridstar.eu\/es\/wp-json\/wp\/v2\/product_tag?post=12721"}],"curies":[{"name":"gracias","href":"https:\/\/api.w.org\/{rel}","templated":true}]}}