{"id":12667,"date":"2023-09-21T11:49:41","date_gmt":"2023-09-21T08:49:41","guid":{"rendered":"https:\/\/ridstar.eu\/?post_type=product&#038;p=12667"},"modified":"2026-03-10T13:38:16","modified_gmt":"2026-03-10T11:38:16","slug":"bicicleta-electrica-lankeleisi-rv800-750w1130w-motor-bafang-de-48v-bateria-samsung-de-20ah","status":"publish","type":"product","link":"https:\/\/ridstar.eu\/es\/producto\/bicicleta-electrica-lankeleisi-rv800-750w1130w-motor-bafang-de-48v-bateria-samsung-de-20ah\/","title":{"rendered":"Bicicleta el\u00e9ctrica Lankeleisi RV800, 750W(1130W), motor Bafang de 48V, bater\u00eda Samsung de 20Ah"},"content":{"rendered":"<p><iframe title=\"LANKELEISI RV800 Plus Bicicleta de monta\u00f1a el\u00e9ctrica con motor Bafang de 750 W de alta calidad\" width=\"1080\" height=\"608\" src=\"https:\/\/www.youtube.com\/embed\/x_P6G-bn_xk?feature=oembed\"  allow=\"accelerometer; autoplay; clipboard-write; encrypted-media; gyroscope; picture-in-picture; web-share\" referrerpolicy=\"strict-origin-when-cross-origin\" allowfullscreen><\/iframe><\/p>\n<h3><strong>Bicicleta el\u00e9ctrica LANKELEISI RV800<\/strong><\/h3>\n<h4><strong>Potente motor Bafang, bater\u00eda Samsung de 20 Ah y suspensi\u00f3n avanzada<\/strong><\/h4>\n<p>El <strong>LANKELEISI RV800<\/strong> es una bicicleta el\u00e9ctrica que combina potencia, resistencia y comodidad. Dise\u00f1ada tanto para desplazamientos urbanos como para aventuras todoterreno, la RV800 ofrece caracter\u00edsticas de vanguardia, un motor de alta velocidad y un cuadro duradero para ciclistas que exigen el m\u00e1ximo rendimiento.<\/p>\n<hr \/>\n<h3><strong>Caracter\u00edsticas principales<\/strong><\/h3>\n<ul>\n<li><strong>Potente motor Bafang<\/strong><br \/>\nEquipado con un <strong>Motor Bafang de 48 V y 750 W sostenidos (pico de 1130 W)<\/strong>El RV800 ofrece una aceleraci\u00f3n impresionante y una velocidad m\u00e1xima de <strong>52 kil\u00f3metros por hora<\/strong>. Es <strong>Par motor de 70 Nm<\/strong> garantiza una capacidad de escalada excepcional, superando pendientes de hasta <strong>35\u00b0<\/strong> Sin esfuerzo.<\/li>\n<li><strong>Bater\u00eda Samsung de larga duraci\u00f3n<\/strong><br \/>\nEl <strong>Bater\u00eda de litio Samsung 21700 de 48 V y 20 Ah<\/strong> Proporciona una resistencia excepcional. Alcanza hasta <strong>70 km en modo puramente el\u00e9ctrico<\/strong> y un impresionante <strong>150 km en modo de asistencia al pedaleo<\/strong>La bater\u00eda est\u00e1 completamente oculta en el marco, lo que garantiza un dise\u00f1o elegante, resistente al agua y al polvo.<\/li>\n<li><strong>Sistema de suspensi\u00f3n avanzado<\/strong><br \/>\nEl <strong>Suspensi\u00f3n con doble resorte de aceite<\/strong> al frente y un <strong>Amortiguador trasero de 650 libras<\/strong> Con una estructura de articulaci\u00f3n de cuatro barras, garantiza la m\u00e1xima comodidad y estabilidad en terrenos dif\u00edciles.<\/li>\n<li><strong>Dise\u00f1o duradero y c\u00f3modo.<\/strong><br \/>\nConstruido con un <strong>Marco de aleaci\u00f3n de aluminio 6061<\/strong>El RV800 admite pasajeros de hasta <strong>200 kilos<\/strong>. El <strong>Neum\u00e1ticos anchos de 26 \u00d7 4,0 pulgadas<\/strong> Ofrecen un excelente agarre, capacidades antideslizantes y antivibraci\u00f3n para una mayor seguridad y rendimiento.<\/li>\n<li><strong>Pantalla LCD inteligente<\/strong><br \/>\nEl <strong>Pantalla LCD inteligente RV800PLUS<\/strong> ofrece datos en tiempo real, incluidos la velocidad, los niveles de potencia y el estado de la bater\u00eda. <strong>Clasificaci\u00f3n IP64 a prueba de agua y polvo<\/strong> garantiza la fiabilidad en todas las condiciones.<\/li>\n<li><strong>Sistema de frenado eficiente<\/strong><br \/>\n<strong>Frenos de disco hidr\u00e1ulicos<\/strong> Proporcionan una potencia de frenado superior, garantizando la seguridad a altas velocidades y durante descensos.<\/li>\n<\/ul>\n<hr \/>\n<h3><strong>Presupuesto<\/strong><\/h3>\n<h4><strong>Actuaci\u00f3n<\/strong><\/h4>\n<ul>\n<li><strong>Velocidad m\u00e1xima<\/strong>:52 kil\u00f3metros por hora<\/li>\n<li><strong>Rango<\/strong>:\n<ul>\n<li>Modo el\u00e9ctrico: 60-70 km<\/li>\n<li>Modo de asistencia al pedaleo: 120-150 km<\/li>\n<\/ul>\n<\/li>\n<li><strong>Motor<\/strong>:Motor Bafang de 48 V y 750 W (pico de 1130 W)<\/li>\n<li><strong>Esfuerzo de torsi\u00f3n<\/strong>:70 Nm<\/li>\n<li><strong>Capacidad de inclinaci\u00f3n<\/strong>:35\u00b0<\/li>\n<\/ul>\n<h4><strong>Bater\u00eda y carga<\/strong><\/h4>\n<ul>\n<li><strong>Bater\u00eda<\/strong>:Bater\u00eda de litio Samsung 21700 de 48 V y 20 Ah<\/li>\n<li><strong>Tiempo de carga<\/strong>: 6-7 horas<\/li>\n<li><strong>Cargador<\/strong>: 48 V 3 A<\/li>\n<\/ul>\n<h4><strong>Construcci\u00f3n y suspensi\u00f3n<\/strong><\/h4>\n<ul>\n<li><strong>Marco<\/strong>: Marco de aleaci\u00f3n de aluminio 6061<\/li>\n<li><strong>Suspensi\u00f3n delantera<\/strong>:Suspensi\u00f3n con resortes de aceite, bloqueable<\/li>\n<li><strong>Suspensi\u00f3n trasera<\/strong>:Amortiguador de resorte de aceite de 650 libras<\/li>\n<li><strong>Cubo de rueda<\/strong>Neum\u00e1ticos anchos de 26\u00d74.0 para un rendimiento todoterreno<\/li>\n<\/ul>\n<h4><strong>Electr\u00f3nica<\/strong><\/h4>\n<ul>\n<li><strong>Mostrar<\/strong>:Pantalla LCD a color inteligente (RV800PLUS)<\/li>\n<li><strong>Clasificaci\u00f3n de impermeabilidad<\/strong>:IP64<\/li>\n<\/ul>\n<h4><strong>Dimensiones y peso<\/strong><\/h4>\n<ul>\n<li><strong>Tama\u00f1o del veh\u00edculo<\/strong>: 203 x 45 x 90-103 cm<\/li>\n<li><strong>Peso neto<\/strong>:35,5 kg (incluida la bater\u00eda)<\/li>\n<li><strong>Carga m\u00e1xima<\/strong>:200 kilos<\/li>\n<li><strong>Altura adecuada<\/strong>:165-200 cent\u00edmetros<\/li>\n<\/ul>\n<h4><strong>Transmisi\u00f3n<\/strong><\/h4>\n<ul>\n<li><strong>Manivela<\/strong>:Aleaci\u00f3n de aluminio 46T<\/li>\n<li><strong>Engranajes<\/strong>: Transmisi\u00f3n Shimano de 7 velocidades (manetas M310)<\/li>\n<li><strong>Cadena<\/strong>:KMC 7<\/li>\n<\/ul>\n<h4><strong>Frenos<\/strong><\/h4>\n<ul>\n<li><strong>Tipo<\/strong>:Frenos de disco hidr\u00e1ulicos<\/li>\n<\/ul>\n<hr \/>\n<h3><strong>\u00bfPor qu\u00e9 elegir LANKELEISI RV800?<\/strong><\/h3>\n<p>El <strong>LANKELEISI RV800<\/strong> Est\u00e1 dise\u00f1ada para ciclistas que exigen velocidad, autonom\u00eda y comodidad. Con su potente motor Bafang, bater\u00eda Samsung de larga duraci\u00f3n y suspensi\u00f3n avanzada, esta bicicleta el\u00e9ctrica garantiza un viaje suave y emocionante en cualquier terreno.<\/p>\n<p><strong>Explora los l\u00edmites con la LANKELEISI RV800: potencia, resistencia e innovaci\u00f3n en un solo viaje.<\/strong><\/p>","protected":false},"excerpt":{"rendered":"<p><strong>LANKELEISI RV800: potencia, resistencia e innovaci\u00f3n<\/strong><\/p>\n<p>Entrega gratuita en 3-7 d\u00edas<br \/>\nAdecuado para personas de 165-200 cm.<br \/>\n\u00a1Buen precio!<br \/>\nGarant\u00eda hasta 24 meses. *<\/p>","protected":false},"featured_media":12668,"comment_status":"open","ping_status":"closed","template":"","meta":[],"product_brand":[484],"product_cat":[212],"product_tag":[],"class_list":{"0":"post-12667","1":"product","2":"type-product","3":"status-publish","4":"has-post-thumbnail","6":"product_brand-lankeleisi","7":"product_cat-electric-bikes","8":"pa_color-black-orange","9":"pa_color-green-yellow","11":"first","12":"instock","13":"sale","14":"shipping-taxable","15":"purchasable","16":"product-type-variable"},"jetpack_sharing_enabled":true,"_links":{"self":[{"href":"https:\/\/ridstar.eu\/es\/wp-json\/wp\/v2\/product\/12667","targetHints":{"allow":["GET"]}}],"collection":[{"href":"https:\/\/ridstar.eu\/es\/wp-json\/wp\/v2\/product"}],"about":[{"href":"https:\/\/ridstar.eu\/es\/wp-json\/wp\/v2\/types\/product"}],"replies":[{"embeddable":true,"href":"https:\/\/ridstar.eu\/es\/wp-json\/wp\/v2\/comments?post=12667"}],"wp:featuredmedia":[{"embeddable":true,"href":"https:\/\/ridstar.eu\/es\/wp-json\/wp\/v2\/media\/12668"}],"wp:attachment":[{"href":"https:\/\/ridstar.eu\/es\/wp-json\/wp\/v2\/media?parent=12667"}],"wp:term":[{"taxonomy":"product_brand","embeddable":true,"href":"https:\/\/ridstar.eu\/es\/wp-json\/wp\/v2\/product_brand?post=12667"},{"taxonomy":"product_cat","embeddable":true,"href":"https:\/\/ridstar.eu\/es\/wp-json\/wp\/v2\/product_cat?post=12667"},{"taxonomy":"product_tag","embeddable":true,"href":"https:\/\/ridstar.eu\/es\/wp-json\/wp\/v2\/product_tag?post=12667"}],"curies":[{"name":"gracias","href":"https:\/\/api.w.org\/{rel}","templated":true}]}}