{"id":12658,"date":"2023-09-21T09:06:37","date_gmt":"2023-09-21T07:06:37","guid":{"rendered":"https:\/\/ridstar.eu\/?post_type=product&#038;p=12658"},"modified":"2026-04-04T03:02:09","modified_gmt":"2026-04-04T00:02:09","slug":"bicicleta-electrica-ridstar-q20-1000w-48v-20ah-20x4-0-llantas-gruesas","status":"publish","type":"product","link":"https:\/\/ridstar.eu\/es\/producto\/bicicleta-electrica-ridstar-q20-1000w-48v-20ah-20x4-0-llantas-gruesas\/","title":{"rendered":"Bicicleta el\u00e9ctrica Ridstar Q20, 1000W, 48V, 20AH, neum\u00e1ticos 20\u00d74.0 Fat"},"content":{"rendered":"<div class=\"detailmodule_text\">\n<p><a href=\"https:\/\/ridstar.eu\/es\/manual-de-pantalla-lcd-m5\/\">Manual de la pantalla LCD M5 \u2013 Bicicletas el\u00e9ctricas RIDSTAR<\/a><\/p>\n<div style=\"width: 1080px;\" class=\"wp-video\"><video class=\"wp-video-shortcode\" id=\"video-12658-1\" width=\"1080\" height=\"608\" preload=\"metadata\" controls=\"controls\"><source type=\"video\/mp4\" src=\"https:\/\/ridstar.eu\/wp-content\/uploads\/2023\/09\/Q20.mp4?_=1\" \/><a href=\"https:\/\/ridstar.eu\/wp-content\/uploads\/2023\/09\/Q20.mp4\">https:\/\/ridstar.eu\/wp-content\/uploads\/2023\/09\/Q20.mp4<\/a><\/video><\/div>\n<h3>Bicicleta el\u00e9ctrica Ridstar Q20: comodidad y rendimiento combinados<\/h3>\n<p>La Ridstar Q20 es una bicicleta el\u00e9ctrica vers\u00e1til y potente dise\u00f1ada para ciclistas de entre 158 cm y 195 cm de altura. Su dise\u00f1o ergon\u00f3mico, combinado con funciones avanzadas, garantiza una experiencia de conducci\u00f3n c\u00f3moda y eficiente.<\/p>\n<h4>Caracter\u00edsticas principales:<\/h4>\n<ul>\n<li><strong>Experiencia de conducci\u00f3n c\u00f3moda<\/strong>:<br \/>\nEquipada con un asiento amplio, la Q20 permite realizar viajes c\u00f3modos, incluso con ni\u00f1os. El amortiguador delantero hidr\u00e1ulico y el amortiguador central garantizan un rendimiento suave en diversos terrenos.<\/li>\n<li><strong>Componentes avanzados<\/strong>:<br \/>\nLa bicicleta cuenta con un cambio Shimano de 7 velocidades para transiciones fluidas, frenos de disco de color rojo lila para una potencia de frenado confiable y una est\u00e9tica elegante, y una bolsa impermeable original para mayor practicidad.<\/li>\n<li><strong>Rendimiento impresionante<\/strong>:\n<ul>\n<li><strong>Velocidad m\u00e1xima<\/strong>:M\u00e1s de 45 km\/h<\/li>\n<li><strong>Rango<\/strong>:\n<ul>\n<li>Modo el\u00e9ctrico puro: 60-70 km<\/li>\n<li>Modo de asistencia al pedaleo: 70-100 km<\/li>\n<\/ul>\n<\/li>\n<li><strong>Fuerza de motor<\/strong>:Motor sin escobillas de 1000 W<\/li>\n<li><strong>Bater\u00eda<\/strong>:Bater\u00eda de litio de 48 V y 20 AH<\/li>\n<\/ul>\n<\/li>\n<li><strong>Construcci\u00f3n duradera<\/strong>:<br \/>\nFabricado con una aleaci\u00f3n de aluminio ligera pero resistente, el Q20 pesa 34 kg y soporta una carga de hasta 150 kg.<\/li>\n<li><strong>Especificaciones adicionales<\/strong>:\n<ul>\n<li>Tama\u00f1o de la rueda: 20\u00d74,0\u2033<\/li>\n<li>Transmisi\u00f3n: Sistema de engranajes traseros<\/li>\n<li>Pantalla: Pantalla LCD para actualizaciones de rendimiento en tiempo real<\/li>\n<li>Antirrobo: Protecci\u00f3n antirrobo incorporada<\/li>\n<li>Modos: El\u00e9ctrico puro, asistencia el\u00e9ctrica y pedaleo manual.<\/li>\n<\/ul>\n<\/li>\n<\/ul>\n<p>Ya sea que est\u00e9 viajando, explorando o disfrutando de paseos de ocio, el Ridstar Q20 combina funcionalidad y estilo para brindar una experiencia de ciclismo excepcional.<\/p>\n<p><img decoding=\"async\" class=\"alignnone size-full wp-image-291364\" src=\"https:\/\/ridstar.eu\/wp-content\/uploads\/2023\/09\/q20-2.avif\" alt=\"ridstar q20\" width=\"1000\" height=\"1880\" \/> <img decoding=\"async\" class=\"alignnone size-full wp-image-291365\" src=\"https:\/\/ridstar.eu\/wp-content\/uploads\/2023\/09\/q20-3.avif\" alt=\"ridstar q20\" width=\"1000\" height=\"1998\" \/> <img decoding=\"async\" class=\"alignnone size-full wp-image-291366\" src=\"https:\/\/ridstar.eu\/wp-content\/uploads\/2023\/09\/q20-4.avif\" alt=\"ridstar q20\" width=\"1000\" height=\"1586\" \/> <img decoding=\"async\" class=\"alignnone size-full wp-image-291367\" src=\"https:\/\/ridstar.eu\/wp-content\/uploads\/2023\/09\/q20-5.avif\" alt=\"ridstar q20\" width=\"1000\" height=\"1780\" \/> <img decoding=\"async\" class=\"alignnone size-full wp-image-291368\" src=\"https:\/\/ridstar.eu\/wp-content\/uploads\/2023\/09\/q20-6.avif\" alt=\"ridstar q20\" width=\"1000\" height=\"1765\" \/> <img decoding=\"async\" class=\"alignnone size-full wp-image-291369\" src=\"https:\/\/ridstar.eu\/wp-content\/uploads\/2023\/09\/q20-7.avif\" alt=\"ridstar q20\" width=\"1000\" height=\"1964\" \/> <img decoding=\"async\" class=\"alignnone size-full wp-image-291370\" src=\"https:\/\/ridstar.eu\/wp-content\/uploads\/2023\/09\/q20-8.avif\" alt=\"ridstar q20\" width=\"1000\" height=\"1288\" \/> <img decoding=\"async\" class=\"alignnone size-full wp-image-291371\" src=\"https:\/\/ridstar.eu\/wp-content\/uploads\/2023\/09\/q20-9.avif\" alt=\"ridstar q20\" width=\"1000\" height=\"1368\" \/> <img decoding=\"async\" class=\"alignnone size-full wp-image-291372\" src=\"https:\/\/ridstar.eu\/wp-content\/uploads\/2023\/09\/q20.avif\" alt=\"ridstar q20\" width=\"1000\" height=\"1761\" \/><\/p>\n<\/div>\n<div><\/div>","protected":false},"excerpt":{"rendered":"<p><span style=\"color: #339966;\"><strong>EN STOCK<\/strong><\/span><\/p>\n<p>Entrega gratuita en 3-7 d\u00edas a toda la UE.<\/p>\n<p>Adecuado para personas de 158-195 cm de altura.<\/p>\n<p>Garant\u00eda 12 meses<\/p>\n<p>\u00a1Apto para montar durante todo el a\u00f1o!<\/p>","protected":false},"featured_media":12659,"comment_status":"closed","ping_status":"closed","template":"","meta":[],"product_brand":[478],"product_cat":[212],"product_tag":[],"class_list":{"0":"post-12658","1":"product","2":"type-product","3":"status-publish","4":"has-post-thumbnail","6":"product_brand-ridstar","7":"product_cat-electric-bikes","9":"first","10":"instock","11":"sale","12":"shipping-taxable","13":"purchasable","14":"product-type-simple"},"jetpack_sharing_enabled":true,"_links":{"self":[{"href":"https:\/\/ridstar.eu\/es\/wp-json\/wp\/v2\/product\/12658","targetHints":{"allow":["GET"]}}],"collection":[{"href":"https:\/\/ridstar.eu\/es\/wp-json\/wp\/v2\/product"}],"about":[{"href":"https:\/\/ridstar.eu\/es\/wp-json\/wp\/v2\/types\/product"}],"replies":[{"embeddable":true,"href":"https:\/\/ridstar.eu\/es\/wp-json\/wp\/v2\/comments?post=12658"}],"wp:featuredmedia":[{"embeddable":true,"href":"https:\/\/ridstar.eu\/es\/wp-json\/wp\/v2\/media\/12659"}],"wp:attachment":[{"href":"https:\/\/ridstar.eu\/es\/wp-json\/wp\/v2\/media?parent=12658"}],"wp:term":[{"taxonomy":"product_brand","embeddable":true,"href":"https:\/\/ridstar.eu\/es\/wp-json\/wp\/v2\/product_brand?post=12658"},{"taxonomy":"product_cat","embeddable":true,"href":"https:\/\/ridstar.eu\/es\/wp-json\/wp\/v2\/product_cat?post=12658"},{"taxonomy":"product_tag","embeddable":true,"href":"https:\/\/ridstar.eu\/es\/wp-json\/wp\/v2\/product_tag?post=12658"}],"curies":[{"name":"gracias","href":"https:\/\/api.w.org\/{rel}","templated":true}]}}